{"id":41094,"date":"2022-12-13T06:04:20","date_gmt":"2022-12-13T06:04:20","guid":{"rendered":"https:\/\/www.sisinternational.com\/?page_id=41094"},"modified":"2026-01-24T21:28:57","modified_gmt":"2026-01-25T02:28:57","slug":"ricerche-di-mercato-nelle-isole-vergini-americane","status":"publish","type":"page","link":"https:\/\/www.sisinternational.com\/it\/copertura\/ricerche-di-mercato-nei-caraibi\/ricerche-di-mercato-nelle-isole-vergini-americane\/","title":{"rendered":"Ricerche di mercato nelle Isole Vergini americane"},"content":{"rendered":"<h1 class=\"wp-block-heading\">Ricerche di mercato nelle Isole Vergini americane<\/h1>\n\n\n\n<p><\/p>\n\n\n\n<figure class=\"gb-block-image gb-block-image-995c3e9e\"><img loading=\"lazy\" decoding=\"async\" width=\"1456\" height=\"816\" class=\"gb-image gb-image-995c3e9e\" src=\"https:\/\/www.sisinternational.com\/wp-content\/uploads\/2025\/09\/US-Virgin-islands-2.jpg\" alt=\"Ricerca e strategia di mercato internazionale SIS\" title=\"US Virgin islands (2)\" srcset=\"https:\/\/www.sisinternational.com\/wp-content\/uploads\/2025\/09\/US-Virgin-islands-2.jpg 1456w, https:\/\/www.sisinternational.com\/wp-content\/uploads\/2025\/09\/US-Virgin-islands-2-300x168.jpg 300w, https:\/\/www.sisinternational.com\/wp-content\/uploads\/2025\/09\/US-Virgin-islands-2-1024x574.jpg 1024w, https:\/\/www.sisinternational.com\/wp-content\/uploads\/2025\/09\/US-Virgin-islands-2-768x430.jpg 768w, https:\/\/www.sisinternational.com\/wp-content\/uploads\/2025\/09\/US-Virgin-islands-2-18x10.jpg 18w\" sizes=\"auto, (max-width: 1456px) 100vw, 1456px\"><\/figure>\n\n\n\n<p><\/p>\n\n\n\n<hr class=\"wp-block-separator has-alpha-channel-opacity is-style-dots\"\/>\n\n\n\n<p>Le Isole Vergini americane si trovano vicino alle Grandi Antille, a circa 40 miglia a est di Porto Rico. Le isole si trovano nel Mar dei Caraibi nord-orientali. L&#039;USVI \u00e8 un territorio insulare degli Stati Uniti organizzato e senza personalit\u00e0 giuridica e parte del gruppo delle Isole Vergini, che comprende le sue vicine, le Isole Vergini britanniche. L&#039;USVI \u00e8 composta da tre grandi isole \u2013 St. Thomas, St. Croix e St. John \u2013 e almeno 50 piccoli isolotti e isolotti.<\/p>\n\n\n\n<h2 class=\"wp-block-heading\">Industrie chiave<\/h2>\n\n\n\n<ul class=\"wp-block-list\">\n<li>Servizi finanziari<\/li>\n\n\n\n<li>Distillazione del rum<\/li>\n\n\n\n<li>Guarda l&#039;assemblaggio<\/li>\n\n\n\n<li>Prodotti farmaceutici<\/li>\n\n\n\n<li>Turismo<\/li>\n\n\n\n<li>Informazioni tecniche<\/li>\n<\/ul>\n\n\n\n<h2 class=\"wp-block-heading\">Citt\u00e0 principali<\/h2>\n\n\n\n<ul class=\"wp-block-list\">\n<li><strong>Charlotte Amalie, San Tommaso<\/strong> \u2013 Charlotte Amalie \u00e8 la capitale delle Isole Vergini americane. \u00c8 anche la citt\u00e0 pi\u00f9 grande dell&#039;isola di St. Thomas. \u00c8 dove troverai i migliori ristoranti e negozi e tutti i principali snodi dei trasporti.<\/li>\n\n\n\n<li><strong>Christiansted, St. Croix<\/strong> \u2013 Fondata nel 1734 a St. Croix, Christiansted \u00e8 la citt\u00e0 pi\u00f9 grande dell&#039;isola. Presenta un&#039;architettura afro-danese unica abbinata a numerosi edifici storici. Un altro punto chiave \u00e8 che le immersioni subacquee sono una grande attrazione in questa citt\u00e0, e molti ottimi siti di immersione si trovano al largo della costa.<\/li>\n\n\n\n<li><strong>Cruz Bay, San Giovanni<\/strong> \u2013 Negozi, ristoranti e locali notturni (incluso un casin\u00f2) attendono i visitatori di questa famosa citt\u00e0. La spiaggia di Cruz Bay si trova nelle vicinanze. Bar e negozi fiancheggiano questo trafficato tratto di costa. Cruz Bay \u00e8 una localit\u00e0 turistica, quindi offre un&#039;ampia variet\u00e0 di tour operator che forniscono diversi servizi.<\/li>\n<\/ul>\n\n\n\n<h2 class=\"wp-block-heading\">Tendenze<\/h2>\n\n\n\n<p>Commercio, turismo e altri servizi sono i settori primari. Costituiscono pi\u00f9 della met\u00e0 del PIL delle Isole Vergini. Questi settori forniscono anche circa la met\u00e0 dell\u2019occupazione civile totale. Le isole ospitano milioni di turisti ogni anno, la maggior parte dei quali proviene da navi da crociera. Le isole importano la maggior parte del loro cibo perch\u00e9 il settore agricolo \u00e8 piccolo. Il governo e l\u2019industria rappresentano ciascuno circa un quinto del PIL.<\/p>\n\n\n\n<h2 class=\"wp-block-heading\">Base dei consumatori<\/h2>\n\n\n\n<p>La maggior parte degli isolani delle Vergini vive a St. Thomas e St. Croix. Meno del cinque per cento risiede a St. John. Le persone sono diverse. Circa tre quarti sono neri, un altro dieci per cento sono bianchi e il resto rientra nella categoria &quot;Altro&quot;. Molti, infatti, sono lavoratori migranti provenienti dai paesi vicini. Queste isole sono incontaminate e offrono ottime condizioni di vita. Le bellezze naturali e il clima mite contribuiscono ulteriormente a garantire un&#039;eccellente qualit\u00e0 della vita.<\/p>\n\n\n\n<h2 class=\"wp-block-heading\">Vantaggi e punti di forza nel mercato<\/h2>\n\n\n\n<ul class=\"wp-block-list\">\n<li>I produttori possono aggiungere i tag &quot;Made in USA&quot; ai loro prodotti.<\/li>\n\n\n\n<li>Le Isole Vergini utilizzano la valuta statunitense e hanno la protezione dei tribunali statunitensi oltre alla propria bandiera.<\/li>\n\n\n\n<li>Queste isole sono un paradiso. Hanno bellissime spiagge, panorami a 360 gradi e un prodotto turistico ben sviluppato.<\/li>\n\n\n\n<li>Il governo sostiene i partenariati pubblico-privato. In quanto tale, si \u00e8 assicurata diversi accordi in investimenti di capitale con societ\u00e0 private.<\/li>\n\n\n\n<li>Le isole hanno una forza lavoro istruita, impegnata e stabile.<\/li>\n<\/ul>\n\n\n\n<h2 class=\"wp-block-heading\">Reasons to Grow Your Business in the US Virgin Islands Market<\/h2>\n\n\n\n<p>The US Virgin Islands offers the Economic Development Commission or EDC program, a unique tax incentive for qualified companies moving to their shores. It reduces personal and corporate income taxes by 90 percent. It also exempts such <a href=\"https:\/\/www.sisinternational.com\/it\/strategia-di-campagna-di-marketing-multipiattaforma-per-una-holding-e-un-conglomerato-commerciale-degli-emirati\/\" title=\"Servizi pubblicitari multiculturali per una holding e un conglomerato commerciale degli Emirati\"  data-wpil-monitor-id=\"9245\">companies from business<\/a> property tax. Also, goods produced in these islands may gain quota-free, duty-free entry into the US.<\/p>\n\n\n\n<h2 class=\"wp-block-heading\">About Market Research in the US Virgin Islands<\/h2>\n\n\n\n<p>SIS offers accurate and speedy market research with expert moderators and a huge, diverse database of study candidates. We also ensure quality results and peace of mind by providing Qualitative and Quantitative Market Research, Surveys, Interviews, Focus Groups, UX and Strategy Market Research, and Competitive Analysis. SIS also does Market Entry, Market Opportunity, and <a href=\"https:\/\/www.sisinternational.com\/it\/competenza\/industrie\/ricerca-di-mercato-del-diesel\/\" title=\"Ricerche di mercato diesel\"  data-wpil-monitor-id=\"3503\">Ricerca sul dimensionamento del mercato<\/a>.<\/p>\n\n\n\n<p><\/p>","protected":false},"excerpt":{"rendered":"<p>SIS offre ricerche di mercato accurate e rapide con moderatori esperti e un database enorme e diversificato di candidati allo studio.<\/p>","protected":false},"author":1,"featured_media":66378,"parent":33287,"menu_order":15,"comment_status":"closed","ping_status":"closed","template":"","meta":{"footnotes":""},"class_list":["post-41094","page","type-page","status-publish","has-post-thumbnail"],"_links":{"self":[{"href":"https:\/\/www.sisinternational.com\/it\/wp-json\/wp\/v2\/pages\/41094","targetHints":{"allow":["GET"]}}],"collection":[{"href":"https:\/\/www.sisinternational.com\/it\/wp-json\/wp\/v2\/pages"}],"about":[{"href":"https:\/\/www.sisinternational.com\/it\/wp-json\/wp\/v2\/types\/page"}],"author":[{"embeddable":true,"href":"https:\/\/www.sisinternational.com\/it\/wp-json\/wp\/v2\/users\/1"}],"replies":[{"embeddable":true,"href":"https:\/\/www.sisinternational.com\/it\/wp-json\/wp\/v2\/comments?post=41094"}],"version-history":[{"count":4,"href":"https:\/\/www.sisinternational.com\/it\/wp-json\/wp\/v2\/pages\/41094\/revisions"}],"predecessor-version":[{"id":81545,"href":"https:\/\/www.sisinternational.com\/it\/wp-json\/wp\/v2\/pages\/41094\/revisions\/81545"}],"up":[{"embeddable":true,"href":"https:\/\/www.sisinternational.com\/it\/wp-json\/wp\/v2\/pages\/33287"}],"wp:featuredmedia":[{"embeddable":true,"href":"https:\/\/www.sisinternational.com\/it\/wp-json\/wp\/v2\/media\/66378"}],"wp:attachment":[{"href":"https:\/\/www.sisinternational.com\/it\/wp-json\/wp\/v2\/media?parent=41094"}],"curies":[{"name":"wp","href":"https:\/\/api.w.org\/{rel}","templated":true}]}}