{"id":41092,"date":"2022-12-13T05:56:28","date_gmt":"2022-12-13T05:56:28","guid":{"rendered":"https:\/\/www.sisinternational.com\/?page_id=41092"},"modified":"2026-01-24T21:28:58","modified_gmt":"2026-01-25T02:28:58","slug":"ricerche-di-mercato-nei-caraibi-olandesi","status":"publish","type":"page","link":"https:\/\/www.sisinternational.com\/it\/copertura\/ricerche-di-mercato-nei-caraibi\/ricerche-di-mercato-nei-caraibi-olandesi\/","title":{"rendered":"Ricerche di mercato nei Caraibi olandesi"},"content":{"rendered":"<h1 class=\"wp-block-heading\">Ricerche di mercato nei Caraibi olandesi<\/h1>\n\n\n\n<figure class=\"gb-block-image gb-block-image-04965494\"><img loading=\"lazy\" decoding=\"async\" width=\"1456\" height=\"816\" class=\"gb-image gb-image-04965494\" src=\"https:\/\/www.sisinternational.com\/wp-content\/uploads\/2025\/09\/Dutch-Caribbean-3.jpg\" alt=\"Ricerca e strategia di mercato internazionale SIS\" title=\"Dutch Caribbean (3)\" srcset=\"https:\/\/www.sisinternational.com\/wp-content\/uploads\/2025\/09\/Dutch-Caribbean-3.jpg 1456w, https:\/\/www.sisinternational.com\/wp-content\/uploads\/2025\/09\/Dutch-Caribbean-3-300x168.jpg 300w, https:\/\/www.sisinternational.com\/wp-content\/uploads\/2025\/09\/Dutch-Caribbean-3-1024x574.jpg 1024w, https:\/\/www.sisinternational.com\/wp-content\/uploads\/2025\/09\/Dutch-Caribbean-3-768x430.jpg 768w, https:\/\/www.sisinternational.com\/wp-content\/uploads\/2025\/09\/Dutch-Caribbean-3-18x10.jpg 18w\" sizes=\"auto, (max-width: 1456px) 100vw, 1456px\"><\/figure>\n\n\n\n<hr class=\"wp-block-separator has-alpha-channel-opacity is-style-dots\"\/>\n\n\n\n<p>Le isole dei Caraibi olandesi fanno parte della catena delle Piccole Antille. Tre delle isole sono a nord, vicino alle Isole Vergini. Quei tre sono Saba, Sint Eustatius e Sint Maarten.<\/p>\n\n\n\n<p>Le isole meridionali, conosciute come &quot;Isole ABC&quot;, sono Aruba, Bonaire e Curacao. C&#039;\u00e8 anche Klein Bonaire (Little Bonaire) e Klein Curacao (Little Curacao).<\/p>\n\n\n\n<p>Queste isole erano precedentemente conosciute come Antille olandesi. Nel 2010, le Antille olandesi hanno sciolto il loro status di paese. In effetti, Aruba, Curacao e Sint Maarten sono ora un gruppo unico. Divennero paesi costituenti del Regno dei Paesi Bassi. Le altre isole, Bonaire, Sint Eustatius e Saba, divennero comuni speciali dei Paesi Bassi.<\/p>\n\n\n\n<h2 class=\"wp-block-heading\">Industrie chiave<\/h2>\n\n\n\n<p>L\u2019economia dipende da due colossali raffinerie di petrolio ad Aruba e Curacao. Questi due porti sono tra i pi\u00f9 trafficati al mondo a causa dell&#039;elevato volume di spedizioni in entrata e in uscita.<\/p>\n\n\n\n<p>Petroleum products form the backbone of the economy. The next most important <a href=\"https:\/\/www.sisinternational.com\/it\/soluzioni\/ai-ricerche-di-mercato-e-consulenza-strategica\/consulenza-per-lindustria-del-turismo-ospitalita-adozione-viaggi\/\" title=\"Adozione dell&#039;intelligenza artificiale nella consulenza nel settore dei viaggi, dell&#039;ospitalit\u00e0 e del turismo\"  data-wpil-monitor-id=\"10356\">industry is tourism<\/a>, followed by banking and investments.<\/p>\n\n\n\n<h2 class=\"wp-block-heading\">Quartieri<\/h2>\n\n\n\n<p><strong>Oranjestad<\/strong>: la capitale e citt\u00e0 pi\u00f9 grande di Aruba, situata sulla costa meridionale. Questa citt\u00e0 vanta numerosi centri commerciali e altri servizi moderni.<\/p>\n\n\n\n<p><strong>Willemstad<\/strong>: La capitale di Cura\u00e7ao. Willemstad era la capitale delle Antille olandesi prima del suo scioglimento nel 2010.<\/p>\n\n\n\n<p><strong>Philipsburg<\/strong>: la capitale di Sint Maarten. Front Street \u00e8 il quartiere centrale dello shopping nel cuore della citt\u00e0.<\/p>\n\n\n\n<h2 class=\"wp-block-heading\">Tendenze<\/h2>\n\n\n\n<h3 class=\"wp-block-heading\">Comuni Speciali<\/h3>\n\n\n\n<p>Bonaire, Saba e Sint Eustatius hanno una popolazione complessiva di 26,5 mila abitanti. Questa cifra \u00e8 in aumento e le isole hanno un numero leggermente maggiore di maschi che di femmine.<\/p>\n\n\n\n<p>Oltre l&#039;80% degli abitanti di queste tre isole utilizza Internet. La maggior parte di loro sono anche utenti dei social media. I dati suggeriscono che la portata degli annunci di Facebook \u00e8 migliore di quella di Instagram. Finora, l\u2019adozione di LinkedIn \u00e8 stata pessima.<\/p>\n\n\n\n<h3 class=\"wp-block-heading\">Paesi costituenti<\/h3>\n\n\n\n<p>I paesi di questo gruppo, Aruba, Curacao e Sint Maarten, hanno una tendenza al rialzo. Il turismo \u00e8 in ripresa e i visitatori delle navi da crociera e dei pernottamenti sono in aumento. La ripresa sta guadagnando terreno, ma deve far fronte agli ostacoli derivanti dall\u2019inflazione e da altre battute d\u2019arresto.<\/p>\n\n\n\n<h2 class=\"wp-block-heading\">Vantaggi e punti di forza nel mercato<\/h2>\n\n\n\n<p>The Dutch Caribbean features exciting nightlife. Island hopping is easy, and there are <a href=\"https:\/\/www.sisinternational.com\/it\/mystery-shopping-for-beauty-products\/\" title=\"Mystery Shopping for Beauty Products\"  data-wpil-monitor-id=\"10359\">beautiful beaches and excellent shopping<\/a>. Most stores accept US dollars. The official language of the islands is Dutch, but most residents speak English. Several airlines provide nonstop flights from US, Canadian, and European cities. The Dutch Caribbean is also a cruising mecca.<\/p>\n\n\n\n<h2 class=\"wp-block-heading\">Base dei consumatori<\/h2>\n\n\n\n<p>La base dei consumatori dei Caraibi olandesi \u00e8 diversificata poich\u00e9 copre sei isole. Le isole pi\u00f9 conosciute sono Sint Maarten, Aruba e Curacao. Hanno economie ben sviluppate basate sulla raffinazione del petrolio e sul turismo. Pertanto, i loro consumatori hanno gusti pi\u00f9 sofisticati rispetto a quelli delle altre isole. Nonostante il loro sviluppo, tutte le isole hanno un&#039;atmosfera rilassata. Le persone riflettono quell&#039;atmosfera.<\/p>\n\n\n\n<h2 class=\"wp-block-heading\">Motivi per far crescere la tua attivit\u00e0 nei Caraibi olandesi<\/h2>\n\n\n\n<p>The Dutch Caribbean is excellent for <a href=\"https:\/\/www.sisinternational.com\/it\/pubblicazioni\/giappone-esportatore-di-fascia-media-del-mercato\/\" title=\"Far crescere il tuo business in Giappone\"  data-wpil-monitor-id=\"10357\">growing a business<\/a>. Why? Because it gives companies direct access to <a href=\"https:\/\/www.sisinternational.com\/it\/ricerche-di-mercato-in-europa\/\" title=\"Il mercato europeo\"  data-wpil-monitor-id=\"10351\">the European market<\/a>. The Netherlands is part of the European Union. Your company can derive several benefits from that. The islands also have a well-developed tourism product. That is a boon if your <a href=\"https:\/\/www.sisinternational.com\/it\/soluzioni\/consulenza-per-lospitalita-turistica-turistica\/consulenza-strategica-per-ricerche-di-mercato-da-parte-di-societa-di-gestione-alberghiera\/\" title=\"Societ\u00e0 di gestione alberghiera Ricerche di mercato e consulenza strategica\"  data-wpil-monitor-id=\"10354\">company serves that market<\/a>.<\/p>\n\n\n\n<h2 class=\"wp-block-heading\">Informazioni sulle ricerche di mercato nei Caraibi olandesi<\/h2>\n\n\n\n<p>At SIS we are happy to partner with companies needing market research in the Dutch Caribbean. We offer Quantitative, Qualitative, UX, Strategy, and <a href=\"https:\/\/www.sisinternational.com\/it\/competenza\/industrie\/ricerca-di-mercato-del-diesel\/\" title=\"Ricerche di mercato diesel\"  data-wpil-monitor-id=\"3505\">Ricerca sull&#039;ingresso nel mercato<\/a>. Our services also include <a href=\"https:\/\/www.sisinternational.com\/it\/copertura\/le-americhe\/ricerche-di-mercato-in-america-latina\/cosmetici-nelle-ricerche-di-mercato-in-messico\/\" title=\"Cosmetici in Messico Ricerche di mercato\"  data-wpil-monitor-id=\"3507\">Ricerca sul dimensionamento del mercato<\/a> and Go-To-Market Strategy. We can put together <a href=\"https:\/\/www.sisinternational.com\/it\/soluzioni\/ricerche-di-mercato-con-focus-group\/come-condurre-un-focus-group\/\" title=\"Come condurre un focus group\"  data-wpil-monitor-id=\"10352\">Focus Groups and conduct<\/a> Surveys and Interviews. That way, we help you figure out if investing in the Dutch Caribbean is right for you.<\/p>\n\n\n\n<p><\/p>","protected":false},"excerpt":{"rendered":"<p>SIS offre ricerche quantitative, qualitative, UX, strategiche e sull&#039;ingresso nel mercato alle aziende dei Caraibi olandesi.<\/p>","protected":false},"author":1,"featured_media":66259,"parent":33287,"menu_order":14,"comment_status":"closed","ping_status":"closed","template":"","meta":{"footnotes":""},"class_list":["post-41092","page","type-page","status-publish","has-post-thumbnail"],"_links":{"self":[{"href":"https:\/\/www.sisinternational.com\/it\/wp-json\/wp\/v2\/pages\/41092","targetHints":{"allow":["GET"]}}],"collection":[{"href":"https:\/\/www.sisinternational.com\/it\/wp-json\/wp\/v2\/pages"}],"about":[{"href":"https:\/\/www.sisinternational.com\/it\/wp-json\/wp\/v2\/types\/page"}],"author":[{"embeddable":true,"href":"https:\/\/www.sisinternational.com\/it\/wp-json\/wp\/v2\/users\/1"}],"replies":[{"embeddable":true,"href":"https:\/\/www.sisinternational.com\/it\/wp-json\/wp\/v2\/comments?post=41092"}],"version-history":[{"count":6,"href":"https:\/\/www.sisinternational.com\/it\/wp-json\/wp\/v2\/pages\/41092\/revisions"}],"predecessor-version":[{"id":81708,"href":"https:\/\/www.sisinternational.com\/it\/wp-json\/wp\/v2\/pages\/41092\/revisions\/81708"}],"up":[{"embeddable":true,"href":"https:\/\/www.sisinternational.com\/it\/wp-json\/wp\/v2\/pages\/33287"}],"wp:featuredmedia":[{"embeddable":true,"href":"https:\/\/www.sisinternational.com\/it\/wp-json\/wp\/v2\/media\/66259"}],"wp:attachment":[{"href":"https:\/\/www.sisinternational.com\/it\/wp-json\/wp\/v2\/media?parent=41092"}],"curies":[{"name":"wp","href":"https:\/\/api.w.org\/{rel}","templated":true}]}}