{"id":41090,"date":"2022-12-13T05:43:59","date_gmt":"2022-12-13T05:43:59","guid":{"rendered":"https:\/\/www.sisinternational.com\/?page_id=41090"},"modified":"2026-01-24T21:30:37","modified_gmt":"2026-01-25T02:30:37","slug":"ricerche-di-mercato-isole-cayman","status":"publish","type":"page","link":"https:\/\/www.sisinternational.com\/it\/copertura\/ricerche-di-mercato-nei-caraibi\/ricerche-di-mercato-isole-cayman\/","title":{"rendered":"Ricerche di mercato nelle Isole Cayman"},"content":{"rendered":"<h1 class=\"wp-block-heading\">Ricerche di mercato nelle Isole Cayman<\/h1>\n\n\n\n<p><\/p>\n\n\n\n<figure class=\"gb-block-image gb-block-image-f78da1a2\"><img loading=\"lazy\" decoding=\"async\" width=\"1456\" height=\"816\" class=\"gb-image gb-image-f78da1a2\" src=\"https:\/\/www.sisinternational.com\/wp-content\/uploads\/2025\/09\/Dutch-Caribbean-4.jpg\" alt=\"Ricerca e strategia di mercato internazionale SIS\" title=\"Dutch Caribbean (4)\" srcset=\"https:\/\/www.sisinternational.com\/wp-content\/uploads\/2025\/09\/Dutch-Caribbean-4.jpg 1456w, https:\/\/www.sisinternational.com\/wp-content\/uploads\/2025\/09\/Dutch-Caribbean-4-300x168.jpg 300w, https:\/\/www.sisinternational.com\/wp-content\/uploads\/2025\/09\/Dutch-Caribbean-4-1024x574.jpg 1024w, https:\/\/www.sisinternational.com\/wp-content\/uploads\/2025\/09\/Dutch-Caribbean-4-768x430.jpg 768w, https:\/\/www.sisinternational.com\/wp-content\/uploads\/2025\/09\/Dutch-Caribbean-4-18x10.jpg 18w\" sizes=\"auto, (max-width: 1456px) 100vw, 1456px\"><\/figure>\n\n\n\n<p><\/p>\n\n\n\n<hr class=\"wp-block-separator has-alpha-channel-opacity is-style-dots\"\/>\n\n\n\n<p>Le Isole Cayman si trovano a circa 180 miglia a nord-ovest della Giamaica e comprendono le isole di Little Cayman, Grand Cayman e Cayman Brac. Grand Cayman \u00e8 l&#039;isola pi\u00f9 grande e la pi\u00f9 popolosa, seguita da Cayman Brac, con Little Cayman in coda. La capitale \u00e8 George Town, dove vive pi\u00f9 della met\u00e0 della popolazione dell&#039;isola.<\/p>\n\n\n\n<p><\/p>\n\n\n\n<div class=\"wp-block-columns has-global-color-9-color has-text-color has-background has-link-color wp-elements-2b270774f2728773f11556713d9a6a5c is-layout-flex wp-container-core-columns-is-layout-9d6595d7 wp-block-columns-is-layout-flex\" style=\"background-color:#f7f9fa6e\">\n<div class=\"wp-block-column is-layout-flow wp-block-column-is-layout-flow\" style=\"flex-basis:18%\"><\/div>\n\n\n\n<div class=\"wp-block-column is-vertically-aligned-center is-layout-flow wp-block-column-is-layout-flow\" style=\"flex-basis:71.28%\">\n<div class=\"wp-block-rank-math-toc-block aligncenter has-global-color-9-color has-text-color has-link-color wp-elements-05c05c27c471dfe6656e625038f8f1ae\" style=\"font-size:16px\" id=\"rank-math-toc\"><h2><br><strong>T<\/strong>able of Contents<\/h2><nav><ul><li class=\"\"><a href=\"#key-industries\">Industrie chiave<\/a><\/li><li class=\"\"><a href=\"#neighborhoods\">Quartieri<\/a><\/li><li class=\"\"><a href=\"#trends\">Tendenze<\/a><\/li><li class=\"\"><a href=\"#benefits-and-strengths-in-the-market\">Vantaggi e punti di forza nel mercato<\/a><\/li><li class=\"\"><a href=\"#consumer-base\">Base dei consumatori<\/a><\/li><li class=\"\"><a href=\"#reasons-to-grow-your-business-in-the-cayman-islands-market\">Motivi per far crescere la tua attivit\u00e0 nel mercato delle Isole Cayman<\/a><\/li><li class=\"\"><a href=\"#about-market-research-in-the-cayman-islands\">Informazioni sulle ricerche di mercato nelle Isole Cayman<\/a><\/li><\/ul><\/nav><\/div>\n<\/div>\n<\/div>\n\n\n\n<p><\/p>\n\n\n\n<h2 class=\"wp-block-heading\" id=\"key-industries\">Industrie chiave<\/h2>\n\n\n\n<p>Le Isole Cayman sono un centro finanziario globale noto per il settore bancario, i fondi di investimento e le assicurazioni. Un&#039;altra industria primaria \u00e8 il turismo, uno dei pilastri dell&#039;economia. Il settore immobiliare e quello edile sono altri settori leader. Le isole dispongono di un solido quadro normativo, che potrebbe essere la ragione del loro successo nel mercato dei servizi finanziari.<\/p>\n\n\n\n<h2 class=\"wp-block-heading\" id=\"neighborhoods\">Quartieri<\/h2>\n\n\n\n<ul class=\"wp-block-list\">\n<li>George Town, Gran Cayman. George Town, nel sud-ovest di Grand Cayman, \u00e8 un porto molto trafficato. \u00c8 un dato di fatto, le navi mercantili scaricano ogni sera e le navi da crociera fanno scalo quasi ogni giorno.<\/li>\n\n\n\n<li>West End, Cayman Brac. L&#039;aeroporto, una stazione di servizio, due negozi di alimentari e un paio di complessi condominiali si trovano nel West End. Pertanto, la costa settentrionale del West End ha il maggior numero di residenti dell&#039;isola.<\/li>\n\n\n\n<li>Villaggio dei fiori, Little Cayman. Questo piccolo villaggio dispone di un aeroporto, di un negozio di sport acquatici e di un emporio. Anche il Little Cayman Beach Resort si trova a Blossom Village. Dispone inoltre di un piccolo parco con area giochi per bambini.<\/li>\n<\/ul>\n\n\n\n<h2 class=\"wp-block-heading\" id=\"trends\">Tendenze<\/h2>\n\n\n\n<figure class=\"gb-block-image gb-block-image-de569080\"><img loading=\"lazy\" decoding=\"async\" width=\"1456\" height=\"816\" class=\"gb-image gb-image-de569080\" src=\"https:\/\/www.sisinternational.com\/wp-content\/uploads\/2025\/09\/Caribbran-4.jpg\" alt=\"Ricerca e strategia di mercato internazionale SIS\" title=\"Caribbran (4)\" srcset=\"https:\/\/www.sisinternational.com\/wp-content\/uploads\/2025\/09\/Caribbran-4.jpg 1456w, https:\/\/www.sisinternational.com\/wp-content\/uploads\/2025\/09\/Caribbran-4-300x168.jpg 300w, https:\/\/www.sisinternational.com\/wp-content\/uploads\/2025\/09\/Caribbran-4-1024x574.jpg 1024w, https:\/\/www.sisinternational.com\/wp-content\/uploads\/2025\/09\/Caribbran-4-768x430.jpg 768w, https:\/\/www.sisinternational.com\/wp-content\/uploads\/2025\/09\/Caribbran-4-18x10.jpg 18w\" sizes=\"auto, (max-width: 1456px) 100vw, 1456px\"><\/figure>\n\n\n\n<p><\/p>\n\n\n\n<p>La posizione delle isole come centro finanziario offshore segreto aumenta il rischio di corruzione. D\u2019altro canto, le Cayman godono di un clima politico stabile. Il turismo era la principale attivit\u00e0 economica, ma negli ultimi anni era diminuito. Nonostante le battute d\u2019arresto, il settore si \u00e8 ripreso e ora \u00e8 in piena ripresa. Gli esperti si aspettano che i turisti inondino le coste in numero ancora maggiore rispetto a prima.<\/p>\n\n\n\n<h2 class=\"wp-block-heading\" id=\"benefits-and-strengths-in-the-market\">Vantaggi e punti di forza nel mercato<\/h2>\n\n\n\n<ul class=\"wp-block-list\">\n<li>Assenza di imposta. Le Isole Cayman non hanno imposte dirette di alcun tipo.<\/li>\n\n\n\n<li>Assenza di controlli sui cambi. Sei libero di trasferire ingenti somme di denaro dentro e fuori le isole.<\/li>\n\n\n\n<li>Sistema giuridico affidabile. La legge delle Isole Cayman deriva dalla common law inglese, integrata dalla legislazione locale.<\/li>\n\n\n\n<li>Accesso alle banche e ai servizi professionali. Almeno 40 delle 50 banche pi\u00f9 importanti del mondo si trovano nelle Isole Cayman. Lo stesso vale per tutte le principali societ\u00e0 di contabilit\u00e0.<\/li>\n\n\n\n<li>Velocit\u00e0 e costi. La formazione e il mantenimento di entit\u00e0 delle Isole Cayman ha un prezzo basso. In effetti, puoi creare una societ\u00e0 il giorno del deposito.<\/li>\n\n\n\n<li>Stabilit\u00e0 economica e politica. Le Isole Cayman hanno una storia di governo stabile.<\/li>\n\n\n\n<li>Comunicazioni eccellenti. Le isole godono di una rete all\u2019avanguardia. Inoltre, sono disponibili voli diretti da diversi importanti centri globali.<\/li>\n<\/ul>\n\n\n\n<p><\/p>\n\n\n\n<!DOCTYPE html>\n<html lang=\"en\">\n<head>\n    <meta charset=\"UTF-8\">\n    <meta name=\"viewport\" content=\"width=device-width, initial-scale=1.0\">\n    <title>Cayman Islands Market Indicators<\/title>\n    <style>\n        \/* Responsive Table & SIS International-inspired Styling\n          - Uses a corporate blue and clean, sans-serif fonts.\n          - Fully responsive with horizontal scroll on small screens.\n        *\/\n        \n        .sis-table-container {\n            font-family: -apple-system, BlinkMacSystemFont, \"Segoe UI\", Roboto, Helvetica, Arial, sans-serif;\n            margin: 2em 0;\n            width: 100%;\n            \/* Allows horizontal scroll on small screens *\/\n            overflow-x: auto;\n            -webkit-overflow-scrolling: touch; \/* Smooth scrolling on iOS *\/\n        }\n\n        .sis-table-container h3 {\n            font-size: 1.5rem; \/* 24px *\/\n            font-weight: 600;\n            color: #333;\n            margin-bottom: 0.75em;\n            padding: 0;\n        }\n\n        .sis-table {\n            width: 100%;\n            border-collapse: collapse;\n            min-width: 500px; \/* Ensures layout preservation, container scrolls if needed *\/\n        }\n\n        .sis-table th,\n        .sis-table td {\n            padding: 12px 15px;\n            text-align: left;\n            line-height: 1.5;\n             \/* Prevent line breaks within cells *\/\n            white-space: nowrap;\n        }\n\n        \/* Header Styling *\/\n        .sis-table thead th {\n            background-color: #005cbf; \/* SIS corporate blue *\/\n            color: #ffffff;\n            font-weight: 600;\n            font-size: 0.9rem; \/* 14.4px *\/\n            text-transform: uppercase;\n            letter-spacing: 0.5px;\n        }\n\n        \/* Body Styling *\/\n        .sis-table tbody tr {\n            border-bottom: 1px solid #ddd;\n        }\n\n        .sis-table tbody tr:nth-of-type(even) {\n            background-color: #f8f8f8; \/* Light gray alternate rows *\/\n        }\n\n        .sis-table tbody tr:last-of-type {\n            border-bottom: 2px solid #005cbf; \/* Match header blue *\/\n        }\n\n        .sis-table td {\n            color: #444;\n            font-size: 0.95rem; \/* 15.2px *\/\n        }\n        \n        \/* Right-align numerical data *\/\n        .sis-table td:nth-child(2) {\n            text-align: right;\n        }\n         .sis-table th:nth-child(2) {\n            text-align: right;\n        }\n\n        .sis-table-container .source-caption {\n            margin-top: 10px;\n            font-size: 0.85rem; \/* 13.6px *\/\n            color: #555;\n            font-style: italic;\n        }\n\n        .sis-table-container .source-caption a {\n            color: #005cbf; \/* Match brand blue *\/\n            text-decoration: none;\n        }\n\n        .sis-table-container .source-caption a:hover {\n            text-decoration: underline;\n        }\n    <\/style>\n<\/head>\n<body>\n\n    <!-- \n      HTML for WordPress:\n      Copy and paste the code from .sis-table-container start to end into a Custom HTML block.\n    -->\n    <div class=\"sis-table-container\">\n        \n        <h3>Cayman Islands: Key Market Indicators<\/h3>\n\n        <table class=\"sis-table\">\n            <thead>\n                <tr>\n                    <th>Indicator<\/th>\n                    <th>Value (Year)<\/th>\n                <\/tr>\n            <\/thead>\n            <tbody>\n                <tr>\n                    <td>GDP (Nominal, Current US$)<\/td>\n                    <td>$7.9 Billion (2023 est.)<\/td>\n                <\/tr>\n                <tr>\n                    <td>GDP per Capita (Nominal, Current US$)<\/td>\n                    <td>$97,583 (2023 est.)<\/td>\n                <\/tr>\n                <tr>\n                    <td>Popolazione<\/td>\n                    <td>~81,500 (2023 est.)<\/td>\n                <\/tr>\n                 <tr>\n                    <td>International Tourist Arrivals (Stayover)<\/td>\n                    <td>~486,000 (2023)<\/td>\n                <\/tr>\n            <\/tbody>\n        <\/table>\n\n        <p class=\"source-caption\">\n             Sources: GDP\/GDP per capita estimates based on United Nations data via <a href=\"https:\/\/en.wikipedia.org\/wiki\/List_of_countries_by_GDP_(nominal)_per_capita\" target=\"_blank\" rel=\"noopener noreferrer\">Wikipedia<\/a>; Population estimate from <a href=\"https:\/\/data.worldbank.org\/country\/cayman-islands\" target=\"_blank\" rel=\"noopener noreferrer\">World Bank Data<\/a>; Tourist arrivals from <a href=\"https:\/\/www.visitcaymanislands.com\/en-ca\/ourcayman\/news\" target=\"_blank\" rel=\"noopener noreferrer\">Cayman Islands Department of Tourism<\/a> reports. Accessed October 2025.\n        <\/p>\n        \n    <\/div>\n\n<\/body>\n<\/html>\n\n\n\n<p><\/p>\n\n\n\n<h2 class=\"wp-block-heading\" id=\"consumer-base\">Base dei consumatori<\/h2>\n\n\n\n<p>Gli abitanti delle Isole Cayman godono di uno standard di vita simile a quello della Svizzera. La popolazione \u00e8 per un quinto nera, per un quinto bianca e per altri due quinti mista. L&#039;altro quinto comprende espatriati di vari gruppi etnici. Il tasso di alfabetizzazione \u00e8 molto vicino al 100%.<\/p>\n\n\n\n<h2 class=\"wp-block-heading\" id=\"reasons-to-grow-your-business-in-the-cayman-islands-market\">Motivi per far crescere la tua attivit\u00e0 nel mercato delle Isole Cayman<\/h2>\n\n\n\n<figure class=\"gb-block-image gb-block-image-10e8079c\"><img loading=\"lazy\" decoding=\"async\" width=\"1456\" height=\"816\" class=\"gb-image gb-image-10e8079c\" src=\"https:\/\/www.sisinternational.com\/wp-content\/uploads\/2025\/09\/Caribbran-1.jpg\" alt=\"Ricerca e strategia di mercato internazionale SIS\" title=\"Caribbran (1)\" srcset=\"https:\/\/www.sisinternational.com\/wp-content\/uploads\/2025\/09\/Caribbran-1.jpg 1456w, https:\/\/www.sisinternational.com\/wp-content\/uploads\/2025\/09\/Caribbran-1-300x168.jpg 300w, https:\/\/www.sisinternational.com\/wp-content\/uploads\/2025\/09\/Caribbran-1-1024x574.jpg 1024w, https:\/\/www.sisinternational.com\/wp-content\/uploads\/2025\/09\/Caribbran-1-768x430.jpg 768w, https:\/\/www.sisinternational.com\/wp-content\/uploads\/2025\/09\/Caribbran-1-18x10.jpg 18w\" sizes=\"auto, (max-width: 1456px) 100vw, 1456px\"><\/figure>\n\n\n\n<p><\/p>\n\n\n\n<p>Le Isole Cayman hanno un&#039;economia moderna e sviluppata con il PIL e il tenore di vita pi\u00f9 alti della regione. Ci vuole solo un&#039;ora per raggiungere Miami in aereo. Le Cayman ospitano circa 50 voli al giorno da Stati Uniti, Regno Unito e Canada.<\/p>\n\n\n\n<p>Il governo incoraggia gli investimenti a Cayman Brac e Little Cayman. Inoltre, offre la met\u00e0 dei dazi di importazione per gli investimenti approvati in queste isole. Offre inoltre agli imprenditori riduzioni su alcuni costi di licenza.<\/p>\n\n\n\n<h2 class=\"wp-block-heading\" id=\"about-market-research-in-the-cayman-islands\">Informazioni sulle ricerche di mercato nelle Isole Cayman<\/h2>\n\n\n\n<p>SIS Research can give you the Qualitative research coupled with the Quantitative data you need. Moreover, we can tell you the procedures, time, and cost of starting and running a Cayman Islands business. Qualitative Research methods include Customer Interviews and Focus Groups, while Quantitative methods include Telephone, Mobile, and App Surveys. Strategy Research consists of Competitive Analysis, <a href=\"https:\/\/www.sisinternational.com\/it\/copertura\/le-americhe\/ricerche-di-mercato-in-america-latina\/cosmetici-nelle-ricerche-di-mercato-in-messico\/\" title=\"Cosmetici in Messico Ricerche di mercato\" data-wpil-monitor-id=\"3512\">Opportunit\u00e0 di mercato e ricerca sugli ingressi<\/a>, and Go-To-Market Strategy.<\/p>\n\n\n<h2>La nostra sede a New York<\/h2>\n<p><!-- \/wp:post-content --> <!-- wp:html --> <iframe loading=\"lazy\" src=\"https:\/\/www.google.com\/maps\/embed?pb=!1m18!1m12!1m3!1d3022.976188376966!2d-73.99130312499956!3d40.740549471389315!2m3!1f0!2f0!3f0!3m2!1i1024!2i768!4f13.1!3m3!1m2!1s0x89c259a15798c731%3A0xd695d09bdd495f25!2s11%20E%2022nd%20St%20FL%202%2C%20New%20York%2C%20NY%2010010%2C%20USA!5e0!3m2!1sen!2spe!4v1726171763526!5m2!1sen!2spe\" width=\"600\" height=\"450\" allowfullscreen=\"allowfullscreen\" data-mce-fragment=\"1\"><\/iframe> <!-- \/wp:html --> <!-- wp:paragraph --><\/p>\n<h3 class=\"wp-block-heading\">11 E 22nd Street, Piano 2, New York, NY 10010 T: +1(212) 505-6805<\/h3>\n<hr \/>\n<h2><span style=\"font-weight: 400;\">A proposito di SIS Internazionale<\/span><\/h2>\n<p><a href=\"https:\/\/www.sisinternational.com\/it\/\"><span style=\"font-weight: 400;\">SIS Internazionale<\/span><\/a><span style=\"font-weight: 400;\"> offre ricerca quantitativa, qualitativa e strategica. Forniamo dati, strumenti, strategie, report e approfondimenti per il processo decisionale. Conduciamo anche interviste, sondaggi, focus group e altri metodi e approcci di ricerca di mercato.<\/span><a href=\"https:\/\/www.sisinternational.com\/it\/sulla-sua-ricerca-internazionale\/contact-sis-international-market-research\/\"><span style=\"font-weight: 400;\"> Contattaci<\/span><\/a><span style=\"font-weight: 400;\"> per il tuo prossimo progetto di ricerca di mercato.<\/span><\/p>\n<p><!-- wp:heading --><\/p>\n<h2 id=\"about-sis-international\" class=\"wp-block-heading\">\u00a0<\/h2>\n<p><!-- \/wp:heading --><\/p>","protected":false},"excerpt":{"rendered":"<p>SIS Research pu\u00f2 fornirti la ricerca qualitativa abbinata ai dati quantitativi necessari per gestire un&#039;attivit\u00e0 nelle Isole Cayman.<\/p>","protected":false},"author":1,"featured_media":66258,"parent":33287,"menu_order":13,"comment_status":"closed","ping_status":"closed","template":"","meta":{"footnotes":""},"class_list":["post-41090","page","type-page","status-publish","has-post-thumbnail"],"_links":{"self":[{"href":"https:\/\/www.sisinternational.com\/it\/wp-json\/wp\/v2\/pages\/41090","targetHints":{"allow":["GET"]}}],"collection":[{"href":"https:\/\/www.sisinternational.com\/it\/wp-json\/wp\/v2\/pages"}],"about":[{"href":"https:\/\/www.sisinternational.com\/it\/wp-json\/wp\/v2\/types\/page"}],"author":[{"embeddable":true,"href":"https:\/\/www.sisinternational.com\/it\/wp-json\/wp\/v2\/users\/1"}],"replies":[{"embeddable":true,"href":"https:\/\/www.sisinternational.com\/it\/wp-json\/wp\/v2\/comments?post=41090"}],"version-history":[{"count":7,"href":"https:\/\/www.sisinternational.com\/it\/wp-json\/wp\/v2\/pages\/41090\/revisions"}],"predecessor-version":[{"id":77702,"href":"https:\/\/www.sisinternational.com\/it\/wp-json\/wp\/v2\/pages\/41090\/revisions\/77702"}],"up":[{"embeddable":true,"href":"https:\/\/www.sisinternational.com\/it\/wp-json\/wp\/v2\/pages\/33287"}],"wp:featuredmedia":[{"embeddable":true,"href":"https:\/\/www.sisinternational.com\/it\/wp-json\/wp\/v2\/media\/66258"}],"wp:attachment":[{"href":"https:\/\/www.sisinternational.com\/it\/wp-json\/wp\/v2\/media?parent=41090"}],"curies":[{"name":"wp","href":"https:\/\/api.w.org\/{rel}","templated":true}]}}