{"id":41086,"date":"2022-12-13T05:25:10","date_gmt":"2022-12-13T05:25:10","guid":{"rendered":"https:\/\/www.sisinternational.com\/?page_id=41086"},"modified":"2025-10-01T22:10:52","modified_gmt":"2025-10-02T02:10:52","slug":"ricerche-di-mercato-alle-bahamas","status":"publish","type":"page","link":"https:\/\/www.sisinternational.com\/it\/copertura\/ricerche-di-mercato-nei-caraibi\/ricerche-di-mercato-alle-bahamas\/","title":{"rendered":"Ricerche di mercato alle Bahamas"},"content":{"rendered":"<h1 class=\"wp-block-heading\">Ricerche di mercato alle Bahamas<\/h1>\n\n\n\n<figure class=\"gb-block-image gb-block-image-df2ae73e\"><img loading=\"lazy\" decoding=\"async\" width=\"1456\" height=\"816\" class=\"gb-image gb-image-df2ae73e\" src=\"https:\/\/www.sisinternational.com\/wp-content\/uploads\/2025\/09\/The-Bahamas-3.jpg\" alt=\"Ricerca e strategia di mercato internazionale SIS\" title=\"The Bahamas (3)\" srcset=\"https:\/\/www.sisinternational.com\/wp-content\/uploads\/2025\/09\/The-Bahamas-3.jpg 1456w, https:\/\/www.sisinternational.com\/wp-content\/uploads\/2025\/09\/The-Bahamas-3-300x168.jpg 300w, https:\/\/www.sisinternational.com\/wp-content\/uploads\/2025\/09\/The-Bahamas-3-1024x574.jpg 1024w, https:\/\/www.sisinternational.com\/wp-content\/uploads\/2025\/09\/The-Bahamas-3-768x430.jpg 768w, https:\/\/www.sisinternational.com\/wp-content\/uploads\/2025\/09\/The-Bahamas-3-18x10.jpg 18w\" sizes=\"auto, (max-width: 1456px) 100vw, 1456px\"><\/figure>\n\n\n\n<hr class=\"wp-block-separator has-alpha-channel-opacity is-style-dots\"\/>\n\n\n\n<p>The Bahamas is a country formed from a chain of islands in the northwest of the Caribbean. These islands are a gateway to the Caribbean Sea, the Gulf of Mexico, and the entire Central American region.<\/p>\n\n\n\n<p>Le Bahamas mancano di risorse naturali oltre alle belle spiagge e al clima piacevole. Pertanto, il paese dipende dalle entrate derivanti dalla sua industria turistica su larga scala. Ha anche un settore finanziario in erba ma fiorente.<\/p>\n\n\n\n<h2 class=\"wp-block-heading\">Industrie chiave<\/h2>\n\n\n\n<p>The Bahamas\u2019 primary <a href=\"https:\/\/www.sisinternational.com\/it\/soluzioni\/ai-ricerche-di-mercato-e-consulenza-strategica\/consulenza-per-lindustria-del-turismo-ospitalita-adozione-viaggi\/\" title=\"Adozione dell&#039;intelligenza artificiale nella consulenza nel settore dei viaggi, dell&#039;ospitalit\u00e0 e del turismo\"  data-wpil-monitor-id=\"8968\">industry is tourism<\/a>, which comprises around half of the total GDP. The second-largest <a href=\"https:\/\/www.sisinternational.com\/it\/soluzioni\/ricerca-di-consulenza-strategica-fintech\/ricerche-di-mercato-nel-settore-dei-servizi-finanziari\/\" title=\"Ricerche di mercato nel settore dei servizi finanziari\"  data-wpil-monitor-id=\"8967\">industry is the financial services<\/a> sector, which makes up about one-fifth of the GDP. Further but smaller-scale industries include wholesale and retail trade, farming, manufacturing, and fishing.<\/p>\n\n\n\n<h2 class=\"wp-block-heading\">Quartieri<\/h2>\n\n\n\n<p>A differenza di molti altri paesi della regione, le Bahamas sono uno stato-arcipelago. Si estende su 700 isole, 30 delle quali sono abitate da abitanti. Ecco alcune localit\u00e0 da considerare:<\/p>\n\n\n\n<h3 class=\"wp-block-heading\">Nuova Provvidenza<\/h3>\n\n\n\n<p>About two-thirds of Bahamians live on New Providence Island. It\u2019s the <a href=\"https:\/\/www.sisinternational.com\/it\/soluzioni\/soluzioni-di-ricerca-quantitativa-qualitativa\/test-di-posizioni-centrali-a-new-york-city\/\" title=\"Test di sedi centrali a New York City: vantaggi per i test di prodotto\"  data-wpil-monitor-id=\"8974\">location of the capital and largest city<\/a>, Nassau, which covers the entire island.<\/p>\n\n\n\n<h3 class=\"wp-block-heading\">Gran Bahamas<\/h3>\n\n\n\n<p>Freeport e Lucaya sono le due principali citt\u00e0 di Grand Bahama. Freeport \u00e8 incentrato sul turismo, con frequenti scali per navi da crociera. Bill Gates e Oprah possiedono case su quest&#039;isola, quindi non sorprende che i prezzi delle case siano alti.<\/p>\n\n\n\n<h3 class=\"wp-block-heading\">Eleuthera<\/h3>\n\n\n\n<p>Questo gruppo di isole esterne \u00e8 popolare tra gli espatriati in pensione che vogliono cimentarsi nel giardinaggio. Queste isole hanno pi\u00f9 suolo che in qualsiasi altra parte del paese.<\/p>\n\n\n\n<h3 class=\"wp-block-heading\">Abaco<\/h3>\n\n\n\n<p>Questo gruppo di isole \u00e8 un altro luogo di scelta per chi ama la vita all&#039;aria aperta. \u00c8 una mecca della pesca, della nautica e della vela.<\/p>\n\n\n\n<h3 class=\"wp-block-heading\">Exuma<\/h3>\n\n\n\n<p>Questa parte del paese vanta alcune delle migliori immersioni al mondo. \u00c8 anche vicino a Big Major Cay, dove troverai i famosi maiali nuotatori delle Bahamas.<\/p>\n\n\n\n<h2 class=\"wp-block-heading\">Cosa c&#039;\u00e8 di richiesto alle Bahamas?<\/h2>\n\n\n\n<p>The islands have a booming tourism sector, so almost every related niche is in demand. Hotels, condos, transport services, hair stylists, restaurants, and other food-based services like grocery stores can all do well here. <a href=\"https:\/\/www.sisinternational.com\/it\/soluzioni\/consulenza-per-lospitalita-turistica-turistica\/ricerche-di-mercato-di-societa-di-guide-turistiche\/\" title=\"Ricerche di mercato sull&#039;azienda di guide turistiche\"  data-wpil-monitor-id=\"8970\">Guided fishing and boating tours<\/a> and undersea adventures also see massive success.<\/p>\n\n\n\n<h2 class=\"wp-block-heading\">Base dei consumatori<\/h2>\n\n\n\n<p>The population of these islands is young. That\u2019s a feat, given the number of US retirees who call it home.<\/p>\n\n\n\n<p>Il paese fa affidamento sulle importazioni dagli Stati Uniti. \u00c8 un dato di fatto, \u00e8 cos\u00ec che soddisfa le sue esigenze di carburante e cibo per la gente del posto e i turisti. I prodotti statunitensi godono di una reputazione di alta qualit\u00e0.<\/p>\n\n\n\n<p>Another key point is that the people living on these islands tend to be brand-conscious. They prefer the brands they see on their frequent trips to the US. American commercials and other TV shows are also factors in their buying decisions.<\/p>\n\n\n\n<h2 class=\"wp-block-heading\">Vantaggi e punti di forza nel mercato<\/h2>\n\n\n\n<p>Lo status di esenzione fiscale sul reddito del paese \u00e8 un enorme vantaggio. Gli utili aziendali, le plusvalenze, i redditi personali, le eredit\u00e0, le vendite e i dividendi sono esenti da imposte. Questa libert\u00e0 si estende anche a tutti i privati, alle societ\u00e0 di persone, ai trust e alle societ\u00e0 residenti.<\/p>\n\n\n\n<p>The Bahamian dollar is on par with the US dollar. It has shown steady performance and value over the years.<br>Un altro punto di forza \u00e8 la facilit\u00e0 di fare affari. Le isole hanno messo in atto diverse misure pro-business per attrarre investimenti.<\/p>\n\n\n\n<h2 class=\"wp-block-heading\">Motivi per far crescere la tua attivit\u00e0 in questo mercato<\/h2>\n\n\n\n<p>Le Bahamas sono un clima favorevole agli investimenti. Sia gli investitori stranieri che quelli locali possono prosperare qui. Le leggi promuovono gli investimenti diretti esteri e anche gli investitori che ne hanno i requisiti possono ricevere incentivi. Questi includono esenzioni fiscali e dazi doganali. Gli investitori possono ottenere incentivi per:<\/p>\n\n\n\n<ul class=\"wp-block-list\">\n<li>Societ\u00e0 di sviluppo di multipropriet\u00e0 e condomini<\/li>\n\n\n\n<li>Localit\u00e0 turistiche<\/li>\n\n\n\n<li>Tecnologia, elaborazione dati e servizi IT<\/li>\n\n\n\n<li>Assicurazione vincolata<\/li>\n\n\n\n<li>Servizi di riparazione navale<\/li>\n\n\n\n<li>Industria dell&#039;assemblaggio<\/li>\n\n\n\n<li>Servizio aereo<\/li>\n<\/ul>\n\n\n\n<h2 class=\"wp-block-heading\">Informazioni sulle ricerche di mercato alle Bahamas<\/h2>\n\n\n\n<p>Nostro <a href=\"https:\/\/www.sisinternational.com\/it\/soluzioni\/consulenza-strategica\/analisi-dei-dati\/\" title=\"Societ\u00e0 di analisi dei dati\"  data-wpil-monitor-id=\"8972\">company can give you the data<\/a> you need to set up shop in these islands. At least, we can tell you the time it takes to start and run a business here, the series of steps, and the cost. Our <a href=\"https:\/\/www.sisinternational.com\/it\/sampling-techniques-in-qualitative-research-the-complete-guide-to-choosing-the-right-method\/\" title=\"Sampling Techniques in Qualitative Research: The Complete Guide to Choosing the Right Method\"  data-wpil-monitor-id=\"8965\">Qualitative Research methods<\/a> include Interviews, Focus Groups, and UX Market Research. Mobile, App, and Phone Surveys are some of our <a href=\"https:\/\/www.sisinternational.com\/it\/quantitative-market-research-methods-and-techniques\/\" title=\"Quantitative Market Research Methods and Techniques\"  data-wpil-monitor-id=\"8966\">Quantitative Research methods<\/a>. We also provide Strategy Research.<\/p>\n\n\n\n<p><\/p>","protected":false},"excerpt":{"rendered":"<p>La nostra azienda pu\u00f2 fornirti i dati necessari per aprire un negozio in queste isole. I metodi di ricerca qualitativa includono interviste, focus group e ricerche di mercato UX.<\/p>","protected":false},"author":1,"featured_media":66368,"parent":33287,"menu_order":11,"comment_status":"closed","ping_status":"closed","template":"","meta":{"footnotes":""},"class_list":["post-41086","page","type-page","status-publish","has-post-thumbnail"],"_links":{"self":[{"href":"https:\/\/www.sisinternational.com\/it\/wp-json\/wp\/v2\/pages\/41086","targetHints":{"allow":["GET"]}}],"collection":[{"href":"https:\/\/www.sisinternational.com\/it\/wp-json\/wp\/v2\/pages"}],"about":[{"href":"https:\/\/www.sisinternational.com\/it\/wp-json\/wp\/v2\/types\/page"}],"author":[{"embeddable":true,"href":"https:\/\/www.sisinternational.com\/it\/wp-json\/wp\/v2\/users\/1"}],"replies":[{"embeddable":true,"href":"https:\/\/www.sisinternational.com\/it\/wp-json\/wp\/v2\/comments?post=41086"}],"version-history":[{"count":3,"href":"https:\/\/www.sisinternational.com\/it\/wp-json\/wp\/v2\/pages\/41086\/revisions"}],"predecessor-version":[{"id":81505,"href":"https:\/\/www.sisinternational.com\/it\/wp-json\/wp\/v2\/pages\/41086\/revisions\/81505"}],"up":[{"embeddable":true,"href":"https:\/\/www.sisinternational.com\/it\/wp-json\/wp\/v2\/pages\/33287"}],"wp:featuredmedia":[{"embeddable":true,"href":"https:\/\/www.sisinternational.com\/it\/wp-json\/wp\/v2\/media\/66368"}],"wp:attachment":[{"href":"https:\/\/www.sisinternational.com\/it\/wp-json\/wp\/v2\/media?parent=41086"}],"curies":[{"name":"wp","href":"https:\/\/api.w.org\/{rel}","templated":true}]}}