{"id":41084,"date":"2022-12-13T04:59:58","date_gmt":"2022-12-13T04:59:58","guid":{"rendered":"https:\/\/www.sisinternational.com\/?page_id=41084"},"modified":"2026-01-24T21:30:39","modified_gmt":"2026-01-25T02:30:39","slug":"ricerche-di-mercato-a-saint-kitts-e-nevis","status":"publish","type":"page","link":"https:\/\/www.sisinternational.com\/it\/copertura\/ricerche-di-mercato-nei-caraibi\/ricerche-di-mercato-a-saint-kitts-e-nevis\/","title":{"rendered":"Ricerche di mercato a St. Kitts e Nevis"},"content":{"rendered":"<h1 class=\"wp-block-heading\">Ricerche di mercato a St. Kitts e Nevis<\/h1>\n\n\n\n<figure class=\"gb-block-image gb-block-image-3b85ade1\"><img loading=\"lazy\" decoding=\"async\" width=\"1456\" height=\"816\" class=\"gb-image gb-image-3b85ade1\" src=\"https:\/\/www.sisinternational.com\/wp-content\/uploads\/2025\/09\/St.-Kitts-Nevis-1.jpg\" alt=\"Ricerca e strategia di mercato internazionale SIS\" title=\"St. Kitts &amp; Nevis (1)\" srcset=\"https:\/\/www.sisinternational.com\/wp-content\/uploads\/2025\/09\/St.-Kitts-Nevis-1.jpg 1456w, https:\/\/www.sisinternational.com\/wp-content\/uploads\/2025\/09\/St.-Kitts-Nevis-1-300x168.jpg 300w, https:\/\/www.sisinternational.com\/wp-content\/uploads\/2025\/09\/St.-Kitts-Nevis-1-1024x574.jpg 1024w, https:\/\/www.sisinternational.com\/wp-content\/uploads\/2025\/09\/St.-Kitts-Nevis-1-768x430.jpg 768w, https:\/\/www.sisinternational.com\/wp-content\/uploads\/2025\/09\/St.-Kitts-Nevis-1-18x10.jpg 18w\" sizes=\"auto, (max-width: 1456px) 100vw, 1456px\"><\/figure>\n\n\n\n<hr class=\"wp-block-separator has-alpha-channel-opacity is-style-dots\"\/>\n\n\n\n<p>Saint Kitts and Nevis is a micro-state. It consists of two islands located in the Leeward Islands chain of the Lesser Antilles. St. Kitts &amp; Nevis is the smallest sovereign country in the Western Hemisphere. The capital city is Basseterre, on St. Kitts. Anguilla used to be part of this union, but that island chose to secede and is now a <a href=\"https:\/\/www.sisinternational.com\/it\/copertura\/le-americhe\/ricerche-di-mercato-nei-caraibi\/ricerche-di-mercato-isole-vergini-britanniche\/\" title=\"Ricerche di mercato nelle Isole Vergini britanniche\"  data-wpil-monitor-id=\"9483\">British<\/a> Overseas Territory.<\/p>\n\n\n\n<h2 class=\"wp-block-heading\">Industrie chiave<\/h2>\n\n\n\n<p>The primary industry in Saint Kitts and Nevis is <a href=\"https:\/\/www.sisinternational.com\/it\/soluzioni\/ai-ricerche-di-mercato-e-consulenza-strategica\/consulenza-per-lindustria-del-turismo-ospitalita-adozione-viaggi\/\" title=\"Adozione dell&#039;intelligenza artificiale nella consulenza nel settore dei viaggi, dell&#039;ospitalit\u00e0 e del turismo\"  data-wpil-monitor-id=\"9484\">turismo<\/a>, and the islands rely on both long-term and short-term visitors. Agriculture is another primary industry. About 39 percent of the islands are under cultivation. Sugar cane is one of the major crops. Animal husbandry is yet another, and the islanders rear sheep, goats, cattle, and pigs. The islands also export fish to the Dutch Caribbean and Puerto Rico. The people of Saint Kitts and Nevis also engage in forestry and mining.<\/p>\n\n\n\n<h2 class=\"wp-block-heading\">Quartieri<\/h2>\n\n\n\n<p>Basseterre, la capitale, vanta edifici e monumenti antichi grazie alla sua lunga storia di lotte coloniali. I punti di interesse includono Piazza Indipendenza e la zona del Circo. Sandy Point \u00e8 la seconda citt\u00e0 pi\u00f9 grande di St. Kitts. Ospita un sito patrimonio dell&#039;UNESCO: il Parco nazionale Brimstone Hill Fortress, che offre una vista superba sulle pianure sottostanti e sull&#039;oceano. Charlestown \u00e8 il capoluogo e porto di Nevis ed \u00e8 anche sede di numerosi siti turistici.<\/p>\n\n\n\n<h2 class=\"wp-block-heading\">Tendenze<\/h2>\n\n\n\n<p>Saint Kitts e Nevis sono in ripresa dopo un forte calo. Negli ultimi anni il calo dei prezzi mondiali ha danneggiato l\u2019industria della canna da zucchero. L\u2019impatto dell\u2019attuale recessione sul turismo, il pilastro, ha avuto effetti a catena. Anche Saint Kitts e Nevis sono soggetti a shock esterni. Ad esempio, i disastri naturali, i cambiamenti climatici e le crisi globali possono colpire duramente. Il paese ha individuato settori di investimento primari, tra cui turismo, servizi finanziari e immobiliare. Altre aree di primaria preoccupazione sono le TIC, la produzione leggera limitata e le energie rinnovabili.<\/p>\n\n\n\n<h2 class=\"wp-block-heading\">Vantaggi e punti di forza nel mercato<\/h2>\n\n\n\n<p>Saint Kitts e Nevis \u00e8 diventata una delle economie in pi\u00f9 rapida crescita della regione. Ha una solida infrastruttura e spiagge sabbiose e soleggiate. Inoltre, le isole hanno una fiorente comunit\u00e0 locale ed espatriata. Ogni anno pi\u00f9 di un milione di persone visitano Saint Kitts e Nevis. Ad alcuni di loro piace cos\u00ec tanto che finiscono per restare. Un altro punto di forza \u00e8 il fatto che Saint Kitts e Nevis sono isole di lingua inglese. L&#039;uso diffuso dell&#039;inglese significa che \u00e8 facile per le persone condurre affari in questa fiorente nazione.<\/p>\n\n\n\n<h2 class=\"wp-block-heading\">Base dei consumatori<\/h2>\n\n\n\n<p>Saint Kitts and Nevis is home to a total of 54,000 people. Many of these people depend on foreign remittances, which comprise about 3 percent of the GDP. Almost 100 percent of households on the two islands have access to electricity. About 80 percent of people have Internet access. In 2022, the country rolled out its National Quality Policy. This policy is a <a href=\"https:\/\/www.sisinternational.com\/it\/global-beverage-market\/\" title=\"Global Beverage Market: Market Dynamics, Growth Projections &amp; Consumer Insights\"  data-wpil-monitor-id=\"9482\">project aimed at protecting consumers<\/a> from shoddy goods.<\/p>\n\n\n\n<h2 class=\"wp-block-heading\">Motivi per far crescere la tua attivit\u00e0 a Saint Kitts e Nevis<\/h2>\n\n\n\n<p>One of the reasons to <a href=\"https:\/\/www.sisinternational.com\/it\/pubblicazioni\/giappone-esportatore-di-fascia-media-del-mercato\/\" title=\"Far crescere il tuo business in Giappone\"  data-wpil-monitor-id=\"9481\">grow a business<\/a> in Saint Kitts and Nevis is its banking sector. The <a href=\"https:\/\/www.sisinternational.com\/it\/compagnie-aeree-low-cost-nel-settore-dellaviazione\/\" title=\"Ricerche di mercato sulle compagnie aeree low cost\"  data-wpil-monitor-id=\"9480\">cost of transactions is low<\/a>, and the privacy policies are sound. Companies can also receive tax benefits. In St. Kitts and Nevis, there are no taxes on capital gains, personal income, royalties, or estate. Dividends, interest, technical services, and gifts are not taxed. Moreover, the islands have a strong economy. The central bank has pegged the East Caribbean Dollar to the US dollar at XCD$2.7 = US$1 for the past 45 years.<\/p>\n\n\n\n<h2 class=\"wp-block-heading\">Informazioni sulle ricerche di mercato a Saint Kitts e Nevis<\/h2>\n\n\n\n<p>SIS International is a top market research company providing insights into the investing climate in Saint Kitts and Nevis. We offer <a href=\"https:\/\/www.sisinternational.com\/it\/how-to-design-effective-surveys-for-quantitative-research\/\" title=\"How to Design Effective Surveys for Quantitative Research\"  data-wpil-monitor-id=\"9479\">Ricerca quantitativa e qualitativa<\/a> services. We provide high-quality UX and Strategy Market Research to companies worldwide. If you need a market research company, SIS is your best bet. Another of our services is Focus Groups, which form part of <a href=\"https:\/\/www.sisinternational.com\/it\/competenza\/industrie\/ricerche-di-mercato-nel-settore-delle-spedizioni-e-della-logistica\/\" title=\"Ricerche di mercato nel settore delle spedizioni e della logistica\"  data-wpil-monitor-id=\"3522\">Ricerca sull&#039;ingresso nel mercato<\/a>. We also do Surveys and Interviews to help you reach your target audience.<\/p>\n\n\n\n<p><\/p>","protected":false},"excerpt":{"rendered":"<p>SIS \u00e8 una delle principali societ\u00e0 di ricerche di mercato che fornisce approfondimenti sul clima degli investimenti a Saint Kitts e Nevis.<\/p>","protected":false},"author":1,"featured_media":66361,"parent":33287,"menu_order":10,"comment_status":"closed","ping_status":"closed","template":"","meta":{"footnotes":""},"class_list":["post-41084","page","type-page","status-publish","has-post-thumbnail"],"_links":{"self":[{"href":"https:\/\/www.sisinternational.com\/it\/wp-json\/wp\/v2\/pages\/41084","targetHints":{"allow":["GET"]}}],"collection":[{"href":"https:\/\/www.sisinternational.com\/it\/wp-json\/wp\/v2\/pages"}],"about":[{"href":"https:\/\/www.sisinternational.com\/it\/wp-json\/wp\/v2\/types\/page"}],"author":[{"embeddable":true,"href":"https:\/\/www.sisinternational.com\/it\/wp-json\/wp\/v2\/users\/1"}],"replies":[{"embeddable":true,"href":"https:\/\/www.sisinternational.com\/it\/wp-json\/wp\/v2\/comments?post=41084"}],"version-history":[{"count":4,"href":"https:\/\/www.sisinternational.com\/it\/wp-json\/wp\/v2\/pages\/41084\/revisions"}],"predecessor-version":[{"id":81583,"href":"https:\/\/www.sisinternational.com\/it\/wp-json\/wp\/v2\/pages\/41084\/revisions\/81583"}],"up":[{"embeddable":true,"href":"https:\/\/www.sisinternational.com\/it\/wp-json\/wp\/v2\/pages\/33287"}],"wp:featuredmedia":[{"embeddable":true,"href":"https:\/\/www.sisinternational.com\/it\/wp-json\/wp\/v2\/media\/66361"}],"wp:attachment":[{"href":"https:\/\/www.sisinternational.com\/it\/wp-json\/wp\/v2\/media?parent=41084"}],"curies":[{"name":"wp","href":"https:\/\/api.w.org\/{rel}","templated":true}]}}