{"id":41082,"date":"2022-12-13T04:54:32","date_gmt":"2022-12-13T04:54:32","guid":{"rendered":"https:\/\/www.sisinternational.com\/?page_id=41082"},"modified":"2026-01-25T18:54:04","modified_gmt":"2026-01-25T23:54:04","slug":"ricerche-di-mercato-st-barthelemy","status":"publish","type":"page","link":"https:\/\/www.sisinternational.com\/it\/copertura\/ricerche-di-mercato-nei-caraibi\/ricerche-di-mercato-st-barthelemy\/","title":{"rendered":"Ricerche di mercato a St. Barthelemy"},"content":{"rendered":"<h1 class=\"wp-block-heading\">Ricerche di mercato a St. Barthelemy<\/h1>\n\n\n\n<figure class=\"gb-block-image gb-block-image-795aa881\"><img loading=\"lazy\" decoding=\"async\" width=\"1456\" height=\"816\" class=\"gb-image gb-image-795aa881\" src=\"https:\/\/www.sisinternational.com\/wp-content\/uploads\/2025\/09\/St.-Barthelemy-2.jpg\" alt=\"Ricerca e strategia di mercato internazionale SIS\" title=\"St. Barthelemy (2)\" srcset=\"https:\/\/www.sisinternational.com\/wp-content\/uploads\/2025\/09\/St.-Barthelemy-2.jpg 1456w, https:\/\/www.sisinternational.com\/wp-content\/uploads\/2025\/09\/St.-Barthelemy-2-300x168.jpg 300w, https:\/\/www.sisinternational.com\/wp-content\/uploads\/2025\/09\/St.-Barthelemy-2-1024x574.jpg 1024w, https:\/\/www.sisinternational.com\/wp-content\/uploads\/2025\/09\/St.-Barthelemy-2-768x430.jpg 768w, https:\/\/www.sisinternational.com\/wp-content\/uploads\/2025\/09\/St.-Barthelemy-2-18x10.jpg 18w\" sizes=\"auto, (max-width: 1456px) 100vw, 1456px\"><\/figure>\n\n\n\n<hr class=\"wp-block-separator has-alpha-channel-opacity is-style-dots\"\/>\n\n\n\n<p>St. Barth\u00e9lemy \u00e8 una collettivit\u00e0 francese d&#039;oltremare situata nei Caraibi. Ospita circa 10.000 persone. In francese, il nome abbreviato dell&#039;isola \u00e8 Saint Barth, mentre in inglese \u00e8 St. Barts. Si trova a nord-est di Sint Eustatius, Saba, Saint Kitts, Nevis e a sud di Saint Martin. L&#039;isola \u00e8 stata per molti anni un comune francese facente parte della Guadalupa. I suoi cittadini votarono per la secessione nel 2003.<\/p>\n\n\n\n<h2 class=\"wp-block-heading\">Industrie chiave<\/h2>\n\n\n\n<p>Il miliardario David Rockefeller acquist\u00f2 una propriet\u00e0 a Saint Barth nel 1957, inserendola sulla mappa. Da allora, si \u00e8 trasformata in una localit\u00e0 turistica di fascia alta nei Caraibi. Il turismo \u00e8 la principale fonte di entrate. L&#039;isola \u00e8 piena di bellezze naturali e ospita una ricca vita marina e una fauna diversificata. Il settore del turismo impiega circa un terzo della popolazione. Gli altri settori essenziali sono i lavori pubblici e l&#039;edilizia.<\/p>\n\n\n\n<h2 class=\"wp-block-heading\">Quartieri<\/h2>\n\n\n\n<p>Gustavia \u00e8 il capoluogo di St. Barth. Il suo nome precedente \u00e8 &quot;Carenage&quot;, ma cambi\u00f2 quando Luigi XVI cedette l&#039;isola a Gustavo III di Svezia. Public \u00e8 una nuova citt\u00e0 situata in quello che un tempo era uno stagno salato. Ora \u00e8 la principale zona industriale dell&#039;isola. Corossol \u00e8 un piccolo villaggio di pescatori la cui industria principale sono le fronde di palma, intrecciate a mano in oggetti di paglia. Un altro quartiere popolare \u00e8 Flamands. Gli abitanti di questa localit\u00e0 balneare emanano il fascino tipico di St. Barth.<\/p>\n\n\n\n<h2 class=\"wp-block-heading\">Tendenze<\/h2>\n\n\n\n<p>Come altri paesi dei Caraibi, il turismo tende ad aumentare in prossimit\u00e0 delle principali festivit\u00e0 statunitensi. C&#039;\u00e8 sempre un aumento per il Ringraziamento, Natale e Capodanno. Le celebrit\u00e0 visitano l&#039;isola. Lo adorano perch\u00e9 la gente del posto e gli altri visitatori offrono loro la privacy che desiderano. Inoltre, le opportunit\u00e0 di business e di investimento abbondano. Ognuna delle isole ha vantaggi unici. Tuttavia, investire nei Caraibi \u00e8 volatile e non ha alcuna garanzia di successo. Un\u2019azienda deve assicurarsi di avere la nicchia migliore per il paese prescelto.<\/p>\n\n\n\n<h2 class=\"wp-block-heading\">Vantaggi e punti di forza nel mercato<\/h2>\n\n\n\n<p>L\u2019economia qui \u00e8 sana, con infrastrutture robuste e un basso tasso di povert\u00e0. Questa destinazione di lusso attira visitatori da tutto il mondo. \u00c8 la perfetta vacanza ai Caraibi ed \u00e8 anche sicura, con un basso tasso di criminalit\u00e0. Inoltre, chiunque abbia un passaporto europeo pu\u00f2 vivere e lavorare qui. I cittadini statunitensi possono acquistare una casa senza alcuna restrizione. Un altro vantaggio \u00e8 che i residenti non pagano alcuna imposta sul reddito.<\/p>\n\n\n\n<h2 class=\"wp-block-heading\">Base dei consumatori<\/h2>\n\n\n\n<p>I dati mostrano che Saint Barth ha pi\u00f9 maschi che femmine. Circa la met\u00e0 delle persone sono attive sui social media. \u00c8 un dato di fatto, Facebook \u00e8 di gran lunga il mezzo pi\u00f9 popolare, seguito da Instagram. Anche LinkedIn e Twitter sono popolari. Un altro punto chiave \u00e8 che questo paradiso caraibico ha consumatori di alto livello e nei negozi di Gustavia sono disponibili diversi marchi di lusso. \u00c8 uno dei campi da gioco dei ricchi e famosi, quindi non sorprende che tali beni siano richiesti.<\/p>\n\n\n\n<h2 class=\"wp-block-heading\">Motivi per far crescere la tua attivit\u00e0 a St. Barth<\/h2>\n\n\n\n<p>Saint Barth is perfect for <a href=\"https:\/\/www.sisinternational.com\/it\/soluzioni\/ricerche-di-mercato-sui-consumatori\/\" title=\"Consumer Market Research Services for Smarter Business Decisions\"  data-wpil-monitor-id=\"10348\">businesses that offer upmarket goods and services<\/a>. Designer boutiques abound, and celebrities as well as super yachts are a common sight. The stunning beaches in this travel hotspot are often crowd-free, even during peak season. Colombier Beach and Saline Beach are the best, offering peace, quiet, and miles of white sand. Another unique feature is the plethora of villas. It\u2019s in direct contrast to other islands where tourists tend to stay in hotel rooms. Your business can provide further <a href=\"https:\/\/www.sisinternational.com\/it\/soluzioni\/ricerca-di-consulenza-strategica-fintech\/ricerche-di-mercato-sui-servizi-finanziari\/\" title=\"Ricerche di mercato sui servizi finanziari\"  data-wpil-monitor-id=\"10347\">services to this upscale market<\/a>. It also has a strategic location, four hours away from the US.<\/p>\n\n\n\n<h2 class=\"wp-block-heading\">Informazioni sulle ricerche di mercato a Saint Barth<\/h2>\n\n\n\n<p>SIS International is where the best in <a href=\"https:\/\/www.sisinternational.com\/it\/soluzioni\/ricerca-di-consulenza-strategica-fintech\/ricerche-di-mercato-sui-cambi\/\" title=\"Ricerche di mercato sui cambi\"  data-wpil-monitor-id=\"5272\">market research exchange<\/a> ideas. Read our Qualitative and Quantitative Market Research articles and other tools. We give professionals the real-world solutions they need. We can also provide UX and Strategy <a href=\"https:\/\/www.sisinternational.com\/it\/copertura\/le-americhe\/ricerche-di-mercato-nei-caraibi\/ricerche-di-mercato-a-saint-kitts-e-nevis\/\" title=\"Ricerca di mercato a St. Kitts e Nevis\"  data-wpil-monitor-id=\"3284\">Market Research for St.<\/a> Barts across all different industries. With it, you can access the information you need to take your market research to a new level.<\/p>\n\n\n\n<p><\/p>","protected":false},"excerpt":{"rendered":"<p>Il SIS \u00e8 il luogo in cui i migliori esperti di ricerche di mercato si scambiano idee. Leggi i nostri articoli sulle ricerche di mercato qualitative e quantitative e altri strumenti.<\/p>","protected":false},"author":1,"featured_media":66359,"parent":33287,"menu_order":9,"comment_status":"closed","ping_status":"closed","template":"","meta":{"footnotes":""},"class_list":["post-41082","page","type-page","status-publish","has-post-thumbnail"],"_links":{"self":[{"href":"https:\/\/www.sisinternational.com\/it\/wp-json\/wp\/v2\/pages\/41082","targetHints":{"allow":["GET"]}}],"collection":[{"href":"https:\/\/www.sisinternational.com\/it\/wp-json\/wp\/v2\/pages"}],"about":[{"href":"https:\/\/www.sisinternational.com\/it\/wp-json\/wp\/v2\/types\/page"}],"author":[{"embeddable":true,"href":"https:\/\/www.sisinternational.com\/it\/wp-json\/wp\/v2\/users\/1"}],"replies":[{"embeddable":true,"href":"https:\/\/www.sisinternational.com\/it\/wp-json\/wp\/v2\/comments?post=41082"}],"version-history":[{"count":5,"href":"https:\/\/www.sisinternational.com\/it\/wp-json\/wp\/v2\/pages\/41082\/revisions"}],"predecessor-version":[{"id":81706,"href":"https:\/\/www.sisinternational.com\/it\/wp-json\/wp\/v2\/pages\/41082\/revisions\/81706"}],"up":[{"embeddable":true,"href":"https:\/\/www.sisinternational.com\/it\/wp-json\/wp\/v2\/pages\/33287"}],"wp:featuredmedia":[{"embeddable":true,"href":"https:\/\/www.sisinternational.com\/it\/wp-json\/wp\/v2\/media\/66359"}],"wp:attachment":[{"href":"https:\/\/www.sisinternational.com\/it\/wp-json\/wp\/v2\/media?parent=41082"}],"curies":[{"name":"wp","href":"https:\/\/api.w.org\/{rel}","templated":true}]}}