{"id":41080,"date":"2022-12-13T04:48:52","date_gmt":"2022-12-13T04:48:52","guid":{"rendered":"https:\/\/www.sisinternational.com\/?page_id=41080"},"modified":"2025-10-01T22:13:09","modified_gmt":"2025-10-02T02:13:09","slug":"ricerche-di-mercato-montserrat","status":"publish","type":"page","link":"https:\/\/www.sisinternational.com\/it\/copertura\/ricerche-di-mercato-nei-caraibi\/ricerche-di-mercato-montserrat\/","title":{"rendered":"Ricerche di mercato a Montserrat"},"content":{"rendered":"<h1 class=\"wp-block-heading\">Ricerche di mercato a Montserrat<\/h1>\n\n\n\n<figure class=\"gb-block-image gb-block-image-e92d175f\"><img loading=\"lazy\" decoding=\"async\" width=\"1456\" height=\"816\" class=\"gb-image gb-image-e92d175f\" src=\"https:\/\/www.sisinternational.com\/wp-content\/uploads\/2025\/09\/Dutch-Caribbean-4-1.jpg\" alt=\"Ricerca e strategia di mercato internazionale SIS\" title=\"Dutch Caribbean 4\" srcset=\"https:\/\/www.sisinternational.com\/wp-content\/uploads\/2025\/09\/Dutch-Caribbean-4-1.jpg 1456w, https:\/\/www.sisinternational.com\/wp-content\/uploads\/2025\/09\/Dutch-Caribbean-4-1-300x168.jpg 300w, https:\/\/www.sisinternational.com\/wp-content\/uploads\/2025\/09\/Dutch-Caribbean-4-1-1024x574.jpg 1024w, https:\/\/www.sisinternational.com\/wp-content\/uploads\/2025\/09\/Dutch-Caribbean-4-1-768x430.jpg 768w, https:\/\/www.sisinternational.com\/wp-content\/uploads\/2025\/09\/Dutch-Caribbean-4-1-18x10.jpg 18w\" sizes=\"auto, (max-width: 1456px) 100vw, 1456px\"><\/figure>\n\n\n\n<hr class=\"wp-block-separator has-alpha-channel-opacity is-style-dots\"\/>\n\n\n\n<p>Montserrat \u00e8 un territorio britannico d&#039;oltremare. L&#039;isola si trova a circa 27 miglia a sud-ovest di Antigua e 30 miglia a nord-ovest di Guadalupa. La capitale, Plymouth, si trova a sud ed \u00e8 stata l&#039;unico porto d&#039;ingresso fino al 1997. In quell&#039;anno, le eruzioni vulcaniche distrussero gran parte della citt\u00e0. Di conseguenza, il governo ha trasferito gran parte dei suoi interessi a Brades Estate. Spesso chiamata \u201cBrades\u201d, questa nuova citt\u00e0 si trova nella met\u00e0 settentrionale dell&#039;isola.<\/p>\n\n\n\n<h2 class=\"wp-block-heading\">Quartieri<\/h2>\n\n\n\n<ul class=\"wp-block-list\">\n<li>Brades Estate \u00e8 la capitale de facto di Montserrat dal 1998. Contiene una banca, diversi piccoli negozi, un ufficio postale, uffici governativi, una farmacia e una biblioteca.<\/li>\n\n\n\n<li>Davy Hill \u00e8 vicino a Brades Estate. L&#039;insediamento di St. John si trova poco pi\u00f9 di un miglio a sud-est.<\/li>\n\n\n\n<li>Little Bay \u00e8 una citt\u00e0 portuale in fase di costruzione come futura capitale di Montserrat. \u00c8 vicino a Brades Estate.<\/li>\n<\/ul>\n\n\n\n<h2 class=\"wp-block-heading\">Industrie chiave<\/h2>\n\n\n\n<p>Montserrat\u2019s primary <a href=\"https:\/\/www.sisinternational.com\/it\/soluzioni\/ai-ricerche-di-mercato-e-consulenza-strategica\/consulenza-per-lindustria-del-turismo-ospitalita-adozione-viaggi\/\" title=\"Adozione dell&#039;intelligenza artificiale nella consulenza nel settore dei viaggi, dell&#039;ospitalit\u00e0 e del turismo\"  data-wpil-monitor-id=\"8950\">industries are tourism<\/a>, textiles, and rum. Most of the exports consist of electronic parts sold to the United States. Other exports include plastic bags, limes, hot peppers, live plants, and cattle. The economy is small and open, and centered on tourism and construction. Tourism is the most important sector and accounts for about one-fifth of the GDP. Agriculture is also a key industry in Montserrat.<\/p>\n\n\n\n<h2 class=\"wp-block-heading\">Tendenze<\/h2>\n\n\n\n<p>L&#039;isola si sta ancora riprendendo dall&#039;eruzione del vulcano Soufriere Hills nel 1997. La popolazione \u00e8 scesa da 13.000 nel 1994 a circa 5.000 oggi. Il governo britannico fornisce la maggior parte del bilancio operativo dell&#039;isola, che comprende circa <strong>25 milioni di sterline all&#039;anno<\/strong>. Garantisce altre entrate da licenze, commissioni e tasse sulla propriet\u00e0. Guadagna anche entrate dai dazi doganali riscossi sulle merci importate.<\/p>\n\n\n\n<h2 class=\"wp-block-heading\">Vantaggi e punti di forza nel mercato di Montserrat<\/h2>\n\n\n\n<p>This benefit may seem like a paradox. The very volcano that destroyed two-thirds of Montserrat has become a benefit. Not only does the island have a volcano, but that volcano is alive. Many people who saw the eruptions are there to <a href=\"https:\/\/www.sisinternational.com\/it\/soluzioni\/soluzioni-di-branding-e-ricerca-clienti\/narrazione-di-ricerche-di-mercato\/\" title=\"Ricerche di mercato sul racconto di storie\"  data-wpil-monitor-id=\"8943\">tell their stories<\/a>. It\u2019s great stuff for tourism. The island\u2019s strategic location is another benefit. <a href=\"https:\/\/www.sisinternational.com\/it\/espandere-la-portata-del-mercato-attraverso-una-strategia-di-marketing-articolata\/\" title=\"Espansione della portata del mercato attraverso una strategia di marketing multiforme\"  data-wpil-monitor-id=\"8946\">Marketing efforts can reach<\/a> English-speaking visitors in Antigua. They can also get to Dutch-speaking ones in Sint Maarten and French through Guadeloupe.<\/p>\n\n\n\n<h2 class=\"wp-block-heading\">Base dei consumatori<\/h2>\n\n\n\n<p>I dati mostrano che met\u00e0 della popolazione di Montserrat \u00e8 composta da donne e l\u2019altra met\u00e0 da uomini. Meno del dieci per cento dei residenti dell&#039;isola vive nei centri urbani. Il resto vive nelle zone rurali. Per quanto riguarda i dati online, Montserrat conta circa 3000 utenti di social media. Questa cifra rappresenta circa il 63% della popolazione. La copertura degli annunci di Facebook \u00e8 quindi abbastanza buona. Solo circa un terzo delle persone a Montserrat usa Instagram. Al contrario, LinkedIn ha una base di utenti pari a due terzi della popolazione.<\/p>\n\n\n\n<h2 class=\"wp-block-heading\">Motivi per far crescere la tua attivit\u00e0 nel mercato di Montserrat<\/h2>\n\n\n\n<p>The island continues to make headway since the volcanic eruptions. It has special trade agreements with Canada, the United States, and other Caribbean islands. Thus, there are potential <a href=\"https:\/\/www.sisinternational.com\/it\/pubblicazioni\/ricerche-di-mercato-per-un-business-scalabile-7-modi-per-costruire-un-business-scalabile\/\" title=\"Ricerche di mercato per aziende scalabili: 7 modi per costruire un business scalabile\"  data-wpil-monitor-id=\"8948\">markets for any business<\/a> willing to take a chance. Also, Montserrat is a British overseas territory, so it has open-door access to the EU. Another plus is that the government embraces ex-pat investments. It has made it easy to buy domestic and business properties.<\/p>\n\n\n\n<h2 class=\"wp-block-heading\">Informazioni sulle ricerche di mercato a Montserrat<\/h2>\n\n\n\n<p><a href=\"https:\/\/www.sisinternational.com\/it\/sis-application-of-quantitative-data-analytics-to-sensory-testing\/\" title=\"SIS Application of Quantitative Data Analytics to Sensory Testing\"  data-wpil-monitor-id=\"8941\">SIS International offers Qualitative and Quantitative data<\/a>. This data is a boon for companies wishing to invest in Montserrat. Our UX and <a href=\"https:\/\/www.sisinternational.com\/it\/soluzioni\/consulenza-per-lospitalita-turistica-turistica\/consulenza-strategica-per-ricerche-di-mercato-da-parte-di-societa-di-gestione-alberghiera\/\" title=\"Societ\u00e0 di gestione alberghiera Ricerche di mercato e consulenza strategica\"  data-wpil-monitor-id=\"8938\">Strategy Market Research will give your company<\/a> insights that will help it to get, keep, and grow customer relations. Together we can develop a Go-To-Market Strategy. You can bypass the maze of marketing lingo and buzzwords and go straight to making profits. <a href=\"https:\/\/www.sisinternational.com\/it\/competenza\/curriculum-di-esperienza\/curriculum-di-esperienza-nel-settore-automobilistico\/\" title=\"Societ\u00e0 di ricerche di mercato nel settore automobilistico\"  data-wpil-monitor-id=\"8939\">Market Research helps companies<\/a> develop through proper planning and organization. It also allows them to control their <a href=\"https:\/\/www.sisinternational.com\/it\/competenza\/industrie\/ricerche-di-mercato-sulle-risorse-naturali\/\" title=\"Ricerche di mercato sulle risorse naturali\"  data-wpil-monitor-id=\"8944\">resources to meet market<\/a> needs.<\/p>\n\n\n\n<p><\/p>","protected":false},"excerpt":{"rendered":"<p>SIS International offre dati qualitativi e quantitativi. Questi dati sono un vantaggio per le aziende che desiderano investire a Montserrat.<\/p>","protected":false},"author":1,"featured_media":66260,"parent":33287,"menu_order":8,"comment_status":"closed","ping_status":"closed","template":"","meta":{"footnotes":""},"class_list":["post-41080","page","type-page","status-publish","has-post-thumbnail"],"_links":{"self":[{"href":"https:\/\/www.sisinternational.com\/it\/wp-json\/wp\/v2\/pages\/41080","targetHints":{"allow":["GET"]}}],"collection":[{"href":"https:\/\/www.sisinternational.com\/it\/wp-json\/wp\/v2\/pages"}],"about":[{"href":"https:\/\/www.sisinternational.com\/it\/wp-json\/wp\/v2\/types\/page"}],"author":[{"embeddable":true,"href":"https:\/\/www.sisinternational.com\/it\/wp-json\/wp\/v2\/users\/1"}],"replies":[{"embeddable":true,"href":"https:\/\/www.sisinternational.com\/it\/wp-json\/wp\/v2\/comments?post=41080"}],"version-history":[{"count":4,"href":"https:\/\/www.sisinternational.com\/it\/wp-json\/wp\/v2\/pages\/41080\/revisions"}],"predecessor-version":[{"id":81499,"href":"https:\/\/www.sisinternational.com\/it\/wp-json\/wp\/v2\/pages\/41080\/revisions\/81499"}],"up":[{"embeddable":true,"href":"https:\/\/www.sisinternational.com\/it\/wp-json\/wp\/v2\/pages\/33287"}],"wp:featuredmedia":[{"embeddable":true,"href":"https:\/\/www.sisinternational.com\/it\/wp-json\/wp\/v2\/media\/66260"}],"wp:attachment":[{"href":"https:\/\/www.sisinternational.com\/it\/wp-json\/wp\/v2\/media?parent=41080"}],"curies":[{"name":"wp","href":"https:\/\/api.w.org\/{rel}","templated":true}]}}