{"id":41074,"date":"2022-12-13T04:20:27","date_gmt":"2022-12-13T04:20:27","guid":{"rendered":"https:\/\/www.sisinternational.com\/?page_id=41074"},"modified":"2026-01-24T21:30:41","modified_gmt":"2026-01-25T02:30:41","slug":"ricerche-di-mercato-guadalupa","status":"publish","type":"page","link":"https:\/\/www.sisinternational.com\/it\/copertura\/ricerche-di-mercato-nei-caraibi\/ricerche-di-mercato-guadalupa\/","title":{"rendered":"Ricerche di mercato in Guadalupa"},"content":{"rendered":"<h1 class=\"wp-block-heading\">Ricerche di mercato in Guadalupa<\/h1>\n\n\n\n<figure class=\"gb-block-image gb-block-image-880192f7\"><img loading=\"lazy\" decoding=\"async\" width=\"1456\" height=\"816\" class=\"gb-image gb-image-880192f7\" src=\"https:\/\/www.sisinternational.com\/wp-content\/uploads\/2025\/09\/Guadeloupe-3.jpg\" alt=\"Ricerca e strategia di mercato internazionale SIS\" title=\"Guadeloupe (3)\" srcset=\"https:\/\/www.sisinternational.com\/wp-content\/uploads\/2025\/09\/Guadeloupe-3.jpg 1456w, https:\/\/www.sisinternational.com\/wp-content\/uploads\/2025\/09\/Guadeloupe-3-300x168.jpg 300w, https:\/\/www.sisinternational.com\/wp-content\/uploads\/2025\/09\/Guadeloupe-3-1024x574.jpg 1024w, https:\/\/www.sisinternational.com\/wp-content\/uploads\/2025\/09\/Guadeloupe-3-768x430.jpg 768w, https:\/\/www.sisinternational.com\/wp-content\/uploads\/2025\/09\/Guadeloupe-3-18x10.jpg 18w\" sizes=\"auto, (max-width: 1456px) 100vw, 1456px\"><\/figure>\n\n\n\n<hr class=\"wp-block-separator has-alpha-channel-opacity is-style-dots\"\/>\n\n\n\n<p>La Guadalupa \u00e8 un gruppo di isole nelle Indie occidentali francesi. \u00c8 un dipartimento d&#039;oltremare della Francia. Un altro punto chiave \u00e8 che la regione principale della Guadalupa \u00e8 composta da due isole. Grand-Terre \u00e8 a est e Basse-Terre \u00e8 pi\u00f9 a ovest. Tra i due scorre uno stretto canale marino, la Riviere Salee. La Desirade, un&#039;altra isola del gruppo, si trova a est, Marie Galante a sud-est e Saintes a sud.<\/p>\n\n\n\n<h2 class=\"wp-block-heading\">Industrie chiave<\/h2>\n\n\n\n<p>Tourism, agriculture, light industry, and <a href=\"https:\/\/www.sisinternational.com\/it\/soluzioni\/ricerca-di-consulenza-strategica-fintech\/consulenza-per-lapprovvigionamento-di-servizi-finanziari-2\/\" title=\"Consulenza per l&#039;approvvigionamento di servizi finanziari\"  data-wpil-monitor-id=\"8273\">services are the main sources<\/a> of the islands\u2019 wealth. The islands also depend on France for imports and large grants. They import fuel and most mass produced goods.<\/p>\n\n\n\n<h3 class=\"wp-block-heading\">Turismo<\/h3>\n\n\n\n<p>Many cruise ships visit each year, and <a href=\"https:\/\/www.sisinternational.com\/it\/soluzioni\/ai-ricerche-di-mercato-e-consulenza-strategica\/consulenza-per-lindustria-del-turismo-ospitalita-adozione-viaggi\/\" title=\"Adozione dell&#039;intelligenza artificiale nella consulenza nel settore dei viaggi, dell&#039;ospitalit\u00e0 e del turismo\"  data-wpil-monitor-id=\"8271\">tourism has become the main industry<\/a>.<\/p>\n\n\n\n<h3 class=\"wp-block-heading\">agricoltura<\/h3>\n\n\n\n<p>Altre colture, come melanzane, banane e fiori, stanno sostituendo la canna da zucchero standard. Le persone coltivano anche radici e altri ortaggi.<\/p>\n\n\n\n<h3 class=\"wp-block-heading\">Industria leggera<\/h3>\n\n\n\n<p>La produzione di zucchero e rum costituisce la maggior parte dell&#039;industria leggera delle isole.<\/p>\n\n\n\n<h2 class=\"wp-block-heading\">Quartieri<\/h2>\n\n\n\n<p>Le migliori citt\u00e0 di queste isole sono Baie-Mahault, Les Abymes e Petit-Bourg. Le Gosier \u00e8 la citt\u00e0 allegra perfetta per un soggiorno a Grande-Terre. La sua posizione centrale \u00e8 il suo principale vantaggio. Le Gosier ha anche spiagge, negozi e locali notturni.<\/p>\n\n\n\n<p>Bouillante \u00e8 uno dei posti migliori in cui soggiornare a Basseterre. \u00c8 perfetto se ti piacciono le immersioni subacquee, lo snorkeling o il relax nelle sorgenti termali. Saint Francois sull&#039;isola di Grande-Terre \u00e8 una scelta popolare tra le famiglie. Ha diversi siti storici e una delle migliori spiagge della Guadalupa: Raisins Clairs Beach.<\/p>\n\n\n\n<h2 class=\"wp-block-heading\">Tendenze<\/h2>\n\n\n\n<p>Le isole sono moderne e hanno visto una crescita costante dagli anni &#039;90. Un settore privato e prevalentemente terziario ha sostituito alcuni di quelli standard. Questo nuovo settore rappresenta almeno i cinque sesti della ricchezza delle isole. Troverai anche molte microimprese, che rappresentano un terzo dei posti di lavoro nelle isole. \u00c8 un dato di fatto, i rapporti mostrano che la Guadalupa \u00e8 il primo dipartimento francese per la creazione di imprese. Si tratta di una media di 5.000 nuove imprese all&#039;anno.<\/p>\n\n\n\n<h2 class=\"wp-block-heading\">Vantaggi e punti di forza nel mercato<\/h2>\n\n\n\n<p>La forza principale delle isole risiede nei settori emergenti. Questi settori includono la silver economy, i servizi personali e le industrie creative e culturali. Anche l\u2019acqua, i servizi igienico-sanitari e il trattamento dei rifiuti rientrano nei settori emergenti.<br>The Jarry area is now a \u201cTerritoire d\u2019industrie.\u201d This move will strengthen the islands\u2019 appeal to investors. Other ambitious projects are underway, such as setting up a technopole. This technopole will bring together state-of-the-art <a href=\"https:\/\/www.sisinternational.com\/it\/soluzioni\/ricerca-di-consulenza-strategica-fintech\/ricerche-di-mercato-nel-settore-dei-servizi-finanziari\/\" title=\"Ricerche di mercato nel settore dei servizi finanziari\"  data-wpil-monitor-id=\"8270\">industries and services<\/a>. It will also improve <a href=\"https:\/\/www.sisinternational.com\/it\/competenza\/industrie\/ricerche-di-mercato-sui-dati-di-formazione\/\" title=\"Ricerche di mercato sui dati di formazione\"  data-wpil-monitor-id=\"8274\">research capacity and make state-of-the-art training<\/a> possible.<\/p>\n\n\n\n<h2 class=\"wp-block-heading\">Base dei consumatori<\/h2>\n\n\n\n<p>Le isole ospitano circa 400.000 persone, con un numero leggermente maggiore di donne. Solo circa l\u20191,5% della popolazione vive nelle zone rurali; il resto abita i centri urbani.<\/p>\n\n\n\n<p>Dati recenti mostrano che circa due terzi delle persone sono utenti di Internet, la maggior parte dei quali utilizza i social media. Gli annunci su Facebook raggiungono quasi la met\u00e0 delle persone. La portata pubblicitaria di Instagram \u00e8 quasi uguale a quella di Facebook. LinkedIn ha circa un terzo delle persone e Twitter un sesto.<\/p>\n\n\n\n<h2 class=\"wp-block-heading\">Motivi per far crescere la tua attivit\u00e0 in questo mercato<\/h2>\n\n\n\n<p>Il clima degli investimenti in Francia (e, per estensione, in Guadalupa) \u00e8 favorevole. Dispone di un solido quadro giuridico anti-corruzione. Allo stesso modo, aprire un negozio \u00e8 facile e conveniente. Il governo francese offre una serie di incentivi per invogliare le imprese straniere. Se registri una societ\u00e0 in Guadalupa, puoi ottenere prestiti a tassi di interesse vantaggiosi. Questi tassi sono in media solo del 2,2% annuo.<\/p>\n\n\n\n<h2 class=\"wp-block-heading\">Informazioni sulle ricerche di mercato in Guadalupa<\/h2>\n\n\n\n<p><a href=\"https:\/\/www.sisinternational.com\/it\/la-pasqua-pasquale-e-limmancabile-coniglietto-di-cioccolato\/\" title=\"Ricerche di mercato di Pasqua\"  data-wpil-monitor-id=\"8265\">Market research is easy with SIS<\/a>. Our high-quality <a href=\"https:\/\/www.sisinternational.com\/it\/soluzioni\/prova-del-gusto\/how-quantitative-sensory-testing-helps-businesses-improve-product-appeal\/\" title=\"Sensory Testing Research\"  data-wpil-monitor-id=\"8266\">research and data testing<\/a> provide insights into how you can make these islands work for you. We are here to help you make crucial decisions. SIS provides <a href=\"https:\/\/www.sisinternational.com\/it\/how-to-design-effective-surveys-for-quantitative-research\/\" title=\"How to Design Effective Surveys for Quantitative Research\"  data-wpil-monitor-id=\"8268\">Quantitative coupled with Qualitative Research<\/a> on these islands and beyond. We also offer UX, Market Entry, and <a href=\"https:\/\/www.sisinternational.com\/it\/il-ruolo-dello-sviluppo-di-processi-e-sistemi-nel-successo-organizzativo\/\" title=\"Ricerche di mercato sulla progettazione organizzativa\"  data-wpil-monitor-id=\"8263\">Ricerca di mercato strategica<\/a>.<br>We do Competitive Analysis, <a href=\"https:\/\/www.sisinternational.com\/it\/competenza\/industrie\/ricerche-di-mercato-halal\/\" title=\"Ricerche di mercato halal\"  data-wpil-monitor-id=\"3526\">Ricerca sulle opportunit\u00e0 di mercato<\/a>, and Market Sizing Research. You can also count on us for data to inform your Go-to-Market Strategy. We use Focus Groups, Surveys, and Interviews to gather data to help you decide to invest.<\/p>\n\n\n\n<p><\/p>","protected":false},"excerpt":{"rendered":"<p>Le ricerche di mercato sono facili con SIS. La nostra ricerca di alta qualit\u00e0 e i nostri test sui dati forniscono informazioni su come puoi far s\u00ec che queste isole funzionino per te.<\/p>","protected":false},"author":1,"featured_media":66125,"parent":33287,"menu_order":6,"comment_status":"closed","ping_status":"closed","template":"","meta":{"footnotes":""},"class_list":["post-41074","page","type-page","status-publish","has-post-thumbnail"],"_links":{"self":[{"href":"https:\/\/www.sisinternational.com\/it\/wp-json\/wp\/v2\/pages\/41074","targetHints":{"allow":["GET"]}}],"collection":[{"href":"https:\/\/www.sisinternational.com\/it\/wp-json\/wp\/v2\/pages"}],"about":[{"href":"https:\/\/www.sisinternational.com\/it\/wp-json\/wp\/v2\/types\/page"}],"author":[{"embeddable":true,"href":"https:\/\/www.sisinternational.com\/it\/wp-json\/wp\/v2\/users\/1"}],"replies":[{"embeddable":true,"href":"https:\/\/www.sisinternational.com\/it\/wp-json\/wp\/v2\/comments?post=41074"}],"version-history":[{"count":6,"href":"https:\/\/www.sisinternational.com\/it\/wp-json\/wp\/v2\/pages\/41074\/revisions"}],"predecessor-version":[{"id":81389,"href":"https:\/\/www.sisinternational.com\/it\/wp-json\/wp\/v2\/pages\/41074\/revisions\/81389"}],"up":[{"embeddable":true,"href":"https:\/\/www.sisinternational.com\/it\/wp-json\/wp\/v2\/pages\/33287"}],"wp:featuredmedia":[{"embeddable":true,"href":"https:\/\/www.sisinternational.com\/it\/wp-json\/wp\/v2\/media\/66125"}],"wp:attachment":[{"href":"https:\/\/www.sisinternational.com\/it\/wp-json\/wp\/v2\/media?parent=41074"}],"curies":[{"name":"wp","href":"https:\/\/api.w.org\/{rel}","templated":true}]}}