{"id":41072,"date":"2022-12-13T04:15:26","date_gmt":"2022-12-13T04:15:26","guid":{"rendered":"https:\/\/www.sisinternational.com\/?page_id=41072"},"modified":"2026-01-26T16:47:54","modified_gmt":"2026-01-26T21:47:54","slug":"ricerche-di-mercato-grenada","status":"publish","type":"page","link":"https:\/\/www.sisinternational.com\/it\/copertura\/ricerche-di-mercato-nei-caraibi\/ricerche-di-mercato-grenada\/","title":{"rendered":"Ricerche di mercato a Grenada"},"content":{"rendered":"<h1 class=\"wp-block-heading\">Ricerche di mercato a Grenada<\/h1>\n\n\n\n<figure class=\"gb-block-image gb-block-image-abccce6c\"><img loading=\"lazy\" decoding=\"async\" width=\"1456\" height=\"816\" class=\"gb-image gb-image-abccce6c\" src=\"https:\/\/www.sisinternational.com\/wp-content\/uploads\/2025\/09\/Grenada-3.jpg\" alt=\"Ricerca e strategia di mercato internazionale SIS\" title=\"Grenada (3)\" srcset=\"https:\/\/www.sisinternational.com\/wp-content\/uploads\/2025\/09\/Grenada-3.jpg 1456w, https:\/\/www.sisinternational.com\/wp-content\/uploads\/2025\/09\/Grenada-3-300x168.jpg 300w, https:\/\/www.sisinternational.com\/wp-content\/uploads\/2025\/09\/Grenada-3-1024x574.jpg 1024w, https:\/\/www.sisinternational.com\/wp-content\/uploads\/2025\/09\/Grenada-3-768x430.jpg 768w, https:\/\/www.sisinternational.com\/wp-content\/uploads\/2025\/09\/Grenada-3-18x10.jpg 18w\" sizes=\"auto, (max-width: 1456px) 100vw, 1456px\"><\/figure>\n\n\n\n<hr class=\"wp-block-separator has-alpha-channel-opacity is-style-dots\"\/>\n\n\n\n<p>Grenada \u00e8 una nazione insulare all&#039;estremit\u00e0 meridionale della catena dei Caraibi. Si compone di tre isole abitate: Grenada (la terraferma), Carriacou e Petit Martinica.<\/p>\n\n\n\n<p>Several islets are also part of the state of Grenada. These include Calivigny Island, White Island, and Isle de Ronde. This 133-square-mile country is home to around 115,000 people. It lies north of <a href=\"https:\/\/www.sisinternational.com\/it\/copertura\/le-americhe\/ricerche-di-mercato-nei-caraibi\/ricerche-di-mercato-trinidad-tobago\/\" title=\"Ricerche di mercato a Trinidad e Tobago\"  data-wpil-monitor-id=\"6202\">Trinidad &amp; Tobago<\/a>.<\/p>\n\n\n\n<h2 class=\"wp-block-heading\">Industrie chiave<\/h2>\n\n\n\n<p>Grenada ha un\u2019economia piccola, aperta e basata sul turismo. Le sue principali esportazioni sono noce moscata, macis e cacao. Infatti, \u00e8 il secondo maggiore esportatore di noce moscata al mondo. Esporta anche chiodi di garofano, cannella, banane e agrumi.<\/p>\n\n\n\n<p>Il pesce, come il tonno pinna gialla, costituisce un&#039;altra importante esportazione. Le altre esportazioni sono su scala ridotta. Includono caramelle, prodotti alimentari e bevande.<\/p>\n\n\n\n<h2 class=\"wp-block-heading\">Quartieri<\/h2>\n\n\n\n<p>St. George\u2019s is the capital city of Grenada. You\u2019ll find the main seaport, several bars, restaurants, and shopping malls here. One of the leading local <a href=\"https:\/\/www.sisinternational.com\/it\/copertura\/le-americhe\/ricerche-di-mercato-nei-caraibi\/ricerche-di-mercato-a-st-vincent-e-grenadine\/\" title=\"Ricerche di mercato a St. Vincent e Grenadine\"  data-wpil-monitor-id=\"5827\">markets is also in St.<\/a> George\u2019s.<\/p>\n\n\n\n<p>Grand Anse \u00e8 un centro turistico con vita notturna, stabilimenti balneari e centri commerciali. \u00c8 anche sede della famosa spiaggia di Grand Anse.<\/p>\n\n\n\n<p>Carriacou \u00e8 una delle isole sorelle di Grenada. L&#039;isola ospita solo circa 8000 anime. Pertanto, \u00e8 perfetto per chi cerca un luogo tranquillo e silenzioso in cui fuggire.<\/p>\n\n\n\n<h2 class=\"wp-block-heading\">Tendenze<\/h2>\n\n\n\n<p>La fragile economia di Grenada basata sul turismo la mette a rischio di crisi globali. Ad esempio, le pandemie e le guerre possono provocare danni. Tuttavia, il paese ha una tendenza fiscale al rialzo. Continua a crescere nonostante il difficile panorama globale.<\/p>\n\n\n\n<p>Come altri paesi, Grenada sta affrontando un\u2019elevata inflazione e ha un tasso di povert\u00e0 di circa il 25%. Ha lavorato per aumentare le sue fonti di reddito. A tal fine ha anche istituito un programma di cittadinanza tramite investimenti.<\/p>\n\n\n\n<h2 class=\"wp-block-heading\">Vantaggi e punti di forza nel mercato<\/h2>\n\n\n\n<p>A Grenada, le plusvalenze, le donazioni, la ricchezza e le imposte sul reddito estero sono inesistenti. Il Paese inoltre non pone restrizioni al rimpatrio dei profitti e dei capitali importati.<\/p>\n\n\n\n<p>Un altro dei punti di forza di Grenada \u00e8 il suo spazio marino, che \u00e8 70 volte pi\u00f9 grande della sua superficie terrestre. Questo spazio ha il potenziale per sviluppare una fiorente industria della pesca. Pu\u00f2 anche supportare il turismo marittimo, il petrolio e il gas e molto altro ancora.<\/p>\n\n\n\n<h2 class=\"wp-block-heading\">Base dei consumatori<\/h2>\n\n\n\n<p>Grenada non \u00e8 un grande mercato per marchi e commercianti di e-commerce globali. Perch\u00e9? Perch\u00e9 la sua base di consumatori \u00e8 minuscola. Il paese ha un tasso di penetrazione di Internet solo del 63% circa.<\/p>\n\n\n\n<p>\u00c8 un paese di lingua inglese e fa parte del Commonwealth britannico. \u00c8 anche una nota localit\u00e0 turistica. Pertanto, pu\u00f2 far parte della strategia regionale pi\u00f9 ampia di qualsiasi marchio, poich\u00e9 il percorso verso l&#039;ingresso \u00e8 semplice. Come la maggior parte delle piccole nazioni insulari della regione, i consumatori di Grenada preferiscono utilizzare i contanti. Pochi consumatori utilizzano carte di debito e di credito e opzioni di pagamento tramite portafoglio digitale.<\/p>\n\n\n\n<h2 class=\"wp-block-heading\">Motivi per far crescere la tua attivit\u00e0 nel mercato di Grenada<\/h2>\n\n\n\n<p>Grenada offre un&#039;eccellente qualit\u00e0 di vita. I clienti avranno maggiori probabilit\u00e0 di permettersi i tuoi prodotti. Hanno un reddito disponibile, a differenza di altri mercati della regione.<\/p>\n\n\n\n<p>Il paese ha anche accesso ai mercati globali. I suoi partner commerciali includono Canada, Stati Uniti, Regno Unito e il resto d\u2019Europa. Ha anche una vasta diaspora che adotta prodotti e fornisce marketing tramite passaparola.<\/p>\n\n\n\n<p>Grenada ha investito molto nelle reti telefoniche e Internet e l\u2019acqua pulita e sicura \u00e8 facilmente disponibile.<br>Anche l\u2019accesso all\u2019elettricit\u00e0 non \u00e8 un problema. La spedizione delle merci \u00e8 facile perch\u00e9 Grenada ha aeroporti e un porto marittimo. Anche il sistema dei trasporti interni \u00e8 solido.<\/p>\n\n\n\n<h2 class=\"wp-block-heading\">Informazioni sulle ricerche di mercato a Grenada<\/h2>\n\n\n\n<p>Il nostro principale servizio di ricerche di mercato fornisce dati quantitativi e qualitativi dettagliati. Offriamo analisi sugli investimenti a Grenada e utilizziamo focus group, sondaggi e interviste a questo scopo.<\/p>\n\n\n\n<p>SIS also offers UX and Strategy Market Research and Competitive Analysis. We do <a href=\"https:\/\/www.sisinternational.com\/it\/competenza\/industrie\/ricerche-di-mercato-halal\/\" title=\"Ricerche di mercato halal\"  data-wpil-monitor-id=\"3528\">Ricerca sulle opportunit\u00e0 di mercato<\/a>. Our services also include <a href=\"https:\/\/www.sisinternational.com\/it\/copertura\/le-americhe\/ricerche-di-mercato-nei-caraibi\/ricerche-di-mercato-alle-bahamas\/\" title=\"Ricerche di mercato alle Bahamas\"  data-wpil-monitor-id=\"3533\">Ricerca sul dimensionamento del mercato<\/a> and Go-to-Market Strategy.<\/p>\n\n\n\n<p><\/p>","protected":false},"excerpt":{"rendered":"<p>Grenada ha un\u2019economia piccola, aperta e basata sul turismo. Le sue principali esportazioni sono noce moscata, macis e cacao. Infatti, \u00e8 il secondo maggiore esportatore di noce moscata al mondo.<\/p>","protected":false},"author":1,"featured_media":66399,"parent":33287,"menu_order":5,"comment_status":"closed","ping_status":"closed","template":"","meta":{"footnotes":""},"class_list":["post-41072","page","type-page","status-publish","has-post-thumbnail"],"_links":{"self":[{"href":"https:\/\/www.sisinternational.com\/it\/wp-json\/wp\/v2\/pages\/41072","targetHints":{"allow":["GET"]}}],"collection":[{"href":"https:\/\/www.sisinternational.com\/it\/wp-json\/wp\/v2\/pages"}],"about":[{"href":"https:\/\/www.sisinternational.com\/it\/wp-json\/wp\/v2\/types\/page"}],"author":[{"embeddable":true,"href":"https:\/\/www.sisinternational.com\/it\/wp-json\/wp\/v2\/users\/1"}],"replies":[{"embeddable":true,"href":"https:\/\/www.sisinternational.com\/it\/wp-json\/wp\/v2\/comments?post=41072"}],"version-history":[{"count":7,"href":"https:\/\/www.sisinternational.com\/it\/wp-json\/wp\/v2\/pages\/41072\/revisions"}],"predecessor-version":[{"id":79789,"href":"https:\/\/www.sisinternational.com\/it\/wp-json\/wp\/v2\/pages\/41072\/revisions\/79789"}],"up":[{"embeddable":true,"href":"https:\/\/www.sisinternational.com\/it\/wp-json\/wp\/v2\/pages\/33287"}],"wp:featuredmedia":[{"embeddable":true,"href":"https:\/\/www.sisinternational.com\/it\/wp-json\/wp\/v2\/media\/66399"}],"wp:attachment":[{"href":"https:\/\/www.sisinternational.com\/it\/wp-json\/wp\/v2\/media?parent=41072"}],"curies":[{"name":"wp","href":"https:\/\/api.w.org\/{rel}","templated":true}]}}