{"id":41070,"date":"2022-12-13T04:03:31","date_gmt":"2022-12-13T04:03:31","guid":{"rendered":"https:\/\/www.sisinternational.com\/?page_id=41070"},"modified":"2026-01-24T21:16:23","modified_gmt":"2026-01-25T02:16:23","slug":"ricerche-di-mercato-antigua-barbuda","status":"publish","type":"page","link":"https:\/\/www.sisinternational.com\/it\/copertura\/ricerche-di-mercato-nei-caraibi\/ricerche-di-mercato-antigua-barbuda\/","title":{"rendered":"Ricerche di mercato ad Antigua e Barbuda"},"content":{"rendered":"<h1 class=\"wp-block-heading\">Ricerche di mercato ad Antigua e Barbuda<\/h1>\n\n\n\n<figure class=\"gb-block-image gb-block-image-73bbc5a3\"><img loading=\"lazy\" decoding=\"async\" width=\"1456\" height=\"816\" class=\"gb-image gb-image-73bbc5a3\" src=\"https:\/\/www.sisinternational.com\/wp-content\/uploads\/2025\/09\/Antigua-Barbuda-2.jpg\" alt=\"Ricerca e strategia di mercato internazionale SIS\" title=\"Antigua &amp; Barbuda (2)\" srcset=\"https:\/\/www.sisinternational.com\/wp-content\/uploads\/2025\/09\/Antigua-Barbuda-2.jpg 1456w, https:\/\/www.sisinternational.com\/wp-content\/uploads\/2025\/09\/Antigua-Barbuda-2-300x168.jpg 300w, https:\/\/www.sisinternational.com\/wp-content\/uploads\/2025\/09\/Antigua-Barbuda-2-1024x574.jpg 1024w, https:\/\/www.sisinternational.com\/wp-content\/uploads\/2025\/09\/Antigua-Barbuda-2-768x430.jpg 768w, https:\/\/www.sisinternational.com\/wp-content\/uploads\/2025\/09\/Antigua-Barbuda-2-18x10.jpg 18w\" sizes=\"auto, (max-width: 1456px) 100vw, 1456px\"><\/figure>\n\n\n\n<hr class=\"wp-block-separator has-alpha-channel-opacity is-style-dots\"\/>\n\n\n\n<p>Antigua e Barbuda \u00e8 un paese semiarido formato da tre isole nei Caraibi orientali. Lo Stato fa molto bene nel turismo. \u00c8 anche una mecca dei giochi online. Antigua e Barbuda si trovano a est-sud-est di Porto Rico. Le isole sono anche vicine ad Anguilla, St. Kitts e Nevis e St. Barths.<\/p>\n\n\n\n<h2 class=\"wp-block-heading\">Industrie chiave<\/h2>\n\n\n\n<p><a href=\"https:\/\/www.sisinternational.com\/it\/soluzioni\/consulenza-per-lospitalita-turistica-turistica\/\" title=\"Consulenza per viaggi, turismo e ospitalit\u00e0\"  data-wpil-monitor-id=\"8369\">Tourism &amp; travel<\/a> is the islands\u2019 mainstay and accounts for more than half of the GDP. Antigua and Barbuda is famous for its many resorts. Rural Antiguans also do a fair amount of animal rearing, fishing, and mining. There\u2019s quite a bit of light manufacturing, and the islands produce refined oil, rum, garments, paints, and furniture.<\/p>\n\n\n\n<h2 class=\"wp-block-heading\">Quartieri<\/h2>\n\n\n\n<h3 class=\"wp-block-heading\">San Giovanni<\/h3>\n\n\n\n<p>St. John&#039;s, la capitale e la citt\u00e0 pi\u00f9 grande, \u00e8 il porto principale e il centro commerciale della nazione. La citt\u00e0 vanta numerosi siti storici. Il pi\u00f9 famoso \u00e8 il Fort James del XVIII secolo nel porto di St. John. Rovine di zuccherifici e grandi case si trovano sparse intorno a St. John&#039;s.<\/p>\n\n\n\n<h3 class=\"wp-block-heading\">Porto inglese e porto di Falmouth<\/h3>\n\n\n\n<p>English Harbour e Falmouth Harbour sono uno accanto all&#039;altro. Entrambi si trovano all&#039;estremit\u00e0 meridionale di Antigua ed entrambi sono ricchi di attivit\u00e0 da bar, ristoranti e caff\u00e8 sul mare.<\/p>\n\n\n\n<h3 class=\"wp-block-heading\">Baia di Dickenson<\/h3>\n\n\n\n<p>Dickenson Bay \u00e8 un&#039;altra citt\u00e0 vivace ed \u00e8 il centro degli sport acquatici e della vita notturna. \u00c8 un posto divertente sia per i residenti che per i nuovi arrivati. Piccoli hotel e grandi resort costeggiano la baia. Lo stesso vale per i ristoranti, i bar, i caff\u00e8, i distributori automatici e le aziende di sport acquatici.<\/p>\n\n\n\n<h3 class=\"wp-block-heading\">Jolly Harbour<\/h3>\n\n\n\n<p>Jolly Harbour \u00e8 il pi\u00f9 grande porto artificiale della regione. \u00c8 perfetto per gli appassionati di nautica da diporto, vela e pesca. Questa zona offre ristoranti, bar e il Jolly Harbour Golf Club.<\/p>\n\n\n\n<h2 class=\"wp-block-heading\">Tendenze<\/h2>\n\n\n\n<p>Antigua e Barbuda sta registrando una tendenza modesta ma al rialzo nel tasso di crescita del PIL. Il paese ha mostrato una costante ripresa degli arrivi di visitatori dopo la crisi dei primi anni del 2020. Ora si sta concentrando su un altro settore: la \u201cblue economy\u201d. L\u2019obiettivo \u00e8 far s\u00ec che l\u2019economia blu dia un ulteriore impulso al turismo.<\/p>\n\n\n\n<p>Nel <a href=\"https:\/\/www.sisinternational.com\/it\/competenza\/industrie\/ricerche-di-mercato-immobiliari-commerciali\/\" title=\"Ricerche di mercato nel settore immobiliare commerciale\"  data-wpil-monitor-id=\"8368\">real estate market<\/a>, buyer restraint has continued. Thus, there have been fewer sales and buyers take longer to commit.<\/p>\n\n\n\n<h2 class=\"wp-block-heading\">Vantaggi e punti di forza nel mercato<\/h2>\n\n\n\n<ul class=\"wp-block-list\">\n<li>Aliquote fiscali basse per l&#039;avvio di un&#039;impresa<\/li>\n\n\n\n<li>Il clima imprenditoriale favorevole agli investitori<\/li>\n\n\n\n<li>Una fornitura costante di energia<\/li>\n\n\n\n<li>Assicurarsi \u00e8 semplicissimo<\/li>\n<\/ul>\n\n\n\n<h2 class=\"wp-block-heading\">Base dei consumatori<\/h2>\n\n\n\n<p>Circa tre quarti degli abitanti di Antigua e Barbuda risiedono in aree rurali, mentre il restante 25% risiede nei centri urbani del paese. L\u2019et\u00e0 media \u00e8 di 34,5 anni, con solo il 10% delle persone di et\u00e0 superiore ai 65 anni.<br>La penetrazione di Internet ad Antigua e Barbuda ammonta a circa i tre quarti della popolazione. Il numero degli utenti dei social media \u00e8 leggermente inferiore, poco pi\u00f9 di due terzi. Il social network pi\u00f9 popolare ad Antigua e Barbuda \u00e8 Facebook.<\/p>\n\n\n\n<h2 class=\"wp-block-heading\">Motivi per far crescere la tua attivit\u00e0 ad Antigua e Barbuda<\/h2>\n\n\n\n<p>Antigua and Barbuda is one of the richest countries in the Eastern Caribbean. Further, it has plenty of thriving industries that are perfect for new business. The state also boasts well-educated and skilled workers. It has a 98 percent literacy rate. Another reason to do business in Antigua and Barbuda? It has the Small Business Development Act. This Act aims to aid the growth of the country\u2019s small enterprise sector. Thus, it helps small <a href=\"https:\/\/www.sisinternational.com\/it\/top-5-benefits-of-qualitative-market-research-for-businesses\/\" title=\"Top 5 Benefits of Qualitative Market Research for Businesses\"  data-wpil-monitor-id=\"8370\">business owners with various concessions and benefits<\/a>. It also ensures that they get technical help.<\/p>\n\n\n\n<h2 class=\"wp-block-heading\">Informazioni sulle ricerche di mercato ad Antigua e Barbuda<\/h2>\n\n\n\n<p>SIS International is a full-service market research agency providing Quantitative and Qualitative Research services. We also do UX, Strategy <a href=\"https:\/\/www.sisinternational.com\/it\/copertura\/le-americhe\/ricerche-di-mercato-nei-caraibi\/ricerche-di-mercato-a-saint-kitts-e-nevis\/\" title=\"Ricerca di mercato a St. Kitts e Nevis\"  data-wpil-monitor-id=\"3298\">Ricerca di mercato<\/a>, Competitive Analysis, Market Entry, Market Sizing, and Market Opportunity Research. Also, we carry out Surveys, Interviews, and Focus Groups for clients worldwide.<\/p>\n\n\n\n<p><\/p>","protected":false},"excerpt":{"rendered":"<p>Antigua e Barbuda \u00e8 uno dei paesi pi\u00f9 ricchi dei Caraibi orientali. Inoltre, ha molte industrie fiorenti che sono perfette per nuovi affari.<\/p>","protected":false},"author":1,"featured_media":66386,"parent":33287,"menu_order":4,"comment_status":"closed","ping_status":"closed","template":"","meta":{"footnotes":""},"class_list":["post-41070","page","type-page","status-publish","has-post-thumbnail"],"_links":{"self":[{"href":"https:\/\/www.sisinternational.com\/it\/wp-json\/wp\/v2\/pages\/41070","targetHints":{"allow":["GET"]}}],"collection":[{"href":"https:\/\/www.sisinternational.com\/it\/wp-json\/wp\/v2\/pages"}],"about":[{"href":"https:\/\/www.sisinternational.com\/it\/wp-json\/wp\/v2\/types\/page"}],"author":[{"embeddable":true,"href":"https:\/\/www.sisinternational.com\/it\/wp-json\/wp\/v2\/users\/1"}],"replies":[{"embeddable":true,"href":"https:\/\/www.sisinternational.com\/it\/wp-json\/wp\/v2\/comments?post=41070"}],"version-history":[{"count":5,"href":"https:\/\/www.sisinternational.com\/it\/wp-json\/wp\/v2\/pages\/41070\/revisions"}],"predecessor-version":[{"id":81402,"href":"https:\/\/www.sisinternational.com\/it\/wp-json\/wp\/v2\/pages\/41070\/revisions\/81402"}],"up":[{"embeddable":true,"href":"https:\/\/www.sisinternational.com\/it\/wp-json\/wp\/v2\/pages\/33287"}],"wp:featuredmedia":[{"embeddable":true,"href":"https:\/\/www.sisinternational.com\/it\/wp-json\/wp\/v2\/media\/66386"}],"wp:attachment":[{"href":"https:\/\/www.sisinternational.com\/it\/wp-json\/wp\/v2\/media?parent=41070"}],"curies":[{"name":"wp","href":"https:\/\/api.w.org\/{rel}","templated":true}]}}