{"id":41060,"date":"2022-11-13T21:49:59","date_gmt":"2022-11-13T21:49:59","guid":{"rendered":"https:\/\/www.sisinternational.com\/?page_id=41060"},"modified":"2026-01-26T14:20:12","modified_gmt":"2026-01-26T19:20:12","slug":"ricerche-di-mercato-sulla-gestione-del-traffico","status":"publish","type":"page","link":"https:\/\/www.sisinternational.com\/it\/competenza\/ricerche-di-mercato-sulla-gestione-del-traffico\/","title":{"rendered":"Ricerche di mercato sulla gestione del traffico"},"content":{"rendered":"<h1 class=\"wp-block-heading\">Ricerche di mercato sulla gestione del traffico<\/h1>\n\n\n\n<figure class=\"gb-block-image gb-block-image-514d8140\"><img loading=\"lazy\" decoding=\"async\" width=\"1456\" height=\"816\" class=\"gb-image gb-image-514d8140\" src=\"https:\/\/www.sisinternational.com\/wp-content\/uploads\/2025\/08\/Smart-mobility-8.jpg\" alt=\"Ricerca e strategia di mercato internazionale SIS\" title=\"Smart mobility (8)\" srcset=\"https:\/\/www.sisinternational.com\/wp-content\/uploads\/2025\/08\/Smart-mobility-8.jpg 1456w, https:\/\/www.sisinternational.com\/wp-content\/uploads\/2025\/08\/Smart-mobility-8-300x168.jpg 300w, https:\/\/www.sisinternational.com\/wp-content\/uploads\/2025\/08\/Smart-mobility-8-1024x574.jpg 1024w, https:\/\/www.sisinternational.com\/wp-content\/uploads\/2025\/08\/Smart-mobility-8-768x430.jpg 768w, https:\/\/www.sisinternational.com\/wp-content\/uploads\/2025\/08\/Smart-mobility-8-18x10.jpg 18w\" sizes=\"auto, (max-width: 1456px) 100vw, 1456px\"><\/figure>\n\n\n\n<hr class=\"wp-block-separator has-alpha-channel-opacity is-style-dots\"\/>\n\n\n\n<p><\/p>\n\n\n\n<h2 class=\"wp-block-heading\">Cos&#039;\u00e8 la gestione del traffico?<\/h2>\n\n\n\n<p>Traffic management is a process used to manage traffic flow on a roadway. It can include tasks such as changing the signal timing. It can also be adding or taking out lanes or controlling the use of ramps. Traffic <a href=\"https:\/\/www.sisinternational.com\/it\/competenza\/industrie\/ricerche-di-mercato-sulla-gestione-della-sicurezza\/\" title=\"Ricerche di mercato sulla gestione della sicurezza\"  data-wpil-monitor-id=\"9865\">management services improve safety<\/a>, reduce congestion, and optimize traffic flow. In this article, we will talk about the current <a href=\"https:\/\/www.sisinternational.com\/it\/copertura\/le-americhe\/copertura-degli-stati-uniti\/ricerca-di-mercato-nello-stato-di-new-york\/\" title=\"Ricerche di mercato nello Stato di New York\"  data-wpil-monitor-id=\"9862\">state of the traffic management market<\/a>.<\/p>\n\n\n\n<p>Now, traffic congestion is something that we may never be able to get rid of, but we can reduce it. Traffic management allows us to maintain our speed and improve travel time. Traffic control is the use of devices to maximize travel. These devices include signs, symbols, and also some forms of tech. It also preserves the <a href=\"https:\/\/www.sisinternational.com\/it\/competenza\/industrie\/ricerche-di-mercato-sulla-sicurezza-stradale\/\" title=\"Ricerche di mercato sulla sicurezza stradale\"  data-wpil-monitor-id=\"9866\">safety of road<\/a> transport.<\/p>\n\n\n\n<h2 class=\"wp-block-heading\">Perch\u00e9 le ricerche di mercato sulla gestione del traffico sono importanti?<\/h2>\n\n\n\n<p>Proper traffic management can ensure the smooth flow of traffic. It gives fair access to road use for different modes of transport. It also makes roads and streets safe for all users. With traffic management, roads full of traffic will not block movement between areas. It also reduces noise and local pollution and improves areas reserved for persons on foot. It also protects the character of a town or city. Plus, it helps to reduce greenhouse gases.Traffic <a href=\"https:\/\/www.sisinternational.com\/it\/competenza\/industrie\/ricerca-di-mercato-pbm-del-responsabile-dei-benefici-farmaceutici\/\" title=\"Ricerche di mercato sul Pharmacy Benefit Manager (PBM).\"  data-wpil-monitor-id=\"4247\">Management Market Research<\/a> is essential. It helps key players to assess the need for this service. It shows the <a href=\"https:\/\/www.sisinternational.com\/it\/soluzioni\/ricerche-di-mercato-sulla-crescita-aziendale-internazionale\/\" title=\"Ricerche di mercato sulla crescita aziendale internazionale\"  data-wpil-monitor-id=\"9864\">growth in the market<\/a> due to the rising demand for efficient transport services. This type of research also shows the key drivers of this growth. These drivers include:<\/p>\n\n\n\n<p>1. Il numero crescente di veicoli in circolazione.<\/p>\n\n\n\n<p>2. La necessit\u00e0 di migliorare la sicurezza stradale.<\/p>\n\n\n\n<p>3. La crescente domanda di sistemi di trasporto intelligenti.<\/p>\n\n\n\n<h2 class=\"wp-block-heading\">Titoli di lavoro chiave<\/h2>\n\n\n\n<h3 class=\"wp-block-heading\">Operatore della gestione del traffico<\/h3>\n\n\n\n<p>Queste persone installano, mantengono e rimuovono i sistemi di gestione del traffico e dei pedoni. Inoltre comandano i pedoni e trattano con altri clienti sul posto.<\/p>\n\n\n\n<h3 class=\"wp-block-heading\">Coordinatore dei lavori<\/h3>\n\n\n\n<p>Questa persona fornisce aiuto e supporto al responsabile delle operazioni. Aiutano nella gestione quotidiana dell&#039;ufficio di gestione del traffico, compreso il mantenimento di livelli di personale adeguati per i progetti e il collegamento con i clienti. Controllano anche la qualit\u00e0 dei lavori di gestione del traffico.<\/p>\n\n\n\n<h3 class=\"wp-block-heading\">Responsabile del traffico<\/h3>\n\n\n\n<p>Un gestore del traffico \u00e8 un intermediario. Fungono da collegamento tra le parti interessate di un progetto e il team creativo di un&#039;azienda. Il loro compito principale \u00e8 mantenere i progetti in corso sulla buona strada. Garantiscono inoltre che i progetti sotto il loro controllo rispettino le scadenze.<\/p>\n\n\n\n<h2 class=\"wp-block-heading\">Fattori chiave del successo<\/h2>\n\n\n\n<p>Un ingegnere redige un piano di gestione del traffico utilizzabile. Quindi lo presentano ai capi governo di quella strada o percorso. La bozza pu\u00f2 contenere cose come modifiche ai limiti di velocit\u00e0 o chiusure stradali. Pu\u00f2 anche includere modifiche a strade e marciapiedi.<\/p>\n\n\n\n<h2 class=\"wp-block-heading\">AI e gestione intelligente del traffico<\/h2>\n\n\n\n<p>La costruzione di nuove strade, ponti e tunnel crea nuovi percorsi per i viaggi di massa. Tuttavia, da soli, non sono abbastanza efficienti da risolvere la congestione del traffico. Ma l\u2019uso dell\u2019intelligenza artificiale e dei sistemi di gestione intelligente del traffico s\u00ec. Riduce la congestione del traffico utilizzando simboli e segnali. Inoltre infonde disciplina nella maggior parte degli utenti della strada. L&#039;obiettivo \u00e8 rendere gli utenti pi\u00f9 vigili sulla strada e far s\u00ec che rispettino il codice della strada per evitare infrazioni e multe. Un simile approccio pu\u00f2 ridurre gli incidenti.<\/p>\n\n\n\n<h3 class=\"wp-block-heading\">Zone di lavoro<\/h3>\n\n\n\n<p>Alcuni sistemi di controllo del traffico avvertono i conducenti di lavori in corso sulle strade. Pertanto, i lavori stradali non influiscono sul viaggio del conducente.<\/p>\n\n\n\n<h3 class=\"wp-block-heading\">Segnali e simboli stradali<\/h3>\n\n\n\n<p>Anche l&#039;uso dei segni e dei simboli corretti \u00e8 un fattore critico di successo. Alcune autostrade hanno una funzione in cui vengono visualizzati i segnali stradali in caso di incidente. Taglia la carreggiata e ne apre un&#039;altra per il flusso del traffico. Questa funzione \u00e8 una forma di controllo del traffico e, di conseguenza, riduce la congestione.<\/p>\n\n\n\n<h2 class=\"wp-block-heading\">Perch\u00e9 le citt\u00e0 hanno bisogno della gestione del traffico<\/h2>\n\n\n\n<p>Le strade e i percorsi sono accessibili al pubblico. Li usiamo per spostarci e svolgere i nostri compiti. Anche se lo facciamo spesso, possiamo anche essere efficienti. La gestione del viaggio garantisce il flusso regolare del traffico con pochi o nessun ostacolo. Riduce anche l\u2019inquinamento e la congestione del traffico.<\/p>\n\n\n\n<h3 class=\"wp-block-heading\">Inquinamento ridotto<\/h3>\n\n\n\n<p>La congestione del traffico contribuisce in gran parte all\u2019inquinamento acustico e atmosferico derivante dal traffico lento. Una corretta gestione del traffico riduce questo fenomeno. Riduce anche il consumo di carburante, a seconda di quanto l&#039;auto si ferma e accelera. Adeguate misure di controllo del traffico garantiscono che le emissioni non danneggino il nostro ambiente.<\/p>\n\n\n\n<h3 class=\"wp-block-heading\">Riduce gli incidenti mortali<\/h3>\n\n\n\n<p>Secondo l\u2019OMS, ogni anno muoiono pi\u00f9 di un milione di persone a causa di incidenti stradali. \u00c8 anche una delle principali cause di morte nei giovani adulti. Un adeguato controllo del traffico pu\u00f2 contribuire a ridurre il numero di vite perse a causa dell\u2019imprudenza sulle strade.<\/p>\n\n\n\n<h2 class=\"wp-block-heading\">Informazioni sulle ricerche di mercato sulla gestione del traffico<\/h2>\n\n\n\n<p>Do you need to <a href=\"https:\/\/www.sisinternational.com\/it\/soluzioni\/soluzioni-edtech-per-la-tecnologia-dellistruzione\/sistemi-di-gestione-dellapprendimento-ricerche-di-mercato-lms\/\" title=\"Ricerche di mercato sui sistemi di gestione dell&#039;apprendimento (LMS).\"  data-wpil-monitor-id=\"9860\">learn more about the traffic management market<\/a>? It is essential to <a href=\"https:\/\/www.sisinternational.com\/it\/top-5-benefits-of-conducting-quantitative-market-research\/\" title=\"Top 5 Benefits of Conducting Quantitative Market Research\"  data-wpil-monitor-id=\"9861\">conduct research using both Quantitative<\/a> and Qualitative methods. Quantitative analysis can help provide an overview of the market, while <a href=\"https:\/\/www.sisinternational.com\/it\/qualitative-research-to-enhance-customer-experience\/\" title=\"Qualitative Research to Enhance Customer Experience\"  data-wpil-monitor-id=\"9859\">Ricerca qualitativa<\/a> can help to provide insights into customer behavior and preferences.<\/p>\n\n\n\n<p>Sono disponibili diversi tipi di soluzioni di gestione del traffico. Quando si conduce una ricerca, \u00e8 essenziale considerarli tutti. Ad esempio, la tua azienda pu\u00f2 utilizzare interviste, sondaggi o focus group. \u00c8 importante scegliere la soluzione giusta per le tue esigenze specifiche.<\/p>\n\n\n\n<p>Contact us today if you want to conduct traffic <a href=\"https:\/\/www.sisinternational.com\/it\/competenza\/industrie\/ricerche-di-mercato-sulla-gestione-della-flotta\/\" title=\"Ricerche di mercato sulla gestione della flotta\"  data-wpil-monitor-id=\"5905\">management market research<\/a>. We can help you to <a href=\"https:\/\/www.sisinternational.com\/it\/soluzioni\/soluzioni-di-ricerca-quantitativa-qualitativa\/societa-di-progettazione-di-ricerche-di-mercato\/\" title=\"Societ\u00e0 di ricerca sul design\"  data-wpil-monitor-id=\"9863\">design and install your research<\/a> strategy. Such a strategy will provide the insights you need to make informed decisions.<\/p>\n\n\n\n<p>&nbsp;<\/p>","protected":false},"excerpt":{"rendered":"<p>Una corretta gestione del traffico pu\u00f2 garantire il regolare flusso del traffico. Garantisce un accesso equo all&#039;uso della strada per diversi modi di trasporto. Rende inoltre le strade e le vie sicure per tutti gli utenti.<\/p>","protected":false},"author":1,"featured_media":64970,"parent":14514,"menu_order":153,"comment_status":"closed","ping_status":"closed","template":"","meta":{"footnotes":""},"class_list":["post-41060","page","type-page","status-publish","has-post-thumbnail"],"_links":{"self":[{"href":"https:\/\/www.sisinternational.com\/it\/wp-json\/wp\/v2\/pages\/41060","targetHints":{"allow":["GET"]}}],"collection":[{"href":"https:\/\/www.sisinternational.com\/it\/wp-json\/wp\/v2\/pages"}],"about":[{"href":"https:\/\/www.sisinternational.com\/it\/wp-json\/wp\/v2\/types\/page"}],"author":[{"embeddable":true,"href":"https:\/\/www.sisinternational.com\/it\/wp-json\/wp\/v2\/users\/1"}],"replies":[{"embeddable":true,"href":"https:\/\/www.sisinternational.com\/it\/wp-json\/wp\/v2\/comments?post=41060"}],"version-history":[{"count":7,"href":"https:\/\/www.sisinternational.com\/it\/wp-json\/wp\/v2\/pages\/41060\/revisions"}],"predecessor-version":[{"id":81637,"href":"https:\/\/www.sisinternational.com\/it\/wp-json\/wp\/v2\/pages\/41060\/revisions\/81637"}],"up":[{"embeddable":true,"href":"https:\/\/www.sisinternational.com\/it\/wp-json\/wp\/v2\/pages\/14514"}],"wp:featuredmedia":[{"embeddable":true,"href":"https:\/\/www.sisinternational.com\/it\/wp-json\/wp\/v2\/media\/64970"}],"wp:attachment":[{"href":"https:\/\/www.sisinternational.com\/it\/wp-json\/wp\/v2\/media?parent=41060"}],"curies":[{"name":"wp","href":"https:\/\/api.w.org\/{rel}","templated":true}]}}