{"id":41045,"date":"2022-11-13T03:00:18","date_gmt":"2022-11-13T03:00:18","guid":{"rendered":"https:\/\/www.sisinternational.com\/?page_id=41045"},"modified":"2026-01-27T15:19:52","modified_gmt":"2026-01-27T20:19:52","slug":"ricerche-di-mercato-per-un-business-scalabile-7-modi-per-costruire-un-business-scalabile","status":"publish","type":"page","link":"https:\/\/www.sisinternational.com\/it\/pubblicazioni\/ricerche-di-mercato-per-un-business-scalabile-7-modi-per-costruire-un-business-scalabile\/","title":{"rendered":"Ricerche di mercato per aziende scalabili: 7 modi per costruire un business scalabile"},"content":{"rendered":"<h1 class=\"wp-block-heading p1\"><span class=\"s1\">Ricerche di mercato per aziende scalabili: 7 modi per costruire un business scalabile<\/span><\/h1>\n\n\n\n<figure class=\"gb-block-image gb-block-image-08e25fd2\"><img loading=\"lazy\" decoding=\"async\" width=\"1024\" height=\"574\" class=\"gb-image gb-image-08e25fd2\" src=\"https:\/\/www.sisinternational.com\/wp-content\/uploads\/2025\/08\/Business-35-1024x574.jpg\" alt=\"Ricerca e strategia di mercato internazionale SIS\" title=\"Business (35)\" srcset=\"https:\/\/www.sisinternational.com\/wp-content\/uploads\/2025\/08\/Business-35-1024x574.jpg 1024w, https:\/\/www.sisinternational.com\/wp-content\/uploads\/2025\/08\/Business-35-300x168.jpg 300w, https:\/\/www.sisinternational.com\/wp-content\/uploads\/2025\/08\/Business-35-768x430.jpg 768w, https:\/\/www.sisinternational.com\/wp-content\/uploads\/2025\/08\/Business-35-18x10.jpg 18w, https:\/\/www.sisinternational.com\/wp-content\/uploads\/2025\/08\/Business-35.jpg 1456w\" sizes=\"auto, (max-width: 1024px) 100vw, 1024px\"><\/figure>\n\n\n\n<p><\/p>\n\n\n\n<hr class=\"wp-block-separator has-alpha-channel-opacity is-style-dots\"\/>\n\n\n\n<p class=\"p2\">Creare una nuova attivit\u00e0 \u00e8 sempre emozionante. Tuttavia, dovrai affrontare anche alcune sfide. Uno dei problemi \u00e8 che, anche se ora ti concentri sulla creazione di una piccola impresa, questa crescer\u00e0 una volta che tutto andr\u00e0 bene. Un\u2019azienda scalabile \u00e8 quella in grado di mantenere o migliorare la redditivit\u00e0 quando il volume delle vendite aumenta. Quindi, come puoi costruire un business scalabile? Ecco alcuni suggerimenti per aiutarti con il processo.<\/p>\n\n\n\n<h2 class=\"wp-block-heading p3\">L\u2019importanza delle ricerche di mercato per le imprese scalabili<\/h2>\n\n\n\n<p class=\"p2\">To scale your business, you must perform Scalable <a href=\"https:\/\/www.sisinternational.com\/it\/san-valentino-come-la-tua-azienda-puo-sentire-lamore\/\" title=\"Valentine&#8217;s Day Market Research:  How Your Business Can Feel The Love\"  data-wpil-monitor-id=\"3554\">Business Market Research<\/a>. This type of market <a href=\"https:\/\/www.sisinternational.com\/it\/leffetto-della-cultura-del-mercato-nigeriano-sugli-affari\/\" title=\"Il mercato nigeriano: l&#039;effetto della cultura sul business\"  data-wpil-monitor-id=\"4375\">research is one of the best ways<\/a> to investigate and discover how you can make your business more scalable. It will help you figure out what approach works for you. It will show you fast, easy ways to put things in place to improve your scalability.<\/p>\n\n\n\n<h2 class=\"wp-block-heading p3\">Importanza della crescita esponenziale (rispetto alla crescita lineare)<\/h2>\n\n\n\n<p class=\"p2\">Linear growth comes with a set of pre-determined steps. Some of these steps might work for your business; others might not. Make sure that you opt for an exponential growth model. With this model, the growth rate of your business becomes more rapid as its size increases. You will need to study the market and look at trends. You can then identify any ideas that are helping your business grow at this particular time. Exponential growth requires a lot more research and work, but it can give you amazing results. Linear growth is not a function of what your business is all about, as it\u2019s only a generalized solution. Scalable <a href=\"https:\/\/www.sisinternational.com\/it\/resilienza-aziendale-al-coronavirus\/\" title=\"Ricerche di mercato sulla resilienza aziendale durante il Covid\"  data-wpil-monitor-id=\"3604\">Business Market Research<\/a> analyzes the industry and your company. The aim is to give you the best and fairest approach to taking your business to the next level.<\/p>\n\n\n\n<h2 class=\"wp-block-heading p3\">Come creare un business scalabile?<\/h2>\n\n\n\n<h3 class=\"wp-block-heading\">1. Crea una wiki per i tuoi dipendenti<\/h3>\n\n\n\n<p class=\"p4\">Per far crescere la tua attivit\u00e0, tutti i tuoi dipendenti devono comprendere i propri compiti. Devono inoltre conoscere le procedure per completare queste attivit\u00e0.<span class=\"Apple-converted-space\">&nbsp; <\/span>A business wiki will document all new jobs that employees need to learn. You can also have a handbook for new employees that showcase all the rules. As things evolve, you will have much better results, and your return on investment will improve. The wiki can include organizational information, structure, and internal services. It can also describe what each team needs to do, what software tools they can use and so on. Staying organized as you <a href=\"https:\/\/www.sisinternational.com\/it\/come-far-crescere-la-tua-attivita\/\" title=\"Come far crescere la tua attivit\u00e0\"  data-wpil-monitor-id=\"7260\">grow your business<\/a> matters a lot and this is the best way to do it.<\/p>\n\n\n\n<h3 class=\"wp-block-heading\">2. Automatizzare le soluzioni<\/h3>\n\n\n\n<p class=\"p4\">Innanzitutto, \u00e8 necessario identificare ciascun processo aziendale. Devi quindi capire cosa puoi automatizzare e cosa non \u00e8 adatto. Il bello delle aziende scalabili \u00e8 che l&#039;automazione aiuta a far risparmiare tempo ai dipendenti. Inoltre, poich\u00e9 l&#039;automazione \u00e8 basata su software, puoi sempre aggiornarla man mano che la tua azienda cresce.<span class=\"Apple-converted-space\">&nbsp;<\/span><\/p>\n\n\n\n<h2 class=\"wp-block-heading\">Utilizza soluzioni e sistemi diversi per ogni attivit\u00e0 importante<\/h2>\n\n\n\n<p class=\"p4\">L&#039;utilizzo di soluzioni e sistemi diversi ti offre il controllo completo su una singola attivit\u00e0. \u00c8 facile sostituire quella soluzione se appare qualcosa di nuovo o migliore. Hai bisogno di una soluzione CRM o ERP come base solida. Tuttavia, puoi separare attivit\u00e0 come la gestione degli ordini, il monitoraggio del tempo e i report finanziari. \u00c8 pi\u00f9 facile tenere le cose sotto controllo e puoi aggiornare una soluzione se necessario. Se ignori questo passaggio, otterrai risultati di qualit\u00e0 inferiore, perch\u00e9 la soluzione principale potrebbe non aggiornare una particolare funzionalit\u00e0.<\/p>\n\n\n\n<h3 class=\"wp-block-heading\">1. Creare un processo di reclutamento completo<\/h3>\n\n\n\n<p class=\"p4\">Se necessario, \u00e8 possibile utilizzare un software per questo. L\u2019idea \u00e8 quella di fissare tutto e continuare ad adattarlo al mercato del lavoro. Un processo di reclutamento completo ti fornir\u00e0 un forte bacino di candidati. Offre un allineamento strategico proattivo con gli obiettivi aziendali e screening accurati delle qualifiche. Di conseguenza, la tua azienda avr\u00e0 il morale alto e un fatturato ridotto.<span class=\"Apple-converted-space\">&nbsp;<\/span><\/p>\n\n\n\n<h3 class=\"wp-block-heading\">2. Documentare tutti i processi<\/h3>\n\n\n\n<p class=\"p4\">Non puoi crescere come azienda senza documentare tutto. Avrai anche bisogno di soluzioni che ti aiutino a tenere traccia di tutti questi passaggi e documenti. Cos\u00ec facendo avrai accesso immediato ad ogni procedura e potrai individuare il problema e correggerlo. La documentazione aiuta a stimolare la tua crescita in modi che non immagineresti. Inoltre, il ritorno sull\u2019investimento \u00e8 sempre straordinario, ed \u00e8 ci\u00f2 di cui hai bisogno in una situazione come questa.<\/p>\n\n\n\n<h3 class=\"wp-block-heading\">3. Evita di inviare e-mail al tuo team e utilizza invece la collaborazione cloud o le app di messaggistica istantanea<\/h3>\n\n\n\n<p class=\"p4\">Il motivo di questo approccio \u00e8 semplice da comprendere. L&#039;invio continuo di e-mail rende le cose molto difficili da monitorare. Con strumenti di collaborazione cloud come Slack, ad esempio, le cose sono molto pi\u00f9 semplici. Puoi creare gruppi per ogni squadra. Questo passaggio semplifica la visualizzazione del file e della cronologia delle comunicazioni. \u00c8 il modo migliore per i gruppi di lavoro di condividere lo stesso spazio, ricevere aggiornamenti e vedere tutte le informazioni. \u00c8 lo stesso con le app di messaggistica istantanea: migliorano notevolmente la comunicazione e ti aiutano a migliorare i risultati.<span class=\"Apple-converted-space\">&nbsp;<\/span><\/p>\n\n\n\n<h3 class=\"wp-block-heading\">4. Esternalizzare compiti umili o molto ripetitivi<\/h3>\n\n\n\n<p class=\"p4\">Quando vuoi concentrarti sulla crescita, una delle cose principali da evitare \u00e8 dedicare molto tempo a compiti umili. Un\u2019azienda scalabile dovrebbe essere sempre pronta ad esternalizzare le attivit\u00e0 ripetitive quando necessario. \u00c8 pi\u00f9 semplice che mai e ti consentir\u00e0 di ottenere pi\u00f9 facilmente i risultati che ti aspetti.<\/p>\n\n\n\n<p class=\"p4\">Se stai cercando di avere un&#039;attivit\u00e0 solida e scalabile, \u00e8 importante concentrarsi sulle ricerche di mercato. Dovrai anche fare ricerche strategiche. Le ricerche di mercato ti aiuteranno a decidere quale approccio adottare per ottenere i migliori risultati. Preparare tempestivamente la tua azienda per la crescita e la redditivit\u00e0 vale lo sforzo.<\/p>\n\n\n<h2>La nostra sede a New York<\/h2>\n<p><!-- \/wp:post-content --> <!-- wp:html --> <iframe loading=\"lazy\" src=\"https:\/\/www.google.com\/maps\/embed?pb=!1m18!1m12!1m3!1d3022.976188376966!2d-73.99130312499956!3d40.740549471389315!2m3!1f0!2f0!3f0!3m2!1i1024!2i768!4f13.1!3m3!1m2!1s0x89c259a15798c731%3A0xd695d09bdd495f25!2s11%20E%2022nd%20St%20FL%202%2C%20New%20York%2C%20NY%2010010%2C%20USA!5e0!3m2!1sen!2spe!4v1726171763526!5m2!1sen!2spe\" width=\"600\" height=\"450\" allowfullscreen=\"allowfullscreen\" data-mce-fragment=\"1\"><\/iframe> <!-- \/wp:html --> <!-- wp:paragraph --><\/p>\n<h3 class=\"wp-block-heading\">11 E 22nd Street, Piano 2, New York, NY 10010 T: +1(212) 505-6805<\/h3>\n<hr \/>\n<h2><span style=\"font-weight: 400;\">A proposito di SIS Internazionale<\/span><\/h2>\n<p><a href=\"https:\/\/www.sisinternational.com\/it\/\"><span style=\"font-weight: 400;\">SIS Internazionale<\/span><\/a><span style=\"font-weight: 400;\"> offre ricerca quantitativa, qualitativa e strategica. Forniamo dati, strumenti, strategie, report e approfondimenti per il processo decisionale. Conduciamo anche interviste, sondaggi, focus group e altri metodi e approcci di ricerca di mercato.<\/span><a href=\"https:\/\/www.sisinternational.com\/it\/sulla-sua-ricerca-internazionale\/contact-sis-international-market-research\/\"><span style=\"font-weight: 400;\"> Contattaci<\/span><\/a><span style=\"font-weight: 400;\"> per il tuo prossimo progetto di ricerca di mercato.<\/span><\/p>\n<p><!-- wp:heading --><\/p>\n<h2 id=\"about-sis-international\" class=\"wp-block-heading\">\u00a0<\/h2>\n<p><!-- \/wp:heading --><\/p>","protected":false},"excerpt":{"rendered":"<p>Un\u2019azienda scalabile mantiene e migliora la redditivit\u00e0 quando il volume delle vendite aumenta.<\/p>","protected":false},"author":1,"featured_media":62791,"parent":20148,"menu_order":15,"comment_status":"closed","ping_status":"closed","template":"","meta":{"footnotes":""},"class_list":["post-41045","page","type-page","status-publish","has-post-thumbnail"],"_links":{"self":[{"href":"https:\/\/www.sisinternational.com\/it\/wp-json\/wp\/v2\/pages\/41045","targetHints":{"allow":["GET"]}}],"collection":[{"href":"https:\/\/www.sisinternational.com\/it\/wp-json\/wp\/v2\/pages"}],"about":[{"href":"https:\/\/www.sisinternational.com\/it\/wp-json\/wp\/v2\/types\/page"}],"author":[{"embeddable":true,"href":"https:\/\/www.sisinternational.com\/it\/wp-json\/wp\/v2\/users\/1"}],"replies":[{"embeddable":true,"href":"https:\/\/www.sisinternational.com\/it\/wp-json\/wp\/v2\/comments?post=41045"}],"version-history":[{"count":7,"href":"https:\/\/www.sisinternational.com\/it\/wp-json\/wp\/v2\/pages\/41045\/revisions"}],"predecessor-version":[{"id":80908,"href":"https:\/\/www.sisinternational.com\/it\/wp-json\/wp\/v2\/pages\/41045\/revisions\/80908"}],"up":[{"embeddable":true,"href":"https:\/\/www.sisinternational.com\/it\/wp-json\/wp\/v2\/pages\/20148"}],"wp:featuredmedia":[{"embeddable":true,"href":"https:\/\/www.sisinternational.com\/it\/wp-json\/wp\/v2\/media\/62791"}],"wp:attachment":[{"href":"https:\/\/www.sisinternational.com\/it\/wp-json\/wp\/v2\/media?parent=41045"}],"curies":[{"name":"wp","href":"https:\/\/api.w.org\/{rel}","templated":true}]}}