{"id":41040,"date":"2022-11-13T02:08:35","date_gmt":"2022-11-13T02:08:35","guid":{"rendered":"https:\/\/www.sisinternational.com\/?page_id=41040"},"modified":"2026-01-25T16:41:14","modified_gmt":"2026-01-25T21:41:14","slug":"ricerche-di-mercato-sullinformatica-quantistica","status":"publish","type":"page","link":"https:\/\/www.sisinternational.com\/it\/competenza\/ricerche-di-mercato-sullinformatica-quantistica\/","title":{"rendered":"Ricerche di mercato sull&#039;informatica quantistica"},"content":{"rendered":"<h1 class=\"wp-block-heading p1\"><span class=\"s1\">Ricerche di mercato sull&#039;informatica quantistica<\/span><\/h1>\n\n\n\n<figure class=\"gb-block-image gb-block-image-aa5e929a\"><img loading=\"lazy\" decoding=\"async\" width=\"1456\" height=\"816\" class=\"gb-image gb-image-aa5e929a\" src=\"https:\/\/www.sisinternational.com\/wp-content\/uploads\/2025\/09\/FinTech-Terch-technology-AI-artificial-intelligence-14.jpg\" alt=\"Ricerca e strategia di mercato internazionale SIS\" title=\"FinTech Terch technology AI artificial intelligence (14)\" srcset=\"https:\/\/www.sisinternational.com\/wp-content\/uploads\/2025\/09\/FinTech-Terch-technology-AI-artificial-intelligence-14.jpg 1456w, https:\/\/www.sisinternational.com\/wp-content\/uploads\/2025\/09\/FinTech-Terch-technology-AI-artificial-intelligence-14-300x168.jpg 300w, https:\/\/www.sisinternational.com\/wp-content\/uploads\/2025\/09\/FinTech-Terch-technology-AI-artificial-intelligence-14-1024x574.jpg 1024w, https:\/\/www.sisinternational.com\/wp-content\/uploads\/2025\/09\/FinTech-Terch-technology-AI-artificial-intelligence-14-768x430.jpg 768w, https:\/\/www.sisinternational.com\/wp-content\/uploads\/2025\/09\/FinTech-Terch-technology-AI-artificial-intelligence-14-18x10.jpg 18w\" sizes=\"auto, (max-width: 1456px) 100vw, 1456px\"><\/figure>\n\n\n\n<p><\/p>\n\n\n\n<hr class=\"wp-block-separator has-alpha-channel-opacity is-style-dots\"\/>\n\n\n\n<p class=\"p2\">Quantum Computing is a type of computing. It uses concepts from Quantum Physics to solve complex problems. The concepts in this type of computing are Superposition and entanglement. Superposition is where the quantum particles exist in two possible states at the same time. Entanglements mean that the particles connect.<\/p>\n\n\n\n<h2 class=\"wp-block-heading p3\">Perch\u00e9 l&#039;informatica quantistica \u00e8 importante?<\/h2>\n\n\n\n<p class=\"p2\">Il calcolo quantistico conferisce al computer una maggiore potenza di elaborazione. Pertanto, questi computer possono svolgere alcune attivit\u00e0 meglio e pi\u00f9 velocemente di un computer classico. Inoltre consumano meno energia.<\/p>\n\n\n\n<p class=\"p2\">I computer classici codificano i dati in unit\u00e0 chiamate bit, che possono avere il valore di 1 o 0. Questi computer non memorizzano mai i dati come 1 e 0 contemporaneamente. Per questo motivo, i bit limitano il modo in cui i computer possono lavorare sui dati. I computer quantistici sono diversi. Usano un&#039;unit\u00e0 chiamata bit quantici o qubit per codificare i dati. I qubit comprendono particelle quantistiche. Queste particelle esistono in sovrapposizione. Pertanto, quando i dati vengono codificati, i qubit possono contenere i valori 1 e 0 contemporaneamente. Memorizzeranno pi\u00f9 dati ed elaboreranno pi\u00f9 informazioni. Ad esempio, \u00e8 facile per un computer quantistico risolvere un problema complesso. Pu\u00f2 eseguire molti calcoli contemporaneamente per ottenere la risposta. I computer classici eseguiranno solo una possibile soluzione alla volta.<\/p>\n\n\n\n<h2 class=\"wp-block-heading p4\">Titoli di lavoro chiave<\/h2>\n\n\n\n<h3 class=\"wp-block-heading p2\">Ecco alcuni titoli professionali chiave in quest&#039;area di lavoro:<\/h3>\n\n\n\n<ul class=\"wp-block-list ul1\">\n<li>Architetto Quantistico<\/li>\n\n\n\n<li>Ingegnere software per dispositivi di rilevamento<\/li>\n\n\n\n<li>Fisico quantistico<\/li>\n\n\n\n<li>Ingegnere scientifico del software<\/li>\n\n\n\n<li>Scienziato dei dati<\/li>\n\n\n\n<li>Ricercatore di informatica quantistica<\/li>\n<\/ul>\n\n\n\n<h2 class=\"wp-block-heading p8\">Why Businesses Need Quantum Computing<\/h2>\n\n\n\n<h3 class=\"wp-block-heading\">Risparmia tempo e denaro.<\/h3>\n\n\n\n<p class=\"p2\">Quantum Computers can do some things much faster than classical computers. There are some problems that a Classic Computer will take years to solve. While this is happening, the company is losing time and money. They will also be putting resources into that task for years. For example, some research in medicine is slow because it is expensive. Due to the nature of qubits, Quantum <a href=\"https:\/\/www.sisinternational.com\/it\/soluzioni\/ai-ricerche-di-mercato-e-consulenza-strategica\/visione-artificiale-e-ricerche-di-mercato\/\" title=\"Ricerche di mercato sull\u2019intelligenza artificiale per la visione artificiale\"  data-wpil-monitor-id=\"2760\">Computing can research<\/a> in minutes. The money and resources that the company saves can go toward other things.<\/p>\n\n\n\n<h3 class=\"wp-block-heading\">Per simulazioni del mondo reale<\/h3>\n\n\n\n<p class=\"p2\">A company can plan to bring a new <a href=\"https:\/\/www.sisinternational.com\/it\/competenza\/curriculum-di-esperienza\/ricerche-di-mercato-sui-prodotti-per-la-cura-personale\/\" title=\"Ricerche di mercato sui prodotti per la cura personale\"  data-wpil-monitor-id=\"10079\">product onto the market<\/a> or start a project. But, this new thing could have harmful side effects for the public. It could also be unprofitable for the company. Instead of taking the risk and causing harm, the company can run a simulation. A quantum computer will play out the possible outcomes. Neither the public nor the company will face any risk. The <a href=\"https:\/\/www.sisinternational.com\/it\/soluzioni\/prova-del-gusto\/servizi-di-test-di-prodotto-a-new-york\/\" title=\"Servizi di test di prodotto a New York\"  data-wpil-monitor-id=\"10082\">product or service<\/a> will also be better. This way is much better for everyone.<\/p>\n\n\n\n<h3 class=\"wp-block-heading\">Sicurezza informatica<\/h3>\n\n\n\n<p class=\"p2\">Nel mondo di oggi, la maggior parte degli affari avviene online. Se da un lato ci\u00f2 offre alle aziende pi\u00f9 modi per raggiungere i clienti, dall\u2019altro li espone anche agli attacchi online. Le aziende hanno cercato di rafforzare la propria sicurezza online per proteggersi. Tuttavia, il fatto \u00e8 che il computer classico non pu\u00f2 svolgere questo lavoro cos\u00ec bene come si spera.<\/p>\n\n\n\n<p class=\"p2\">&nbsp;I computer quantistici sono pi\u00f9 avanzati delle loro controparti classiche. In questo modo miglioreranno la protezione contro gli attacchi informatici. Lo fanno utilizzando metodi come la crittografia quantistica.<\/p>\n\n\n\n<h2 class=\"wp-block-heading\">Informazioni sull&#039;informatica quantistica<\/h2>\n\n\n\n<p class=\"p2\">Al momento, il calcolo quantistico su larga scala \u00e8 ancora un concetto. Questi computer sono difficili e costosi da realizzare. Hanno anche bisogno di un ambiente particolare in cui lavorare.<\/p>\n\n\n\n<p class=\"p2\">Thus, scientists are <a href=\"https:\/\/www.sisinternational.com\/it\/pubblicazioni\/ricerche-di-mercato-per-un-business-scalabile-7-modi-per-costruire-un-business-scalabile\/\" title=\"Ricerche di mercato per aziende scalabili: 7 modi per costruire un business scalabile\"  data-wpil-monitor-id=\"10081\">busy looking into how to build<\/a> more quantum computers. They are carrying out <a href=\"https:\/\/www.sisinternational.com\/it\/soluzioni\/soluzioni-di-ricerca-quantitativa-qualitativa\/reclutamento-per-la-ricerca-qualitativa\/\" title=\"Reclutamento per la ricerca qualitativa\"  data-wpil-monitor-id=\"10080\">Ricerca qualitativa e quantitativa<\/a> on how to make them. There are also surveys and focus groups for getting information. These findings often end up in academic journals. The scientists also talk about what they learned in interviews.<\/p>\n\n\n\n<p class=\"p5\">It is a fact that Quantum Computing will improve many fields. It is helpful in medicine, finance, and cyber security, to name a few. Thus, companies are also <a href=\"https:\/\/www.sisinternational.com\/it\/competenza\/industrie\/ricerche-di-mercato-nel-cloud-computing\/\" title=\"Ricerche di mercato del cloud computing\"  data-wpil-monitor-id=\"3676\">researching how to use Quantum Computing<\/a>. It\u2019s another excellent way to make their businesses better.<\/p>\n\n\n\n<p><\/p>","protected":false},"excerpt":{"rendered":"<p>Il calcolo quantistico offre ai computer una maggiore potenza di elaborazione. Questi computer consumano meno energia e possono svolgere alcune attivit\u00e0 meglio e pi\u00f9 velocemente di un computer classico.<\/p>","protected":false},"author":1,"featured_media":69469,"parent":14514,"menu_order":151,"comment_status":"closed","ping_status":"closed","template":"","meta":{"footnotes":""},"class_list":["post-41040","page","type-page","status-publish","has-post-thumbnail"],"_links":{"self":[{"href":"https:\/\/www.sisinternational.com\/it\/wp-json\/wp\/v2\/pages\/41040","targetHints":{"allow":["GET"]}}],"collection":[{"href":"https:\/\/www.sisinternational.com\/it\/wp-json\/wp\/v2\/pages"}],"about":[{"href":"https:\/\/www.sisinternational.com\/it\/wp-json\/wp\/v2\/types\/page"}],"author":[{"embeddable":true,"href":"https:\/\/www.sisinternational.com\/it\/wp-json\/wp\/v2\/users\/1"}],"replies":[{"embeddable":true,"href":"https:\/\/www.sisinternational.com\/it\/wp-json\/wp\/v2\/comments?post=41040"}],"version-history":[{"count":7,"href":"https:\/\/www.sisinternational.com\/it\/wp-json\/wp\/v2\/pages\/41040\/revisions"}],"predecessor-version":[{"id":81667,"href":"https:\/\/www.sisinternational.com\/it\/wp-json\/wp\/v2\/pages\/41040\/revisions\/81667"}],"up":[{"embeddable":true,"href":"https:\/\/www.sisinternational.com\/it\/wp-json\/wp\/v2\/pages\/14514"}],"wp:featuredmedia":[{"embeddable":true,"href":"https:\/\/www.sisinternational.com\/it\/wp-json\/wp\/v2\/media\/69469"}],"wp:attachment":[{"href":"https:\/\/www.sisinternational.com\/it\/wp-json\/wp\/v2\/media?parent=41040"}],"curies":[{"name":"wp","href":"https:\/\/api.w.org\/{rel}","templated":true}]}}