{"id":41022,"date":"2022-11-12T04:24:26","date_gmt":"2022-11-12T04:24:26","guid":{"rendered":"https:\/\/www.sisinternational.com\/?page_id=41022"},"modified":"2026-01-26T17:57:50","modified_gmt":"2026-01-26T22:57:50","slug":"ricerche-di-mercato-sulla-progettazione-di-imballaggi","status":"publish","type":"page","link":"https:\/\/www.sisinternational.com\/it\/competenza\/ricerche-di-mercato-sulla-progettazione-di-imballaggi\/","title":{"rendered":"Ricerche di mercato sulla progettazione di imballaggi"},"content":{"rendered":"<h1 class=\"wp-block-heading\">Ricerche di mercato sulla progettazione di imballaggi<\/h1>\n\n\n\n<figure class=\"gb-block-image gb-block-image-ab8835fd\"><img loading=\"lazy\" decoding=\"async\" width=\"1456\" height=\"816\" class=\"gb-image gb-image-ab8835fd\" src=\"https:\/\/www.sisinternational.com\/wp-content\/uploads\/2025\/09\/Package-7.jpg\" alt=\"Ricerca e strategia di mercato internazionale SIS\" title=\"Package (7)\" srcset=\"https:\/\/www.sisinternational.com\/wp-content\/uploads\/2025\/09\/Package-7.jpg 1456w, https:\/\/www.sisinternational.com\/wp-content\/uploads\/2025\/09\/Package-7-300x168.jpg 300w, https:\/\/www.sisinternational.com\/wp-content\/uploads\/2025\/09\/Package-7-1024x574.jpg 1024w, https:\/\/www.sisinternational.com\/wp-content\/uploads\/2025\/09\/Package-7-768x430.jpg 768w, https:\/\/www.sisinternational.com\/wp-content\/uploads\/2025\/09\/Package-7-18x10.jpg 18w\" sizes=\"auto, (max-width: 1456px) 100vw, 1456px\"><\/figure>\n\n\n\n<p><\/p>\n\n\n\n<hr class=\"wp-block-separator has-alpha-channel-opacity is-style-dots\"\/>\n\n\n\n<h2 class=\"wp-block-heading\">Perch\u00e9 l&#039;imballaggio \u00e8 importante?<\/h2>\n\n\n\n<p>Il packaging \u00e8 una tattica di marketing vitale. Le aziende utilizzano l&#039;imballaggio per abbellire la merce e attirare il consumatore. La creazione di imballaggi accattivanti e persuasivi incuriosisce gli acquirenti alle prime armi. Molti consumatori giudicano un prodotto dalla sua confezione prima di acquistarlo. \u00c8 l&#039;identit\u00e0 di un prodotto. Anche le borse della spesa parlano ai tuoi clienti e influiscono sulla percezione del marchio.<\/p>\n\n\n\n<p>Many companies conduct extensive research on <a href=\"https:\/\/www.sisinternational.com\/it\/soluzioni\/soluzioni-di-branding-e-ricerca-clienti\/ricerche-di-mercato-sugli-imballaggi\/\" title=\"Ricerche di mercato sugli imballaggi\"  data-wpil-monitor-id=\"6544\">designs<\/a> and color schemes for product packaging. These companies need to know the types of packaging that are most attractive to the intended consumer. Why do they go to such lengths? Because product packaging is often what often entices the consumer to take a look at the product.<\/p>\n\n\n\n<p>Gli esperti di marketing dovrebbero utilizzare ogni centimetro a loro disposizione quando confezionano un prodotto. Anche l\u2019efficienza in termini di costi \u00e8 essenziale. Gli esperti di marketing devono considerare la qualit\u00e0 dei materiali. Devono anche esaminare i metodi di spedizione utilizzati se vogliono ottenere un buon rapporto qualit\u00e0-prezzo. Un\u2019altra considerazione \u00e8 il rafforzamento del marchio. Le caratteristiche di design utilizzate sulla confezione di un&#039;azienda sono una parte principale dell&#039;identit\u00e0 del marchio. Utilizza il packaging per comunicare quell&#039;identit\u00e0 al suo pubblico target. La facilit\u00e0 d\u2019uso \u00e8 un altro fattore critico. Un pacchetto facile da trasportare, utilizzare o conservare per i consumatori funzioner\u00e0 meglio di uno difficile da gestire.<\/p>\n\n\n\n<h2 class=\"wp-block-heading\">L\u2019ascesa delle tendenze del packaging<\/h2>\n\n\n\n<p>Le aziende possono trarre vantaggio da tendenze come la stampa 3D per creare imballaggi su richiesta. Questa tendenza consente ai marchi di offrire ai clienti imballaggi personalizzati. Consente inoltre alle aziende di lanciare nuovi imballaggi in risposta a eventi speciali.<\/p>\n\n\n\n<p>Anche la pressione dei gruppi di pressione e dei media sta costringendo molti marchi a rinunciare alla plastica. I consumatori spingono anche i marchi a utilizzare imballaggi sostenibili al 100%. La sfida per gli esperti di marketing inizia con la definizione del nuovo materiale migliore da utilizzare. Questa definizione pu\u00f2 essere difficile, data la marea spesso mutevole dell\u2019opinione pubblica. Anche cambiare la confezione, ad esempio da una lattina a una busta, richiede tempo. Una tale transizione richiede una linea di produzione completamente nuova.<\/p>\n\n\n\n<p>La busta di plastica rimane una delle opzioni di imballaggio pi\u00f9 convenienti disponibili. Un&#039;altra scelta popolare a basso costo sono le scatole di cartone, facili da personalizzare. Molte aziende scelgono anche i sacchetti di carta. In questo modo si autodefiniscono imprese eco-compatibili.<\/p>\n\n\n\n<h2 class=\"wp-block-heading\">In che modo la ricerca qualitativa aiuta la progettazione del packaging?<\/h2>\n\n\n\n<p>New product concept testing is a qualitative research method. It helps marketers by determining the reactions of individuals to alternative <a href=\"https:\/\/www.sisinternational.com\/it\/soluzioni\/innovazione\/pensiero-progettuale\/\" title=\"Ricerche di mercato sul Design Thinking\"  data-wpil-monitor-id=\"6682\">packaging<\/a> designs. Usability testing is another method that helps. This method compiles user observations on design features. It assists marketers by outlining the features that are easy or difficult to use. Qualitative <a href=\"https:\/\/www.sisinternational.com\/it\/il-ruolo-dello-sviluppo-di-processi-e-sistemi-nel-successo-organizzativo\/\" title=\"Ricerche di mercato sulla progettazione organizzativa\"  data-wpil-monitor-id=\"2936\">research can also help marketers<\/a> to use packaging to improve brand perception.<\/p>\n\n\n\n<h2 class=\"wp-block-heading\">In che modo la ricerca quantitativa aiuta?<\/h2>\n\n\n\n<p>La risposta vocale alla domanda \u201cTi piace questo prodotto?\u201d potrebbe non essere sempre la vera risposta. Gli intervistati possono dare risposte distorte a causa di bias cognitivi. La soluzione \u00e8 il tracciamento oculare. Questa metrica aiuta gli esperti di marketing a comprendere meglio l&#039;esperienza del consumatore. I sondaggi sono un altro metodo quantitativo. Questi sondaggi sono preziosi per misurare il funzionamento del design del packaging proposto. Aiutano inoltre gli operatori di marketing a determinare se il nuovo modello \u00e8 pronto per l&#039;ingresso sul mercato.<\/p>\n\n\n\n<h2 class=\"wp-block-heading\">In che modo la ricerca strategica aiuta?<\/h2>\n\n\n\n<p>Un\u2019analisi competitiva approfondita \u00e8 indispensabile per qualsiasi organizzazione. Un altro strumento prezioso \u00e8 la valutazione delle opportunit\u00e0 di mercato. Questa metrica identifica i requisiti e le barriere all\u2019ingresso nel mercato. Le aziende devono anche effettuare ricerche sulle dimensioni del mercato. Questo strumento aiuta le aziende a distinguere tra il mercato indirizzabile e quello disponibile. Il mercato indirizzabile \u00e8 l\u2019opportunit\u00e0 di guadagno totale per un prodotto o servizio. Il mercato disponibile \u00e8 una sezione del mercato indirizzabile per il quale un\u2019azienda pu\u00f2 competere.<\/p>\n\n\n\n<p>Un altro elemento vitale della ricerca strategica \u00e8 il monitoraggio del settore. Il monitoraggio strategico delle osservazioni, della reattivit\u00e0 e del comportamento dei consumatori fornisce informazioni di marketing cruciali. Questa intelligenza aiuta a guidare le aziende attraverso i cambiamenti caotici e rapidi dei media. Li guida anche attraverso l\u2019interruzione della tecnologia e dei canali di distribuzione. Il monitoraggio strategico risponde a domande essenziali come l&#039;andamento della notoriet\u00e0 del marchio. Questo metodo consente alle aziende di competere meglio sul mercato.<\/p>\n\n\n\n<p><\/p>","protected":false},"excerpt":{"rendered":"<p>Il packaging \u00e8 una tattica di marketing vitale. Le aziende utilizzano l&#039;imballaggio per abbellire la merce e attirare il consumatore. La creazione di imballaggi accattivanti e persuasivi incuriosisce gli acquirenti alle prime armi.<\/p>","protected":false},"author":1,"featured_media":69143,"parent":14514,"menu_order":150,"comment_status":"closed","ping_status":"closed","template":"","meta":{"footnotes":""},"class_list":["post-41022","page","type-page","status-publish","has-post-thumbnail"],"_links":{"self":[{"href":"https:\/\/www.sisinternational.com\/it\/wp-json\/wp\/v2\/pages\/41022","targetHints":{"allow":["GET"]}}],"collection":[{"href":"https:\/\/www.sisinternational.com\/it\/wp-json\/wp\/v2\/pages"}],"about":[{"href":"https:\/\/www.sisinternational.com\/it\/wp-json\/wp\/v2\/types\/page"}],"author":[{"embeddable":true,"href":"https:\/\/www.sisinternational.com\/it\/wp-json\/wp\/v2\/users\/1"}],"replies":[{"embeddable":true,"href":"https:\/\/www.sisinternational.com\/it\/wp-json\/wp\/v2\/comments?post=41022"}],"version-history":[{"count":6,"href":"https:\/\/www.sisinternational.com\/it\/wp-json\/wp\/v2\/pages\/41022\/revisions"}],"predecessor-version":[{"id":80262,"href":"https:\/\/www.sisinternational.com\/it\/wp-json\/wp\/v2\/pages\/41022\/revisions\/80262"}],"up":[{"embeddable":true,"href":"https:\/\/www.sisinternational.com\/it\/wp-json\/wp\/v2\/pages\/14514"}],"wp:featuredmedia":[{"embeddable":true,"href":"https:\/\/www.sisinternational.com\/it\/wp-json\/wp\/v2\/media\/69143"}],"wp:attachment":[{"href":"https:\/\/www.sisinternational.com\/it\/wp-json\/wp\/v2\/media?parent=41022"}],"curies":[{"name":"wp","href":"https:\/\/api.w.org\/{rel}","templated":true}]}}