{"id":41020,"date":"2022-11-12T00:29:27","date_gmt":"2022-11-12T00:29:27","guid":{"rendered":"https:\/\/www.sisinternational.com\/?page_id=41020"},"modified":"2026-01-27T16:45:47","modified_gmt":"2026-01-27T21:45:47","slug":"ricerche-di-mercato-in-tanzania","status":"publish","type":"page","link":"https:\/\/www.sisinternational.com\/it\/copertura\/ricerche-di-mercato-africane\/ricerche-di-mercato-in-tanzania\/","title":{"rendered":"Ricerche di mercato in Tanzania"},"content":{"rendered":"<h1 class=\"wp-block-heading\">Ricerche di mercato in Tanzania<\/h1>\n\n\n\n<figure class=\"gb-block-image gb-block-image-eb503364\"><img loading=\"lazy\" decoding=\"async\" width=\"1456\" height=\"816\" class=\"gb-image gb-image-eb503364\" src=\"https:\/\/www.sisinternational.com\/wp-content\/uploads\/2025\/08\/Tanzania-4.jpg\" alt=\"Ricerca e strategia di mercato internazionale SIS\" title=\"Tanzania (4)\" srcset=\"https:\/\/www.sisinternational.com\/wp-content\/uploads\/2025\/08\/Tanzania-4.jpg 1456w, https:\/\/www.sisinternational.com\/wp-content\/uploads\/2025\/08\/Tanzania-4-300x168.jpg 300w, https:\/\/www.sisinternational.com\/wp-content\/uploads\/2025\/08\/Tanzania-4-1024x574.jpg 1024w, https:\/\/www.sisinternational.com\/wp-content\/uploads\/2025\/08\/Tanzania-4-768x430.jpg 768w, https:\/\/www.sisinternational.com\/wp-content\/uploads\/2025\/08\/Tanzania-4-18x10.jpg 18w\" sizes=\"auto, (max-width: 1456px) 100vw, 1456px\"><\/figure>\n\n\n\n<p><\/p>\n\n\n\n<hr class=\"wp-block-separator has-alpha-channel-opacity is-style-dots\"\/>\n\n\n\n<p>La Tanzania \u00e8 una repubblica dell&#039;Africa orientale. Il suo confine settentrionale incontra l&#039;Uganda e il Kenya. A ovest si trovano la Repubblica del Congo, il Ruanda e il Burundi. La Tanzania confina a sud anche con il Malawi, il Mozambico e lo Zambia. Inoltre, l&#039;Oceano Indiano bagna la costa orientale del paese.<\/p>\n\n\n\n<p>Il soprannome della Tanzania \u00e8 &quot;L&#039;anima dell&#039;Africa&quot;. Questa denominazione \u00e8 nata grazie alla sua ricca cultura e storia e alla sua diversificata fauna selvatica. Un altro attributo sono i suoi parchi nazionali, che includono il Serengeti. In Tanzania si trova anche la vetta pi\u00f9 alta del continente africano, il Monte Kilimanjaro, un vulcano dormiente che si eleva a 5.895 metri (19.340 piedi).<\/p>\n\n\n\n<h2 class=\"wp-block-heading\">Industrie chiave<\/h2>\n\n\n\n<h3 class=\"wp-block-heading\">L&#039;estrazione mineraria, l&#039;energia, l&#039;edilizia e l&#039;ingegneria costituiscono l&#039;economia della Tanzania.<\/h3>\n\n\n\n<p>Inoltre, la Tanzania esporta prodotti agricoli, materie prime, minerali, metalli e manufatti. Caff\u00e8, tabacco, cotone, anacardi e t\u00e8 rappresentano quasi la met\u00e0 delle esportazioni totali della Tanzania.<\/p>\n\n\n\n<p>Il rallentamento economico globale ha colpito le industrie orientate all\u2019esportazione. Il turismo e le esportazioni tradizionali sono due di questi settori. La crisi ha anche frenato l\u2019attivit\u00e0 economica interna, cos\u00ec come le importazioni, incidendo sui mezzi di sussistenza.<\/p>\n\n\n\n<p>Dar es Salaam, che in swahili significa &quot;oasi di pace&quot;, \u00e8 la citt\u00e0 pi\u00f9 importante della Tanzania. Inoltre, Dar es Salaam \u00e8 la citt\u00e0 africana in pi\u00f9 rapida crescita. La sua popolazione \u00e8 in aumento dalla met\u00e0 degli anni &#039;80. \u00c8 un dato di fatto, \u00e8 sulla buona strada per diventare uno dei pi\u00f9 grandi centri commerciali dell\u2019Africa orientale.<\/p>\n\n\n\n<h2 class=\"wp-block-heading\">Quartieri<\/h2>\n\n\n\n<p>Masaki \u00e8 una zona ricca di Dar es Salaam. Inoltre, ha una concentrazione di espatriati e dignitari stranieri. Per non parlare del fatto che \u00e8 disponibile una variet\u00e0 di cucine da tutto il mondo e ritorno. Inoltre, molti bar e lounge si uniscono a questi ristoranti per una vivace vita notturna.<\/p>\n\n\n\n<p>Bahari Beach ha un mix di case familiari giovani e anziane. Questa zona sicura offre molto spazio per vagare. Una popolazione in crescita significa pi\u00f9 negozi, possibilit\u00e0 di mangiare e collegamenti di trasporto.<\/p>\n\n\n\n<p>La capitale ufficiale della Tanzania \u00e8 Dodoma, situata a circa 300 miglia nell&#039;entroterra dell&#039;Oceano Indiano. Gli sforzi per spostare il governo dalla vecchia capitale sono stati lenti a causa della crescita di Dar es Salaam.<\/p>\n\n\n\n<p>Poi c&#039;\u00e8 Zanzibar, un&#039;isola ricca di spezie e una cultura che attrae viaggiatori internazionali. \u00c8 un paradiso segreto con acque cristalline durante il giorno e feste di luna piena tutta la notte.<\/p>\n\n\n\n<h2 class=\"wp-block-heading\">Tendenze<\/h2>\n\n\n\n<p>L\u2019ultimo decennio ha portato una forte crescita economica nella Repubblica Unita della Tanzania. Recentemente si \u00e8 prestata attenzione alla gestione di un\u2019amministrazione pi\u00f9 snella. Il governo afferma che ci\u00f2 porter\u00e0 a miglioramenti nell\u2019efficienza del settore pubblico. Nel frattempo, ha adottato altre strategie efficienti. Ad esempio, utilizza l&#039;elaborazione elettronica di documenti e pagamenti. L\u2019infrastruttura digitale per aspetti come le tasse e i fascicoli commerciali mostra notevoli progressi.<\/p>\n\n\n\n<p>Entro il 2025, la Tanzania Development Vision mira a trasformare lo Stato. L\u2019obiettivo \u00e8 renderlo un\u2019economia a reddito medio e semi-industrializzata.<\/p>\n\n\n\n<p>Commercial opportunities in Tanzania look bright. The energy sector is shining. As transportation infrastructure becomes reformed, reliable, and more efficient, Tanzanians can expect export growth. There is also potential export growth for manufactured goods and agriculture. With more activity in ports, services, and tourism can increase in the medium term.<\/p>\n\n\n\n<p>The country <a href=\"https:\/\/www.sisinternational.com\/it\/analysis-b2b\/\" title=\"What Business Leaders Need to Know Right Now\"  data-wpil-monitor-id=\"10035\">needs further development in the business<\/a> sector. Advancements in this sector will help Tanzania improve its global business environment rankings. Difficulties with corruption and poor infrastructure have hindered the country in the past. Another roadblock used to be the difficulty in accessing financing.<\/p>\n\n\n\n<h2 class=\"wp-block-heading\">Vantaggi e punti di forza<\/h2>\n\n\n\n<p>Tanzania ranks high among its regional peers in foreign direct investment. Many multinational companies focus on the country\u2019s energy <a href=\"https:\/\/www.sisinternational.com\/it\/competenza\/industrie\/ricerche-di-mercato-sulle-risorse-naturali\/\" title=\"Ricerche di mercato sulle risorse naturali\"  data-wpil-monitor-id=\"10026\">resources because Tanzania has natural<\/a> gas reserves along the southern coast. The Tanzanian government encourages local and international investment.<\/p>\n\n\n\n<p>Il turismo \u00e8 uno dei settori in pi\u00f9 rapida crescita della Tanzania, insieme al settore immobiliare e ai trasporti.<\/p>\n\n\n\n<h3 class=\"wp-block-heading\">Base dei consumatori<\/h3>\n\n\n\n<p>Durante la pandemia, molti tanzaniani hanno subito perdite finanziarie. L\u2019aumento della disoccupazione \u00e8 dovuto al forte calo delle vendite e allo scarso flusso di cassa. Gli shock economici spingono la popolazione media della Tanzania pi\u00f9 vicino alla soglia di povert\u00e0.<\/p>\n\n\n\n<h3 class=\"wp-block-heading\">Motivi per far crescere la tua attivit\u00e0 in Tanzania<\/h3>\n\n\n\n<p>Those investing in Tanzania have the benefit of entering a <a href=\"https:\/\/www.sisinternational.com\/it\/soluzioni\/ricerche-di-mercato-sulla-crescita-aziendale-internazionale\/\" title=\"Ricerche di mercato sulla crescita aziendale internazionale\"  data-wpil-monitor-id=\"10029\">market with steady growth<\/a>. The World Bank recently upgraded the Tanzanian economy from low- to lower-middle-income. Thus, the time to invest is now as demand and consumer disposable income increase.<\/p>\n\n\n\n<p>International partnerships are the focus of the Tanzanian government. Companies listed on the domestic stock <a href=\"https:\/\/www.sisinternational.com\/it\/soluzioni\/ricerca-di-consulenza-strategica-fintech\/ricerche-di-mercato-sui-cambi\/\" title=\"Ricerche di mercato sui cambi\"  data-wpil-monitor-id=\"10031\">exchange can have 100% foreign<\/a> ownership. There are also tax and investment incentives for qualifying businesses.<\/p>\n\n\n\n<h2 class=\"wp-block-heading\">Ricerche di mercato in Tanzania<\/h2>\n\n\n\n<p>Any seasoned investor knows the <a href=\"https:\/\/www.sisinternational.com\/it\/soluzioni\/ricerche-di-mercato-sul-valore-della-vita-del-cliente\/\" title=\"Ricerche di mercato sul valore della vita del cliente\"  data-wpil-monitor-id=\"10023\">value of market research<\/a>. Even those exploring potential <a href=\"https:\/\/www.sisinternational.com\/it\/top-5-benefits-of-qualitative-market-research-for-businesses\/\" title=\"Top 5 Benefits of Qualitative Market Research for Businesses\"  data-wpil-monitor-id=\"10033\">business ideas should perform Qualitative<\/a>, Quantitative, and Strategy Research. <a href=\"https:\/\/www.sisinternational.com\/it\/entrare-nel-mercato-dellamerica-latina\/\" title=\"Entrare nel mercato latinoamericano\"  data-wpil-monitor-id=\"7555\">Ricerche di mercato in Tanzania<\/a> will prepare your business to enter the Tanzanian market.<\/p>\n\n\n\n<p>Interviews and <a href=\"https:\/\/www.sisinternational.com\/it\/soluzioni\/soluzioni-di-ricerca-quantitativa-qualitativa\/indagini-di-mercato\/\" title=\"Sondaggio di ricerche di mercato\"  data-wpil-monitor-id=\"10037\">Sondaggi<\/a> can also give you a deeper understanding of market opportunities. Focus Groups and Data Analysis are other beneficial tools for Market Research in Tanzania.<\/p>\n\n\n\n<p><\/p>","protected":false},"excerpt":{"rendered":"<p>L\u2019ultimo decennio ha portato una forte crescita economica nella Repubblica Unita della Tanzania. L&#039;estrazione mineraria, l&#039;energia, l&#039;edilizia e l&#039;ingegneria costituiscono l&#039;economia della Tanzania.<\/p>","protected":false},"author":1,"featured_media":65232,"parent":14281,"menu_order":48,"comment_status":"closed","ping_status":"closed","template":"","meta":{"footnotes":""},"class_list":["post-41020","page","type-page","status-publish","has-post-thumbnail"],"_links":{"self":[{"href":"https:\/\/www.sisinternational.com\/it\/wp-json\/wp\/v2\/pages\/41020","targetHints":{"allow":["GET"]}}],"collection":[{"href":"https:\/\/www.sisinternational.com\/it\/wp-json\/wp\/v2\/pages"}],"about":[{"href":"https:\/\/www.sisinternational.com\/it\/wp-json\/wp\/v2\/types\/page"}],"author":[{"embeddable":true,"href":"https:\/\/www.sisinternational.com\/it\/wp-json\/wp\/v2\/users\/1"}],"replies":[{"embeddable":true,"href":"https:\/\/www.sisinternational.com\/it\/wp-json\/wp\/v2\/comments?post=41020"}],"version-history":[{"count":5,"href":"https:\/\/www.sisinternational.com\/it\/wp-json\/wp\/v2\/pages\/41020\/revisions"}],"predecessor-version":[{"id":81660,"href":"https:\/\/www.sisinternational.com\/it\/wp-json\/wp\/v2\/pages\/41020\/revisions\/81660"}],"up":[{"embeddable":true,"href":"https:\/\/www.sisinternational.com\/it\/wp-json\/wp\/v2\/pages\/14281"}],"wp:featuredmedia":[{"embeddable":true,"href":"https:\/\/www.sisinternational.com\/it\/wp-json\/wp\/v2\/media\/65232"}],"wp:attachment":[{"href":"https:\/\/www.sisinternational.com\/it\/wp-json\/wp\/v2\/media?parent=41020"}],"curies":[{"name":"wp","href":"https:\/\/api.w.org\/{rel}","templated":true}]}}