{"id":41016,"date":"2022-11-12T00:08:27","date_gmt":"2022-11-12T00:08:27","guid":{"rendered":"https:\/\/www.sisinternational.com\/?page_id=41016"},"modified":"2026-01-26T18:47:08","modified_gmt":"2026-01-26T23:47:08","slug":"ricerche-di-mercato-in-namibia","status":"publish","type":"page","link":"https:\/\/www.sisinternational.com\/it\/copertura\/ricerche-di-mercato-africane\/ricerche-di-mercato-in-namibia\/","title":{"rendered":"Ricerche di mercato in Namibia"},"content":{"rendered":"<h1 class=\"wp-block-heading\">Ricerche di mercato in Namibia<\/h1>\n\n\n\n<figure class=\"gb-block-image gb-block-image-3141a289\"><img loading=\"lazy\" decoding=\"async\" width=\"1456\" height=\"816\" class=\"gb-image gb-image-3141a289\" src=\"https:\/\/www.sisinternational.com\/wp-content\/uploads\/2025\/08\/Namibia-2.jpg\" alt=\"Ricerca e strategia di mercato internazionale SIS\" title=\"Namibia (2)\" srcset=\"https:\/\/www.sisinternational.com\/wp-content\/uploads\/2025\/08\/Namibia-2.jpg 1456w, https:\/\/www.sisinternational.com\/wp-content\/uploads\/2025\/08\/Namibia-2-300x168.jpg 300w, https:\/\/www.sisinternational.com\/wp-content\/uploads\/2025\/08\/Namibia-2-1024x574.jpg 1024w, https:\/\/www.sisinternational.com\/wp-content\/uploads\/2025\/08\/Namibia-2-768x430.jpg 768w, https:\/\/www.sisinternational.com\/wp-content\/uploads\/2025\/08\/Namibia-2-18x10.jpg 18w\" sizes=\"auto, (max-width: 1456px) 100vw, 1456px\"><\/figure>\n\n\n\n<p><\/p>\n\n\n\n<hr class=\"wp-block-separator has-alpha-channel-opacity is-style-dots\"\/>\n\n\n\n<p>La Repubblica della Namibia si trova sulla costa sud-occidentale dell&#039;Africa. L&#039;Angola confina a nord con la Namibia, a nord-est con lo Zambia, a est con il Botswana, a sud-est e a sud con il Sudafrica e a ovest con l&#039;Oceano Atlantico.<\/p>\n\n\n\n<p>La lingua ufficiale \u00e8 l\u2019inglese, ma solo il 3% circa della popolazione la usa come lingua madre. La lingua madre principale \u00e8 l&#039;ovambo. Le persone parlano tra loro anche in Nama-Damara, Kavango, Capriviano e Afrikaans. Molti namibiani parlano due o pi\u00f9 lingue indigene. Conoscono anche almeno due delle tre lingue europee: inglese, afrikaans e tedesco.<\/p>\n\n\n\n<p>Molti aderiscono alla fede cristiana, almeno nel nome. Una piccola parte della popolazione aderisce alle credenze tradizionali.<\/p>\n\n\n\n<h2 class=\"wp-block-heading\">Industrie chiave<\/h2>\n\n\n\n<p>The mining industry accounts for under a third of Namibia\u2019s GDP. Yet, only a tiny part of the labor force works in the mines. Diamonds, uranium oxide, and base metals are primary mining resources. The production of uranium is high, but problems arise for new ore deposits. Thus, the <a href=\"https:\/\/www.sisinternational.com\/it\/venezuela-oil-mining-industry-potential-strategic-forecast-2026-2036\/\" title=\"Venezuela Oil &amp; Mining Industry Potential: Strategic Forecast 2026-2036\"  data-wpil-monitor-id=\"10030\">industry needs expansion to new mines<\/a> to maintain the production of uranium.<\/p>\n\n\n\n<p>Exports include diamonds, uranium oxide, furs, meat, fish, other animal products, base metals, and gold. The main <a href=\"https:\/\/www.sisinternational.com\/it\/copertura\/ricerche-di-mercato-africane\/ricerche-di-mercato-alle-seychelles-in-africa\/\" title=\"Ricerche di mercato alle Seychelles, Africa\"  data-wpil-monitor-id=\"5106\">markets are South Africa<\/a>, other neighboring countries, and western Europe.<\/p>\n\n\n\n<p>L&#039;agricoltura \u00e8 uno dei settori pi\u00f9 importanti della Namibia. Ma costituisce solo una frazione del contributo del settore minerario al PIL. Tuttavia, la maggior parte della popolazione dipende dall\u2019agricoltura per il proprio sostentamento.<\/p>\n\n\n\n<p>L\u2019allevamento del bestiame costituisce circa i due terzi della produzione agricola ed \u00e8 un\u2019importante fonte di valuta estera per la Namibia. L&#039;agricoltura e la silvicoltura costituiscono il restante terzo.<\/p>\n\n\n\n<h2 class=\"wp-block-heading\">Quartieri<\/h2>\n\n\n\n<p>Windhoek \u00e8 la capitale della Namibia, situata quasi al centro del paese. Prima che iniziassero gli insediamenti europei, il nome della citt\u00e0 era Aigams, che significa &quot;acqua calda&quot;. Il nome \u00e8 un riferimento alle sorgenti termali della regione.<\/p>\n\n\n\n<p>Circa la met\u00e0 dell\u2019intera popolazione vive nell\u2019estremo nord. Circa il 15% vive nelle aree di allevamento commerciale a nord e a sud di Windhoek. Un altro dieci per cento vive nelle patrie degli ex neri del centro e del sud. Molti vivono nella Grande Windhoek. Il resto vive nelle citt\u00e0 minerarie costiere e dell&#039;entroterra. Pi\u00f9 di un terzo dei namibiani vive in aree urbane.<\/p>\n\n\n\n<h2 class=\"wp-block-heading\">Tendenze<\/h2>\n\n\n\n<p>La popolazione della Namibia \u00e8 giovane. Sta crescendo a un ritmo modesto rispetto ad altri paesi africani.<\/p>\n\n\n\n<p>La pandemia di COVID-19 ha colpito duramente l&#039;economia della Namibia con un calo del turismo e del commercio al dettaglio. Anche il commercio e gli investimenti hanno sofferto, cos\u00ec come la sanit\u00e0 e l\u2019istruzione. A preoccupare sono anche le disuguaglianze occupazionali e salariali aggravate dalla pandemia. Alcuni esperti hanno proposto che la Namibia si concentri sulla tecnologia per favorire la crescita economica.<\/p>\n\n\n\n<p>La penetrazione di Internet in Namibia \u00e8 stata di 51% nel gennaio 2021. Successivamente l\u2019uso di Internet e dei social media \u00e8 aumentato.<\/p>\n\n\n\n<h2 class=\"wp-block-heading\">Vantaggi e punti di forza del mercato<\/h2>\n\n\n\n<p>La Namibia \u00e8 il settimo paese africano pi\u00f9 favorevole alle imprese. L\u2019economia, la stabilit\u00e0 politica e il reddito pro capite sono tra i migliori dell\u2019Africa.<\/p>\n\n\n\n<p>La Namibia fornisce poco meno di un terzo della produzione mondiale di diamanti ed \u00e8 un alto produttore di ossido di uranio.<\/p>\n\n\n\n<p>La Namibia \u00e8 anche leader nella produzione di carne. \u00c8 stato il primo paese africano ad esportare carne bovina negli Stati Uniti.<\/p>\n\n\n\n<h2 class=\"wp-block-heading\">Base dei consumatori<\/h2>\n\n\n\n<p>La maggior parte dei namibiani \u00e8 nera, con alcune persone che hanno origini europee.<\/p>\n\n\n\n<p>La Banca Mondiale considera la Namibia un\u2019economia a reddito medio-alto. Questa classifica \u00e8 superiore alla media per i paesi dell\u2019Africa sub-sahariana. Questa sintesi \u00e8 fuorviante poich\u00e9 la maggior parte dei namibiani vive in povert\u00e0 e molti hanno un accesso limitato ai servizi pubblici. La malnutrizione \u00e8 un problema, soprattutto tra i bambini. Meno del 50% della forza lavoro \u00e8 impegnata in impieghi salariati formali. In effetti, il paese ha statistiche di disoccupazione molto elevate.<\/p>\n\n\n\n<p>La maggior parte dei namibiani si dedica all\u2019agricoltura di sussistenza e alla pastorizia. La Namibia conta anche centinaia di migliaia di lavoratori qualificati.<\/p>\n\n\n\n<p>Despite the poverty of its people, Namibia has one of <a href=\"https:\/\/www.sisinternational.com\/it\/ricerche-di-mercato-nel-settore-sanitario-emea\/\" title=\"Ricerche di mercato nel settore sanitario in Europa\"  data-wpil-monitor-id=\"7046\">Africa\u2019s best healthcare<\/a> systems (measured by population-to-hospital bed and population-to-doctor ratios).<\/p>\n\n\n\n<p>Pi\u00f9 della met\u00e0 della popolazione della Namibia vive nei centri urbani, mentre il resto vive nelle zone rurali.<\/p>\n\n\n\n<p>Rispetto ad altri paesi a sud del Sahara, \u00e8 facile raggiungere i consumatori namibiani. Il consumatore namibiano \u00e8 ben istruito e ha migliori connessioni sui social media.<\/p>\n\n\n\n<h2 class=\"wp-block-heading\">Perch\u00e9 dovresti far crescere la tua attivit\u00e0 nel mercato della Namibia<\/h2>\n\n\n\n<p>La Namibia ha il potenziale per investire nello sviluppo di molte delle sue risorse. Le sue industrie, sebbene consolidate, sono ancora in via di sviluppo ed emergenti.<\/p>\n\n\n\n<p>The government channels a wealth of <a href=\"https:\/\/www.sisinternational.com\/it\/soluzioni\/ai-ricerche-di-mercato-e-consulenza-strategica\/automazione-delle-risorse-naturali-minerarie-consulenza-sullintelligenza-artificiale\/\" title=\"Automazione mineraria e delle risorse naturali e consulenza sull&#039;intelligenza artificiale\"  data-wpil-monitor-id=\"10024\">natural resources into mining<\/a>. This practice can serve as an opportunity for companies. Namibians need investors to provide equipment and services to mining operators.<\/p>\n\n\n\n<p>Namibia imports nearly all its consumer goods and exports most of its primary resources, many unprocessed. Investors have opportunities to introduce new consumer goods. As an investor, you can also expand <a href=\"https:\/\/www.sisinternational.com\/it\/competenza\/industrie\/ricerche-di-mercato-sulla-produzione-di-bevande-alimentari\/\" title=\"Ricerche di mercato sulla produzione di alimenti e bevande\"  data-wpil-monitor-id=\"10027\">manufacturing for both local and international markets<\/a>.<\/p>\n\n\n\n<p>The urban population in Namibia is growing fast and the country has a sizeable wealthy consumer base, which offers many opportunities for potential investors. Namibia has an affluent consumer segment, which is brand loyal. These <a href=\"https:\/\/www.sisinternational.com\/it\/soluzioni\/ai-ricerche-di-mercato-e-consulenza-strategica\/automazione-dei-servizi-di-beni-di-consumo-e-consulenza\/\" title=\"Automazione di beni e servizi di consumo e consulenza sull&#039;intelligenza artificiale\"  data-wpil-monitor-id=\"10039\">consumers<\/a> are willing to pay higher prices for faster and better service.<\/p>\n\n\n\n<h2 class=\"wp-block-heading\">Informazioni sulle ricerche di mercato in Namibia<\/h2>\n\n\n\n<p>It\u2019s essential to look at the distribution of wealth. It\u2019s also vital to know the demographics in particular areas. Thus, it may prove fruitful to have Focus Groups, Surveys, and Interviews. These tools can help to target isolated groups to determine the <a href=\"https:\/\/www.sisinternational.com\/it\/b2b\/\" title=\"Cost-Effective and Actionable Insights to Drive Your Next Strategic Move\"  data-wpil-monitor-id=\"10038\">next course of action<\/a>. Another critical service is Qualitative, Quantitative, and Strategy Research. Your <a href=\"https:\/\/www.sisinternational.com\/it\/predictive-analytics\/\" title=\"Predictive Analytics: Your Crystal Ball for Business Success\"  data-wpil-monitor-id=\"10034\">business needs these services to be successful<\/a> in Namibia. Contact SIS <a href=\"https:\/\/www.sisinternational.com\/it\/soluzioni\/soluzioni-di-branding-e-ricerca-clienti\/ricerche-di-mercato-per-test-di-prodotto\/degustazione-di-cibo-sis-internationals\/\" title=\"Cosa rende SIS International Research la MIGLIORE societ\u00e0 di ricerche di mercato per i test del gusto alimentare a New York City\"  data-wpil-monitor-id=\"10036\">Internazionale<\/a> today for more options for the Namibian market.<\/p>\n\n\n\n<p><\/p>","protected":false},"excerpt":{"rendered":"<p>La Namibia \u00e8 il settimo paese africano pi\u00f9 favorevole alle imprese. L\u2019economia, la stabilit\u00e0 politica e il reddito pro capite sono tra i migliori dell\u2019Africa.<\/p>","protected":false},"author":1,"featured_media":65311,"parent":14281,"menu_order":47,"comment_status":"closed","ping_status":"closed","template":"","meta":{"footnotes":""},"class_list":["post-41016","page","type-page","status-publish","has-post-thumbnail"],"_links":{"self":[{"href":"https:\/\/www.sisinternational.com\/it\/wp-json\/wp\/v2\/pages\/41016","targetHints":{"allow":["GET"]}}],"collection":[{"href":"https:\/\/www.sisinternational.com\/it\/wp-json\/wp\/v2\/pages"}],"about":[{"href":"https:\/\/www.sisinternational.com\/it\/wp-json\/wp\/v2\/types\/page"}],"author":[{"embeddable":true,"href":"https:\/\/www.sisinternational.com\/it\/wp-json\/wp\/v2\/users\/1"}],"replies":[{"embeddable":true,"href":"https:\/\/www.sisinternational.com\/it\/wp-json\/wp\/v2\/comments?post=41016"}],"version-history":[{"count":6,"href":"https:\/\/www.sisinternational.com\/it\/wp-json\/wp\/v2\/pages\/41016\/revisions"}],"predecessor-version":[{"id":81659,"href":"https:\/\/www.sisinternational.com\/it\/wp-json\/wp\/v2\/pages\/41016\/revisions\/81659"}],"up":[{"embeddable":true,"href":"https:\/\/www.sisinternational.com\/it\/wp-json\/wp\/v2\/pages\/14281"}],"wp:featuredmedia":[{"embeddable":true,"href":"https:\/\/www.sisinternational.com\/it\/wp-json\/wp\/v2\/media\/65311"}],"wp:attachment":[{"href":"https:\/\/www.sisinternational.com\/it\/wp-json\/wp\/v2\/media?parent=41016"}],"curies":[{"name":"wp","href":"https:\/\/api.w.org\/{rel}","templated":true}]}}