{"id":41014,"date":"2022-11-11T23:53:09","date_gmt":"2022-11-11T23:53:09","guid":{"rendered":"https:\/\/www.sisinternational.com\/?page_id=41014"},"modified":"2025-10-01T22:38:13","modified_gmt":"2025-10-02T02:38:13","slug":"ricerche-di-mercato-in-mozambico","status":"publish","type":"page","link":"https:\/\/www.sisinternational.com\/it\/copertura\/ricerche-di-mercato-africane\/ricerche-di-mercato-in-mozambico\/","title":{"rendered":"Ricerche di mercato in Mozambico"},"content":{"rendered":"<h1 class=\"wp-block-heading\">Ricerche di mercato in Mozambico<\/h1>\n\n\n\n<figure class=\"gb-block-image gb-block-image-07c74ce7\"><img loading=\"lazy\" decoding=\"async\" width=\"1456\" height=\"816\" class=\"gb-image gb-image-07c74ce7\" src=\"https:\/\/www.sisinternational.com\/wp-content\/uploads\/2025\/08\/Mozambique-4.jpg\" alt=\"Ricerca e strategia di mercato internazionale SIS\" title=\"Mozambique (4)\" srcset=\"https:\/\/www.sisinternational.com\/wp-content\/uploads\/2025\/08\/Mozambique-4.jpg 1456w, https:\/\/www.sisinternational.com\/wp-content\/uploads\/2025\/08\/Mozambique-4-300x168.jpg 300w, https:\/\/www.sisinternational.com\/wp-content\/uploads\/2025\/08\/Mozambique-4-1024x574.jpg 1024w, https:\/\/www.sisinternational.com\/wp-content\/uploads\/2025\/08\/Mozambique-4-768x430.jpg 768w, https:\/\/www.sisinternational.com\/wp-content\/uploads\/2025\/08\/Mozambique-4-18x10.jpg 18w\" sizes=\"auto, (max-width: 1456px) 100vw, 1456px\"><\/figure>\n\n\n\n<hr class=\"wp-block-separator has-alpha-channel-opacity is-style-dots\"\/>\n\n\n\n<p><\/p>\n\n\n\n<p>Il Mozambico si trova all&#039;estremit\u00e0 sud-orientale dell&#039;Africa, sulla costa dell&#039;Oceano Indiano. La Tanzania \u00e8 a nord, il Malawi a sud e lo Zimbabwe a ovest.<\/p>\n\n\n\n<h2 class=\"wp-block-heading\">Industrie chiave<\/h2>\n\n\n\n<p>L\u2019economia del Mozambico \u00e8 basata sull\u2019agricoltura. L\u2019agricoltura rappresenta circa un terzo del PIL, mentre il commercio e i servizi contribuiscono per un altro terzo. Il paese fa molto affidamento sul settore agricolo, consolidando ulteriormente il suo potenziale di crescita futura. Inoltre, la maggior parte delle persone si dedica all\u2019agricoltura per mantenersi. Allo stesso modo, il clima tropicale e i terreni fertili del paese fanno s\u00ec che questo settore abbia un&#039;enorme crescita e contribuisce notevolmente al PIL e alle esportazioni totali del paese. Infatti, i prodotti principali includono cotone, anacardi, cocco, agrumi, zucchero, tabacco e t\u00e8.<\/p>\n\n\n\n<p>Il Mozambico dispone di numerose risorse naturali, ma la guerra civile ne ha ridotto lo sviluppo. Ha anche distrutto le infrastrutture del paese. Tuttavia, i Mozambicani non hanno ancora sfruttato molte di queste risorse. Loro includono; bauxite, oro, marmo, granito, carbone e pietre preziose. Il Mozambico produce anche titanio e bentonite.<\/p>\n\n\n\n<p>Il settore turistico, pur presente, non \u00e8 sviluppato come dovrebbe. Prima della guerra civile, il settore del turismo era pieno di vita. Dopo la guerra, il paese sub\u00ec un grave crollo, compreso il settore del turismo.<\/p>\n\n\n\n<h2 class=\"wp-block-heading\">Quartieri<\/h2>\n\n\n\n<h3 class=\"wp-block-heading\">Maputo<\/h3>\n\n\n\n<p>Maputo \u00e8 la capitale del Mozambico e la citt\u00e0 pi\u00f9 grande per popolazione. Fornisce un contributo significativo all&#039;economia del paese con i suoi progressi commerciali e culturali. Con caff\u00e8 all&#039;aperto, bar e club quasi ad ogni angolo, la citt\u00e0 pullula di energia. Offre alcuni dei migliori locali notturni dell&#039;Africa meridionale.<\/p>\n\n\n\n<h3 class=\"wp-block-heading\">Matola<\/h3>\n\n\n\n<p>Matola, la seconda citt\u00e0 del Mozambico per popolazione, \u00e8 una bellezza. Questa citt\u00e0 ha un porto e la zona industriale pi\u00f9 significativa del Mozambico.<\/p>\n\n\n\n<h3 class=\"wp-block-heading\">Nampula<\/h3>\n\n\n\n<p>Situata nella provincia di Nampula, questa citt\u00e0 \u00e8 la terza pi\u00f9 grande del Mozambico. Nampula \u00e8 un luogo tranquillo con alcune spiagge e villaggi disseminati lungo la costa. Non \u00e8 industrializzato come Maputo o Matola.<\/p>\n\n\n\n<h3 class=\"wp-block-heading\">Tendenze<\/h3>\n\n\n\n<p>The government is pushing the agricultural, mining, and services sectors. Mozambicans are harvesting more produce to gain foreign capital. Also, amidst the COVID-19 pandemic, tourism has seen an increase, bringing visitors from all walks and <a href=\"https:\/\/www.sisinternational.com\/it\/esplorare-le-differenze-nei-progetti-di-ricerca-di-mercato-globale\/\" title=\"Differenze culturali nella ricerca di mercato globale\"  data-wpil-monitor-id=\"8907\">cultures<\/a> and allowing investors to gain a sense of the market value in Mozambique. It is also <a href=\"https:\/\/www.sisinternational.com\/it\/competenza\/industrie\/ricerche-di-mercato-sulla-produzione-di-energia\/\" title=\"Ricerche di mercato sulla produzione di energia\"  data-wpil-monitor-id=\"8905\">generating industrial power<\/a> to create a thriving economy. These new investments make it possible for Mozambique to revolutionize its economy.<\/p>\n\n\n\n<h2 class=\"wp-block-heading\">Vantaggi e punti di forza nel mercato<\/h2>\n\n\n\n<p>Il Mozambico ha molte risorse non sfruttate che possono rilanciare l\u2019economia del paese. Ad esempio, pu\u00f2 diventare rapidamente uno dei principali esportatori di gas. Sulla base delle recenti scoperte, potrebbe arrivare a dominare anche il mercato del carbone.<\/p>\n\n\n\n<h3 class=\"wp-block-heading\">Base dei consumatori<\/h3>\n\n\n\n<p>Il Mozambico ha una parit\u00e0 di potere d\u2019acquisto molto bassa, uno dei pi\u00f9 poveri al mondo. Ci\u00f2 \u00e8 dovuto alla guerra civile durata 15 anni e terminata nel 1992. Il paese ha un basso tasso di alfabetizzazione e le persone guadagnano poco. A causa della pandemia in corso, le vendite al dettaglio sono state difficili da prevedere e raccogliere. La spesa dei consumatori \u00e8 difficile da monitorare a causa dei bassi salari delle persone.<\/p>\n\n\n\n<h3 class=\"wp-block-heading\">Motivi per far crescere la tua attivit\u00e0 sul mercato<\/h3>\n\n\n\n<p>Il Mozambico \u00e8 uno dei cinque principali partner commerciali del Sudafrica. Ha un&#039;economia in rapida crescita. Ha anche la geografia e il clima ideali per gli investitori. Il Mozambico prevede una crescita significativa nei settori agricolo, turistico e minerario. L\u2019evoluzione del turismo significa anche che la gente ha una nuova fonte di reddito attraverso la vendita di artigianato e l\u2019interazione con i visitatori.<\/p>\n\n\n\n<h2 class=\"wp-block-heading\">Informazioni sulle ricerche di mercato in Mozambico<\/h2>\n\n\n\n<p>Mozambique is a unique country that has much investment potential. Before <a href=\"https:\/\/www.sisinternational.com\/it\/soluzioni\/consulenza-strategica\/ricerca-sulle-opportunita-di-ingresso-nel-mercato\/lefficacia-dei-test-sui-prodotti-a-new-york-per-entrare-nel-mercato-americano\/\" title=\"L&#039;efficacia dei test sui prodotti a New York per entrare nel mercato americano\"  data-wpil-monitor-id=\"8906\">entering the market<\/a>, it is imperative to carry out Qualitative, Quantitative, and Strategy research. Market Research can also involve Focus Groups, Interviews, and Surveys, all of which are offered by <a href=\"https:\/\/www.sisinternational.com\/it\/contattaci\/\" title=\"Contattaci\"  data-wpil-monitor-id=\"8904\">Ricerca internazionale SIS<\/a>.<\/p>\n\n\n\n<p><\/p>","protected":false},"excerpt":{"rendered":"<p>Il Mozambico ha molte risorse non sfruttate che possono rilanciare l\u2019economia del paese. Il governo sta spingendo i settori agricolo, minerario e dei servizi. I Mozambicani stanno raccogliendo pi\u00f9 prodotti per ottenere capitali stranieri.<\/p>","protected":false},"author":1,"featured_media":65309,"parent":14281,"menu_order":46,"comment_status":"closed","ping_status":"closed","template":"","meta":{"footnotes":""},"class_list":["post-41014","page","type-page","status-publish","has-post-thumbnail"],"_links":{"self":[{"href":"https:\/\/www.sisinternational.com\/it\/wp-json\/wp\/v2\/pages\/41014","targetHints":{"allow":["GET"]}}],"collection":[{"href":"https:\/\/www.sisinternational.com\/it\/wp-json\/wp\/v2\/pages"}],"about":[{"href":"https:\/\/www.sisinternational.com\/it\/wp-json\/wp\/v2\/types\/page"}],"author":[{"embeddable":true,"href":"https:\/\/www.sisinternational.com\/it\/wp-json\/wp\/v2\/users\/1"}],"replies":[{"embeddable":true,"href":"https:\/\/www.sisinternational.com\/it\/wp-json\/wp\/v2\/comments?post=41014"}],"version-history":[{"count":4,"href":"https:\/\/www.sisinternational.com\/it\/wp-json\/wp\/v2\/pages\/41014\/revisions"}],"predecessor-version":[{"id":81496,"href":"https:\/\/www.sisinternational.com\/it\/wp-json\/wp\/v2\/pages\/41014\/revisions\/81496"}],"up":[{"embeddable":true,"href":"https:\/\/www.sisinternational.com\/it\/wp-json\/wp\/v2\/pages\/14281"}],"wp:featuredmedia":[{"embeddable":true,"href":"https:\/\/www.sisinternational.com\/it\/wp-json\/wp\/v2\/media\/65309"}],"wp:attachment":[{"href":"https:\/\/www.sisinternational.com\/it\/wp-json\/wp\/v2\/media?parent=41014"}],"curies":[{"name":"wp","href":"https:\/\/api.w.org\/{rel}","templated":true}]}}