{"id":41008,"date":"2022-11-11T23:19:50","date_gmt":"2022-11-11T23:19:50","guid":{"rendered":"https:\/\/www.sisinternational.com\/?page_id=41008"},"modified":"2026-01-24T21:32:08","modified_gmt":"2026-01-25T02:32:08","slug":"ricerche-di-mercato-in-mali","status":"publish","type":"page","link":"https:\/\/www.sisinternational.com\/it\/copertura\/ricerche-di-mercato-africane\/ricerche-di-mercato-in-mali\/","title":{"rendered":"Ricerche di mercato in Mali"},"content":{"rendered":"<h1 class=\"wp-block-heading\">Ricerche di mercato in Mali<\/h1>\n\n\n\n<figure class=\"gb-block-image gb-block-image-1f31f65c\"><img loading=\"lazy\" decoding=\"async\" width=\"1456\" height=\"816\" class=\"gb-image gb-image-1f31f65c\" src=\"https:\/\/www.sisinternational.com\/wp-content\/uploads\/2025\/08\/Mali-2.jpg\" alt=\"Ricerca e strategia di mercato internazionale SIS\" title=\"Mali (2)\" srcset=\"https:\/\/www.sisinternational.com\/wp-content\/uploads\/2025\/08\/Mali-2.jpg 1456w, https:\/\/www.sisinternational.com\/wp-content\/uploads\/2025\/08\/Mali-2-300x168.jpg 300w, https:\/\/www.sisinternational.com\/wp-content\/uploads\/2025\/08\/Mali-2-1024x574.jpg 1024w, https:\/\/www.sisinternational.com\/wp-content\/uploads\/2025\/08\/Mali-2-768x430.jpg 768w, https:\/\/www.sisinternational.com\/wp-content\/uploads\/2025\/08\/Mali-2-18x10.jpg 18w\" sizes=\"auto, (max-width: 1456px) 100vw, 1456px\"><\/figure>\n\n\n\n<hr class=\"wp-block-separator has-alpha-channel-opacity is-style-dots\"\/>\n\n\n\n<p><\/p>\n\n\n\n<p>La Repubblica dell&#039;Africa occidentale del Mali \u00e8 l&#039;ottavo paese pi\u00f9 grande dell&#039;Africa. La lingua ufficiale del Mali \u00e8 il francese. Oltre al francese, altre lingue nazionali sono l&#039;arabo, l&#039;inglese, il fulani e il mandinka.<\/p>\n\n\n\n<p>To the north of Mali is Algeria, and to the east is&nbsp;Niger&nbsp;and Burkina Faso. C\u00f4te d\u2019Ivoire and Guinea are to the south, and west is Senegal and Mauritania. The official currency is the West African CFA franc.<\/p>\n\n\n\n<h2 class=\"wp-block-heading\">Industrie chiave<\/h2>\n\n\n\n<p>Il Mali produce una variet\u00e0 di colture per la sussistenza e l&#039;uso commerciale. Gli agricoltori si occupano anche dell&#039;allevamento di bovini, ovini e caprini. La pesca \u00e8 un altro contributore al settore agricolo e all\u2019economia. Il Mali \u00e8 soggetto a periodi di siccit\u00e0, quindi il settore della pesca a volte ne risente. Ma il Mali \u00e8 ancora uno dei principali produttori di pesce dell\u2019Africa occidentale.<\/p>\n\n\n\n<p>L&#039;industria mineraria esplora i minerali. Produce anche risorse naturali come oro, sale, caolino, fosfato e calcare. Inoltre, l&#039;oro e il cotone sono i principali articoli esportati dal Mali. Rappresentano oltre l&#039;ottanta per cento delle esportazioni del paese.<\/p>\n\n\n\n<h2 class=\"wp-block-heading\">Quartieri<\/h2>\n\n\n\n<p>Il Mali ha diverse regioni, ciascuna con la sua capitale. Ad esempio, Bamako \u00e8 la citt\u00e0 pi\u00f9 grande ed \u00e8 la capitale e il centro amministrativo del Mali, con istituzioni, servizi ed edifici governativi.<\/p>\n\n\n\n<p>Sikasso \u00e8 la seconda citt\u00e0 pi\u00f9 grande ed \u00e8 la capitale della regione di Sikasso. Il clima a Sikasso \u00e8 pi\u00f9 umido che in qualsiasi altra parte del Mali, quindi l\u00ec l&#039;agricoltura prospera.<\/p>\n\n\n\n<p>Segou, nota per le sue ceramiche, i mercati e l&#039;industria della pesca, \u00e8 la capitale della regione di Segou.<\/p>\n\n\n\n<p>Kayes \u00e8 la capitale della regione di Kayes, con un aeroporto internazionale e una stazione ferroviaria regionale. Inoltre, Kayes \u00e8 ricca di oro e ferro.<\/p>\n\n\n\n<p>Mopti \u00e8 la capitale e il centro commerciale della regione di Mopti. Mopti \u00e8 anche il porto pi\u00f9 critico del Mali.<\/p>\n\n\n\n<p>Kalabancoro, Gao, Kati e San sono altre citt\u00e0 importanti del Mali. Costituiscono le comunit\u00e0 urbane e suburbane.<\/p>\n\n\n\n<h2 class=\"wp-block-heading\">Tendenze<\/h2>\n\n\n\n<p>Il Mali si trova ad affrontare disordini politici nel mezzo di una pandemia. Ancor prima di allora, i maliani hanno subito un colpo di stato che ha in qualche modo destabilizzato l\u2019economia nel 2012. Poi c\u2019\u00e8 stato il recente rovesciamento del governo nel 2020.<\/p>\n\n\n\n<p>Tuttavia, l\u2019economia \u00e8 fiorente, soprattutto grazie alle risorse naturali del paese. Altrettanto importante, ha un robusto settore agricolo. Ha anche un grande potenziale nel settore delle energie rinnovabili.<\/p>\n\n\n\n<p>Nonostante le continue minacce terroristiche, il Paese si sta ramificando. Infatti, ha avviato iniziative imprenditoriali e partnership con gli Stati Uniti.<\/p>\n\n\n\n<h2 class=\"wp-block-heading\">Vantaggi e punti di forza del mercato<\/h2>\n\n\n\n<p>Mali is eligible for financial grants from the United States for the development of business in African countries. The country also welcomes foreign investment. It has initiatives such as the promotion of privatization of public enterprise. Mali also offers duty-free importation of <a href=\"https:\/\/www.sisinternational.com\/it\/soluzioni\/ricerca-di-consulenza-strategica-fintech\/ricerche-di-mercato-sui-capitali-di-rischio\/\" title=\"Ricerche di mercato sui capitali di rischio\"  data-wpil-monitor-id=\"8346\">capital equipment for priority industrial ventures<\/a>.<\/p>\n\n\n\n<h2 class=\"wp-block-heading\">Perch\u00e9 dovresti far crescere la tua attivit\u00e0 in Mali<\/h2>\n\n\n\n<p>Mali has had years of political and economic unrest. In spite of that, the Government of Mali is doing its best to encourage foreign investment. Why? Because foreign investment is a means to achieve stability. So, it is <a href=\"https:\/\/www.sisinternational.com\/it\/ladozione-dellintelligenza-artificiale-nelle-piccole-imprese\/\" title=\"Adozione dell\u2019intelligenza artificiale (AI) nelle piccole imprese\"  data-wpil-monitor-id=\"8348\">adopting measures to simplify business<\/a> creation and operating procedures. Mali has a wealth of untapped resources that the country is unable to exploit or develop at present. Foreign investment will enable it to unlock these resources. It will earn profits for the investor as well.<\/p>\n\n\n\n<h2 class=\"wp-block-heading\">A proposito di ricerche di mercato in Mali<\/h2>\n\n\n\n<p>Doing business in Mali can be much easier with <a href=\"https:\/\/www.sisinternational.com\/it\/pubblicazioni\/ricerche-di-mercato-per-un-business-scalabile-7-modi-per-costruire-un-business-scalabile\/\" title=\"Ricerche di mercato per aziende scalabili: 7 modi per costruire un business scalabile\"  data-wpil-monitor-id=\"8347\">market<\/a> research. Hence, we offer Focus Groups, Interviews, and Surveys. We also undertake Quantitative, Qualitative, and Strategy <a href=\"https:\/\/www.sisinternational.com\/it\/copertura\/le-americhe\/ricerche-di-mercato-nei-caraibi\/ricerche-di-mercato-alle-bahamas\/\" title=\"Ricerche di mercato alle Bahamas\"  data-wpil-monitor-id=\"3540\">Research for the various African markets<\/a>. Then we compile the findings to help you and your business to take off.<\/p>","protected":false},"excerpt":{"rendered":"<p>Mali&#8217;s economy is thriving, mainly due to the country\u2019s natural resources. Equally important, it has a robust agriculture sector. It also has heavy potential in the renewable energy sector.\u00a0<\/p>","protected":false},"author":1,"featured_media":65289,"parent":14281,"menu_order":45,"comment_status":"closed","ping_status":"closed","template":"","meta":{"footnotes":""},"class_list":["post-41008","page","type-page","status-publish","has-post-thumbnail"],"_links":{"self":[{"href":"https:\/\/www.sisinternational.com\/it\/wp-json\/wp\/v2\/pages\/41008","targetHints":{"allow":["GET"]}}],"collection":[{"href":"https:\/\/www.sisinternational.com\/it\/wp-json\/wp\/v2\/pages"}],"about":[{"href":"https:\/\/www.sisinternational.com\/it\/wp-json\/wp\/v2\/types\/page"}],"author":[{"embeddable":true,"href":"https:\/\/www.sisinternational.com\/it\/wp-json\/wp\/v2\/users\/1"}],"replies":[{"embeddable":true,"href":"https:\/\/www.sisinternational.com\/it\/wp-json\/wp\/v2\/comments?post=41008"}],"version-history":[{"count":4,"href":"https:\/\/www.sisinternational.com\/it\/wp-json\/wp\/v2\/pages\/41008\/revisions"}],"predecessor-version":[{"id":81399,"href":"https:\/\/www.sisinternational.com\/it\/wp-json\/wp\/v2\/pages\/41008\/revisions\/81399"}],"up":[{"embeddable":true,"href":"https:\/\/www.sisinternational.com\/it\/wp-json\/wp\/v2\/pages\/14281"}],"wp:featuredmedia":[{"embeddable":true,"href":"https:\/\/www.sisinternational.com\/it\/wp-json\/wp\/v2\/media\/65289"}],"wp:attachment":[{"href":"https:\/\/www.sisinternational.com\/it\/wp-json\/wp\/v2\/media?parent=41008"}],"curies":[{"name":"wp","href":"https:\/\/api.w.org\/{rel}","templated":true}]}}