{"id":40977,"date":"2022-11-05T00:36:36","date_gmt":"2022-11-05T00:36:36","guid":{"rendered":"https:\/\/www.sisinternational.com\/?page_id=40977"},"modified":"2026-01-25T18:27:16","modified_gmt":"2026-01-25T23:27:16","slug":"ricerche-di-mercato-per-il-monitoraggio-delle-tendenze","status":"publish","type":"page","link":"https:\/\/www.sisinternational.com\/it\/competenza\/ricerche-di-mercato-per-il-monitoraggio-delle-tendenze\/","title":{"rendered":"Ricerche di mercato per il monitoraggio delle tendenze"},"content":{"rendered":"<h1 class=\"wp-block-heading\">Ricerche di mercato per il monitoraggio delle tendenze<\/h1>\n\n\n\n<figure class=\"gb-block-image gb-block-image-7bfdfc46\"><img loading=\"lazy\" decoding=\"async\" width=\"1456\" height=\"816\" class=\"gb-image gb-image-7bfdfc46\" src=\"https:\/\/www.sisinternational.com\/wp-content\/uploads\/2025\/09\/Predictive-analytics-92.jpg\" alt=\"Ricerca e strategia di mercato internazionale SIS\" title=\"Predictive analytics (92)\" srcset=\"https:\/\/www.sisinternational.com\/wp-content\/uploads\/2025\/09\/Predictive-analytics-92.jpg 1456w, https:\/\/www.sisinternational.com\/wp-content\/uploads\/2025\/09\/Predictive-analytics-92-300x168.jpg 300w, https:\/\/www.sisinternational.com\/wp-content\/uploads\/2025\/09\/Predictive-analytics-92-1024x574.jpg 1024w, https:\/\/www.sisinternational.com\/wp-content\/uploads\/2025\/09\/Predictive-analytics-92-768x430.jpg 768w, https:\/\/www.sisinternational.com\/wp-content\/uploads\/2025\/09\/Predictive-analytics-92-18x10.jpg 18w\" sizes=\"auto, (max-width: 1456px) 100vw, 1456px\"><\/figure>\n\n\n\n<hr class=\"wp-block-separator has-alpha-channel-opacity is-style-dots\"\/>\n\n\n\n<p>Trend tracking market research is the art of looking at what\u2019s popular in the market right now. It is a stepping-stone to trend forecasting. Marketers use trend forecasting to look at the direction of today\u2019s hot new products. Trend forecasting gives marketers an idea of what will be selling in the next six months to a year. It gives companies a sense of the <a href=\"https:\/\/www.sisinternational.com\/it\/competenza\/curriculum-di-esperienza\/ricerche-di-mercato-sui-prodotti-per-la-cura-personale\/\" title=\"Ricerche di mercato sui prodotti per la cura personale\"  data-wpil-monitor-id=\"10057\">market response to their products<\/a> and services.<\/p>\n\n\n\n<h2 class=\"wp-block-heading\">Come individuare le tendenze<\/h2>\n\n\n\n<p>It&#8217;s essential to understand the size of the market. It&#8217;s also important to know the market trends. This knowledge is vital for marketing and strategic decision-making. <a href=\"https:\/\/www.sisinternational.com\/it\/soluzioni\/ricerca-di-consulenza-strategica-fintech\/ricerche-di-mercato-sullanalisi-dei-dati-bancari\/\" title=\"Ricerche di mercato sull&#039;analisi dei dati bancari\"  data-wpil-monitor-id=\"10049\">Market researchers can now use analytics<\/a> and other tools to spot trends. The name of this process is <a href=\"https:\/\/www.sisinternational.com\/it\/competenza\/industrie\/ricerche-di-mercato-sullanalisi-meteorologica\/\" title=\"Ricerche di mercato sull&#039;analisi meteorologica\"  data-wpil-monitor-id=\"10058\">market trend analytics<\/a>. It establishes whether a market is stagnant, growing, or in decline. It also shows how fast that movement is happening.<\/p>\n\n\n\n<p>Social media listening programs analyze how people speak about companies online. These programs have turned out to be one of the major <a href=\"https:\/\/www.sisinternational.com\/it\/fintech-market-research-trends\/\" title=\"Tendenze delle ricerche di mercato fintech\"  data-wpil-monitor-id=\"2868\">market research trends<\/a>. Soon marketers will need even more extensive and accurate social media <a href=\"https:\/\/www.sisinternational.com\/it\/competenza\/industrie\/ricerche-di-mercato-sul-vuoto\/\" title=\"Ricerche di mercato sul vuoto\"  data-wpil-monitor-id=\"4880\">ricerca<\/a> systems. One of these systems is the social media insight program. <a href=\"https:\/\/www.sisinternational.com\/it\/soluzioni\/soluzioni-di-branding-e-ricerca-clienti\/cose-linfluencer-marketing\/\" title=\"Cos\u2019\u00e8 l\u2019Influencer Marketing? Social media marketing?\"  data-wpil-monitor-id=\"10054\">Marketers use these programs to analyze social<\/a> media data.<\/p>\n\n\n\n<p>Un altro modo per tenere traccia delle tendenze \u00e8 utilizzare i \u201ccacciatori di cool\u201d. Queste sono persone i cui gusti sono all&#039;avanguardia. Le societ\u00e0 di analisi delle tendenze pagano loro centinaia di dollari per aiutarli a trovare la prossima grande tendenza. La caccia al cool \u00e8 uno degli sviluppi pi\u00f9 recenti nell\u2019analisi delle tendenze. Nessuno sa quanti coolhunters si aggirano per le strade e i centri commerciali americani.<\/p>\n\n\n\n<h2 class=\"wp-block-heading\">Utilizzo di &quot;Spotter&quot; nelle citt\u00e0 chiave per scoprire le tendenze<\/h2>\n\n\n\n<p>Tutti i prodotti, i servizi e le tecnologie sono nati come tendenze. Questo vale anche per il materiale che le persone vogliono leggere e guardare e per le attivit\u00e0 a cui desiderano partecipare. I brand che non prestano attenzione rischiano di diventare invisibili. Di conseguenza, le aziende stanno coinvolgendo i trendspotter nelle citt\u00e0 chiave. Gli osservatori di tendenze li aiuteranno a scoprire la direzione che stanno prendendo i gusti dei consumatori.<\/p>\n\n\n\n<p>Sapere cosa vorranno i consumatori in futuro \u00e8 fondamentale per avere successo negli affari. Gli osservatori di tendenze non faranno solo ricerche di mercato tradizionali. I dati storici sulle dichiarazioni e sulle scelte dei consumatori non sono sempre utili. In effetti, l\u2019utilizzo solo di tali dati pu\u00f2 far perdere loro delle opportunit\u00e0. Prodotti, servizi e marchi di successo trascendono immediatamente i loro dati demografici tradizionali.<\/p>\n\n\n\n<p>Gli osservatori di tendenze leggono molto: riviste, giornali e blog. Prestano attenzione anche ai social media. Guardano nuovi prodotti e servizi che diventano popolari all&#039;improvviso e creano molto buzz. Il trendspotting \u00e8 diverso dal coolhunting. Gli osservatori di tendenze sono alla ricerca di cambiamenti di umore e mentalit\u00e0. Questi cambiamenti avranno effetti a lungo termine sul comportamento dei consumatori e sulla societ\u00e0 in generale.<\/p>\n\n\n\n<h2 class=\"wp-block-heading\">Tendenze globali generali<\/h2>\n\n\n\n<p>Consumer confidence is currently at a near-record high. Japan, Italy, China, and France are experiencing significant gains in confidence. In comparison, confidence in the US, the UK, and India are declining. The positive outlook is helping to <a href=\"https:\/\/www.sisinternational.com\/it\/analisi-della-soddisfazione-del-cliente\/\" title=\"8 modi per aumentare la soddisfazione del cliente nel commercio al dettaglio\"  data-wpil-monitor-id=\"10044\">boost the sale of fast-moving consumer<\/a> goods in some markets. But inflationary pressure remains. Many would-be shoppers continue to focus on saving rather than spending.<\/p>\n\n\n\n<p>The traditional area of <a href=\"https:\/\/www.sisinternational.com\/it\/competenza\/industrie\/voce-delle-bevande-alimentari-della-ricerca-di-mercato-dei-clienti\/\" title=\"La voce del cliente nel settore alimentare e delle bevande. Ricerche di mercato\"  data-wpil-monitor-id=\"10046\">custom market research<\/a> has been in decline. This decline occurred because it is expensive and involves labor-intensive interviews. <a href=\"https:\/\/www.sisinternational.com\/it\/competenza\/industrie\/societa-di-ricerche-di-mercato-di-panel-online\/\" title=\"Societ\u00e0 di ricerche di mercato di pannelli online\"  data-wpil-monitor-id=\"10052\">Companies are moving toward online research<\/a>. This shift lets them create vast databases of consumers\u2019 opinions on several subjects. Telephone and face-to-face interviews have become relics of the past.<\/p>\n\n\n\n<h2 class=\"wp-block-heading\">Come i ricercatori di mercato guardano al futuro<\/h2>\n\n\n\n<p><a href=\"https:\/\/www.sisinternational.com\/it\/soluzioni\/consulenza-strategica\/ricerca-sulle-opportunita-di-mercato\/\" title=\"Ricerca sulle opportunit\u00e0 di mercato\"  data-wpil-monitor-id=\"10047\">Market researchers predict future opportunities<\/a>, sales, risks, and consumer behavior. All the predictions might not be correct, but they do help companies plan and make policies. It also helps them to take advantage of opportunities and to avoid future risks.<\/p>\n\n\n\n<p>Retailers use predictive research to see which items a consumer will buy together. This tool enables them to use suggestive selling. It is necessary if marketers want to keep up with current trends and gain a competitive edge. They must understand market research and use it to their advantage. This understanding will help them reach out to consumers and increase their sales.<\/p>\n\n\n\n<p><\/p>","protected":false},"excerpt":{"rendered":"<p>Monitoraggio delle tendenze Le ricerche di mercato esaminano ci\u00f2 che \u00e8 popolare adesso, mentre le previsioni prevedono cosa vender\u00e0 alle aziende in futuro.<\/p>","protected":false},"author":1,"featured_media":70308,"parent":14514,"menu_order":149,"comment_status":"closed","ping_status":"closed","template":"","meta":{"footnotes":""},"class_list":["post-40977","page","type-page","status-publish","has-post-thumbnail"],"_links":{"self":[{"href":"https:\/\/www.sisinternational.com\/it\/wp-json\/wp\/v2\/pages\/40977","targetHints":{"allow":["GET"]}}],"collection":[{"href":"https:\/\/www.sisinternational.com\/it\/wp-json\/wp\/v2\/pages"}],"about":[{"href":"https:\/\/www.sisinternational.com\/it\/wp-json\/wp\/v2\/types\/page"}],"author":[{"embeddable":true,"href":"https:\/\/www.sisinternational.com\/it\/wp-json\/wp\/v2\/users\/1"}],"replies":[{"embeddable":true,"href":"https:\/\/www.sisinternational.com\/it\/wp-json\/wp\/v2\/comments?post=40977"}],"version-history":[{"count":5,"href":"https:\/\/www.sisinternational.com\/it\/wp-json\/wp\/v2\/pages\/40977\/revisions"}],"predecessor-version":[{"id":81665,"href":"https:\/\/www.sisinternational.com\/it\/wp-json\/wp\/v2\/pages\/40977\/revisions\/81665"}],"up":[{"embeddable":true,"href":"https:\/\/www.sisinternational.com\/it\/wp-json\/wp\/v2\/pages\/14514"}],"wp:featuredmedia":[{"embeddable":true,"href":"https:\/\/www.sisinternational.com\/it\/wp-json\/wp\/v2\/media\/70308"}],"wp:attachment":[{"href":"https:\/\/www.sisinternational.com\/it\/wp-json\/wp\/v2\/media?parent=40977"}],"curies":[{"name":"wp","href":"https:\/\/api.w.org\/{rel}","templated":true}]}}