{"id":40968,"date":"2022-11-05T00:24:56","date_gmt":"2022-11-05T00:24:56","guid":{"rendered":"https:\/\/www.sisinternational.com\/?page_id=40968"},"modified":"2025-10-01T22:48:32","modified_gmt":"2025-10-02T02:48:32","slug":"ricerche-di-mercato-sulle-citta-intelligenti","status":"publish","type":"page","link":"https:\/\/www.sisinternational.com\/it\/competenza\/ricerche-di-mercato-sulle-citta-intelligenti\/","title":{"rendered":"Ricerche di mercato sulle citt\u00e0 intelligenti"},"content":{"rendered":"<h1 class=\"wp-block-heading\">Ricerche di mercato sulle citt\u00e0 intelligenti<\/h1>\n\n\n\n<figure class=\"gb-block-image gb-block-image-2781726f\"><img loading=\"lazy\" decoding=\"async\" width=\"1456\" height=\"816\" class=\"gb-image gb-image-2781726f\" src=\"https:\/\/www.sisinternational.com\/wp-content\/uploads\/2025\/08\/Smart-mobility-5.jpg\" alt=\"Ricerca e strategia di mercato internazionale SIS\" title=\"Smart mobility (5)\" srcset=\"https:\/\/www.sisinternational.com\/wp-content\/uploads\/2025\/08\/Smart-mobility-5.jpg 1456w, https:\/\/www.sisinternational.com\/wp-content\/uploads\/2025\/08\/Smart-mobility-5-300x168.jpg 300w, https:\/\/www.sisinternational.com\/wp-content\/uploads\/2025\/08\/Smart-mobility-5-1024x574.jpg 1024w, https:\/\/www.sisinternational.com\/wp-content\/uploads\/2025\/08\/Smart-mobility-5-768x430.jpg 768w, https:\/\/www.sisinternational.com\/wp-content\/uploads\/2025\/08\/Smart-mobility-5-18x10.jpg 18w\" sizes=\"auto, (max-width: 1456px) 100vw, 1456px\"><\/figure>\n\n\n\n<p><\/p>\n\n\n\n<h2 class=\"wp-block-heading\">Cos\u2019\u00e8 una citt\u00e0 intelligente<\/h2>\n\n\n\n<p>Una Smart City utilizza la tecnologia per migliorare la vita dei suoi cittadini. Due tecnologie principali lo consentono.<\/p>\n\n\n\n<h3 class=\"wp-block-heading\">Internet delle cose (IoT)<\/h3>\n\n\n\n<p>L&#039;IoT \u00e8 un concetto informatico in cui oggetti fisici si connettono a Internet. Questi oggetti possono quindi identificarsi con gli altri.<\/p>\n\n\n\n<h3 class=\"wp-block-heading\">Grandi dati<\/h3>\n\n\n\n<p>Le citt\u00e0 intelligenti producono e analizzano grandi quantit\u00e0 di dati per individuare modelli e tendenze. Questi modelli aiutano a trovare le cause dei comportamenti umani.<\/p>\n\n\n\n<h2 class=\"wp-block-heading\">Perch\u00e9 \u00e8 importante<\/h2>\n\n\n\n<p>La tecnologia \u00e8 adesso e sta crescendo. Il termine \u201cSmart City\u201d \u00e8 nuovo, ma l\u2019idea esiste da anni. \u00c8 un altro modo per le citt\u00e0 e i governi di risparmiare tonnellate di denaro.<\/p>\n\n\n\n<p>For example, one of the biggest problems affecting urban cities is wastage. Pollution is another. These problems can cost a pretty penny to fix. A <a href=\"https:\/\/www.sisinternational.com\/it\/competenza\/industrie\/ricerche-di-mercato-sui-sensori-intelligenti\/\" title=\"Ricerche di mercato sui sensori intelligenti\"  data-wpil-monitor-id=\"8867\">Smart City will place sensors<\/a> along pipes and meters to detect leaks, alerting plumbers as fast as possible.<\/p>\n\n\n\n<h3 class=\"wp-block-heading\">Salute pubblica<\/h3>\n\n\n\n<p>Air Quality sensors help reduce emissions. For instance, the sensor could detect the exact source if a toxin fume made its way through the city. Authorities can then work to cut the emissions. This <a href=\"https:\/\/www.sisinternational.com\/it\/ricerche-di-mercato-sulla-casa-intelligente\/\" title=\"Ricerche di mercato per la casa intelligente\"  data-wpil-monitor-id=\"8872\">smart tech is also helpful in homes<\/a>. Patients can <a href=\"https:\/\/www.sisinternational.com\/it\/soluzioni\/ai-ricerche-di-mercato-e-consulenza-strategica\/automazione-dei-prodotti-per-la-cura-personale-e-consulenza\/\" title=\"Automazione dei prodotti per la cura personale e consulenza sull&#039;intelligenza artificiale\"  data-wpil-monitor-id=\"8877\">consult<\/a> with doctors via video calls and personal messaging. They can then receive life-saving health alerts.<\/p>\n\n\n\n<h3 class=\"wp-block-heading\">Infrastruttura aggiornata<\/h3>\n\n\n\n<p>Strade, ponti, edifici e altre strutture necessitano di ingenti investimenti quando si verificano danni. Le citt\u00e0 intelligenti utilizzano l\u2019analisi predittiva per risolvere rapidamente questi problemi. I sensori intelligenti identificano l\u2019errore nella costruzione prima che sia dannoso. In questo modo si salva l\u2019edificio e le persone al suo interno. L&#039;analisi predittiva fa risparmiare tempo e milioni di dollari fiscali. Questi sensori rilevano crepe e altri problemi. Pertanto, le citt\u00e0 intelligenti tendono ad avere strade, ponti ed edifici sicuri.<\/p>\n\n\n\n<h2 class=\"wp-block-heading\">Titoli di lavoro chiave<\/h2>\n\n\n\n<h2 class=\"wp-block-heading\">Sviluppatori<\/h2>\n\n\n\n<p>Le citt\u00e0 intelligenti hanno bisogno di sviluppatori di software, database e piattaforme. Creano app in grado di eseguire attivit\u00e0 che rendono sicure le citt\u00e0.<\/p>\n\n\n\n<h3 class=\"wp-block-heading\">Scienziato dei dati<\/h3>\n\n\n\n<p>I data scientist interpretano grandi quantit\u00e0 di dati trasformandoli in informazioni vitali. Questi dati contribuiscono a migliorare la qualit\u00e0 della vita dei cittadini.<\/p>\n\n\n\n<h3 class=\"wp-block-heading\">Fattori chiave del successo<\/h3>\n\n\n\n<p>Although the focus is technology, this is not the only feature of Smart Cities. Citizens must buy-in and use the tech for it to succeed. Without public input, it becomes just another city with tech advances. <a href=\"https:\/\/www.sisinternational.com\/it\/soluzioni\/consulenza-per-lospitalita-turistica-turistica\/consulenza-tecnologica-per-hotel-intelligenti\/\" title=\"Consulenza tecnologica per hotel intelligenti\"  data-wpil-monitor-id=\"8875\">Smart City technology<\/a> helps citizens have a say in the running of their city. They can use apps to talk to government officials about local issues. These apps also enable easier sharing of information within the community.<\/p>\n\n\n\n<h2 class=\"wp-block-heading\">Perch\u00e9 i paesi ne hanno bisogno<\/h2>\n\n\n\n<h3 class=\"wp-block-heading\">Miglioramento dell&#039;efficienza energetica<\/h3>\n\n\n\n<p>Il consumo di elettricit\u00e0 \u00e8 molto elevato nelle citt\u00e0. Le citt\u00e0 possono mettere sensori nelle strade per rilevare i pedoni. Se non ci sono persone nelle vicinanze, i sensori possono ridurre l\u2019illuminazione stradale. Questa azione pu\u00f2 far risparmiare denaro alla citt\u00e0.<\/p>\n\n\n\n<h3 class=\"wp-block-heading\">Riduzione della congestione del traffico<\/h3>\n\n\n\n<p>Attraverso la tecnologia Smart City, i segnali intelligenti aiutano a ridurre il traffico. Questa tecnologia innovativa consiglia anche percorsi alternativi da intraprendere. Mostra agli automobilisti gli orari in cui le strade sono meno trafficate per iniziare un tragitto giornaliero. Gli utenti del trasporto pubblico possono utilizzarlo per tracciare la posizione dei loro treni e autobus.<\/p>\n\n\n\n<h2 class=\"wp-block-heading\">Gestione intelligente dei parcheggi<\/h2>\n\n\n\n<p>Il parcheggio intelligente pu\u00f2 anche contribuire a generare entrate per la citt\u00e0. Nessuno vuole girare molto alla ricerca di parcheggi. In una Smart City, gli automobilisti possono ricevere avvisi sui propri dispositivi che li informano che ne \u00e8 stato aperto uno.<\/p>\n\n\n\n<h3 class=\"wp-block-heading\">Citt\u00e0 pi\u00f9 sicure<\/h3>\n\n\n\n<p>Una Smart City \u00e8 solitamente sicura. Un alto tasso di criminalit\u00e0 non \u00e8 positivo per nessuna citt\u00e0. Sono utili bodycam, rilevatori di spari, riconoscimento delle targhe e rilevamento vocale. Sono preziose anche le telecamere che rilevano le porte sbloccate e inviano avvisi ai proprietari di casa. Questo tipo di tecnologia scoragger\u00e0 la criminalit\u00e0. Le forze dell&#039;ordine li usano per rendere il loro lavoro meno faticoso.<\/p>\n\n\n\n<h2 class=\"wp-block-heading\">Informazioni sulle ricerche di mercato sulle citt\u00e0 intelligenti<\/h2>\n\n\n\n<p>The Smart <a href=\"https:\/\/www.sisinternational.com\/it\/soluzioni\/focus-group\/strutture-per-focus-group-a-new-york\/\" title=\"Strutture del focus group di New York City\"  data-wpil-monitor-id=\"8865\">City would have to involve Focus Groups<\/a>, Interviews, and Surveys. Cites must know how to increase the ease of living for their citizens. The <a href=\"https:\/\/www.sisinternational.com\/it\/sis-application-of-quantitative-data-analytics-to-sensory-testing\/\" title=\"SIS Application of Quantitative Data Analytics to Sensory Testing\"  data-wpil-monitor-id=\"8870\">data gathered is both Qualitative and Quantitative<\/a>. Strategy Research is also important.<\/p>\n\n\n\n<p><\/p>","protected":false},"excerpt":{"rendered":"<p>Le citt\u00e0 intelligenti hanno bisogno di sviluppatori di software, database e piattaforme. Creano app in grado di eseguire attivit\u00e0 che rendono sicure le citt\u00e0.<\/p>","protected":false},"author":1,"featured_media":64967,"parent":14514,"menu_order":148,"comment_status":"closed","ping_status":"closed","template":"","meta":{"footnotes":""},"class_list":["post-40968","page","type-page","status-publish","has-post-thumbnail"],"_links":{"self":[{"href":"https:\/\/www.sisinternational.com\/it\/wp-json\/wp\/v2\/pages\/40968","targetHints":{"allow":["GET"]}}],"collection":[{"href":"https:\/\/www.sisinternational.com\/it\/wp-json\/wp\/v2\/pages"}],"about":[{"href":"https:\/\/www.sisinternational.com\/it\/wp-json\/wp\/v2\/types\/page"}],"author":[{"embeddable":true,"href":"https:\/\/www.sisinternational.com\/it\/wp-json\/wp\/v2\/users\/1"}],"replies":[{"embeddable":true,"href":"https:\/\/www.sisinternational.com\/it\/wp-json\/wp\/v2\/comments?post=40968"}],"version-history":[{"count":4,"href":"https:\/\/www.sisinternational.com\/it\/wp-json\/wp\/v2\/pages\/40968\/revisions"}],"predecessor-version":[{"id":81490,"href":"https:\/\/www.sisinternational.com\/it\/wp-json\/wp\/v2\/pages\/40968\/revisions\/81490"}],"up":[{"embeddable":true,"href":"https:\/\/www.sisinternational.com\/it\/wp-json\/wp\/v2\/pages\/14514"}],"wp:featuredmedia":[{"embeddable":true,"href":"https:\/\/www.sisinternational.com\/it\/wp-json\/wp\/v2\/media\/64967"}],"wp:attachment":[{"href":"https:\/\/www.sisinternational.com\/it\/wp-json\/wp\/v2\/media?parent=40968"}],"curies":[{"name":"wp","href":"https:\/\/api.w.org\/{rel}","templated":true}]}}