{"id":40946,"date":"2022-10-28T01:26:25","date_gmt":"2022-10-28T01:26:25","guid":{"rendered":"https:\/\/www.sisinternational.com\/?page_id=40946"},"modified":"2025-10-01T22:35:17","modified_gmt":"2025-10-02T02:35:17","slug":"ricerche-di-mercato-in-guyana","status":"publish","type":"page","link":"https:\/\/www.sisinternational.com\/it\/copertura\/latin-america\/ricerche-di-mercato-in-america-latina\/ricerche-di-mercato-in-guyana\/","title":{"rendered":"Ricerche di mercato in Guyana"},"content":{"rendered":"<h1 class=\"wp-block-heading\">Ricerche di mercato in Guyana<\/h1>\n\n\n\n<figure class=\"gb-block-image gb-block-image-c096b9c7\"><img loading=\"lazy\" decoding=\"async\" width=\"1456\" height=\"816\" class=\"gb-image gb-image-c096b9c7\" src=\"https:\/\/www.sisinternational.com\/wp-content\/uploads\/2025\/09\/Guyana-5.jpg\" alt=\"Ricerca e strategia di mercato internazionale SIS\" title=\"Guyana (5)\" srcset=\"https:\/\/www.sisinternational.com\/wp-content\/uploads\/2025\/09\/Guyana-5.jpg 1456w, https:\/\/www.sisinternational.com\/wp-content\/uploads\/2025\/09\/Guyana-5-300x168.jpg 300w, https:\/\/www.sisinternational.com\/wp-content\/uploads\/2025\/09\/Guyana-5-1024x574.jpg 1024w, https:\/\/www.sisinternational.com\/wp-content\/uploads\/2025\/09\/Guyana-5-768x430.jpg 768w, https:\/\/www.sisinternational.com\/wp-content\/uploads\/2025\/09\/Guyana-5-18x10.jpg 18w\" sizes=\"auto, (max-width: 1456px) 100vw, 1456px\"><\/figure>\n\n\n\n<p><\/p>\n\n\n\n<hr class=\"wp-block-separator has-alpha-channel-opacity is-style-dots\"\/>\n\n\n\n<p>Il bellissimo paese della Guyana \u00e8 famoso in tutto il mondo per la sua cultura. Inoltre, la musica della foresta pluviale, della lingua inglese, del cricket e del calypso attirano le persone. La Guyana si trova lungo la costa settentrionale del Sud America. Il paese si liber\u00f2 dal Regno Unito il 26 maggio 1966 e divenne una repubblica il 23 febbraio 1970. Dopo aver vissuto per molti anni sotto il controllo olandese, entr\u00f2 a far parte dell&#039;Unione delle nazioni sudamericane come membro fondatore. .<\/p>\n\n\n\n<p>Oggi il paese si distingue tra le tante nazioni del continente. Inoltre, \u00e8 l&#039;unico paese in quella regione in cui l&#039;inglese \u00e8 la lingua ufficiale. La Guyana \u00e8 un orgoglioso membro della Comunit\u00e0 dei Caraibi (CARICOM). Inoltre, detiene la sede principale della CARICOM nella sua capitale Georgetown. Oltre a ci\u00f2, la Guyana intrattiene ottimi rapporti con la Cina sin dagli anni \u201970. In effetti, \u00e8 stato il primo paese dei Caraibi anglofoni ad avere tali legami.<\/p>\n\n\n\n<p>Il paese ha una storia ricca e mista come colonia britannica. La regione ospita persone provenienti da Africa, India, Francia, Paesi Bassi e Portogallo. Naturalmente ci sono anche quelli di origine nativa.<\/p>\n\n\n\n<h2 class=\"wp-block-heading\">Quartieri<\/h2>\n\n\n\n<p>Georgetown \u00e8 la capitale e il principale centro produttivo e commerciale del paese. La citt\u00e0 ha molti vecchi edifici in stile britannico e olandese. Essendo la citt\u00e0 centrale, Georgetown ha molte cose da fare. Ha sempre cose nuove da provare e ancora pi\u00f9 posti da scoprire.<\/p>\n\n\n\n<p>Oltre alla capitale ci sono molte altre zone rinomate. Questi includono Demerara, Bush Lot e la famigerata Jonestown (resa famosa da Jim Jones negli anni &#039;70).<\/p>\n\n\n\n<h2 class=\"wp-block-heading\">Industrie chiave<\/h2>\n\n\n\n<p>Le industrie principali della Guyana sono la trasformazione agricola e l&#039;estrazione di oro e diamanti. I prodotti ottenuti dalla lavorazione agricola provengono da riso, legname e cocco. Ci sono anche settori manifatturieri leggeri, tessili e farmaceutici qua e l\u00e0. Sia le societ\u00e0 statali che quelle private possiedono queste entit\u00e0.<\/p>\n\n\n\n<p>Tuttavia, le migliori risorse sono state le sue risorse naturali. Alcune risorse naturali sono le foreste pluviali, le piantagioni di canna da zucchero e le risaie. Il paese ha anche riserve di bauxite, petrolio e oro.<\/p>\n\n\n\n<h2 class=\"wp-block-heading\">Tendenze<\/h2>\n\n\n\n<p>Il paese \u00e8 attualmente tra quelli in pi\u00f9 rapida crescita al mondo. Il suo PIL \u00e8 in forte aumento a causa del rapido sviluppo del settore petrolifero e del gas offshore.<\/p>\n\n\n\n<p>La crescita dipende dalle risorse naturali di un paese. L\u2019agricoltura e l\u2019estrazione mineraria sono le attivit\u00e0 pi\u00f9 critiche in Guyana, ma zucchero, bauxite, riso e oro rappresentano pi\u00f9 della met\u00e0 dei proventi delle esportazioni.<\/p>\n\n\n\n<h2 class=\"wp-block-heading\">Base dei consumatori<\/h2>\n\n\n\n<p>Il paese \u00e8 pieno di lavoratori entusiasti e amano rilassarsi per una bella festa con del cibo. Amano anche attivit\u00e0 come il cricket e le sfilate di strada. Le persone lavorano duramente nella terra e altrove per guadagnare denaro e godersi i propri hobby e la vita al di fuori del lavoro.<\/p>\n\n\n\n<h2 class=\"wp-block-heading\">Motivi per avviare un&#039;impresa in Guyana<\/h2>\n\n\n\n<p>Mentre la Guyana continua a crescere, si stanno aprendo strade sempre pi\u00f9 aperte. Inoltre, grazie alla sua posizione in Sud America, il paese ha ottimi legami con gli Stati Uniti. La qualit\u00e0 dei beni e dei servizi \u00e8 alta. Motiva le aziende e i consumatori a continuare ad acquistare.<\/p>\n\n\n\n<h3 class=\"wp-block-heading\">Altri motivi per avviare un&#039;impresa in Guyana includono:<\/h3>\n\n\n\n<ul class=\"wp-block-list\">\n<li>Mercati di investimento aperti<\/li>\n\n\n\n<li>Molte risorse naturali<\/li>\n\n\n\n<li>L &#039;inglese e&#039; la lingua ufficiale.<\/li>\n\n\n\n<li><a href=\"https:\/\/www.sisinternational.com\/it\/compagnie-aeree-low-cost-nel-settore-dellaviazione\/\" title=\"Ricerche di mercato sulle compagnie aeree low cost\"  data-wpil-monitor-id=\"7692\">Bassi costi operativi<\/a><\/li>\n<\/ul>\n\n\n\n<h2 class=\"wp-block-heading\">Informazioni sulle ricerche di mercato in Guyana<\/h2>\n\n\n\n<p>Launching your new business is one of the best decisions you will make for yourself. Hence the reason our company is always here and always ready to offer help. Our <a href=\"https:\/\/www.sisinternational.com\/it\/competenza\/industrie\/ricerche-di-mercato-sui-decisori-aziendali\/\" title=\"Ricerche di mercato sui decisori aziendali\"  data-wpil-monitor-id=\"7698\">business<\/a> goes the extra mile to do the best research for you. We have focus groups that do qualitative, quantitative, and strategic research. We are keen to help the status of any business that seeks our help. Also, we <a href=\"https:\/\/www.sisinternational.com\/it\/competenza\/industrie\/ricerche-di-mercato-tramite-interviste-telefoniche-assistite-da-computer\/\" title=\"Ricerche di mercato sui colloqui telefonici assistiti da computer\"  data-wpil-monitor-id=\"7695\">assist in survey making and interviews<\/a>. We\u2019d love to help you in whatever area you\u2019d like. Your company will leave with nothing but the best. Call us today!<\/p>\n\n\n\n<p><\/p>","protected":false},"excerpt":{"rendered":"<p>Il bellissimo paese della Guyana \u00e8 famoso in tutto il mondo per la sua cultura. Inoltre, la musica della foresta pluviale, della lingua inglese, del cricket e del calypso attirano le persone.<\/p>","protected":false},"author":1,"featured_media":66281,"parent":14351,"menu_order":23,"comment_status":"closed","ping_status":"closed","template":"","meta":{"footnotes":""},"class_list":["post-40946","page","type-page","status-publish","has-post-thumbnail"],"_links":{"self":[{"href":"https:\/\/www.sisinternational.com\/it\/wp-json\/wp\/v2\/pages\/40946","targetHints":{"allow":["GET"]}}],"collection":[{"href":"https:\/\/www.sisinternational.com\/it\/wp-json\/wp\/v2\/pages"}],"about":[{"href":"https:\/\/www.sisinternational.com\/it\/wp-json\/wp\/v2\/types\/page"}],"author":[{"embeddable":true,"href":"https:\/\/www.sisinternational.com\/it\/wp-json\/wp\/v2\/users\/1"}],"replies":[{"embeddable":true,"href":"https:\/\/www.sisinternational.com\/it\/wp-json\/wp\/v2\/comments?post=40946"}],"version-history":[{"count":4,"href":"https:\/\/www.sisinternational.com\/it\/wp-json\/wp\/v2\/pages\/40946\/revisions"}],"predecessor-version":[{"id":81298,"href":"https:\/\/www.sisinternational.com\/it\/wp-json\/wp\/v2\/pages\/40946\/revisions\/81298"}],"up":[{"embeddable":true,"href":"https:\/\/www.sisinternational.com\/it\/wp-json\/wp\/v2\/pages\/14351"}],"wp:featuredmedia":[{"embeddable":true,"href":"https:\/\/www.sisinternational.com\/it\/wp-json\/wp\/v2\/media\/66281"}],"wp:attachment":[{"href":"https:\/\/www.sisinternational.com\/it\/wp-json\/wp\/v2\/media?parent=40946"}],"curies":[{"name":"wp","href":"https:\/\/api.w.org\/{rel}","templated":true}]}}