{"id":40944,"date":"2022-10-28T00:36:41","date_gmt":"2022-10-28T00:36:41","guid":{"rendered":"https:\/\/www.sisinternational.com\/?page_id=40944"},"modified":"2025-10-01T22:32:59","modified_gmt":"2025-10-02T02:32:59","slug":"ricerche-di-mercato-nella-guyana-francese","status":"publish","type":"page","link":"https:\/\/www.sisinternational.com\/it\/copertura\/latin-america\/ricerche-di-mercato-in-america-latina\/ricerche-di-mercato-nella-guyana-francese\/","title":{"rendered":"Ricerche di mercato nella Guyana francese"},"content":{"rendered":"<h1 class=\"wp-block-heading\">Ricerche di mercato nella Guyana francese<\/h1>\n\n\n\n<figure class=\"gb-block-image gb-block-image-9f8994b5\"><img loading=\"lazy\" decoding=\"async\" width=\"1456\" height=\"816\" class=\"gb-image gb-image-9f8994b5\" src=\"https:\/\/www.sisinternational.com\/wp-content\/uploads\/2025\/09\/French-Guiana-3.jpg\" alt=\"Ricerca e strategia di mercato internazionale SIS\" title=\"French Guiana (3)\" srcset=\"https:\/\/www.sisinternational.com\/wp-content\/uploads\/2025\/09\/French-Guiana-3.jpg 1456w, https:\/\/www.sisinternational.com\/wp-content\/uploads\/2025\/09\/French-Guiana-3-300x168.jpg 300w, https:\/\/www.sisinternational.com\/wp-content\/uploads\/2025\/09\/French-Guiana-3-1024x574.jpg 1024w, https:\/\/www.sisinternational.com\/wp-content\/uploads\/2025\/09\/French-Guiana-3-768x430.jpg 768w, https:\/\/www.sisinternational.com\/wp-content\/uploads\/2025\/09\/French-Guiana-3-18x10.jpg 18w\" sizes=\"auto, (max-width: 1456px) 100vw, 1456px\"><\/figure>\n\n\n\n<p><\/p>\n\n\n\n<hr class=\"wp-block-separator has-alpha-channel-opacity is-style-dots\"\/>\n\n\n\n<p>French Guiana is a territory governed by France, located on the North Atlantic coast of the South American continent. Brazil borders it to the East and Suriname to the West. It is the second-largest land mass under French rule (after mainland France). Despite its deep connection to France, French Guiana\u2019s dependence on that country is starting to wane. One part of that process is growing its economy. The French Guianese are engaging in more and more trade, and any <a href=\"https:\/\/www.sisinternational.com\/it\/pubblicazioni\/ricerche-di-mercato-per-un-business-scalabile-7-modi-per-costruire-un-business-scalabile\/\" title=\"Ricerche di mercato per aziende scalabili: 7 modi per costruire un business scalabile\"  data-wpil-monitor-id=\"7706\">business<\/a> that wants to move into that market needs good info. And thus, it needs some good market research.<\/p>\n\n\n\n<h2 class=\"wp-block-heading\">Industrie chiave<\/h2>\n\n\n\n<p>A causa delle vaste foreste della Guyana francese, ci sono molte segherie. Ha anche molti impianti di lavorazione del legno. Tuttavia, la principale esportazione della regione \u00e8 l&#039;oro e alcuni altri metalli preziosi. La Guyana francese ha un&#039;industria spaziale che ha contribuito al PIL del paese a partire dagli anni &#039;60. Ha anche una grande industria della pesca. Non \u00e8 una sorpresa perch\u00e9 il paese ha una lunga costa. La maggior parte degli abitanti della Guyana francese vive vicino alla costa a causa dei numerosi vantaggi offerti dal vivere vicino all&#039;acqua. Ad esempio, hanno accesso a pesce fresco, clima pi\u00f9 mite e paesaggi meravigliosi. Inoltre, alla gente non piace vivere vicino alla fitta foresta con la sua miriade di animali selvatici. Pertanto, le principali industrie del paese sono tutte vicine ai porti.<\/p>\n\n\n\n<h2 class=\"wp-block-heading\">Quartieri<\/h2>\n\n\n\n<p>Rainforests cover most of the land in French Guiana because of its position near the equator and humid climate. The country is also the host to an array of flora and fauna, with over 5000 plant species native to French Guiana. It also boasts hundreds of different species of fish, mammals, birds, and amphibians. Despite the abundance of trees, the soil is poor for growing most crops. Most of the farming is around the Maroni river near the coast. So it\u2019s best for <a href=\"https:\/\/www.sisinternational.com\/it\/competenza\/industrie\/ricerche-di-mercato-sulle-risorse-naturali\/\" title=\"Ricerche di mercato sulle risorse naturali\"  data-wpil-monitor-id=\"7693\">market entrants to focus their resources<\/a> where it\u2019s best to use them.<\/p>\n\n\n\n<h2 class=\"wp-block-heading\">Tendenze<\/h2>\n\n\n\n<p>Come molti paesi sudamericani, la Guyana francese ha persone provenienti da contesti molto diversi. La maggior parte dei residenti nella Guyana francese sono nativi, mentre il resto della popolazione comprende immigrati provenienti dai paesi vicini e dalla Francia continentale. Questa diversit\u00e0 porta a molti elementi culturali unici nella Guyana francese.<\/p>\n\n\n\n<p>Per cominciare, la cultura nella Guyana francese ha profonde influenze creole e amerindie, e molti edifici sfoggiano i tratti distintivi di quell&#039;architettura mescolati con alcuni elementi occidentali. Un altro dei momenti salienti della cultura della Guyana francese \u00e8 il suo Carnevale. Come molte nazioni del Sud America e dei Caraibi, il Carnevale \u00e8 una grande occasione. La passione e l&#039;abilit\u00e0 artistica delle persone sono in mostra. I costumi vistosi sono il momento clou dell&#039;anno. Cos\u00ec sono le danze intense e la musica gioiosa.<\/p>\n\n\n\n<h2 class=\"wp-block-heading\">Vantaggi e punti di forza nel mercato della Guyana francese<\/h2>\n\n\n\n<p>From the 20th century onwards, there has been considerable growth in the economy of French Guiana. They have made strides to open themselves up to foreign businesses. Since most people live near the coast, most companies are there. Thus, a <a href=\"https:\/\/www.sisinternational.com\/it\/avviare-unimpresa-in-turchia\/\" title=\"Avviare un&#039;impresa in Turchia\"  data-wpil-monitor-id=\"7702\">business looking to set<\/a> up in the area has easy access to the ports. It also has access to the consumers in the area. This location leads to quicker business growth. Why? Because it <a href=\"https:\/\/www.sisinternational.com\/it\/essere-verdi-migliora-la-performance-della-recessione\/\" title=\"Come tagliare i costi nella tua azienda\"  data-wpil-monitor-id=\"7696\">cuts the cost<\/a> of transport and communication.<\/p>\n\n\n\n<h3 class=\"wp-block-heading\">Base dei consumatori<\/h3>\n\n\n\n<p>Come suggerisce il nome, la maggior parte della popolazione parla francese o creolo francese. Questo \u00e8 importante in qualsiasi campagna di marketing. Le persone devono comprendere il marchio e questo deve avere un impatto su di loro. Pertanto, sarebbe meglio per una nuova impresa avviare le proprie operazioni in aree pi\u00f9 popolate e urbane.<\/p>\n\n\n\n<h3 class=\"wp-block-heading\">Reasons to Grow Your Business in the French Guianese Market<\/h3>\n\n\n\n<p>For one, there are many young, ambitious people looking for jobs in the region. As a new business in the area, it\u2019s essential to have access to labor. Also, the territory is experiencing steady economic growth. Such growth means that many new industries are popping up. There are different spots in the market to fill. <a href=\"https:\/\/www.sisinternational.com\/it\/competenza\/curriculum-di-esperienza\/curriculum-di-esperienza-nel-settore-delle-bevande-fast-food\/\" title=\"Esperienza in ricerche di mercato nel settore fast food e bevande\"  data-wpil-monitor-id=\"7700\">Market entrants need to move in fast<\/a> to ensure that their competitors don\u2019t push them out.<\/p>\n\n\n\n<h2 class=\"wp-block-heading\">Informazioni sulle ricerche di mercato nella Guyana francese<\/h2>\n\n\n\n<p>Quando si effettuano ricerche di mercato, le nuove imprese devono essere approfondite nelle loro indagini. \u00c8 anche necessario conoscere bene i clienti. Nonostante alcune somiglianze, il modo in cui le persone comunicano pu\u00f2 essere molto diverso. Capire le sfumature \u00e8 importante.<\/p>\n\n\n\n<p>French Guiana is under the direct jurisdiction of France, and the influence of that European country is very evident. Market entrants need to have locals that help them bridge the gap. They also need to use many data analysis <a href=\"https:\/\/www.sisinternational.com\/it\/sampling-techniques-in-qualitative-research-the-complete-guide-to-choosing-the-right-method\/\" title=\"Sampling Techniques in Qualitative Research: The Complete Guide to Choosing the Right Method\"  data-wpil-monitor-id=\"7704\">methods to ensure that they get complete<\/a> data. That means using both Qualitative and Quantitative methods. Those methods will be helpful whenever they do Surveys, Focus Groups, and Interviews.<\/p>\n\n\n\n<p><\/p>","protected":false},"excerpt":{"rendered":"<p>Dal 20esimo secolo in poi, si \u00e8 registrata una notevole crescita nell&#039;economia della Guyana francese. Hanno fatto passi da gigante per aprirsi alle imprese straniere.<\/p>","protected":false},"author":1,"featured_media":66270,"parent":14351,"menu_order":22,"comment_status":"closed","ping_status":"closed","template":"","meta":{"footnotes":""},"class_list":["post-40944","page","type-page","status-publish","has-post-thumbnail"],"_links":{"self":[{"href":"https:\/\/www.sisinternational.com\/it\/wp-json\/wp\/v2\/pages\/40944","targetHints":{"allow":["GET"]}}],"collection":[{"href":"https:\/\/www.sisinternational.com\/it\/wp-json\/wp\/v2\/pages"}],"about":[{"href":"https:\/\/www.sisinternational.com\/it\/wp-json\/wp\/v2\/types\/page"}],"author":[{"embeddable":true,"href":"https:\/\/www.sisinternational.com\/it\/wp-json\/wp\/v2\/users\/1"}],"replies":[{"embeddable":true,"href":"https:\/\/www.sisinternational.com\/it\/wp-json\/wp\/v2\/comments?post=40944"}],"version-history":[{"count":4,"href":"https:\/\/www.sisinternational.com\/it\/wp-json\/wp\/v2\/pages\/40944\/revisions"}],"predecessor-version":[{"id":81299,"href":"https:\/\/www.sisinternational.com\/it\/wp-json\/wp\/v2\/pages\/40944\/revisions\/81299"}],"up":[{"embeddable":true,"href":"https:\/\/www.sisinternational.com\/it\/wp-json\/wp\/v2\/pages\/14351"}],"wp:featuredmedia":[{"embeddable":true,"href":"https:\/\/www.sisinternational.com\/it\/wp-json\/wp\/v2\/media\/66270"}],"wp:attachment":[{"href":"https:\/\/www.sisinternational.com\/it\/wp-json\/wp\/v2\/media?parent=40944"}],"curies":[{"name":"wp","href":"https:\/\/api.w.org\/{rel}","templated":true}]}}