{"id":40928,"date":"2022-09-20T23:28:33","date_gmt":"2022-09-20T23:28:33","guid":{"rendered":"https:\/\/www.sisinternational.com\/?page_id=40928"},"modified":"2026-01-26T16:57:06","modified_gmt":"2026-01-26T21:57:06","slug":"ricerche-di-mercato-per-marchi-in-invecchiamento","status":"publish","type":"page","link":"https:\/\/www.sisinternational.com\/it\/competenza\/ricerche-di-mercato-per-marchi-in-invecchiamento\/","title":{"rendered":"Ricerche di mercato per marchi invecchiati"},"content":{"rendered":"<h1 class=\"wp-block-heading\">Ricerche di mercato per marchi invecchiati<\/h1>\n\n\n\n<figure class=\"gb-block-image gb-block-image-1123b83b\"><img loading=\"lazy\" decoding=\"async\" width=\"1456\" height=\"816\" class=\"gb-image gb-image-1123b83b\" src=\"https:\/\/www.sisinternational.com\/wp-content\/uploads\/2025\/09\/Predictive-analytics-22.jpg\" alt=\"Ricerca e strategia di mercato internazionale SIS\" title=\"Predictive analytics (22)\" srcset=\"https:\/\/www.sisinternational.com\/wp-content\/uploads\/2025\/09\/Predictive-analytics-22.jpg 1456w, https:\/\/www.sisinternational.com\/wp-content\/uploads\/2025\/09\/Predictive-analytics-22-300x168.jpg 300w, https:\/\/www.sisinternational.com\/wp-content\/uploads\/2025\/09\/Predictive-analytics-22-1024x574.jpg 1024w, https:\/\/www.sisinternational.com\/wp-content\/uploads\/2025\/09\/Predictive-analytics-22-768x430.jpg 768w, https:\/\/www.sisinternational.com\/wp-content\/uploads\/2025\/09\/Predictive-analytics-22-18x10.jpg 18w\" sizes=\"auto, (max-width: 1456px) 100vw, 1456px\"><\/figure>\n\n\n\n<hr class=\"wp-block-separator has-alpha-channel-opacity is-style-dots\"\/>\n\n\n\n<p><\/p>\n\n\n\n<p>One can expect car design, computer operating systems, and clothing styles to change. Shouldn&#8217;t it be the same with the look of a brand? When is it time to give a brand an update? The first sign is a subtle change in what a <a href=\"https:\/\/www.sisinternational.com\/it\/mercato-della-pubblicita-digitale\/\" title=\"Marketing e pubblicit\u00e0 nell&#039;era digitale\"  data-wpil-monitor-id=\"1812\">brand is \u201cabout.\u201d Market<\/a> research is a critical element in expressing the new brand. Well-executed <a href=\"https:\/\/www.sisinternational.com\/it\/soluzioni\/soluzioni-di-branding-e-ricerca-clienti\/ricerche-di-mercato-sulla-differenziazione-del-marchio\/\" title=\"Ricerche di mercato sulla differenziazione del marchio\"  data-wpil-monitor-id=\"2867\">ricerca di mercato<\/a> enables companies to redesign their brand. The end product should define what they do, who they are, and why people can count on them.<\/p>\n\n\n\n<h2 class=\"wp-block-heading\">Ridefinire i marchi in un\u2019economia globale<\/h2>\n\n\n\n<p>Strong <a href=\"https:\/\/www.sisinternational.com\/it\/competenza\/industrie\/ricerca-di-mercato-del-marchio\/\" title=\"Ricerche di mercato sui marchi\"  data-wpil-monitor-id=\"7072\">brands outpace the market<\/a> average. They also outstrip the financial markets index. Many businesses now reserve sizable portions of their marketing budgets for digital media. This digital budget is necessary to remain relevant in the marketplace. It also helps them to forge deeper connections with their customers.<\/p>\n\n\n\n<p>Inoltre, si sta evolvendo una nuova generazione di marchi globali. I marchi pi\u00f9 vecchi dovrebbero prendere nota delle strategie che stanno utilizzando. Negli ultimi anni \u00e8 diventata una priorit\u00e0 costruire una cultura di marca solida e affidabile. I clienti dovrebbero essere in grado di riconoscere la cultura del marchio ovunque si trovi nel mondo. L\u2019ascesa dei canali digitali ha spostato l\u2019enfasi del marchio dalla struttura alla cultura.<\/p>\n\n\n\n<p>The upswing of digital has also transformed the way marketers communicate. Marketers now connect with their agency partners and customers using digital technology. The primary <a href=\"https:\/\/www.sisinternational.com\/it\/il-mercato-duty-free\/\" title=\"Ricerche di mercato nel settore duty-free\"  data-wpil-monitor-id=\"6282\">duties and the central features of marketing<\/a> stay the same. The functions have had to increase in scope, though. The new tasks are to accommodate the shifting nature of the world in which brands operate.<\/p>\n\n\n\n<p>Un eccellente esempio di marchio che si ridefinisce nell\u2019economia globale \u00e8 il Wyndham Group. Wyndham \u00e8 la pi\u00f9 grande compagnia alberghiera del mondo con pi\u00f9 di 7800 propriet\u00e0. L&#039;azienda ha recentemente rivisto i suoi 16 marchi. Ha inoltre investito in nuove tecnologie e modernizzato le sue propriet\u00e0 alberghiere. Inoltre, il gruppo ha annunciato nuove partnership e vantaggi per servire i turisti attenti al risparmio.<\/p>\n\n\n\n<h2 class=\"wp-block-heading\">I marchi pi\u00f9 vecchi devono tenere il passo con i marchi pi\u00f9 recenti<\/h2>\n\n\n\n<p>Alcune aziende vendono oggi gli stessi prodotti che vendevano nel 1920. Come fanno? Le loro offerte sono preziose e diffuse come lo erano cento anni fa. Tuttavia, queste aziende sanno che le loro esigenze di marketing si adattano al loro pubblico in continua evoluzione. Ad esempio, LEGO inizi\u00f2 come piccola azienda nel 1939 producendo giocattoli in legno in Danimarca. The LEGO Company ha recentemente sviluppato un videogioco per PlayStation, Xbox e Nintendo.<\/p>\n\n\n\n<p>Un altro esempio \u00e8 Kraft Macaroni &amp; Cheese. Kraft voleva entrare nel mercato degli appassionati di cibi salutari ma non voleva spaventare i clienti. L&#039;azienda ha lanciato il nuovo prodotto senza clamori. Hanno quindi condotto una campagna su Twitter diversi mesi dopo. Questa tattica ha dato alle persone abbastanza tempo per concludere che non avevano notato la differenza.<\/p>\n\n\n\n<p>I marchi che restano fedeli alle loro vecchie modalit\u00e0 perderanno la loro rilevanza. Devono rimanere al passo con i cambiamenti delle tendenze. Kraft ha sfruttato la crescente tendenza verso opzioni alimentari pi\u00f9 sane e uno stile di vita pulito. Anche le esperienze giocano un ruolo enorme nello stile di vita moderno. I marchi pi\u00f9 esperti prestano attenzione a questo nuovo sviluppo. Questo concetto \u00e8 ci\u00f2 che sta dietro LEGO&#039;S Legoland. L&#039;azienda ha introdotto Legoland nel 1968 ed \u00e8 ancora popolare oggi.<\/p>\n\n\n\n<h2 class=\"wp-block-heading\">Come reinventare i marchi pi\u00f9 vecchi<\/h2>\n\n\n\n<p>I marchi devono rispecchiare il mercato esistente man mano che le aziende crescono e cambiano. In breve, la concorrenza migliorer\u00e0 il proprio marchio. Abbraccer\u00e0 loghi pi\u00f9 recenti e svilupper\u00e0 nuovi modi per connettersi con il pubblico. Se le aziende decidono di restare le stesse, finiranno per perdere il loro vantaggio competitivo. Un aggiornamento del marchio comunica al pubblico che l&#039;azienda \u00e8 rilevante e moderna. Mostra anche una connessione tra un\u2019azienda e il suo settore.<\/p>\n\n\n\n<p>Il trucco per reinventare i marchi pi\u00f9 vecchi \u00e8 mantenere un occhio d\u2019aquila sul cliente. Le aziende devono ascoltare i desideri e le esigenze del cliente. Devono utilizzare queste informazioni per creare e mantenere la rilevanza del marchio nel mondo di oggi. Devono anche essere in grado di raccontare la storia del marchio per ispirare affinit\u00e0 e intenzione di acquisto. Questi sono i segreti dietro al motivo per cui alcuni marchi rimangono rilevanti e altri no. Gli esperti di marketing farebbero bene a prestare attenzione e a cercare sempre la pertinenza, indipendentemente dal mercato.<\/p>\n\n\n\n<p><\/p>","protected":false},"excerpt":{"rendered":"<p>Una ricerca di mercato ben eseguita consente alle aziende di ridisegnare il proprio marchio. Il prodotto finale dovrebbe definire cosa fanno, chi sono e perch\u00e9 le persone possono contare su di loro.<\/p>","protected":false},"author":1,"featured_media":70175,"parent":14514,"menu_order":145,"comment_status":"closed","ping_status":"closed","template":"","meta":{"footnotes":""},"class_list":["post-40928","page","type-page","status-publish","has-post-thumbnail"],"_links":{"self":[{"href":"https:\/\/www.sisinternational.com\/it\/wp-json\/wp\/v2\/pages\/40928","targetHints":{"allow":["GET"]}}],"collection":[{"href":"https:\/\/www.sisinternational.com\/it\/wp-json\/wp\/v2\/pages"}],"about":[{"href":"https:\/\/www.sisinternational.com\/it\/wp-json\/wp\/v2\/types\/page"}],"author":[{"embeddable":true,"href":"https:\/\/www.sisinternational.com\/it\/wp-json\/wp\/v2\/users\/1"}],"replies":[{"embeddable":true,"href":"https:\/\/www.sisinternational.com\/it\/wp-json\/wp\/v2\/comments?post=40928"}],"version-history":[{"count":7,"href":"https:\/\/www.sisinternational.com\/it\/wp-json\/wp\/v2\/pages\/40928\/revisions"}],"predecessor-version":[{"id":80636,"href":"https:\/\/www.sisinternational.com\/it\/wp-json\/wp\/v2\/pages\/40928\/revisions\/80636"}],"up":[{"embeddable":true,"href":"https:\/\/www.sisinternational.com\/it\/wp-json\/wp\/v2\/pages\/14514"}],"wp:featuredmedia":[{"embeddable":true,"href":"https:\/\/www.sisinternational.com\/it\/wp-json\/wp\/v2\/media\/70175"}],"wp:attachment":[{"href":"https:\/\/www.sisinternational.com\/it\/wp-json\/wp\/v2\/media?parent=40928"}],"curies":[{"name":"wp","href":"https:\/\/api.w.org\/{rel}","templated":true}]}}