{"id":40923,"date":"2022-09-20T20:26:22","date_gmt":"2022-09-20T20:26:22","guid":{"rendered":"https:\/\/www.sisinternational.com\/?page_id=40923"},"modified":"2026-01-25T18:27:17","modified_gmt":"2026-01-25T23:27:17","slug":"ricerche-di-mercato-ebraiche","status":"publish","type":"page","link":"https:\/\/www.sisinternational.com\/it\/competenza\/ricerche-di-mercato-ebraiche\/","title":{"rendered":"Ricerche sul mercato ebraico"},"content":{"rendered":"<h1 class=\"wp-block-heading\">Ricerche sul mercato ebraico<\/h1>\n\n\n\n<figure class=\"gb-block-image gb-block-image-222a31c5\"><img loading=\"lazy\" decoding=\"async\" width=\"1456\" height=\"816\" class=\"gb-image gb-image-222a31c5\" src=\"https:\/\/www.sisinternational.com\/wp-content\/uploads\/2025\/08\/jewish-2.jpg\" alt=\"Ricerca e strategia di mercato internazionale SIS\" title=\"jewish (2)\" srcset=\"https:\/\/www.sisinternational.com\/wp-content\/uploads\/2025\/08\/jewish-2.jpg 1456w, https:\/\/www.sisinternational.com\/wp-content\/uploads\/2025\/08\/jewish-2-300x168.jpg 300w, https:\/\/www.sisinternational.com\/wp-content\/uploads\/2025\/08\/jewish-2-1024x574.jpg 1024w, https:\/\/www.sisinternational.com\/wp-content\/uploads\/2025\/08\/jewish-2-768x430.jpg 768w, https:\/\/www.sisinternational.com\/wp-content\/uploads\/2025\/08\/jewish-2-18x10.jpg 18w\" sizes=\"auto, (max-width: 1456px) 100vw, 1456px\"><\/figure>\n\n\n\n<p><\/p>\n\n\n\n<hr class=\"wp-block-separator has-alpha-channel-opacity is-style-dots\"\/>\n\n\n\n<div class=\"wp-block-columns has-global-color-9-color has-text-color has-background has-link-color wp-elements-19bd3eb280d23ab045a99d0ba0076b81 is-layout-flex wp-container-core-columns-is-layout-9d6595d7 wp-block-columns-is-layout-flex\" style=\"background-color:#f7f9fa6e\">\n<div class=\"wp-block-column is-layout-flow wp-block-column-is-layout-flow\" style=\"flex-basis:18%\"><\/div>\n\n\n\n<div class=\"wp-block-column is-vertically-aligned-center is-layout-flow wp-block-column-is-layout-flow\" style=\"flex-basis:71.28%\">\n<div class=\"wp-block-rank-math-toc-block aligncenter has-global-color-9-color has-text-color has-link-color wp-elements-c23447f18bb99ce33478826f14dabac9\" style=\"font-size:16px\" id=\"rank-math-toc\"><h2><br><strong>T<\/strong>able of Contents<\/h2><nav><ul><li class=\"\"><a href=\"#who-are-the-jewish\">Chi sono gli ebrei?<\/a><\/li><li class=\"\"><a href=\"#why-are-the-jewish-important\">Perch\u00e9 gli ebrei sono importanti?<\/a><\/li><li class=\"\"><a href=\"#key-job-titles\">Titoli di lavoro chiave<\/a><\/li><li class=\"\"><a href=\"#key-success-factors-of-the-jewish\">Fattori chiave di successo degli ebrei<\/a><\/li><li class=\"\"><a href=\"#why-is-jewish-market-research-important\">Perch\u00e9 \u00e8 importante la ricerca di mercato ebraica<\/a><\/li><li class=\"\"><a href=\"#about-jewish-market-research\">Informazioni sulle ricerche di mercato ebraiche<\/a><\/li><\/ul><\/nav><\/div>\n<\/div>\n<\/div>\n\n\n\n<p><\/p>\n\n\n\n<h2 class=\"wp-block-heading\" id=\"who-are-the-jewish\">Chi sono gli ebrei?<\/h2>\n\n\n\n<p>Secondo la &quot;legge ebraica&quot;, un ebreo \u00e8 qualcuno nato da genitori ebrei o qualcuno che si \u00e8 convertito al giudaismo. Non tutti i nati da ebrei sono ebrei. Detto bambino dovrebbe essere cresciuto con pratiche ebraiche per essere un membro a pieno titolo.<\/p>\n\n\n\n<h2 class=\"wp-block-heading\" id=\"why-are-the-jewish-important\">Perch\u00e9 gli ebrei sono importanti?<\/h2>\n\n\n\n<p>Uomini e donne ebrei hanno dato alcuni dei contributi pi\u00f9 significativi alla nostra societ\u00e0. Questi sono serviti a cambiare la vita di molti oggi nel campo della scienza, dell\u2019artigianato, del cibo, della danza e della finanza aziendale. Hanno inventato anche il cemento migliaia di anni fa a Gerico. Nel medioevo aiutarono i cinesi nella creazione di carta moneta.<\/p>\n\n\n\n<p>Gli ebrei sono le menti dietro molti dei nostri progressi medici. Hanno sviluppato vaccini contro il colera, la peste bubbonica e la poliomielite e sono anche pionieri nell\u2019ingegneria genetica.<\/p>\n\n\n\n<h3 class=\"wp-block-heading\">Alcune invenzioni con menti ebraiche dietro di loro lo sono;<\/h3>\n\n\n\n<ul class=\"wp-block-list\">\n<li>La creazione dei primi reattori per i razzi della NASA (Theodore von K\u00e1rm\u00e1n).<\/li>\n\n\n\n<li>Protocolli Internet e World Wide Web (Bob Kahn).<\/li>\n\n\n\n<li>Facebook (Mark Zuckerberg).<\/li>\n\n\n\n<li>La leggenda dei fumetti Stan Lee \u00e8 cresciuta in una famiglia ebrea.<\/li>\n<\/ul>\n\n\n\n<h3 class=\"wp-block-heading\">Gli ebrei sono una popolazione significativa negli Stati Uniti. Rappresentano 2,2% della popolazione totale.<\/h3>\n\n\n\n<p>Gli ebrei sono un gruppo demografico importante per i professionisti del marketing. Tendono ad essere pi\u00f9 istruiti e benestanti rispetto ad altri gruppi. Hanno anche un\u2019elevata propensione a spendere in beni di lusso. Un&#039;altra delle loro forti tradizioni \u00e8 la filantropia. Questa tradizione pu\u00f2 portare anche a ulteriori donazioni da parte loro.<\/p>\n\n\n\n<p>Il mercato ebraico \u00e8 essenziale perch\u00e9 rappresenta una minoranza influente con molti soldi da spendere. Inoltre, il fatto che sia disposto a donare denaro \u00e8 un vantaggio.<\/p>\n\n\n\n<h2 class=\"wp-block-heading\" id=\"key-job-titles\">Titoli di lavoro chiave<\/h2>\n\n\n\n<figure class=\"gb-block-image gb-block-image-835d0060\"><img loading=\"lazy\" decoding=\"async\" width=\"1456\" height=\"816\" class=\"gb-image gb-image-835d0060\" src=\"https:\/\/www.sisinternational.com\/wp-content\/uploads\/2025\/08\/jewish-1.jpg\" alt=\"Ricerca e strategia di mercato internazionale SIS\" title=\"jewish (1)\" srcset=\"https:\/\/www.sisinternational.com\/wp-content\/uploads\/2025\/08\/jewish-1.jpg 1456w, https:\/\/www.sisinternational.com\/wp-content\/uploads\/2025\/08\/jewish-1-300x168.jpg 300w, https:\/\/www.sisinternational.com\/wp-content\/uploads\/2025\/08\/jewish-1-1024x574.jpg 1024w, https:\/\/www.sisinternational.com\/wp-content\/uploads\/2025\/08\/jewish-1-768x430.jpg 768w, https:\/\/www.sisinternational.com\/wp-content\/uploads\/2025\/08\/jewish-1-18x10.jpg 18w\" sizes=\"auto, (max-width: 1456px) 100vw, 1456px\"><\/figure>\n\n\n\n<p><\/p>\n\n\n\n<p>La Bibbia ebraica consente alle persone di prestare denaro a interesse a uno \u201cstraniero\u201d. Ma lo proibisce a un \u201cfratello\u201d (compagno ebreo). Pertanto, gli ebrei consideravano il prestito di denaro un\u2019impresa con alti profitti e pochi rischi. Inoltre, dietro ad alcuni dei nomi pi\u00f9 noti del settore bancario e finanziario ci sono famiglie ebree. Questi includono Goldman Sachs, i Rothschild e l\u2019ormai defunta Lehman Brothers.<\/p>\n\n\n\n<p>Nel 1290 Edoardo I espulse l&#039;intera popolazione ebraica dell&#039;Inghilterra. A causa di questo esilio non potevano acquistare terreni e non avevano altro mezzo di sostentamento oltre al commercio. Il commercio \u00e8 oggi uno dei fattori pi\u00f9 significativi della ricchezza ebraica. Molti diventano venditori per portare avanti la tradizione.<\/p>\n\n\n\n<p>Poich\u00e9 solo il 2,2% della popolazione statunitense \u00e8 ebrea, \u00e8 incredibile che i marcatori kosher dominino cos\u00ec tanto. Una ragione potrebbe essere dovuta ai benefici per la salute che il cibo kosher ha.<\/p>\n\n\n\n<h2 class=\"wp-block-heading\" id=\"key-success-factors-of-the-jewish\">Fattori chiave di successo degli ebrei<\/h2>\n\n\n\n<p>Gli ebrei sono uno dei gruppi di persone pi\u00f9 ricchi del mondo. Questa ricchezza \u00e8 in parte dovuta al loro background culturale. Alcuni fattori critici per questo successo sono la loro religione e le buone pratiche commerciali. Nella Torah, filosofi e leader ebrei stabiliscono come un ebreo deve gestire i propri affari e la propria casa.<\/p>\n\n\n\n<p>Gli ebrei sono resilienti e capaci di perseverare in situazioni difficili. Questa resilienza potrebbe essere dovuta ai loro insegnamenti spirituali. Il fallimento non li scoraggia. Le loro difficolt\u00e0, come si \u00e8 visto nella storia, ne sono un esempio. Quando le cose vanno male negli affari, cosa che accade quasi sempre, non si concentrano sul fallimento. Invece, cercano modi per migliorare se stessi per ridurre le possibilit\u00e0 che ci\u00f2 accada di nuovo.<\/p>\n\n\n\n<p>Gli ebrei sono considerati il gruppo religioso pi\u00f9 istruito al mondo. Gli ebrei ricevono una media di 13,4 anni di istruzione post-secondaria. Costituiscono anche i gruppi pi\u00f9 qualificati al mondo oggi.<\/p>\n\n\n\n<p>Hanno un legame speciale tra loro. Nel giudaismo la ricchezza non \u00e8 solo finalizzata all&#039;accumulazione. Le persone devono anche diffonderlo nella comunit\u00e0 per costruire e avvantaggiare tutti. Gli ebrei sono stati tra i primi a utilizzare la globalizzazione e le reti per aumentare la ricchezza.<\/p>\n\n\n\n<h2 class=\"wp-block-heading\" id=\"why-is-jewish-market-research-important\">Perch\u00e9 \u00e8 importante la ricerca di mercato ebraica<\/h2>\n\n\n\n<p>Gli ebrei sono tra i gruppi religiosi pi\u00f9 istruiti. Sono laboriosi, resilienti e guidati dalla fede. Hanno anche radici profonde nella loro comunit\u00e0. I valori fondamentali della fede ebraica sono la giustizia, la gentilezza, la carit\u00e0 e la guarigione. L\u2019ebraismo insegna che ognuno ha un ruolo nell\u2019aiutare chi \u00e8 in povert\u00e0.<\/p>\n\n\n\n<p>Anche gli ebrei e l&#039;ebraismo condividono un ruolo significativo nello sviluppo del cristianesimo odierno, e l&#039;ebraismo ha influenzato alcune delle dottrine e delle idee centrali. Gli ebrei furono anche tra i primi a lottare contro la disuguaglianza. La lotta ebraica cre\u00f2 un quadro rivoluzionario. Questo quadro \u00e8 stato trasferito alla societ\u00e0 moderna oggi. La perseveranza degli ebrei nel passato nella lotta contro la disuguaglianza \u00e8 fonte di ispirazione. Ha ispirato il mondo di oggi.<\/p>\n\n\n\n<p>Gli ebrei furono ad un certo punto uno dei gruppi pi\u00f9 oppressi. Con resilienza, hanno combattuto per la loro libert\u00e0. Sono anche un esempio per qualsiasi gruppo o paese del fatto che la libert\u00e0 umana \u00e8 un diritto. La loro storia incoraggia le persone a combattere la disuguaglianza nel mondo.<\/p>\n\n\n\n<p><\/p>\n\n\n\n<!DOCTYPE html>\n<html lang=\"en\">\n<head>\n    <meta charset=\"UTF-8\">\n    <meta name=\"viewport\" content=\"width=device-width, initial-scale=1.0\">\n    <title>AI Blog Banner<\/title>\n    <style>\n        * {\n            margin: 0;\n            padding: 0;\n            box-sizing: border-box;\n        }\n\n        .banner {\n            position: relative;\n            width: 100%;\n            height: 350px;\n            overflow: hidden;\n            display: flex;\n            align-items: center;\n            justify-content: center;\n            font-family: 'Arial', sans-serif;\n            border-radius: 25px;\n        }\n\n        .animated-background {\n            position: absolute;\n            top: 0;\n            left: 0;\n            width: 100%;\n            height: 100%;\n            background: linear-gradient(45deg, #003f6b, #2d5a7b, #003f6b, #2d5a7b);\n            background-size: 400% 400%;\n            animation: gradientMove 8s ease-in-out infinite;\n        }\n\n        .ai-pattern {\n            position: absolute;\n            top: 0;\n            left: 0;\n            width: 100%;\n            height: 100%;\n            opacity: 0.1;\n            background-image: \n                radial-gradient(circle at 20% 20%, rgba(255,255,255,0.3) 2px, transparent 2px),\n                radial-gradient(circle at 80% 80%, rgba(255,255,255,0.2) 1px, transparent 1px),\n                radial-gradient(circle at 40% 60%, rgba(255,255,255,0.15) 1.5px, transparent 1.5px),\n                radial-gradient(circle at 60% 20%, rgba(255,255,255,0.25) 1px, transparent 1px),\n                radial-gradient(circle at 80% 40%, rgba(255,255,255,0.2) 2px, transparent 2px);\n            background-size: 100px 100px, 150px 150px, 80px 80px, 120px 120px, 90px 90px;\n            animation: patternFloat 12s linear infinite;\n        }\n\n        .neural-network {\n            position: absolute;\n            top: 0;\n            left: 0;\n            width: 100%;\n            height: 100%;\n            opacity: 0.08;\n        }\n\n        .neural-line {\n            position: absolute;\n            height: 1px;\n            background: linear-gradient(90deg, transparent, rgba(255,255,255,0.5), transparent);\n            animation: neuralPulse 6s ease-in-out infinite;\n        }\n\n        .neural-line:nth-child(1) {\n            top: 30%;\n            left: 0;\n            width: 60%;\n            animation-delay: 0s;\n        }\n\n        .neural-line:nth-child(2) {\n            top: 50%;\n            right: 0;\n            width: 70%;\n            animation-delay: 2s;\n        }\n\n        .neural-line:nth-child(3) {\n            top: 70%;\n            left: 20%;\n            width: 50%;\n            animation-delay: 4s;\n        }\n\n        .content {\n            position: relative;\n            z-index: 10;\n            text-align: center;\n            color: white !important;\n            max-width: 800px;\n            padding: 30px;\n        }\n\n        .content * {\n            color: white !important;\n        }\n\n        .cta-text {\n            font-size: 1.9rem;\n            font-weight: 700;\n            margin-bottom: 15px;\n            color: white !important;\n            background: linear-gradient(90deg, rgba(255,255,255,0.6), rgba(255,255,255,1), rgba(230,230,230,1), rgba(255,255,255,1), rgba(240,240,240,0.8), rgba(255,255,255,0.6));\n            background-size: 200% 100%;\n            -webkit-background-clip: text;\n            -webkit-text-fill-color: transparent;\n            background-clip: text;\n            animation: shineEffect 10s ease-in-out infinite;\n            line-height: 1.3;\n        }\n\n        .cta-subheading {\n            font-size: 1rem;\n            font-weight: 400;\n            margin-bottom: 25px;\n            color: white !important;\n            line-height: 1.6;\n            opacity: 0.95;\n        }\n\n        .cta-button {\n            background: linear-gradient(135deg, #8a6b0f, #bd9013, #d4a519);\n            border: 2px solid #8a6b0f;\n            color: white !important;\n            padding: 18px 40px;\n            font-size: 1.2rem;\n            font-weight: 600;\n            border-radius: 50px;\n            cursor: pointer;\n            transition: all 0.3s ease;\n            text-decoration: none;\n            display: inline-block;\n            position: relative;\n            overflow: hidden;\n        }\n\n        .cta-button::before {\n            content: '';\n            position: absolute;\n            top: 0;\n            left: -100%;\n            width: 100%;\n            height: 100%;\n            background: linear-gradient(90deg, \n                transparent 0%, \n                rgba(255, 255, 255, 0.3) 25%,\n                rgba(255, 255, 255, 0.6) 50%,\n                rgba(255, 255, 255, 0.3) 75%,\n                transparent 100%);\n            animation: shine 3s ease-in-out infinite;\n        }\n\n        .cta-button:hover {\n            transform: translateY(-3px);\n            box-shadow: 0 10px 25px rgba(0,0,0,0.2);\n            border-color: #bd9013;\n            background: linear-gradient(135deg, #bd9013, #d4a519, #e6b61f);\n        }\n\n        .floating-elements {\n            position: absolute;\n            top: 0;\n            left: 0;\n            width: 100%;\n            height: 100%;\n            pointer-events: none;\n        }\n\n        .floating-circle {\n            position: absolute;\n            border-radius: 50%;\n            background: rgba(255,255,255,0.1);\n            animation: float 8s ease-in-out infinite;\n        }\n\n        .floating-circle:nth-child(1) {\n            width: 80px;\n            height: 80px;\n            top: 20%;\n            left: 10%;\n            animation-delay: 0s;\n        }\n\n        .floating-circle:nth-child(2) {\n            width: 60px;\n            height: 60px;\n            top: 60%;\n            right: 15%;\n            animation-delay: 3s;\n        }\n\n        .floating-circle:nth-child(3) {\n            width: 40px;\n            height: 40px;\n            top: 80%;\n            left: 80%;\n            animation-delay: 6s;\n        }\n\n        .floating-circle:nth-child(4) {\n            width: 70px;\n            height: 70px;\n            top: 10%;\n            right: 20%;\n            animation-delay: 1.5s;\n        }\n\n        .floating-circle:nth-child(5) {\n            width: 50px;\n            height: 50px;\n            top: 75%;\n            left: 30%;\n            animation-delay: 4.5s;\n        }\n\n        @keyframes gradientMove {\n            0% { background-position: 0% 50%; }\n            25% { background-position: 100% 50%; }\n            50% { background-position: 100% 100%; }\n            75% { background-position: 0% 100%; }\n            100% { background-position: 0% 50%; }\n        }\n\n        @keyframes patternFloat {\n            0% { transform: translateX(0) translateY(0); }\n            33% { transform: translateX(30px) translateY(-20px); }\n            66% { transform: translateX(-20px) translateY(10px); }\n            100% { transform: translateX(0) translateY(0); }\n        }\n\n        @keyframes neuralPulse {\n            0%, 100% { opacity: 0.08; }\n            50% { opacity: 0.2; }\n        }\n\n        @keyframes shineEffect {\n            0% { background-position: 200% 0; }\n            100% { background-position: -200% 0; }\n        }\n\n        @keyframes shine {\n            0% {\n                left: -100%;\n            }\n            20%, 100% {\n                left: 100%;\n            }\n        }\n\n        @keyframes float {\n            0%, 100% { transform: translateY(0px) rotate(0deg); }\n            33% { transform: translateY(-30px) rotate(120deg); }\n            66% { transform: translateY(15px) rotate(240deg); }\n        }\n\n        @media (max-width: 768px) {\n            .banner {\n                height: 320px;\n                padding: 30px 0;\n            }\n            \n            .content {\n                padding: 40px 20px;\n            }\n            \n            .cta-text {\n                font-size: 1.3rem;\n                margin-bottom: 12px;\n            }\n            \n            .cta-subheading {\n                font-size: 0.85rem;\n                margin-bottom: 20px;\n            }\n            \n            .cta-button {\n                padding: 14px 28px;\n                font-size: 0.95rem;\n            }\n        }\n    <\/style>\n<\/head>\n<body>\n    <div class=\"banner\">\n        <div class=\"animated-background\"><\/div>\n        \n        <div class=\"ai-pattern\"><\/div>\n        \n        <div class=\"neural-network\">\n            <div class=\"neural-line\"><\/div>\n            <div class=\"neural-line\"><\/div>\n            <div class=\"neural-line\"><\/div>\n        <\/div>\n        \n        <div class=\"floating-elements\">\n            <div class=\"floating-circle\"><\/div>\n            <div class=\"floating-circle\"><\/div>\n            <div class=\"floating-circle\"><\/div>\n            <div class=\"floating-circle\"><\/div>\n            <div class=\"floating-circle\"><\/div>\n        <\/div>\n        \n        <div class=\"content\">\n            <div class=\"cta-text\">Ready to explore the insights that drive smarter decisions?<\/div>\n            <div class=\"cta-subheading\">Contact our Research experts today.<\/div>\n            <a href=\"mailto:Research@sisinternational.com\" class=\"cta-button\">Contact us now!<\/a>\n        <\/div>\n    <\/div>\n<\/body>\n<\/html>\n\n\n\n<p><\/p>\n\n\n\n<h2 class=\"wp-block-heading\" id=\"about-jewish-market-research\">Informazioni sulle ricerche di mercato ebraiche<\/h2>\n\n\n\n<p>The Jewish market is an important and fast-growing demographic to <a href=\"https:\/\/www.sisinternational.com\/it\/competenza\/industrie\/ricerche-di-mercato-sul-vuoto\/\" title=\"Ricerche di mercato sul vuoto\"  data-wpil-monitor-id=\"4883\">ricerca<\/a>. For years, they have been an underserved group. With the growth of social media and online retail, there is more opportunity. Brands can now reach this demographic.<\/p>\n\n\n\n<p>\u00c8 essenziale utilizzare la ricerca quantitativa e qualitativa per avviare questo processo. Anche la ricerca strategica \u00e8 vitale. Le aziende hanno riscontrato successo anche con interviste, sondaggi e focus group.<\/p>\n\n\n<h2>La nostra sede a New York<\/h2>\n<p><!-- \/wp:post-content --> <!-- wp:html --> <iframe loading=\"lazy\" src=\"https:\/\/www.google.com\/maps\/embed?pb=!1m18!1m12!1m3!1d3022.976188376966!2d-73.99130312499956!3d40.740549471389315!2m3!1f0!2f0!3f0!3m2!1i1024!2i768!4f13.1!3m3!1m2!1s0x89c259a15798c731%3A0xd695d09bdd495f25!2s11%20E%2022nd%20St%20FL%202%2C%20New%20York%2C%20NY%2010010%2C%20USA!5e0!3m2!1sen!2spe!4v1726171763526!5m2!1sen!2spe\" width=\"600\" height=\"450\" allowfullscreen=\"allowfullscreen\" data-mce-fragment=\"1\"><\/iframe> <!-- \/wp:html --> <!-- wp:paragraph --><\/p>\n<h3 class=\"wp-block-heading\">11 E 22nd Street, Piano 2, New York, NY 10010 T: +1(212) 505-6805<\/h3>\n<hr \/>\n<h2><span style=\"font-weight: 400;\">A proposito di SIS Internazionale<\/span><\/h2>\n<p><a href=\"https:\/\/www.sisinternational.com\/it\/\"><span style=\"font-weight: 400;\">SIS Internazionale<\/span><\/a><span style=\"font-weight: 400;\"> offre ricerca quantitativa, qualitativa e strategica. Forniamo dati, strumenti, strategie, report e approfondimenti per il processo decisionale. Conduciamo anche interviste, sondaggi, focus group e altri metodi e approcci di ricerca di mercato.<\/span><a href=\"https:\/\/www.sisinternational.com\/it\/sulla-sua-ricerca-internazionale\/contact-sis-international-market-research\/\"><span style=\"font-weight: 400;\"> Contattaci<\/span><\/a><span style=\"font-weight: 400;\"> per il tuo prossimo progetto di ricerca di mercato.<\/span><\/p>\n\n<!-- wp:paragraph -->\n<p><\/p>\n<!-- \/wp:paragraph -->","protected":false},"excerpt":{"rendered":"<p>Uomini e donne ebrei hanno dato alcuni dei contributi pi\u00f9 significativi alla nostra societ\u00e0. Questi sono serviti a cambiare la vita di molti oggi.<\/p>","protected":false},"author":1,"featured_media":63222,"parent":14514,"menu_order":144,"comment_status":"closed","ping_status":"closed","template":"","meta":{"footnotes":""},"class_list":["post-40923","page","type-page","status-publish","has-post-thumbnail"],"_links":{"self":[{"href":"https:\/\/www.sisinternational.com\/it\/wp-json\/wp\/v2\/pages\/40923","targetHints":{"allow":["GET"]}}],"collection":[{"href":"https:\/\/www.sisinternational.com\/it\/wp-json\/wp\/v2\/pages"}],"about":[{"href":"https:\/\/www.sisinternational.com\/it\/wp-json\/wp\/v2\/types\/page"}],"author":[{"embeddable":true,"href":"https:\/\/www.sisinternational.com\/it\/wp-json\/wp\/v2\/users\/1"}],"replies":[{"embeddable":true,"href":"https:\/\/www.sisinternational.com\/it\/wp-json\/wp\/v2\/comments?post=40923"}],"version-history":[{"count":8,"href":"https:\/\/www.sisinternational.com\/it\/wp-json\/wp\/v2\/pages\/40923\/revisions"}],"predecessor-version":[{"id":78820,"href":"https:\/\/www.sisinternational.com\/it\/wp-json\/wp\/v2\/pages\/40923\/revisions\/78820"}],"up":[{"embeddable":true,"href":"https:\/\/www.sisinternational.com\/it\/wp-json\/wp\/v2\/pages\/14514"}],"wp:featuredmedia":[{"embeddable":true,"href":"https:\/\/www.sisinternational.com\/it\/wp-json\/wp\/v2\/media\/63222"}],"wp:attachment":[{"href":"https:\/\/www.sisinternational.com\/it\/wp-json\/wp\/v2\/media?parent=40923"}],"curies":[{"name":"wp","href":"https:\/\/api.w.org\/{rel}","templated":true}]}}