{"id":40761,"date":"2022-06-27T08:20:54","date_gmt":"2022-06-27T08:20:54","guid":{"rendered":"https:\/\/www.sisinternational.com\/?page_id=40761"},"modified":"2025-10-01T20:46:57","modified_gmt":"2025-10-02T00:46:57","slug":"ricerche-di-mercato-smartphone-nuovi-dispositivi-mobili","status":"publish","type":"page","link":"https:\/\/www.sisinternational.com\/it\/competenza\/ricerche-di-mercato-smartphone-nuovi-dispositivi-mobili\/","title":{"rendered":"Ricerche di mercato sugli smartphone"},"content":{"rendered":"<h1 class=\"wp-block-heading\">Smartphone&nbsp;Market Research<\/h1>\n\n\n\n<p><\/p>\n\n\n\n<figure class=\"gb-block-image gb-block-image-fd551c05\"><img loading=\"lazy\" decoding=\"async\" width=\"1456\" height=\"816\" class=\"gb-image gb-image-fd551c05\" src=\"https:\/\/www.sisinternational.com\/wp-content\/uploads\/2025\/08\/Smarrtphone-5g-7.jpg\" alt=\"Ricerca e strategia di mercato internazionale SIS\" title=\"Smarrtphone 5g (7)\" srcset=\"https:\/\/www.sisinternational.com\/wp-content\/uploads\/2025\/08\/Smarrtphone-5g-7.jpg 1456w, https:\/\/www.sisinternational.com\/wp-content\/uploads\/2025\/08\/Smarrtphone-5g-7-300x168.jpg 300w, https:\/\/www.sisinternational.com\/wp-content\/uploads\/2025\/08\/Smarrtphone-5g-7-1024x574.jpg 1024w, https:\/\/www.sisinternational.com\/wp-content\/uploads\/2025\/08\/Smarrtphone-5g-7-768x430.jpg 768w, https:\/\/www.sisinternational.com\/wp-content\/uploads\/2025\/08\/Smarrtphone-5g-7-18x10.jpg 18w\" sizes=\"auto, (max-width: 1456px) 100vw, 1456px\"><\/figure>\n\n\n\n<hr class=\"wp-block-separator has-alpha-channel-opacity is-style-dots\"\/>\n\n\n\n<p>Lo smartphone, un telefono cellulare con una migliore connettivit\u00e0 e capacit\u00e0 di elaborazione pi\u00f9 sofisticate rispetto ai normali telefoni cellulari, \u00e8 entrato nel mercato consumer alla fine degli anni &#039;90, ma ha ottenuto l&#039;accettazione mainstream solo con l&#039;introduzione del Blackberry da parte di RIM nel 2006. Apple Inc. si \u00e8 unita allo smartphone mercato nel 2007 con il primo modello di iPhone, seguito da Samsung nel giugno 2008 con Instinct.<\/p>\n\n\n\n<p>In addition to the smartphone, the modern consumer has access to other devices, the most popular of which is the tablet computer, introduced in 2010. <a href=\"https:\/\/www.sisinternational.com\/it\/soluzioni\/ricerche-di-mercato-sui-consumatori\/\" title=\"Consumer Market Research Services for Smarter Business Decisions\"  data-wpil-monitor-id=\"8326\">Consumers and business<\/a> owners are using mobile devices in new ways every day around the world. This new technology has made it possible for everybody to connect and relate to what is happening at any given moment.<\/p>\n\n\n\n<h2 class=\"wp-block-heading\">L\u2019ascesa degli smartphone e dei dispositivi mobili<\/h2>\n\n\n\n<p>Negli Stati Uniti le persone trascorrono molto pi\u00f9 tempo sui dispositivi mobili che sui computer desktop. Uno dei fattori che determinano l\u2019aumento del tempo trascorso sui dispositivi mobili sono i social network esclusivamente mobili, ad esempio Snapchat, che sta crescendo rapidamente in popolarit\u00e0. Le conclusioni sono chiare: se le aziende non offrono un&#039;esperienza mobile adeguata o se non sono in grado di raggiungere il pubblico tramite la visualizzazione o la ricerca mobile, perderanno rispetto alle aziende che lo fanno.<\/p>\n\n\n\n<p>Smartphones continue to increase, and their evolving use, along with that of other mobile devices, is resulting in new <a href=\"https:\/\/www.sisinternational.com\/it\/pubblicazioni\/comportamento-dellacquirente-dopo-il-nuovo-consumatore-legato-al-coronavirus\/\" title=\"Comportamento degli acquirenti dopo il coronavirus: ricerche di mercato sui consumatori\"  data-wpil-monitor-id=\"8327\">consumer expectations and behavior<\/a> when it comes to the purchase of goods and services and the consumption of information. Retailers are adjusting to shopping <a href=\"https:\/\/www.sisinternational.com\/it\/smartphone\/\" title=\"Ricerche di mercato sugli smartphone\"  data-wpil-monitor-id=\"2877\">research on tablets and smartphones<\/a> and in-store mobile usage while organizing their websites to make the most of the mobile consumer and commerce experience.<\/p>\n\n\n\n<h2 class=\"wp-block-heading\">Usi pratici di smartphone e dispositivi mobili nelle industrie di prodotti e servizi<\/h2>\n\n\n\n<p>Gli utenti di smartphone e dispositivi possono navigare in Internet e rimanere connessi anche quando sono lontani dal WiFi. Possono anche mantenere gli utenti connessi ai social media, consentendo loro di pubblicare commenti e immagini a qualsiasi ora del giorno e della notte, indipendentemente dalla loro posizione. Inoltre, consentono agli utenti di ascoltare musica. Possono leggere file mp3, rendendoli lettori musicali portatili di successo.<\/p>\n\n\n\n<p>Le persone utilizzano smartphone e tablet anche quando vogliono prenotare viaggi, guardare video e accedere a informazioni locali (come la valutazione di quel nuovo ristorante e la sua posizione esatta). Usano i loro dispositivi anche per eseguire ricerche su Google e per leggere notizie e pettegolezzi di intrattenimento. Preferiscono lo smartphone per alcune attivit\u00e0, come le ricerche locali, e il tablet per altre, come guardare film.<\/p>\n\n\n\n<h2 class=\"wp-block-heading\">Importanza del design<\/h2>\n\n\n\n<p>The mobile web has grown astronomically with the increase in mobile devices. The number of people using their tablets and smartphones to search the web has long exceeded the number using their desktops for that same purpose. Businesses should, therefore, optimize their websites for all devices: tablet and smartphones users in search of a <a href=\"https:\/\/www.sisinternational.com\/it\/soluzioni\/prova-del-gusto\/servizi-di-test-di-prodotto-a-new-york\/\" title=\"Servizi di test di prodotto a New York\"  data-wpil-monitor-id=\"8328\">product or service<\/a> (as in our earlier restaurant example) choose in only a few seconds whether or not to patronize an organization based on if their mobile website is easy to use \u2013 or not.<\/p>\n\n\n\n<p>The swift growth in usage and importance of mobile devices is not just an American phenomenon. Mobile device usage has grown drastically worldwide. People spend most of their time using different apps on their mobile devices. Increased app use has led to some concerns, for example, entry barriers for new, regional products, as well as less need for text messaging, dulling the <a href=\"https:\/\/www.sisinternational.com\/it\/how-to-conduct-effective-quantitative-market-research\/\" title=\"How to Conduct Effective Quantitative Market Research\"  data-wpil-monitor-id=\"8329\">effect of SMS marketing<\/a>.<\/p>\n\n\n\n<h2 class=\"wp-block-heading\">How Market Research Can Be Useful<\/h2>\n\n\n\n<p>I dispositivi mobili offrono alle persone la libert\u00e0 di spostarsi ovunque, aprendo nuove ed entusiasmanti possibilit\u00e0 per il business. La ricerca di mercato mobile \u00e8 ancora una tendenza emergente e una tendenza che le aziende dovrebbero adottare per diversi motivi, incluso il fatto che \u00e8 conveniente e semplice ed elimina gli intermediari. Inoltre, \u00e8 il modo migliore (e talvolta l\u2019unico) per raggiungere i partecipanti.<\/p>\n\n\n\n<p><\/p>","protected":false},"excerpt":{"rendered":"<p>Smartphone Market Research fornisce dati, strumenti, strategie, report e approfondimenti per il processo decisionale strategico.<\/p>","protected":false},"author":1,"featured_media":63115,"parent":14514,"menu_order":142,"comment_status":"closed","ping_status":"closed","template":"","meta":{"footnotes":""},"class_list":["post-40761","page","type-page","status-publish","has-post-thumbnail"],"_links":{"self":[{"href":"https:\/\/www.sisinternational.com\/it\/wp-json\/wp\/v2\/pages\/40761","targetHints":{"allow":["GET"]}}],"collection":[{"href":"https:\/\/www.sisinternational.com\/it\/wp-json\/wp\/v2\/pages"}],"about":[{"href":"https:\/\/www.sisinternational.com\/it\/wp-json\/wp\/v2\/types\/page"}],"author":[{"embeddable":true,"href":"https:\/\/www.sisinternational.com\/it\/wp-json\/wp\/v2\/users\/1"}],"replies":[{"embeddable":true,"href":"https:\/\/www.sisinternational.com\/it\/wp-json\/wp\/v2\/comments?post=40761"}],"version-history":[{"count":6,"href":"https:\/\/www.sisinternational.com\/it\/wp-json\/wp\/v2\/pages\/40761\/revisions"}],"predecessor-version":[{"id":81396,"href":"https:\/\/www.sisinternational.com\/it\/wp-json\/wp\/v2\/pages\/40761\/revisions\/81396"}],"up":[{"embeddable":true,"href":"https:\/\/www.sisinternational.com\/it\/wp-json\/wp\/v2\/pages\/14514"}],"wp:featuredmedia":[{"embeddable":true,"href":"https:\/\/www.sisinternational.com\/it\/wp-json\/wp\/v2\/media\/63115"}],"wp:attachment":[{"href":"https:\/\/www.sisinternational.com\/it\/wp-json\/wp\/v2\/media?parent=40761"}],"curies":[{"name":"wp","href":"https:\/\/api.w.org\/{rel}","templated":true}]}}