{"id":40745,"date":"2022-06-27T04:54:55","date_gmt":"2022-06-27T04:54:55","guid":{"rendered":"https:\/\/www.sisinternational.com\/?page_id=40745"},"modified":"2026-01-27T15:19:53","modified_gmt":"2026-01-27T20:19:53","slug":"rendere-la-tua-azienda-a-prova-di-recessione","status":"publish","type":"page","link":"https:\/\/www.sisinternational.com\/it\/pubblicazioni\/rendere-la-tua-azienda-a-prova-di-recessione\/","title":{"rendered":"Rendere la tua azienda a prova di recessione"},"content":{"rendered":"<h1 class=\"wp-block-heading\"><span lang=\"en-US\">Rendere la tua azienda a prova di recessione<\/span><\/h1>\n\n\n\n<figure class=\"gb-block-image gb-block-image-034de674\"><img loading=\"lazy\" decoding=\"async\" width=\"1456\" height=\"816\" class=\"gb-image gb-image-034de674\" src=\"https:\/\/www.sisinternational.com\/wp-content\/uploads\/2025\/09\/Predictive-analytics-74.jpg\" alt=\"Ricerca e strategia di mercato internazionale SIS\" title=\"Predictive analytics (74)\" srcset=\"https:\/\/www.sisinternational.com\/wp-content\/uploads\/2025\/09\/Predictive-analytics-74.jpg 1456w, https:\/\/www.sisinternational.com\/wp-content\/uploads\/2025\/09\/Predictive-analytics-74-300x168.jpg 300w, https:\/\/www.sisinternational.com\/wp-content\/uploads\/2025\/09\/Predictive-analytics-74-1024x574.jpg 1024w, https:\/\/www.sisinternational.com\/wp-content\/uploads\/2025\/09\/Predictive-analytics-74-768x430.jpg 768w, https:\/\/www.sisinternational.com\/wp-content\/uploads\/2025\/09\/Predictive-analytics-74-18x10.jpg 18w\" sizes=\"auto, (max-width: 1456px) 100vw, 1456px\"><\/figure>\n\n\n\n<p><\/p>\n\n\n\n<hr class=\"wp-block-separator has-alpha-channel-opacity is-style-dots\"\/>\n\n\n\n<p><span lang=\"en-US\">Le piccole imprese sono particolarmente suscettibili alla riduzione delle vendite. Sono anche vulnerabili al calo della fiducia dei consumatori. Molti non hanno risorse per aiutarli a sopravvivere ai momenti difficili. Mettendo in atto alcune pratiche, puoi rendere la tua attivit\u00e0 a prova di recessione. Ad esempio, puoi costruire la tua base di clienti e proteggere il tuo flusso di cassa. <\/span><\/p>\n\n\n\n<h2 class=\"wp-block-heading\" id=\"ensure-that-your-company-survives-and-even-thrives-in-the-current-recession-here-are-20-ways-to-make-your-business-recession-proof\"><span lang=\"en-US\">Assicurati che la tua azienda sopravviva e prosperi nell\u2019attuale recessione. Ecco 20 modi per rendere la tua azienda a prova di recessione:<\/span><\/h2>\n\n\n\n<p><span style=\"color: #0b5d95;\"><strong><span lang=\"en-US\">1. Identifica lo spazio bianco: fai ci\u00f2 che gli altri non fanno<\/span><\/strong><\/span><\/p>\n\n\n\n<p><span lang=\"en-US\">Esplora l&#039;ambiente competitivo e trova lo spazio bianco che puoi &quot;possedere&quot;. Questa esplorazione ti d\u00e0 la possibilit\u00e0 di ricalibrare il focus della tua attivit\u00e0. Ti aiuta anche a definire ci\u00f2 che rende la tua offerta unica e preziosa per i consumatori. Infine, migliora il tuo marchio.<\/span><\/p>\n\n\n\n<p><span style=\"color: #0b5d95;\"><strong><span lang=\"en-US\">2. Investire e adottare tecnologie accessibili<\/span><\/strong><\/span><\/p>\n\n\n\n<p><span lang=\"en-US\">La tua azienda \u00e8 al passo con gli ultimi progressi nel campo delle energie rinnovabili? Che dire della stampa 3D e del potenziale del lavoro remoto? Se non conosci questi progressi, rischi di rimanere indietro. Investire e adottare tecnologie accessibili fa risparmiare tempo e migliora la sicurezza. Aiuta anche il tuo marchio a diventare visibile e consente una migliore interazione con i clienti.<\/span><\/p>\n\n\n\n<p><span style=\"color: #0b5d95;\"><strong><span lang=\"en-US\">3. Automatizza<\/span><\/strong><\/span><\/p>\n\n\n\n<p><span lang=\"en-US\">L&#039;automazione consente di risparmiare tempo, consentendo ai dipendenti di concentrarsi su attivit\u00e0 critiche. Possono mantenere l&#039;equilibrio e rimuovere le attivit\u00e0 ripetitive dal flusso di lavoro quotidiano. L&#039;automazione consente inoltre ai team di connettersi. Definisce i flussi di lavoro per tutti i lavori e garantisce la responsabilit\u00e0.<\/span><\/p>\n\n\n\n<p><span style=\"color: #0b5d95;\"><strong><span lang=\"en-US\">4. Scala la tua attivit\u00e0<\/span><\/strong><\/span><\/p>\n\n\n\n<p><span lang=\"en-US\">La scalabilit\u00e0 riguarda la capacit\u00e0. La tua attivit\u00e0 pu\u00f2 crescere? Si tratta anche di capacit\u00e0. La tua infrastruttura, i tuoi sistemi aziendali e il tuo team saranno in grado di sostenere la crescita? Quando espandi la tua attivit\u00e0, poni le basi per consentire e supportare la crescita della tua azienda.<\/span><\/p>\n\n\n\n<p><span style=\"color: #0b5d95;\"><strong><span lang=\"en-US\">5. Diventa Agile. Utilizza processi agili<\/span><\/strong><\/span><\/p>\n\n\n\n<p>\u201c<span lang=\"en-US\">Agile\u201d \u00e8 un approccio moderno e flessibile alla gestione dei progetti. Il metodo Agile, come suggerisce il nome, consente ai team di concentrarsi meglio e cambiare direzione rapidamente. Universit\u00e0, operatori di marketing, l&#039;industria automobilistica e persino l&#039;esercito utilizzano metodi Agile. Viene utilizzato insieme ad altri framework per fornire prodotti innovativi in ambienti incerti. Anche tu puoi adottare l\u2019approccio Agile. Garantir\u00e0 che il tuo marchio mantenga la produzione durante le recessioni.<\/span><\/p>\n\n\n\n<p><span style=\"color: #0b5d95;\"><strong><span lang=\"en-US\">6. Riorienta il tuo modello di business<\/span><\/strong><\/span><\/p>\n\n\n\n<p><span lang=\"en-US\">Your strategy has to define how you will make money. You also need to concentrate on doing fewer unprofitable activities. Each year determines how you can <a href=\"https:\/\/www.sisinternational.com\/it\/come-far-crescere-la-tua-attivita\/\" title=\"Come far crescere la tua attivit\u00e0\"  data-wpil-monitor-id=\"7264\">grow your business<\/a>. The growth of your business will make it more complicated. It means that you will have to readjust your business model every few years.<\/span><\/p>\n\n\n\n<p><span style=\"color: #0b5d95;\"><strong><span lang=\"en-US\">7. Avvia nuovi servizi<\/span><\/strong><\/span><\/p>\n\n\n\n<p><span lang=\"en-US\">Ampliare la gamma di prodotti potrebbe essere la chiave per sopravvivere alla prossima recessione. Potresti anche non dover inventare qualcosa di nuovo. Potresti, invece, essere in grado di riutilizzare i tuoi prodotti per un altro mercato.<\/span><\/p>\n\n\n\n<p><span style=\"color: #0b5d95;\"><strong><span lang=\"en-US\">8. Ridimensiona le tue strutture e le tue operazioni<\/span><\/strong><\/span><\/p>\n\n\n\n<p><span lang=\"en-US\">Potrebbe essere necessario ridurre le dimensioni di alcune delle vostre strutture e operazioni per la sopravvivenza dell&#039;azienda. In questo modo, hai meno propriet\u00e0 che puoi perdere durante i periodi di inattivit\u00e0 lavorativa. Avrai bisogno di un piano della struttura in modo da poter tornare positivamente alle operazioni aziendali complete.<\/span><\/p>\n\n\n\n<p><span style=\"color: #0b5d95;\"><strong><span lang=\"en-US\">9. Creare valore<\/span><\/strong><\/span><\/p>\n\n\n\n<p><span lang=\"en-US\">Non correre il rischio di perdere i tuoi clienti a causa delle pressioni di una recessione economica. Invece, offri loro il valore che aumenter\u00e0 la loro fedelt\u00e0. Puoi farlo con cose come programmi fedelt\u00e0 avanzati e offerte esperienziali. Puoi anche fornire una formazione premium o un maggiore accesso al tuo marchio.<\/span><\/p>\n\n\n\n<p><span style=\"color: #0b5d95;\"><strong><span lang=\"en-US\">10. Acquisisci valore<\/span><\/strong><\/span><\/p>\n\n\n\n<p><span lang=\"en-US\">Creare valore \u00e8 essenziale. Funziona nelle fasi iniziali mentre lotti per rendere il tuo marchio a prova di recessione. Una volta che avrai successo, potrai rivolgere la tua attenzione a catturare quel valore. Le attivit\u00e0 di acquisizione del valore includono la monetizzazione degli utenti, buone politiche di prezzo e la fornitura di liquidit\u00e0 agli azionisti.<\/span><\/p>\n\n\n\n<p><span style=\"color: #0b5d95;\"><strong><span lang=\"en-US\">11. Risequenziare le attivit\u00e0<\/span><\/strong><\/span><\/p>\n\n\n\n<p><span lang=\"en-US\">Per riordinare le attivit\u00e0, dovrai determinare il loro impatto su altre attivit\u00e0. Dovrai anche determinare lo stato di queste iniziative, in modo da poter sapere quali puoi o non puoi ritardare.<\/span><\/p>\n\n\n\n<p><span style=\"color: #0b5d95;\"><strong><span lang=\"en-US\">12. Ridurre il rischio<\/span><\/strong><\/span><\/p>\n\n\n\n<p><span lang=\"en-US\">Il rischio pu\u00f2 essere finanziario, operativo o legato alla sicurezza. Puoi mettere in atto un efficace sistema di controlli interni per ridurre ogni tipo di rischio. Per determinare il rischio, potresti aver bisogno dell&#039;aiuto di un consulente di controllo interno. Lui o lei esaminer\u00e0 i difetti nei processi della tua azienda.<\/span><\/p>\n\n\n\n<p><span style=\"color: #0b5d95;\"><strong><span lang=\"en-US\">13. Migliorare l&#039;efficienza<\/span><\/strong><\/span><\/p>\n\n\n\n<p><span lang=\"en-US\">Puoi superare la concorrenza se riesci a rafforzare la tua attivit\u00e0. Diventa pi\u00f9 efficiente con processi e tecnologie pi\u00f9 recenti. Le recessioni presentano opportunit\u00e0 come gli accordi sulle attrezzature. Esplora le tue opzioni per vedere come puoi migliorare la tua produzione.<\/span><\/p>\n\n\n\n<p><span style=\"color: #0b5d95;\"><strong><span lang=\"en-US\">14. Attaccare i colli di bottiglia<\/span><\/strong><\/span><\/p>\n\n\n\n<p><span lang=\"en-US\">Un collo di bottiglia \u00e8 qualcosa che limita la capacit\u00e0 di un sistema. Puoi fare molte cose per attaccare i colli di bottiglia. Ad esempio, puoi verificare le tue esigenze di personale e apportare ulteriore aiuto se necessario. Oppure puoi aumentare la formazione del tuo team.<\/span><\/p>\n\n\n\n<p><span style=\"color: #0b5d95;\"><strong><span lang=\"en-US\">15. Aumenta il flusso di cassa<\/span><\/strong><\/span><\/p>\n\n\n\n<p><span lang=\"en-US\">Guarda cosa spendi ogni giorno, settimana e mese. Nel tempo, monitora le tendenze delle tue spese. Per aumentare il flusso di cassa, inserisci le date di scadenza sulle fatture e segui i clienti in ritardo. Puoi anche recensire i clienti e rifiutare quelli che sono abitualmente ritardatari.<\/span><\/p>\n\n\n\n<p><span style=\"color: #0b5d95;\"><strong><span lang=\"en-US\">16. Riqualifica il tuo personale<\/span><\/strong><\/span><\/p>\n\n\n\n<p><span lang=\"en-US\">L\u2019automazione \u00e8 in aumento, il che significa che le competenze cambiano continuamente. Ne compaiono di nuovi mentre altri diventano obsoleti. Ci\u00f2 significa che le aziende dovrebbero sempre formare il personale per rimanere al passo con i tempi.<\/span><\/p>\n\n\n\n<p><span style=\"color: #0b5d95;\"><strong><span lang=\"en-US\">17. Assumi un nuovo set di competenze<\/span><\/strong><\/span><\/p>\n\n\n\n<p>La disoccupazione \u00e8 alta. Assumi talenti che possano aiutarti a passare al livello successivo. Fai attenzione, per\u00f2: assumere un nuovo set di competenze pu\u00f2 mettere alla prova la tua concentrazione.<\/p>\n\n\n\n<p><span style=\"color: #0b5d95;\"><strong><span lang=\"en-US\">18. Ottieni pi\u00f9 clienti in tutto il mondo<\/span><\/strong><\/span><\/p>\n\n\n\n<p><span lang=\"en-US\">Le piccole imprese spesso falliscono o attraversano momenti difficili. Perch\u00e9? Perch\u00e9 i clienti di solito non sanno che i loro prodotti esistono. Le aziende devono essere innovative. Possono utilizzare pubblicit\u00e0 a basso costo, ad esempio sui social media, oppure possono fare promozioni online. Utilizza la tecnologia oggi disponibile per mostrare il tuo marchio a un pubblico globale.<\/span><\/p>\n\n\n\n<p><span style=\"color: #0b5d95;\"><strong><span lang=\"en-US\">19. Migliora il tuo sito web<\/span><\/strong><\/span><\/p>\n\n\n\n<p><span lang=\"en-US\">La ricerca sull&#039;esperienza utente (UX) pu\u00f2 aiutarti in questo passaggio. Sii visibile ai tuoi clienti, in modo che possano tenere a mente il tuo marchio quando hanno bisogno di un prodotto o servizio che offri.<\/span><\/p>\n\n\n\n<p><span style=\"color: #0b5d95;\"><strong><span lang=\"en-US\">20. Chiediti \u201cCosa stiamo facendo bene?\u201d<\/span><\/strong><\/span><\/p>\n\n\n\n<p><span lang=\"en-US\">Il feedback dei clienti pu\u00f2 aiutarti a migliorare il tuo prodotto. Pu\u00f2 anche aiutarti a migliorare i servizi che lo supportano. Assicurati di porre domande aperte come \u201ccosa possiamo fare per servirti meglio?\u201d Tali domande motivano i clienti a fornire recensioni dettagliate.<\/span><\/p>\n\n\n\n<p><span lang=\"en-US\">La cosa peggiore che puoi fare \u00e8 affrontare la prossima recessione con paura. Preparatevi, invece, ai momenti difficili. Considera la prossima recessione come un\u2019opportunit\u00e0 per portare la tua attivit\u00e0 a un livello superiore e battere la concorrenza.<\/span><\/p>\n\n\n<h2>La nostra sede a New York<\/h2>\n<p><!-- \/wp:post-content --> <!-- wp:html --> <iframe loading=\"lazy\" src=\"https:\/\/www.google.com\/maps\/embed?pb=!1m18!1m12!1m3!1d3022.976188376966!2d-73.99130312499956!3d40.740549471389315!2m3!1f0!2f0!3f0!3m2!1i1024!2i768!4f13.1!3m3!1m2!1s0x89c259a15798c731%3A0xd695d09bdd495f25!2s11%20E%2022nd%20St%20FL%202%2C%20New%20York%2C%20NY%2010010%2C%20USA!5e0!3m2!1sen!2spe!4v1726171763526!5m2!1sen!2spe\" width=\"600\" height=\"450\" allowfullscreen=\"allowfullscreen\" data-mce-fragment=\"1\"><\/iframe> <!-- \/wp:html --> <!-- wp:paragraph --><\/p>\n<h3 class=\"wp-block-heading\">11 E 22nd Street, Piano 2, New York, NY 10010 T: +1(212) 505-6805<\/h3>\n<hr \/>\n<h2><span style=\"font-weight: 400;\">A proposito di SIS Internazionale<\/span><\/h2>\n<p><a href=\"https:\/\/www.sisinternational.com\/it\/\"><span style=\"font-weight: 400;\">SIS Internazionale<\/span><\/a><span style=\"font-weight: 400;\"> offre ricerca quantitativa, qualitativa e strategica. Forniamo dati, strumenti, strategie, report e approfondimenti per il processo decisionale. Conduciamo anche interviste, sondaggi, focus group e altri metodi e approcci di ricerca di mercato.<\/span><a href=\"https:\/\/www.sisinternational.com\/it\/sulla-sua-ricerca-internazionale\/contact-sis-international-market-research\/\"><span style=\"font-weight: 400;\"> Contattaci<\/span><\/a><span style=\"font-weight: 400;\"> per il tuo prossimo progetto di ricerca di mercato.<\/span><\/p>\n<p><!-- wp:heading --><\/p>\n<p><!-- \/wp:heading --><\/p>\n\n<!-- wp:paragraph -->\n<p><\/p>\n<!-- \/wp:paragraph -->","protected":false},"excerpt":{"rendered":"<p>Le piccole imprese possono proteggere la propria attivit\u00e0 dalla recessione costruendo la propria base di clienti e tutelando il proprio flusso di cassa.<\/p>","protected":false},"author":1,"featured_media":70290,"parent":20148,"menu_order":14,"comment_status":"closed","ping_status":"closed","template":"","meta":{"footnotes":""},"class_list":["post-40745","page","type-page","status-publish","has-post-thumbnail"],"_links":{"self":[{"href":"https:\/\/www.sisinternational.com\/it\/wp-json\/wp\/v2\/pages\/40745","targetHints":{"allow":["GET"]}}],"collection":[{"href":"https:\/\/www.sisinternational.com\/it\/wp-json\/wp\/v2\/pages"}],"about":[{"href":"https:\/\/www.sisinternational.com\/it\/wp-json\/wp\/v2\/types\/page"}],"author":[{"embeddable":true,"href":"https:\/\/www.sisinternational.com\/it\/wp-json\/wp\/v2\/users\/1"}],"replies":[{"embeddable":true,"href":"https:\/\/www.sisinternational.com\/it\/wp-json\/wp\/v2\/comments?post=40745"}],"version-history":[{"count":5,"href":"https:\/\/www.sisinternational.com\/it\/wp-json\/wp\/v2\/pages\/40745\/revisions"}],"predecessor-version":[{"id":80912,"href":"https:\/\/www.sisinternational.com\/it\/wp-json\/wp\/v2\/pages\/40745\/revisions\/80912"}],"up":[{"embeddable":true,"href":"https:\/\/www.sisinternational.com\/it\/wp-json\/wp\/v2\/pages\/20148"}],"wp:featuredmedia":[{"embeddable":true,"href":"https:\/\/www.sisinternational.com\/it\/wp-json\/wp\/v2\/media\/70290"}],"wp:attachment":[{"href":"https:\/\/www.sisinternational.com\/it\/wp-json\/wp\/v2\/media?parent=40745"}],"curies":[{"name":"wp","href":"https:\/\/api.w.org\/{rel}","templated":true}]}}