{"id":40736,"date":"2022-06-27T04:10:00","date_gmt":"2022-06-27T04:10:00","guid":{"rendered":"https:\/\/www.sisinternational.com\/?page_id=40736"},"modified":"2025-11-16T11:59:37","modified_gmt":"2025-11-16T16:59:37","slug":"k-beauty-opportunita-di-tendenze-coreane-per-la-cura-della-pelle","status":"publish","type":"page","link":"https:\/\/www.sisinternational.com\/it\/competenza\/k-beauty-opportunita-di-tendenze-coreane-per-la-cura-della-pelle\/","title":{"rendered":"K Beauty \u2013 Tendenze e opportunit\u00e0 per la cura della pelle coreana"},"content":{"rendered":"<h1 class=\"wp-block-heading\">K Beauty \u2013 Tendenze e opportunit\u00e0 per la cura della pelle coreana<\/h1>\n\n\n\n<figure class=\"gb-block-image gb-block-image-debb3f2d\"><img loading=\"lazy\" decoding=\"async\" width=\"1456\" height=\"816\" class=\"gb-image gb-image-debb3f2d\" src=\"https:\/\/www.sisinternational.com\/wp-content\/uploads\/2025\/08\/K-beauty-korean-3.jpg\" srcset=\"https:\/\/www.sisinternational.com\/wp-content\/uploads\/2025\/08\/K-beauty-korean-3.jpg 1456w, https:\/\/www.sisinternational.com\/wp-content\/uploads\/2025\/08\/K-beauty-korean-3-300x168.jpg 300w, https:\/\/www.sisinternational.com\/wp-content\/uploads\/2025\/08\/K-beauty-korean-3-1024x574.jpg 1024w, https:\/\/www.sisinternational.com\/wp-content\/uploads\/2025\/08\/K-beauty-korean-3-768x430.jpg 768w, https:\/\/www.sisinternational.com\/wp-content\/uploads\/2025\/08\/K-beauty-korean-3-18x10.jpg 18w\" sizes=\"auto, (max-width: 1456px) 100vw, 1456px\" alt=\"Ricerca e strategia di mercato internazionale SIS\"><\/figure>\n\n\n\n<p><\/p>\n\n\n\n<hr class=\"wp-block-separator has-alpha-channel-opacity is-style-dots\"\/>\n\n\n\n<p><\/p>\n\n\n\n<div class=\"wp-block-columns has-global-color-9-color has-text-color has-background has-link-color wp-elements-32302bd57431cb1e458a23ab4f14b035 is-layout-flex wp-container-core-columns-is-layout-9d6595d7 wp-block-columns-is-layout-flex\" style=\"background-color:#f7f9fa6e\">\n<div class=\"wp-block-column is-layout-flow wp-block-column-is-layout-flow\" style=\"flex-basis:18%\"><\/div>\n\n\n\n<div class=\"wp-block-column is-vertically-aligned-center is-layout-flow wp-block-column-is-layout-flow\" style=\"flex-basis:71.28%\">\n<div class=\"wp-block-rank-math-toc-block aligncenter has-global-color-9-color has-text-color has-link-color wp-elements-0ae369c09427529b2ef6243c99112c0e\" style=\"font-size:16px\" id=\"rank-math-toc\"><h2><br><strong>T<\/strong>able of Contents<\/h2><nav><ul><li class=\"\"><a href=\"#makeup-trend\">Makeup Trend<\/a><\/li><li class=\"\"><a href=\"#best-korean-skincare-brands\">I migliori marchi coreani di prodotti per la cura della pelle<\/a><\/li><li class=\"\"><a href=\"#tony-moly\">Tony Moly<\/a><\/li><li class=\"\"><a href=\"#k-beauty-routine\">Routine di bellezza K<\/a><\/li><li class=\"\"><a href=\"#k-beauty-reviews\">Recensioni di K-Beauty<\/a><\/li><li class=\"\"><a href=\"#the-future-of-skincare\">Il futuro della cura della pelle<\/a><\/li><\/ul><\/nav><\/div>\n<\/div>\n<\/div>\n\n\n\n<p><\/p>\n\n\n\n<h2 class=\"wp-block-heading\" id=\"makeup-trend\">Makeup Trend<\/h2>\n\n\n\n<p>I prodotti coreani per la cura della pelle e di bellezza sono la nuova tendenza destinata a diventare un fenomeno. Le donne di tutto il mondo stanno cercando di ottenere lo splendore luminoso associato alla \u201cK-beauty\u201d. Una delle tendenze, in circolazione dal 2016, si concentra sull\u2019aspetto della \u201cpelle di vetro\u201d, che significa una sana luminosit\u00e0. L&#039;idea \u00e8 di avere una pelle idratata e priva di pigmenti e di non fare troppo affidamento sul trucco.<\/p>\n\n\n\n<p>La tendenza del trucco K Beauty del 2018 potrebbe non essere affatto una tendenza. La tendenza \u201cpelle senza nuvole\u201d si riferisce ad una carnagione chiara e impeccabile. Si riferisce anche a un sano splendore interiore. Allora come si pu\u00f2 soddisfare l&#039;ideale di una pelle senza nuvole? Gli appassionati di bellezza K ottengono una pelle senza nuvole attraverso abitudini di vita sane. Usano anche prodotti di bellezza K di prim&#039;ordine.<\/p>\n\n\n\n<h2 class=\"wp-block-heading\" id=\"best-korean-skincare-brands\">I migliori marchi coreani di prodotti per la cura della pelle<\/h2>\n\n\n\n<h3 class=\"wp-block-heading\">Ecco un elenco di alcuni dei migliori marchi K-beauty sul mercato:<\/h3>\n\n\n\n<ul class=\"wp-block-list\">\n<li>Essenza di origine lenitiva Atoclassic Real Tonic: Ginseng, crisantemo e liquirizia sono le tre erbe tradizionali che compongono questa potente essenza lenitiva per la pelle.<\/li>\n\n\n\n<li>Pietra classica della pelle di aprile. Questa &quot;pietra magica&quot; \u00e8 amata in Corea. Contiene carbone, che rimuove olio, sporco e altre impurit\u00e0 dai pori. Contiene anche acido ialuronico, che idrata mentre disintossica la pelle.<\/li>\n\n\n\n<li>Klairs: questo marchio completamente naturale non contiene alcol, coloranti, fragranze artificiali o parabeni. Gli utenti possono sbiadire le macchie scure e le cicatrici da acne con il siero quotidiano Freshly Juiced Vitamin Drop, che fornisce anche nutrienti e umidit\u00e0.<\/li>\n\n\n\n<li>Son &amp; Park: la pelle luminosa e rugiadosa \u00e8 ci\u00f2 di cui si occupa questo marchio nazionale. La Beauty Filter Cream in Glow, la preferita dai cult, e il Lip Crayon sono altamente raccomandati.<\/li>\n<\/ul>\n\n\n\n<h2 class=\"wp-block-heading\" id=\"tony-moly\">Tony Moly<\/h2>\n\n\n\n<figure class=\"gb-block-image gb-block-image-6c5a1403\"><img loading=\"lazy\" decoding=\"async\" width=\"1456\" height=\"816\" class=\"gb-image gb-image-6c5a1403\" src=\"https:\/\/www.sisinternational.com\/wp-content\/uploads\/2025\/08\/Skincare-6-2.jpg\" alt=\"Ricerca e strategia di mercato internazionale SIS\" title=\"Skincare 6 (2)\" srcset=\"https:\/\/www.sisinternational.com\/wp-content\/uploads\/2025\/08\/Skincare-6-2.jpg 1456w, https:\/\/www.sisinternational.com\/wp-content\/uploads\/2025\/08\/Skincare-6-2-300x168.jpg 300w, https:\/\/www.sisinternational.com\/wp-content\/uploads\/2025\/08\/Skincare-6-2-1024x574.jpg 1024w, https:\/\/www.sisinternational.com\/wp-content\/uploads\/2025\/08\/Skincare-6-2-768x430.jpg 768w, https:\/\/www.sisinternational.com\/wp-content\/uploads\/2025\/08\/Skincare-6-2-18x10.jpg 18w\" sizes=\"auto, (max-width: 1456px) 100vw, 1456px\"><\/figure>\n\n\n\n<p><\/p>\n\n\n\n<p>Tony Moly \u00e8 uno dei marchi K-beauty pi\u00f9 apprezzati sul mercato. L&#039;azienda \u00e8 stata fondata nel 2006. Ha aperto negozi a Taiwan, Giappone, Cina, Hong Kong, Myanmar e Vietnam nel 2009. Kim Huonh Cheon \u00e8 diventato il nuovo CEO nel 2010 e in quell&#039;anno Tony Moly ha aperto il suo 200esimo negozio. Tony Moly ha ora pi\u00f9 di 950 negozi in 50 paesi. Le localit\u00e0 includono Filippine, Russia, Indonesia e New York.<\/p>\n\n\n\n<p>L&#039;industria della cura della pelle attribuisce a Tony Moly l&#039;avvio della tendenza della bellezza K. Il marchio \u00e8 ora diventato un dominatore mondiale della bellezza coreana. I clienti statunitensi possono acquistare online i prodotti Tony Moly: il marchio spedisce in tutti i 50 stati. Tutti i loro prodotti sono realizzati in Corea e sono adatti a tutti i tipi di pelle.<\/p>\n\n\n\n<h2 class=\"wp-block-heading\" id=\"k-beauty-routine\">Routine di bellezza K<\/h2>\n\n\n\n<figure class=\"gb-block-image gb-block-image-40bff92b\"><img loading=\"lazy\" decoding=\"async\" width=\"1456\" height=\"816\" class=\"gb-image gb-image-40bff92b\" src=\"https:\/\/www.sisinternational.com\/wp-content\/uploads\/2025\/08\/K-beauty-korean-4.jpg\" alt=\"Ricerca e strategia di mercato internazionale SIS\" title=\"K beauty korean (4)\" srcset=\"https:\/\/www.sisinternational.com\/wp-content\/uploads\/2025\/08\/K-beauty-korean-4.jpg 1456w, https:\/\/www.sisinternational.com\/wp-content\/uploads\/2025\/08\/K-beauty-korean-4-300x168.jpg 300w, https:\/\/www.sisinternational.com\/wp-content\/uploads\/2025\/08\/K-beauty-korean-4-1024x574.jpg 1024w, https:\/\/www.sisinternational.com\/wp-content\/uploads\/2025\/08\/K-beauty-korean-4-768x430.jpg 768w, https:\/\/www.sisinternational.com\/wp-content\/uploads\/2025\/08\/K-beauty-korean-4-18x10.jpg 18w\" sizes=\"auto, (max-width: 1456px) 100vw, 1456px\"><\/figure>\n\n\n\n<p><\/p>\n\n\n\n<p>La routine in 10 passaggi K-Beauty \u00e8 una delle pi\u00f9 seguite al mondo. \u00c8 pi\u00f9 un cambiamento di stile di vita che si \u00e8 trasformato in un fenomeno globale. La routine inizia con una doppia pulizia della pelle. Gli utenti iniziano con un detergente a base di olio e seguono una soluzione a base d&#039;acqua. Segue l&#039;esfoliazione, seguita dalla tonificazione.<\/p>\n\n\n\n<p>Il cuore della routine K-beauty \u00e8 lo Step 5: l&#039;essenza. Essence \u00e8 un tipo di ibrido toner\/siero creato per favorire il ricambio cellulare, la riparazione della pelle e per idratare. Dopo l&#039;essenza arrivano i trattamenti, seguiti dalle maschere in tessuto. Poi arriva la crema per gli occhi, seguita dalla crema idratante. Il passo finale \u00e8 la protezione solare.<\/p>\n\n\n\n<p>L\u2019industria cosmetica tradizionale sta abbracciando K-Beauty. Gli esperti lo vedono come qualcosa di pi\u00f9 di una moda passeggera. Le vendite di cosmetici in Corea sono aumentate di oltre il 50% rispetto ai dati del 2014. Le societ\u00e0 statunitensi come Bain Capital Equity e Goldman Sachs stanno ottenendo una fetta della torta. Entrambe le societ\u00e0 hanno annunciato che acquisiranno una quota di maggioranza in un&#039;importante azienda cosmetica coreana. Inoltre, Amway ha costruito il suo Beauty Innovation Center a Seoul.<\/p>\n\n\n\n<h2 class=\"wp-block-heading\" id=\"k-beauty-reviews\">Recensioni di K-Beauty<\/h2>\n\n\n\n<p>Blogger e appassionati di cura della pelle stanno dando recensioni entusiastiche a K-Beauty. Diversi blogger hanno provato la routine in 10 passaggi e hanno pubblicato foto prima e dopo. Alcuni di questi blogger sono influencer. I loro post generano nuovi appassionati. I blogger sono entusiasti anche dei prodotti coreani. \u00c8 facile trovare elenchi dei 10 migliori prodotti K-Beauty online.<\/p>\n\n\n\n<p><\/p>\n\n\n\n<!DOCTYPE html>\n<html lang=\"en\">\n<head>\n    <meta charset=\"UTF-8\">\n    <meta name=\"viewport\" content=\"width=device-width, initial-scale=1.0\">\n    <title>AI Blog Banner<\/title>\n    <style>\n        * {\n            margin: 0;\n            padding: 0;\n            box-sizing: border-box;\n        }\n\n        .banner {\n            position: relative;\n            width: 100%;\n            height: 350px;\n            overflow: hidden;\n            display: flex;\n            align-items: center;\n            justify-content: center;\n            font-family: 'Arial', sans-serif;\n            border-radius: 25px;\n        }\n\n        .animated-background {\n            position: absolute;\n            top: 0;\n            left: 0;\n            width: 100%;\n            height: 100%;\n            background: linear-gradient(45deg, #003f6b, #2d5a7b, #003f6b, #2d5a7b);\n            background-size: 400% 400%;\n            animation: gradientMove 8s ease-in-out infinite;\n        }\n\n        .ai-pattern {\n            position: absolute;\n            top: 0;\n            left: 0;\n            width: 100%;\n            height: 100%;\n            opacity: 0.1;\n            background-image: \n                radial-gradient(circle at 20% 20%, rgba(255,255,255,0.3) 2px, transparent 2px),\n                radial-gradient(circle at 80% 80%, rgba(255,255,255,0.2) 1px, transparent 1px),\n                radial-gradient(circle at 40% 60%, rgba(255,255,255,0.15) 1.5px, transparent 1.5px),\n                radial-gradient(circle at 60% 20%, rgba(255,255,255,0.25) 1px, transparent 1px),\n                radial-gradient(circle at 80% 40%, rgba(255,255,255,0.2) 2px, transparent 2px);\n            background-size: 100px 100px, 150px 150px, 80px 80px, 120px 120px, 90px 90px;\n            animation: patternFloat 12s linear infinite;\n        }\n\n        .neural-network {\n            position: absolute;\n            top: 0;\n            left: 0;\n            width: 100%;\n            height: 100%;\n            opacity: 0.08;\n        }\n\n        .neural-line {\n            position: absolute;\n            height: 1px;\n            background: linear-gradient(90deg, transparent, rgba(255,255,255,0.5), transparent);\n            animation: neuralPulse 6s ease-in-out infinite;\n        }\n\n        .neural-line:nth-child(1) {\n            top: 30%;\n            left: 0;\n            width: 60%;\n            animation-delay: 0s;\n        }\n\n        .neural-line:nth-child(2) {\n            top: 50%;\n            right: 0;\n            width: 70%;\n            animation-delay: 2s;\n        }\n\n        .neural-line:nth-child(3) {\n            top: 70%;\n            left: 20%;\n            width: 50%;\n            animation-delay: 4s;\n        }\n\n        .content {\n            position: relative;\n            z-index: 10;\n            text-align: center;\n            color: white !important;\n            max-width: 800px;\n            padding: 30px;\n        }\n\n        .content * {\n            color: white !important;\n        }\n\n        .cta-text {\n            font-size: 1.9rem;\n            font-weight: 700;\n            margin-bottom: 15px;\n            color: white !important;\n            background: linear-gradient(90deg, rgba(255,255,255,0.6), rgba(255,255,255,1), rgba(230,230,230,1), rgba(255,255,255,1), rgba(240,240,240,0.8), rgba(255,255,255,0.6));\n            background-size: 200% 100%;\n            -webkit-background-clip: text;\n            -webkit-text-fill-color: transparent;\n            background-clip: text;\n            animation: shineEffect 10s ease-in-out infinite;\n            line-height: 1.3;\n        }\n\n        .cta-subheading {\n            font-size: 1rem;\n            font-weight: 400;\n            margin-bottom: 25px;\n            color: white !important;\n            line-height: 1.6;\n            opacity: 0.95;\n        }\n\n        .cta-button {\n            background: linear-gradient(135deg, #8a6b0f, #bd9013, #d4a519);\n            border: 2px solid #8a6b0f;\n            color: white !important;\n            padding: 18px 40px;\n            font-size: 1.2rem;\n            font-weight: 600;\n            border-radius: 50px;\n            cursor: pointer;\n            transition: all 0.3s ease;\n            text-decoration: none;\n            display: inline-block;\n            position: relative;\n            overflow: hidden;\n        }\n\n        .cta-button::before {\n            content: '';\n            position: absolute;\n            top: 0;\n            left: -100%;\n            width: 100%;\n            height: 100%;\n            background: linear-gradient(90deg, \n                transparent 0%, \n                rgba(255, 255, 255, 0.3) 25%,\n                rgba(255, 255, 255, 0.6) 50%,\n                rgba(255, 255, 255, 0.3) 75%,\n                transparent 100%);\n            animation: shine 3s ease-in-out infinite;\n        }\n\n        .cta-button:hover {\n            transform: translateY(-3px);\n            box-shadow: 0 10px 25px rgba(0,0,0,0.2);\n            border-color: #bd9013;\n            background: linear-gradient(135deg, #bd9013, #d4a519, #e6b61f);\n        }\n\n        .floating-elements {\n            position: absolute;\n            top: 0;\n            left: 0;\n            width: 100%;\n            height: 100%;\n            pointer-events: none;\n        }\n\n        .floating-circle {\n            position: absolute;\n            border-radius: 50%;\n            background: rgba(255,255,255,0.1);\n            animation: float 8s ease-in-out infinite;\n        }\n\n        .floating-circle:nth-child(1) {\n            width: 80px;\n            height: 80px;\n            top: 20%;\n            left: 10%;\n            animation-delay: 0s;\n        }\n\n        .floating-circle:nth-child(2) {\n            width: 60px;\n            height: 60px;\n            top: 60%;\n            right: 15%;\n            animation-delay: 3s;\n        }\n\n        .floating-circle:nth-child(3) {\n            width: 40px;\n            height: 40px;\n            top: 80%;\n            left: 80%;\n            animation-delay: 6s;\n        }\n\n        .floating-circle:nth-child(4) {\n            width: 70px;\n            height: 70px;\n            top: 10%;\n            right: 20%;\n            animation-delay: 1.5s;\n        }\n\n        .floating-circle:nth-child(5) {\n            width: 50px;\n            height: 50px;\n            top: 75%;\n            left: 30%;\n            animation-delay: 4.5s;\n        }\n\n        @keyframes gradientMove {\n            0% { background-position: 0% 50%; }\n            25% { background-position: 100% 50%; }\n            50% { background-position: 100% 100%; }\n            75% { background-position: 0% 100%; }\n            100% { background-position: 0% 50%; }\n        }\n\n        @keyframes patternFloat {\n            0% { transform: translateX(0) translateY(0); }\n            33% { transform: translateX(30px) translateY(-20px); }\n            66% { transform: translateX(-20px) translateY(10px); }\n            100% { transform: translateX(0) translateY(0); }\n        }\n\n        @keyframes neuralPulse {\n            0%, 100% { opacity: 0.08; }\n            50% { opacity: 0.2; }\n        }\n\n        @keyframes shineEffect {\n            0% { background-position: 200% 0; }\n            100% { background-position: -200% 0; }\n        }\n\n        @keyframes shine {\n            0% {\n                left: -100%;\n            }\n            20%, 100% {\n                left: 100%;\n            }\n        }\n\n        @keyframes float {\n            0%, 100% { transform: translateY(0px) rotate(0deg); }\n            33% { transform: translateY(-30px) rotate(120deg); }\n            66% { transform: translateY(15px) rotate(240deg); }\n        }\n\n        @media (max-width: 768px) {\n            .banner {\n                height: 320px;\n                padding: 30px 0;\n            }\n            \n            .content {\n                padding: 40px 20px;\n            }\n            \n            .cta-text {\n                font-size: 1.3rem;\n                margin-bottom: 12px;\n            }\n            \n            .cta-subheading {\n                font-size: 0.85rem;\n                margin-bottom: 20px;\n            }\n            \n            .cta-button {\n                padding: 14px 28px;\n                font-size: 0.95rem;\n            }\n        }\n    <\/style>\n<\/head>\n<body>\n    <div class=\"banner\">\n        <div class=\"animated-background\"><\/div>\n        \n        <div class=\"ai-pattern\"><\/div>\n        \n        <div class=\"neural-network\">\n            <div class=\"neural-line\"><\/div>\n            <div class=\"neural-line\"><\/div>\n            <div class=\"neural-line\"><\/div>\n        <\/div>\n        \n        <div class=\"floating-elements\">\n            <div class=\"floating-circle\"><\/div>\n            <div class=\"floating-circle\"><\/div>\n            <div class=\"floating-circle\"><\/div>\n            <div class=\"floating-circle\"><\/div>\n            <div class=\"floating-circle\"><\/div>\n        <\/div>\n        \n        <div class=\"content\">\n            <div class=\"cta-text\">Ready to explore the insights that drive smarter decisions?<\/div>\n            <div class=\"cta-subheading\">Contact our Research experts today.<\/div>\n            <a href=\"mailto:Research@sisinternational.com\" class=\"cta-button\">Contact us now!<\/a>\n        <\/div>\n    <\/div>\n<\/body>\n<\/html>\n\n\n\n<p><\/p>\n\n\n\n<h2 class=\"wp-block-heading\" id=\"the-future-of-skincare\">Il futuro della cura della pelle<\/h2>\n\n\n\n<p><a name=\"_GoBack\"><\/a>Skincare remains the largest and most profitable sector of the beauty industry. South Korea maintains a lofty presence in the field of skin care development. Korea is the future. Western brands are adapting products for the Korean market. Korea also has the infrastructure to manufacture beauty products. The developers of these products have influencer and Internet marketing in mind. It\u2019s thus no wonder that K-Beauty is having such an impact on the international market.<\/p>\n\n\n<h2>La nostra sede a New York<\/h2>\n<p><!-- \/wp:post-content --> <!-- wp:html --> <iframe loading=\"lazy\" src=\"https:\/\/www.google.com\/maps\/embed?pb=!1m18!1m12!1m3!1d3022.976188376966!2d-73.99130312499956!3d40.740549471389315!2m3!1f0!2f0!3f0!3m2!1i1024!2i768!4f13.1!3m3!1m2!1s0x89c259a15798c731%3A0xd695d09bdd495f25!2s11%20E%2022nd%20St%20FL%202%2C%20New%20York%2C%20NY%2010010%2C%20USA!5e0!3m2!1sen!2spe!4v1726171763526!5m2!1sen!2spe\" width=\"600\" height=\"450\" allowfullscreen=\"allowfullscreen\" data-mce-fragment=\"1\"><\/iframe> <!-- \/wp:html --> <!-- wp:paragraph --><\/p>\n<h3 class=\"wp-block-heading\">11 E 22nd Street, Piano 2, New York, NY 10010 T: +1(212) 505-6805<\/h3>\n<hr \/>\n<h2><span style=\"font-weight: 400;\">A proposito di SIS Internazionale<\/span><\/h2>\n<p><a href=\"https:\/\/www.sisinternational.com\/it\/\"><span style=\"font-weight: 400;\">SIS Internazionale<\/span><\/a><span style=\"font-weight: 400;\"> offre ricerca quantitativa, qualitativa e strategica. Forniamo dati, strumenti, strategie, report e approfondimenti per il processo decisionale. Conduciamo anche interviste, sondaggi, focus group e altri metodi e approcci di ricerca di mercato.<\/span><a href=\"https:\/\/www.sisinternational.com\/it\/sulla-sua-ricerca-internazionale\/contact-sis-international-market-research\/\"><span style=\"font-weight: 400;\"> Contattaci<\/span><\/a><span style=\"font-weight: 400;\"> per il tuo prossimo progetto di ricerca di mercato.<\/span><\/p>\n<p><!-- wp:paragraph --><\/p>\n<p><!-- \/wp:paragraph --><\/p>\n\n<!-- wp:paragraph -->\n<p><\/p>\n<!-- \/wp:paragraph -->","protected":false},"excerpt":{"rendered":"<p>La K-beauty \u00e8 l&#039;ultimo fenomeno della cura della pelle e vede le donne di tutto il mondo alla ricerca di una luminosa &quot;pelle di vetro&quot;.<\/p>","protected":false},"author":1,"featured_media":64727,"parent":14514,"menu_order":140,"comment_status":"closed","ping_status":"closed","template":"","meta":{"footnotes":""},"class_list":["post-40736","page","type-page","status-publish","has-post-thumbnail"],"_links":{"self":[{"href":"https:\/\/www.sisinternational.com\/it\/wp-json\/wp\/v2\/pages\/40736","targetHints":{"allow":["GET"]}}],"collection":[{"href":"https:\/\/www.sisinternational.com\/it\/wp-json\/wp\/v2\/pages"}],"about":[{"href":"https:\/\/www.sisinternational.com\/it\/wp-json\/wp\/v2\/types\/page"}],"author":[{"embeddable":true,"href":"https:\/\/www.sisinternational.com\/it\/wp-json\/wp\/v2\/users\/1"}],"replies":[{"embeddable":true,"href":"https:\/\/www.sisinternational.com\/it\/wp-json\/wp\/v2\/comments?post=40736"}],"version-history":[{"count":8,"href":"https:\/\/www.sisinternational.com\/it\/wp-json\/wp\/v2\/pages\/40736\/revisions"}],"predecessor-version":[{"id":73460,"href":"https:\/\/www.sisinternational.com\/it\/wp-json\/wp\/v2\/pages\/40736\/revisions\/73460"}],"up":[{"embeddable":true,"href":"https:\/\/www.sisinternational.com\/it\/wp-json\/wp\/v2\/pages\/14514"}],"wp:featuredmedia":[{"embeddable":true,"href":"https:\/\/www.sisinternational.com\/it\/wp-json\/wp\/v2\/media\/64727"}],"wp:attachment":[{"href":"https:\/\/www.sisinternational.com\/it\/wp-json\/wp\/v2\/media?parent=40736"}],"curies":[{"name":"wp","href":"https:\/\/api.w.org\/{rel}","templated":true}]}}