{"id":40725,"date":"2022-06-27T03:41:22","date_gmt":"2022-06-27T03:41:22","guid":{"rendered":"https:\/\/www.sisinternational.com\/?page_id=40725"},"modified":"2025-10-01T21:32:23","modified_gmt":"2025-10-02T01:32:23","slug":"le-donne-degli-anni-70-e-80-sono-salite-a-livello-dirigenziale","status":"publish","type":"page","link":"https:\/\/www.sisinternational.com\/it\/pubblicazioni\/le-donne-degli-anni-70-e-80-sono-salite-a-livello-dirigenziale\/","title":{"rendered":"Come le donne negli anni &#039;70 e &#039;80 sono arrivate al top management"},"content":{"rendered":"<h1 class=\"wp-block-heading\"><span lang=\"en-US\">Come le donne negli anni &#039;70 e &#039;80 sono arrivate al top management<\/span><\/h1>\n\n\n\n<figure class=\"gb-block-image gb-block-image-0edef3af\"><img loading=\"lazy\" decoding=\"async\" width=\"1024\" height=\"574\" class=\"gb-image gb-image-0edef3af\" src=\"https:\/\/www.sisinternational.com\/wp-content\/uploads\/2025\/08\/CEO-woman-business-woman-5-1024x574.jpg\" alt=\"Ricerca e strategia di mercato internazionale SIS\" title=\"CEO woman business woman (5)\" srcset=\"https:\/\/www.sisinternational.com\/wp-content\/uploads\/2025\/08\/CEO-woman-business-woman-5-1024x574.jpg 1024w, https:\/\/www.sisinternational.com\/wp-content\/uploads\/2025\/08\/CEO-woman-business-woman-5-300x168.jpg 300w, https:\/\/www.sisinternational.com\/wp-content\/uploads\/2025\/08\/CEO-woman-business-woman-5-768x430.jpg 768w, https:\/\/www.sisinternational.com\/wp-content\/uploads\/2025\/08\/CEO-woman-business-woman-5-18x10.jpg 18w, https:\/\/www.sisinternational.com\/wp-content\/uploads\/2025\/08\/CEO-woman-business-woman-5.jpg 1456w\" sizes=\"auto, (max-width: 1024px) 100vw, 1024px\"><\/figure>\n\n\n\n<p><\/p>\n\n\n\n<hr class=\"wp-block-separator has-alpha-channel-opacity is-style-dots\"\/>\n\n\n\n<p><span lang=\"en-US\">Dalla fine degli anni \u201970 all\u2019inizio del 21\u00b0 secolo, la partecipazione delle donne alla forza lavoro ha iniziato a crescere costantemente. Cosa c&#039;era di straordinario in quest&#039;epoca? La percentuale di donne occupate con un figlio di et\u00e0 inferiore a 1 anno \u00e8 aumentata dal 20 al 62%.<\/span><\/p>\n\n\n\n<p><span lang=\"en-US\">Allo stesso tempo, le giovani donne nella tarda adolescenza hanno iniziato a modificare le loro aspettative di carriera. La mentalit\u00e0 cambi\u00f2 e le donne iniziarono ad aspettarsi carriere lunghe e ininterrotte. Il matrimonio e i figli non interromperebbero pi\u00f9 le loro professioni. A sua volta, questo sviluppo li ha motivati a investire maggiormente nella loro istruzione. Un numero crescente di persone andava al college e oltre. Li ha preparati per carriere che hanno dato loro prestigio pi\u00f9 vicino agli uomini sul posto di lavoro.<\/span><\/p>\n\n\n\n<p><span lang=\"en-US\">Quindi, le donne iniziarono a rimandare il matrimonio e la gravidanza. Parte del motivo era la crescente popolarit\u00e0 della pillola anticoncezionale. Questo contraccettivo affidabile ha dato alle donne il controllo sui tempi della gravidanza. Le donne iniziarono a vedere la propria identit\u00e0 e la propria vita in modo diverso. Il loro s\u00e9 professionale \u00e8 diventato cruciale quanto le loro famiglie.<\/span><\/p>\n\n\n\n<p><span lang=\"en-US\">Gli esperti hanno notato una tendenza interessante nella partecipazione delle donne alla forza lavoro. Negli anni \u201970 il reddito unico non poteva pi\u00f9 sostenere uno stile di vita confortevole. \u00c8 stata una necessit\u00e0 economica, e non un\u2019opportunit\u00e0, a spingere le donne a lavorare. L\u2019aumento dell\u2019Affirmative Action ha costretto le aziende a collocare le donne in posizioni non tradizionali. Quell\u2019esperienza forzata ha contribuito anche a cambiare la mentalit\u00e0 culturale.<\/span><\/p>\n\n\n\n<h2 class=\"wp-block-heading\"><span lang=\"en-US\">Donne in posizioni dirigenziali<\/span><\/h2>\n\n\n\n<figure class=\"gb-block-image gb-block-image-7bb9fe7b\"><img loading=\"lazy\" decoding=\"async\" width=\"1456\" height=\"816\" class=\"gb-image gb-image-7bb9fe7b\" src=\"https:\/\/www.sisinternational.com\/wp-content\/uploads\/2025\/08\/CEO-woman-business-woman-7.jpg\" alt=\"Ricerca e strategia di mercato internazionale SIS\" title=\"CEO woman business woman (7)\" srcset=\"https:\/\/www.sisinternational.com\/wp-content\/uploads\/2025\/08\/CEO-woman-business-woman-7.jpg 1456w, https:\/\/www.sisinternational.com\/wp-content\/uploads\/2025\/08\/CEO-woman-business-woman-7-300x168.jpg 300w, https:\/\/www.sisinternational.com\/wp-content\/uploads\/2025\/08\/CEO-woman-business-woman-7-1024x574.jpg 1024w, https:\/\/www.sisinternational.com\/wp-content\/uploads\/2025\/08\/CEO-woman-business-woman-7-768x430.jpg 768w, https:\/\/www.sisinternational.com\/wp-content\/uploads\/2025\/08\/CEO-woman-business-woman-7-18x10.jpg 18w\" sizes=\"auto, (max-width: 1456px) 100vw, 1456px\"><\/figure>\n\n\n\n<p><\/p>\n\n\n\n<p><span lang=\"en-US\">La prima donna CEO di un&#039;azienda Fortune 500 \u00e8 stata Katharine Graham. Divenne amministratore delegato della casa madre del Washington Post nel 1972, rompendo una nuova barriera, e spesso era l&#039;unica donna nella redazione. Altre donne salirono alla ribalta negli anni &#039;70 e &#039;80. Da segnalare Marion Sandler di Golden West Financial e Linda Wachner di Warnaco Group Inc. <\/span><\/p>\n\n\n\n<p><span lang=\"en-US\">Nel 1980, nessuna donna aveva raggiunto i vertici esecutivi della classifica Fortune 100. Nel 2001, l\u201911% di questi leader aziendali erano donne. Il numero di aziende con amministratori delegati donne \u00e8 aumentato di oltre sei volte. <\/span><\/p>\n\n\n\n<p><span lang=\"en-US\">Since 1980, American <a href=\"https:\/\/www.sisinternational.com\/it\/soluzioni\/consulenza-strategica\/societa-di-consulenza-direzionale\/\" title=\"Societ\u00e0 di consulenza gestionale globale\"  data-wpil-monitor-id=\"10060\">firms have created almost 4.5 million management<\/a> positions. Women occupy 2.6 million of these positions. Unfortunately, the gender wage gap has kept step with these statistics. Women\u2019s increasing representation in management is in \u201cfeminized\u201d fields. The gender wage gaps are the most extreme in those fields. But the lowest gaps are in occupations with the lowest proportions of women. For example, engineering and architecture have small wage gaps. <\/span><\/p>\n\n\n\n<h2 class=\"wp-block-heading\"><span lang=\"en-US\">Barriere di genere al senior management<\/span><\/h2>\n\n\n\n<p><span lang=\"en-US\">La maggior parte degli americani ritiene che le donne siano innovative e intelligenti quanto gli uomini. Eppure, sono pochissime le donne che raggiungono i massimi livelli dirigenziali. Perch\u00e9 sono cos\u00ec poche le donne che arrivano ai vertici? Anche le donne che vogliono ascendere ai livelli pi\u00f9 alti nel mondo degli affari devono affrontare un doppio standard. Devono eclissare i maschi se vogliono mettersi alla prova.<\/span><\/p>\n\n\n\n<p><span lang=\"en-US\">Inserisci il concetto di \u201csoffitto di vetro\u201d. Nel 1991 il Dipartimento del Lavoro degli Stati Uniti descrisse il soffitto di vetro come un insieme di ostacoli artificiali basati sull\u2019arbitrariet\u00e0. Ostruiscono le persone qualificate dalle promozioni alle posizioni dirigenziali nella loro organizzazione. Il percorso che le donne devono intraprendere per raggiungere il livello esecutivo \u00e8 complesso e presenta diverse barriere. <\/span><\/p>\n\n\n\n<p><span lang=\"en-US\">Tuttavia, la diversit\u00e0 sul posto di lavoro fa bene agli affari. La nuova economia dei servizi si basa su competenze facilmente acquisibili dalle donne. Ad esempio, questa economia richiede attenzione ai dettagli, determinazione e pensiero misurato. I problemi relativi agli ostacoli che devono affrontare le donne sono creati dall\u2019uomo. Le organizzazioni e la societ\u00e0 devono fare di pi\u00f9 per dare a tutte le donne la possibilit\u00e0 di raggiungere i vertici.<\/span><\/p>\n\n\n\n<p><span lang=\"en-US\">La percezione imprecisa dell\u2019uguaglianza di genere limita le opportunit\u00e0 per le donne come gruppo. Perch\u00e9? Perch\u00e9 crea falso ottimismo. Elimina anche la necessit\u00e0 percepita di migliorare le cose. Gli articoli di notizie a volte pubblicizzano esempi di donne di successo. Li ostentano come prova che il soffitto di vetro non esiste pi\u00f9. Alcune donne sono riuscite a raggiungere posizioni di potere. Tuttavia, esistono ancora molte disuguaglianze nella rappresentanza delle donne nelle posizioni di vertice.<\/span><\/p>\n\n\n\n<p><span lang=\"en-US\">La maggior parte degli amministratori delegati e dei membri dei consigli di amministrazione in carica sono uomini. Stabiliscono il tono e la cultura per determinare chi \u00e8 adatto ad avere successo. Inoltre, la situazione della cura dei figli di una donna \u00e8 un fattore determinante per il raggiungimento del grado di amministratore delegato. Trovare servizi di assistenza all\u2019infanzia di alta qualit\u00e0 e a prezzi accessibili rimane una sfida. Una volta diventata CEO, una donna avrebbe dovuto sopportare molte difficolt\u00e0. <\/span><\/p>\n\n\n\n<p><span lang=\"en-US\">Sono aumentate anche le esigenze della vita familiare. Essere madre \u00e8 diventato pi\u00f9 intenso. Le madri che lavorano oggi trascorrono con i propri figli tanto tempo quanto lo facevano le mamme casalinghe negli anni &#039;70.<\/span><\/p>\n\n\n\n<h2 class=\"wp-block-heading\"><span lang=\"en-US\">Colmare il divario di genere<\/span><\/h2>\n\n\n\n<p><span lang=\"en-US\">Le imprese hanno compiuto progressi nel promuovere la carriera delle donne. Hanno ancora molta strada da fare per raggiungere una vera uguaglianza di genere sul posto di lavoro. Tuttavia, tutti traggono vantaggio dall\u2019eliminazione del divario di genere. I clienti ne traggono vantaggio, cos\u00ec come i team e persino i profitti delle aziende. Le donne hanno fatto grandi passi avanti negli anni \u201970 e \u201980 entrando nel mondo del lavoro. \u00c8 tempo di sfruttare questi risultati e rendere il gruppo C pi\u00f9 ospitale per le donne.<\/span><\/p>\n\n\n<h2>La nostra sede a New York<\/h2>\n<p><!-- \/wp:post-content --> <!-- wp:html --> <iframe loading=\"lazy\" src=\"https:\/\/www.google.com\/maps\/embed?pb=!1m18!1m12!1m3!1d3022.976188376966!2d-73.99130312499956!3d40.740549471389315!2m3!1f0!2f0!3f0!3m2!1i1024!2i768!4f13.1!3m3!1m2!1s0x89c259a15798c731%3A0xd695d09bdd495f25!2s11%20E%2022nd%20St%20FL%202%2C%20New%20York%2C%20NY%2010010%2C%20USA!5e0!3m2!1sen!2spe!4v1726171763526!5m2!1sen!2spe\" width=\"600\" height=\"450\" allowfullscreen=\"allowfullscreen\" data-mce-fragment=\"1\"><\/iframe> <!-- \/wp:html --> <!-- wp:paragraph --><\/p>\n<h3 class=\"wp-block-heading\">11 E 22nd Street, Piano 2, New York, NY 10010 T: +1(212) 505-6805<\/h3>\n<hr \/>\n<h2><span style=\"font-weight: 400;\">A proposito di SIS Internazionale<\/span><\/h2>\n<p><a href=\"https:\/\/www.sisinternational.com\/it\/\"><span style=\"font-weight: 400;\">SIS Internazionale<\/span><\/a><span style=\"font-weight: 400;\"> offers Quantitative, Qualitative, and Strategy Research. We provide data, tools, strategies, reports, and insights for decision-making. We also conduct interviews, surveys, focus groups, and other <a href=\"https:\/\/www.sisinternational.com\/it\/quantitative-market-research-methods-and-techniques\/\" title=\"Quantitative Market Research Methods and Techniques\"  data-wpil-monitor-id=\"10056\">Market Research methods<\/a> and approaches.<\/span><a href=\"https:\/\/www.sisinternational.com\/it\/sulla-sua-ricerca-internazionale\/contact-sis-international-market-research\/\"><span style=\"font-weight: 400;\"> Contattaci<\/span><\/a><span style=\"font-weight: 400;\"> per il tuo prossimo progetto di ricerca di mercato.<\/span><\/p>\n<p><!-- wp:heading --><\/p>\n<h2 id=\"about-sis-international\" class=\"wp-block-heading\">\u00a0<\/h2>\n<p><!-- \/wp:heading --><\/p>","protected":false},"excerpt":{"rendered":"<p>Le imprese hanno compiuto progressi nel promuovere la carriera delle donne. L\u2019uguaglianza di genere sul posto di lavoro ha ancora molta strada da fare.<\/p>","protected":false},"author":1,"featured_media":64875,"parent":20148,"menu_order":13,"comment_status":"closed","ping_status":"closed","template":"","meta":{"footnotes":""},"class_list":["post-40725","page","type-page","status-publish","has-post-thumbnail"],"_links":{"self":[{"href":"https:\/\/www.sisinternational.com\/it\/wp-json\/wp\/v2\/pages\/40725","targetHints":{"allow":["GET"]}}],"collection":[{"href":"https:\/\/www.sisinternational.com\/it\/wp-json\/wp\/v2\/pages"}],"about":[{"href":"https:\/\/www.sisinternational.com\/it\/wp-json\/wp\/v2\/types\/page"}],"author":[{"embeddable":true,"href":"https:\/\/www.sisinternational.com\/it\/wp-json\/wp\/v2\/users\/1"}],"replies":[{"embeddable":true,"href":"https:\/\/www.sisinternational.com\/it\/wp-json\/wp\/v2\/comments?post=40725"}],"version-history":[{"count":6,"href":"https:\/\/www.sisinternational.com\/it\/wp-json\/wp\/v2\/pages\/40725\/revisions"}],"predecessor-version":[{"id":70468,"href":"https:\/\/www.sisinternational.com\/it\/wp-json\/wp\/v2\/pages\/40725\/revisions\/70468"}],"up":[{"embeddable":true,"href":"https:\/\/www.sisinternational.com\/it\/wp-json\/wp\/v2\/pages\/20148"}],"wp:featuredmedia":[{"embeddable":true,"href":"https:\/\/www.sisinternational.com\/it\/wp-json\/wp\/v2\/media\/64875"}],"wp:attachment":[{"href":"https:\/\/www.sisinternational.com\/it\/wp-json\/wp\/v2\/media?parent=40725"}],"curies":[{"name":"wp","href":"https:\/\/api.w.org\/{rel}","templated":true}]}}