{"id":40696,"date":"2022-06-25T02:16:31","date_gmt":"2022-06-25T02:16:31","guid":{"rendered":"https:\/\/www.sisinternational.com\/?page_id=40696"},"modified":"2026-01-25T18:50:54","modified_gmt":"2026-01-25T23:50:54","slug":"ricerche-di-mercato-sulla-diade","status":"publish","type":"page","link":"https:\/\/www.sisinternational.com\/it\/competenza\/ricerche-di-mercato-sulla-diade\/","title":{"rendered":"Ricerche di mercato sulla diade"},"content":{"rendered":"<h1 class=\"wp-block-heading\">Ricerche di mercato sulla diade<\/h1>\n\n\n\n<figure class=\"gb-block-image gb-block-image-3e62a76b\"><img loading=\"lazy\" decoding=\"async\" width=\"1456\" height=\"816\" class=\"gb-image gb-image-3e62a76b\" src=\"https:\/\/www.sisinternational.com\/wp-content\/uploads\/2025\/09\/Research-16.jpg\" alt=\"Ricerca e strategia di mercato internazionale SIS\" title=\"Research (16)\" srcset=\"https:\/\/www.sisinternational.com\/wp-content\/uploads\/2025\/09\/Research-16.jpg 1456w, https:\/\/www.sisinternational.com\/wp-content\/uploads\/2025\/09\/Research-16-300x168.jpg 300w, https:\/\/www.sisinternational.com\/wp-content\/uploads\/2025\/09\/Research-16-1024x574.jpg 1024w, https:\/\/www.sisinternational.com\/wp-content\/uploads\/2025\/09\/Research-16-768x430.jpg 768w, https:\/\/www.sisinternational.com\/wp-content\/uploads\/2025\/09\/Research-16-18x10.jpg 18w\" sizes=\"auto, (max-width: 1456px) 100vw, 1456px\"><\/figure>\n\n\n\n<hr class=\"wp-block-separator has-alpha-channel-opacity is-style-dots\"\/>\n\n\n\n<h2 class=\"wp-block-heading\">Cos&#039;\u00e8 una diade?<\/h2>\n\n\n\n<p>The dyad is a qualitative type of market research used in business. As the name suggests, it takes place between two participants. A moderator is there to help keep the discussion on track. When two people know each other, we call it a known pair. In other cases, the people are strangers.<\/p>\n\n\n\n<h2 class=\"wp-block-heading\">Perch\u00e9 le ricerche di mercato sulla diade sono importanti?<\/h2>\n\n\n\n<p>A large part of running a business is doing market research. It gives the company <a href=\"https:\/\/www.sisinternational.com\/it\/soluzioni\/opinioni-dei-clienti\/\" title=\"Opinioni dei clienti\"  data-wpil-monitor-id=\"8305\">insight into how to keep customers<\/a> and clients happy. And so, the way they do this research matters. Dyad market research only uses two people. Thus, it is cost-effective for the small-scale <a href=\"https:\/\/www.sisinternational.com\/it\/soluzioni\/consulenza-strategica\/studi-di-dimensionamento-della-fattibilita-dellingresso-nel-mercato\/\" title=\"Ingresso nel mercato, studi di fattibilit\u00e0 e dimensionamento\"  data-wpil-monitor-id=\"8307\">study of the market<\/a>.<\/p>\n\n\n\n<h2 class=\"wp-block-heading\">Lavori chiave nelle ricerche di mercato della diade<\/h2>\n\n\n\n<p>Il lavoro fondamentale nelle ricerche di mercato sulla diade \u00e8 il moderatore. Garantiscono che la discussione sia fruttuosa. Lo guidano con domande e aggiungono input dove necessario.<\/p>\n\n\n\n<h2 class=\"wp-block-heading\">Perch\u00e9 le aziende hanno bisogno delle ricerche di mercato Dyad<\/h2>\n\n\n\n<h3 class=\"wp-block-heading\"><span style=\"color: #0b5d95;\">\u00c8 un ambiente pi\u00f9 intimo<\/span><\/h3>\n\n\n\n<p>In un focus group ci sono 6-8 persone e ognuno ha la possibilit\u00e0 di parlare. Ma alcune persone potrebbero parlare pi\u00f9 di altre. Pertanto, non tutti avranno le stesse opportunit\u00e0 di contribuire alla conversazione. Una diade pu\u00f2 correggere questo problema poich\u00e9 offre a tutti pi\u00f9 tempo per parlare. Ogni persona pu\u00f2 esprimere le proprie opinioni.<\/p>\n\n\n\n<h3 class=\"wp-block-heading\"><span style=\"color: #0b5d95;\">Parla con i clienti in prima persona<\/span><\/h3>\n\n\n\n<p>With other types of research, the company might use a system to get feedback. This method is not wrong, but the data is general. In a dyad, there is a face-to-face conversation with a person. So, the company gets more insight into things like buying habits. The company will get more detailed data from the dyad than from a <a href=\"https:\/\/www.sisinternational.com\/it\/copertura\/europa\/ricerche-di-mercato-liverpool-regno-unito\/\" title=\"Ricerche di mercato a Liverpool | Focus group e raccolta dati nel Regno Unito\"  data-wpil-monitor-id=\"8308\">focus<\/a> group or survey.<\/p>\n\n\n\n<h3 class=\"wp-block-heading\"><span style=\"color: #0b5d95;\">Conversazione adattiva<\/span><\/h3>\n\n\n\n<p>Le aziende effettuano ricerche di mercato per poter fare meglio. In una diade, il moderatore pu\u00f2 controllare un po\u2019 di pi\u00f9 la conversazione. Pertanto, una diade rende pi\u00f9 semplice ottenere i dati di cui l\u2019azienda ha bisogno per migliorare.<\/p>\n\n\n\n<h2 class=\"wp-block-heading\">Fattori chiave di successo nelle ricerche di mercato della diade<\/h2>\n\n\n\n<h3 class=\"wp-block-heading\"><span style=\"color: #cda349;\">Buone domande<\/span><\/h3>\n\n\n\n<p>Le domande di un ricercatore sono lo strumento pi\u00f9 importante di cui dispone. Senza buone domande, non saranno in grado di produrre buoni risultati. Le domande sono la spina dorsale della ricerca di mercato sulla diade. Pertanto, l\u2019azienda deve garantire che le domande forniscano dati utilizzabili. Ad esempio, le domande a risposta chiusa non forniscono informazioni sufficienti. Inoltre, le domande non possono essere troppo difficili da seguire. Avere domande che spingano il partecipante a parlare in dettaglio.<\/p>\n\n\n\n<h3 class=\"wp-block-heading\"><span style=\"color: #cda349;\"><span lang=\"en-US\">Una e<\/span>moderatore efficace<\/span><\/h3>\n\n\n\n<p>With dyads, the conversation is more in-depth, which is good. But it can also go off-topic. Thus, the moderator must guide the speakers. This guidance ensures that the company gets its <a href=\"https:\/\/www.sisinternational.com\/it\/soluzioni\/ricerca-di-consulenza-strategica-fintech\/ricerca-di-mercato-antiriciclaggio\/\" title=\"Anti Money Laundering Market Research\"  data-wpil-monitor-id=\"5207\">money\u2019s worth from market research<\/a>.<\/p>\n\n\n\n<h3 class=\"wp-block-heading\"><span style=\"color: #cda349;\"><span lang=\"en-US\">Gi<\/span>Il giusto abbinamento<\/span><\/h3>\n\n\n\n<p>Market research has different objectives. The goal might be to <a href=\"https:\/\/www.sisinternational.com\/it\/soluzioni\/consulenza-strategica\/ricerche-di-mercato-sul-lancio-di-nuovi-prodotti\/\" title=\"Ricerca sul lancio di nuovi prodotti\"  data-wpil-monitor-id=\"8303\">launch a product<\/a>. In another instance, <span lang=\"en-US\">Esso<\/span> Volere <span lang=\"en-US\">guarda a<\/span> fedelt\u00e0 alla marca. Quindi, il ricercatore deve selezionare il partecipante. \u00c8 il modo migliore per i clienti e l&#039;azienda di ottenere ci\u00f2 che desiderano.<\/p>\n\n\n\n<h2 class=\"wp-block-heading\">Informazioni sulle ricerche di mercato sulla diade<\/h2>\n\n\n\n<p>The purpose of every business is to develop and become more profitable. But what exactly does that mean? For some companies, growth means <a href=\"https:\/\/www.sisinternational.com\/it\/espandere-la-portata-del-mercato-attraverso-una-strategia-di-marketing-articolata\/\" title=\"Espansione della portata del mercato attraverso una strategia di marketing multiforme\"  data-wpil-monitor-id=\"8306\">expanding their operations into new markets<\/a> or locations. For others, it might mean increasing their workforce. It could also mean developing new products and services. And for others still, it could mean something very different. But one thing is for sure: a <a href=\"https:\/\/www.sisinternational.com\/it\/pubblicazioni\/giappone-esportatore-di-fascia-media-del-mercato\/\" title=\"Far crescere il tuo business in Giappone\"  data-wpil-monitor-id=\"8309\">business needs to grow<\/a> and evolve if it wants to achieve long-term success.<\/p>\n\n\n\n<p>The best way to grow and turn a profit is to keep clients and customers happy. Thus, as <a href=\"https:\/\/www.sisinternational.com\/it\/competenza\/industrie\/ricerche-di-mercato-sui-cambiamenti-climatici\/\" title=\"Ricerche di mercato sui cambiamenti climatici\"  data-wpil-monitor-id=\"8304\">market trends change<\/a>, they must research how to adapt to these changes. This research must be strategic. It can happen in the form of <a href=\"https:\/\/www.sisinternational.com\/it\/soluzioni\/soluzioni-di-ricerca-quantitativa-qualitativa\/reclutamento-per-la-ricerca-qualitativa\/\" title=\"Reclutamento per la ricerca qualitativa\"  data-wpil-monitor-id=\"8302\">qualitative or quantitative research<\/a>.<\/p>\n\n\n\n<p>A volte l&#039;azienda utilizza sondaggi per acquisire conoscenze. Sono utili anche i focus group. Per la ricerca su larga scala, \u00e8 conveniente in termini di tempo e di costi. Infine, le aziende utilizzano le interviste per raccogliere dati. La diade rientra in questo gruppo.<\/p>\n\n\n\n<p>As stated above, using the dyad has some advantages for the company. Face-to-face conversations allow clients and customers to feel valued. These interactions encourage brand loyalty, which leads to company growth.<\/p>\n\n\n\n<p><\/p>","protected":false},"excerpt":{"rendered":"<p>Dyad \u00e8 un metodo di ricerca di mercato che coinvolge due partecipanti, conosciuti o sconosciuti, con un moderatore per mantenere la discussione sul pezzo.<\/p>","protected":false},"author":1,"featured_media":69511,"parent":14514,"menu_order":134,"comment_status":"closed","ping_status":"closed","template":"","meta":{"footnotes":""},"class_list":["post-40696","page","type-page","status-publish","has-post-thumbnail"],"_links":{"self":[{"href":"https:\/\/www.sisinternational.com\/it\/wp-json\/wp\/v2\/pages\/40696","targetHints":{"allow":["GET"]}}],"collection":[{"href":"https:\/\/www.sisinternational.com\/it\/wp-json\/wp\/v2\/pages"}],"about":[{"href":"https:\/\/www.sisinternational.com\/it\/wp-json\/wp\/v2\/types\/page"}],"author":[{"embeddable":true,"href":"https:\/\/www.sisinternational.com\/it\/wp-json\/wp\/v2\/users\/1"}],"replies":[{"embeddable":true,"href":"https:\/\/www.sisinternational.com\/it\/wp-json\/wp\/v2\/comments?post=40696"}],"version-history":[{"count":5,"href":"https:\/\/www.sisinternational.com\/it\/wp-json\/wp\/v2\/pages\/40696\/revisions"}],"predecessor-version":[{"id":81394,"href":"https:\/\/www.sisinternational.com\/it\/wp-json\/wp\/v2\/pages\/40696\/revisions\/81394"}],"up":[{"embeddable":true,"href":"https:\/\/www.sisinternational.com\/it\/wp-json\/wp\/v2\/pages\/14514"}],"wp:featuredmedia":[{"embeddable":true,"href":"https:\/\/www.sisinternational.com\/it\/wp-json\/wp\/v2\/media\/69511"}],"wp:attachment":[{"href":"https:\/\/www.sisinternational.com\/it\/wp-json\/wp\/v2\/media?parent=40696"}],"curies":[{"name":"wp","href":"https:\/\/api.w.org\/{rel}","templated":true}]}}