{"id":40688,"date":"2022-06-25T00:49:55","date_gmt":"2022-06-25T00:49:55","guid":{"rendered":"https:\/\/www.sisinternational.com\/?page_id=40688"},"modified":"2025-10-01T19:33:11","modified_gmt":"2025-10-01T23:33:11","slug":"consulenza-sulla-visualizzazione-dei-dati","status":"publish","type":"page","link":"https:\/\/www.sisinternational.com\/it\/competenza\/consulenza-sulla-visualizzazione-dei-dati\/","title":{"rendered":"Consulenza sulla visualizzazione dei dati"},"content":{"rendered":"<h1 class=\"wp-block-heading\">Consulenza sulla visualizzazione dei dati<\/h1>\n\n\n\n<figure class=\"gb-block-image gb-block-image-c677d547\"><img loading=\"lazy\" decoding=\"async\" width=\"1456\" height=\"816\" class=\"gb-image gb-image-c677d547\" src=\"https:\/\/www.sisinternational.com\/wp-content\/uploads\/2025\/09\/Predictive-analytics-44.jpg\" alt=\"Ricerca e strategia di mercato internazionale SIS\" title=\"Predictive analytics (44)\" srcset=\"https:\/\/www.sisinternational.com\/wp-content\/uploads\/2025\/09\/Predictive-analytics-44.jpg 1456w, https:\/\/www.sisinternational.com\/wp-content\/uploads\/2025\/09\/Predictive-analytics-44-300x168.jpg 300w, https:\/\/www.sisinternational.com\/wp-content\/uploads\/2025\/09\/Predictive-analytics-44-1024x574.jpg 1024w, https:\/\/www.sisinternational.com\/wp-content\/uploads\/2025\/09\/Predictive-analytics-44-768x430.jpg 768w, https:\/\/www.sisinternational.com\/wp-content\/uploads\/2025\/09\/Predictive-analytics-44-18x10.jpg 18w\" sizes=\"auto, (max-width: 1456px) 100vw, 1456px\"><\/figure>\n\n\n\n<p><\/p>\n\n\n\n<p>Ottenere informazioni o dati non \u00e8 pi\u00f9 un processo lento e noioso. I dati non si trovano pi\u00f9 solo nelle enciclopedie o nei libri della biblioteca della comunit\u00e0. Siamo ormai in un\u2019era in cui tantissimi dati e informazioni sono disponibili a portata di mano. Rischiamo un sovraccarico di informazioni. Dobbiamo trovare modi per ordinare, comprimere e utilizzare questo nuovo volume di informazioni. Esistono diversi metodi per trasformare questi dati. Possiamo trasformarlo in informazioni fruibili, memorabili e utilizzabili. Uno di questi metodi \u00e8 la visualizzazione dei dati.<\/p>\n\n\n\n<h2 class=\"wp-block-heading\">Cos&#039;\u00e8 la visualizzazione dei dati?<\/h2>\n\n\n\n<p>Gli esperti descrivono la Data Visualization come la rappresentazione grafica o visiva dei dati. \u00c8 un mezzo che consente al cervello di afferrare le informazioni in modo pi\u00f9 rapido. La Data Visualization mostra le relazioni. Mostra come le informazioni presentate si relazionano al risultato di un obiettivo o di un target specifico. A sua volta, consente un&#039;analisi dei dati pi\u00f9 rapida.<\/p>\n\n\n\n<h2 class=\"wp-block-heading\">Categorie di visualizzazione dei dati<\/h2>\n\n\n\n<h3 class=\"wp-block-heading\">Le cinque categorie principali di visualizzazione dei dati sono le seguenti:<\/h3>\n\n\n\n<ul class=\"wp-block-list\">\n<li><strong>Gerarchico: <\/strong>utilizzato per visualizzare gruppi di informazioni che derivano da un&#039;unica fonte. Esempi comuni utilizzati sono i diagrammi ad anello, ad albero e a raggiera.<\/li>\n\n\n\n<li><strong>Temporale: <\/strong>Questo tipo di visualizzazione \u00e8 unidimensionale e lineare. Questa categoria presenta linee che si sovrappongono tra loro o che stanno da sole. I grafici a dispersione, i grafici a linee e le linee temporali rientrano tutti in questa categoria.<\/li>\n\n\n\n<li><strong>Multidimensionale: <\/strong>Queste visualizzazioni tendono a mostrare dati che hanno due o pi\u00f9 variabili. Questi tendono ad essere i metodi pi\u00f9 attraenti o accattivanti. Gli esempi includono diagrammi di Venn, istogrammi e grafici a barre in pila.<\/li>\n\n\n\n<li><strong>Rete: <\/strong>Mostrare come un insieme di dati si connette o si relaziona ad altri frammenti di informazioni. Questo tipo utilizza poche o nessuna parola per mostrare le relazioni. Grafici a matrice, nuvole di parole e diagrammi di collegamento dei nodi mostrano la connessione tra le reti.<\/li>\n\n\n\n<li><strong>Geospaziale: <\/strong>This category shows changes in sales over a specific period. It can show other changes, such as demographics or even acquisitions. <a href=\"https:\/\/www.sisinternational.com\/it\/copertura\/europa\/ricerche-di-mercato-liverpool-regno-unito\/\" title=\"Ricerche di mercato a Liverpool | Focus group e raccolta dati nel Regno Unito\"  data-wpil-monitor-id=\"7731\">Researchers drape familiar maps with different data<\/a> points. These points represent real-time physical locations. Examples include Flow maps, Density maps, and heat maps.<\/li>\n<\/ul>\n\n\n\n<h2 class=\"wp-block-heading\">Perch\u00e9 i manager hanno bisogno della visualizzazione nel mondo frenetico di oggi<\/h2>\n\n\n\n<p>To be effective, managers <a href=\"https:\/\/www.sisinternational.com\/it\/analysis-b2b\/\" title=\"What Business Leaders Need to Know Right Now\"  data-wpil-monitor-id=\"7735\">need<\/a> to understand information about their specific business. They also need the ability to manipulate this data into actionable information. One of these ways is mastering Data Visualization techniques. Placing complex data into a visual presentation has many advantages. It allows managers and their teams to comprehend the current state of the <a href=\"https:\/\/www.sisinternational.com\/it\/copertura\/le-americhe\/ricerche-di-mercato-nei-caraibi\/societa-di-consulenza-gestionale-caraibica\/\" title=\"Societ\u00e0 di consulenza gestionale dei Caraibi\"  data-wpil-monitor-id=\"7732\">company<\/a>. It assists in pinpointing patterns that are detrimental to the business. Data Visualization can also help executives in making informed decisions. They can come up with better strategies geared towards the success of the <a href=\"https:\/\/www.sisinternational.com\/it\/copertura\/le-americhe\/ricerche-di-mercato-nei-caraibi\/societa-di-consulenza-strategica-caraibica\/\" title=\"Societ\u00e0 di consulenza strategica per i Caraibi\"  data-wpil-monitor-id=\"7733\">company<\/a>.<\/p>\n\n\n\n<h2 class=\"wp-block-heading\">Can Data Visualization Consulting make businesses more productive?<\/h2>\n\n\n\n<p>Information is power. What good is a power that you can&#8217;t use? Data <a href=\"https:\/\/www.sisinternational.com\/it\/soluzioni\/ricerche-di-mercato-sulla-trasformazione-aziendale\/\" title=\"Ricerche di mercato sulla trasformazione aziendale\"  data-wpil-monitor-id=\"7734\">transformed<\/a> into actionable information can take a business to new, effective heights. Data Visualization lets you know where your <a href=\"https:\/\/www.sisinternational.com\/it\/soluzioni\/consulenza-per-lospitalita-turistica-turistica\/ricerche-di-mercato-di-societa-di-guide-turistiche\/\" title=\"Ricerche di mercato sull&#039;azienda di guide turistiche\"  data-wpil-monitor-id=\"7730\">company stands in the market<\/a> world. It allows you to paint a picture of your future goals. It will assist not only management but also staff to work together to achieve the shared goals.<\/p>\n\n\n\n<p><a name=\"_GoBack\"><\/a>La visualizzazione dei dati prende uno dalla solita voce monotona e triste in una riunione. Porta al coinvolgimento, al contributo e alle azioni dei tuoi compagni membri del team. Permette alle persone di essere maggiormente coinvolte nel risultato piuttosto che essere distaccate e disinteressate. Evidenzia informazioni che non sono facili da elaborare. Si sbarazza della grande pila di documenti e cifre e fa appello a un gruppo demografico pi\u00f9 ampio.<\/p>\n\n\n\n<p>La visualizzazione dei dati \u00e8 il passaggio logico successivo se \u00e8 necessario assorbire rapidamente le informazioni. Ti consente di tracciare il tuo prossimo passo verso l&#039;efficienza aiutandoti a collegare i punti. Consente inoltre di agire in base alle informazioni presentate. Perch\u00e9? Perch\u00e9 riduce il tempo impiegato per comprendere i dati presentati.<\/p>\n\n\n\n<h2 class=\"wp-block-heading\">Consulenza SIS e visualizzazione dati<\/h2>\n\n\n\n<p>We at <a href=\"https:\/\/www.sisinternational.com\/it\/sis-presenta-la-piattaforma-di-data-science-e-analisi-quantitativa\/\" title=\"SIS presenta la piattaforma di scienza dei dati e analisi quantitativa\"  data-wpil-monitor-id=\"7729\">SIS<\/a> will ensure that you present your data well. We want you to be effective when giving complex data to your target groups. We will use the best type of visualization to encourage engagement: our methods aid fast decision-making and prompt responses from your target audiences.<\/p>\n\n\n\n<p><\/p>","protected":false},"excerpt":{"rendered":"<p>Esistono diversi metodi per trasformare i dati in informazioni fruibili, memorabili e utilizzabili. Uno di questi metodi \u00e8 la visualizzazione dei dati.<\/p>","protected":false},"author":1,"featured_media":70260,"parent":14514,"menu_order":132,"comment_status":"closed","ping_status":"closed","template":"","meta":{"footnotes":""},"class_list":["post-40688","page","type-page","status-publish","has-post-thumbnail"],"_links":{"self":[{"href":"https:\/\/www.sisinternational.com\/it\/wp-json\/wp\/v2\/pages\/40688","targetHints":{"allow":["GET"]}}],"collection":[{"href":"https:\/\/www.sisinternational.com\/it\/wp-json\/wp\/v2\/pages"}],"about":[{"href":"https:\/\/www.sisinternational.com\/it\/wp-json\/wp\/v2\/types\/page"}],"author":[{"embeddable":true,"href":"https:\/\/www.sisinternational.com\/it\/wp-json\/wp\/v2\/users\/1"}],"replies":[{"embeddable":true,"href":"https:\/\/www.sisinternational.com\/it\/wp-json\/wp\/v2\/comments?post=40688"}],"version-history":[{"count":4,"href":"https:\/\/www.sisinternational.com\/it\/wp-json\/wp\/v2\/pages\/40688\/revisions"}],"predecessor-version":[{"id":81302,"href":"https:\/\/www.sisinternational.com\/it\/wp-json\/wp\/v2\/pages\/40688\/revisions\/81302"}],"up":[{"embeddable":true,"href":"https:\/\/www.sisinternational.com\/it\/wp-json\/wp\/v2\/pages\/14514"}],"wp:featuredmedia":[{"embeddable":true,"href":"https:\/\/www.sisinternational.com\/it\/wp-json\/wp\/v2\/media\/70260"}],"wp:attachment":[{"href":"https:\/\/www.sisinternational.com\/it\/wp-json\/wp\/v2\/media?parent=40688"}],"curies":[{"name":"wp","href":"https:\/\/api.w.org\/{rel}","templated":true}]}}