{"id":40680,"date":"2022-06-24T23:31:25","date_gmt":"2022-06-24T23:31:25","guid":{"rendered":"https:\/\/www.sisinternational.com\/?page_id=40680"},"modified":"2026-01-25T16:41:17","modified_gmt":"2026-01-25T21:41:17","slug":"esternalizzazione-dellanalisi-dei-dati","status":"publish","type":"page","link":"https:\/\/www.sisinternational.com\/it\/competenza\/esternalizzazione-dellanalisi-dei-dati\/","title":{"rendered":"Outsourcing di ricerche di mercato di dati e analisi"},"content":{"rendered":"<h1 class=\"wp-block-heading\">Outsourcing di ricerche di mercato di dati e analisi<\/h1>\n\n\n\n<figure class=\"gb-block-image gb-block-image-061f912c\"><img loading=\"lazy\" decoding=\"async\" width=\"1456\" height=\"816\" class=\"gb-image gb-image-061f912c\" src=\"https:\/\/www.sisinternational.com\/wp-content\/uploads\/2025\/09\/Predictive-analytics-80.jpg\" alt=\"Ricerca e strategia di mercato internazionale SIS\" title=\"Predictive analytics (80)\" srcset=\"https:\/\/www.sisinternational.com\/wp-content\/uploads\/2025\/09\/Predictive-analytics-80.jpg 1456w, https:\/\/www.sisinternational.com\/wp-content\/uploads\/2025\/09\/Predictive-analytics-80-300x168.jpg 300w, https:\/\/www.sisinternational.com\/wp-content\/uploads\/2025\/09\/Predictive-analytics-80-1024x574.jpg 1024w, https:\/\/www.sisinternational.com\/wp-content\/uploads\/2025\/09\/Predictive-analytics-80-768x430.jpg 768w, https:\/\/www.sisinternational.com\/wp-content\/uploads\/2025\/09\/Predictive-analytics-80-18x10.jpg 18w\" sizes=\"auto, (max-width: 1456px) 100vw, 1456px\"><\/figure>\n\n\n\n<hr class=\"wp-block-separator has-alpha-channel-opacity is-style-dots\"\/>\n\n\n\n<h2 class=\"wp-block-heading\">La tua azienda ha bisogno di <span lang=\"en-US\">D<\/span>ata <span lang=\"en-US\">UN<\/span>analitici?<\/h2>\n\n\n\n<p>Ritieni che la tua attivit\u00e0 manchi di efficacia, ma non sai dove sia il problema? Avere il supporto di un professionista <span lang=\"en-US\">D<\/span>ata &amp; <span lang=\"en-US\">UN<\/span>il team di analisi \u00e8 la soluzione migliore. Pu\u00f2 migliorare l\u2019efficacia e la redditivit\u00e0 della tua attivit\u00e0.<\/p>\n\n\n\n<p><span lang=\"en-US\">However, setting up an internal <a href=\"https:\/\/www.sisinternational.com\/it\/competenza\/industrie\/consulenza-in-analisi-di-scienza-dei-dati\/\" title=\"Consulenza in materia di scienza e analisi dei dati\"  data-wpil-monitor-id=\"3687\">Data &amp; Analytics<\/a> team is an expensive and challenging task. Furthermore, it will take time for the new team to become productive. Until then, it will not add value to the organization.<\/p>\n\n\n\n<p><span lang=\"en-US\">Have you considered outsourcing your <a href=\"https:\/\/www.sisinternational.com\/it\/soluzioni\/consulenza-strategica\/analisi-dei-dati\/\" title=\"Societ\u00e0 di analisi dei dati\"  data-wpil-monitor-id=\"10051\">Data &amp; Analytics<\/a> department? A professional consultancy office can provide you with the necessary analysis and reports. They can do so in a cost-effective manner. By outsourcing <span lang=\"en-US\">D<\/span>ata <span lang=\"en-US\">UN<\/span>analisi, riceverai rapidamente anche i report richiesti.<\/p>\n\n\n\n<p>Alla SIS Research, il ns <span lang=\"en-US\">rapporti<\/span> sono chiari e facili da digerire. Abbiamo agenti esperti. Possono raccogliere e analizzare i tuoi dati molto pi\u00f9 rapidamente di quanto potrebbe fare un team interno.<\/p>\n\n\n\n<p>Nostro <a href=\"https:\/\/www.sisinternational.com\/it\/soluzioni\/ricerca-di-consulenza-strategica-fintech\/ricerche-di-mercato-sullanalisi-dei-dati-bancari\/\" title=\"Ricerche di mercato sull&#039;analisi dei dati bancari\"  data-wpil-monitor-id=\"10053\">Data &amp; Analytics<\/a> outsourcing teams know many analytical techniques. We can create insight into all your business processes. With more awareness, decision-making becomes more natural and more effective. You will lead your department or company in the right direction.<\/p>\n\n\n\n<h2 class=\"wp-block-heading\"><span lang=\"en-US\">Alla SIS Research, offriamo t<\/span>lui segue <span lang=\"en-US\">Servizi:<\/span><\/h2>\n\n\n\n<ul class=\"wp-block-list\">\n<li>Creare un <span lang=\"en-US\">D<\/span>ata <span lang=\"en-US\">V<\/span>visualizzazione e <span lang=\"en-US\">T<\/span>ableau. Questo strumento mostra i risultati in modo grafico, facile da digerire e comprendere. Possiamo realizzarlo secondo le vostre esigenze e desideri.<\/li>\n\n\n\n<li>Regressione <span lang=\"en-US\">UN<\/span>L&#039;analisi mostra la relazione tra due o pi\u00f9 variabili. Questo strumento ti aiuta a capire come i componenti del sistema si relazionano tra loro. Mostra gli elementi che devono essere migliorati per creare un impatto positivo sull\u2019organizzazione.<\/li>\n\n\n\n<li>With the Conjoint Analysis, you check how your <a href=\"https:\/\/www.sisinternational.com\/it\/soluzioni\/prova-del-gusto\/servizi-di-test-di-prodotto-a-new-york\/\" title=\"Servizi di test di prodotto a New York\"  data-wpil-monitor-id=\"10062\">products and services<\/a> perform. You also see how your customers perceive them. It breaks down the different components and features of your products and services. Customers can thus rate separate parts. This rating will provide valuable <a href=\"https:\/\/www.sisinternational.com\/it\/competenza\/industrie\/chief-information-officer-cio-ricerche-di-mercato\/\" title=\"Ricerca di mercato del Chief Information Officer (CIO).\"  data-wpil-monitor-id=\"10061\">information to marketing<\/a> teams.<\/li>\n\n\n\n<li>Predictive Analytics predict <a href=\"https:\/\/www.sisinternational.com\/it\/future-trends-in-qualitative-market-research\/\" title=\"Future Trends in Qualitative Market Research\"  data-wpil-monitor-id=\"10055\">future patterns and trends<\/a>. By analyzing historical data, we can predict future outcomes.<\/li>\n\n\n\n<li>L&#039;analisi della varianza (ANOVA) confronta la differenza tra pi\u00f9 di due variabili. Per essere pi\u00f9 specifici, esamina la variazione all\u2019interno dei gruppi. Analizza anche il cambiamento tra i gruppi. ANOVA \u00e8 uno strumento utile per comprendere set di dati pi\u00f9 complicati.<\/li>\n\n\n\n<li>Montecarlo <a href=\"https:\/\/www.sisinternational.com\/it\/soluzioni\/ai-ricerche-di-mercato-e-consulenza-strategica\/analisi-di-ricerche-di-mercato-sul-sentiment-ai\/\" title=\"Analisi delle ricerche di mercato sul sentiment dell\u2019intelligenza artificiale\"  data-wpil-monitor-id=\"10050\">Analysis allows researchers<\/a> to run several trials. Thus, we can define all possible outcomes of an event or investment.<\/li>\n\n\n\n<li>Dati <span lang=\"en-US\">M<\/span>odeling esamina i concetti per i quali desideri tenere traccia dei dati e questi diventano le tabelle in un database.<\/li>\n\n\n\n<li>SQL e Python sono un altro strumento di analisi che offre ai data scientist molte opzioni. Questo strumento semplifica l&#039;elaborazione, l&#039;interrogazione e l&#039;utilizzo dei dati raccolti.<\/li>\n\n\n\n<li>Offriamo analisi ROA e ROE. ROA <span lang=\"en-US\">sta per<\/span> Rendimento delle attivit\u00e0 e ROE \u00e8 il rendimento del capitale proprio.<\/li>\n\n\n\n<li>UN <span lang=\"en-US\">D<\/span>estagionalizzato <span lang=\"en-US\">R<\/span>eport \u00e8 il luogo in cui eliminiamo i tuoi dati dai relativi schemi stagionali.<\/li>\n<\/ul>\n\n\n\n<h3 class=\"wp-block-heading\">Offriamo anche a <span lang=\"en-US\">C<\/span>onnicomprensivo <span lang=\"en-US\">UN<\/span>analisi <span lang=\"en-US\">P<\/span>ackage. Include quanto segue:<\/h3>\n\n\n\n<ul class=\"wp-block-list\">\n<li><span style=\"color: #0b5d95;\">Analisi della scatola<\/span><\/li>\n\n\n\n<li><span style=\"color: #0b5d95;\">Intervalli di confidenza<\/span><\/li>\n\n\n\n<li><span style=\"color: #0b5d95;\">Analisi dei valori anomali<\/span><\/li>\n\n\n\n<li><span style=\"color: #0b5d95;\">Distribuzione, asimmetria e curtosi <span lang=\"en-US\">UN<\/span>analisi<\/span><\/li>\n\n\n\n<li><span style=\"color: #0b5d95;\">Alfa, F-stat, valore p, ecc.<\/span><\/li>\n<\/ul>\n\n\n\n<p><a name=\"_GoBack\"><\/a>Una societ\u00e0 di ricerche di mercato pu\u00f2 fornire alla tua azienda i tipi di analisi di cui sopra, che creeranno una comprensione pi\u00f9 approfondita della tua azienda, dei tuoi prodotti e dei tuoi servizi. Pu\u00f2 anche aiutarti con le tue finanze, l&#039;efficienza e altro ancora. Dati &amp; <span lang=\"en-US\">UN<\/span>nalytics outsourcing is low-cost, efficient, and reliable, and it&#8217;s the way to a better understanding of your operation. Of course, these <a href=\"https:\/\/www.sisinternational.com\/it\/sampling-techniques-in-qualitative-research-the-complete-guide-to-choosing-the-right-method\/\" title=\"Sampling Techniques in Qualitative Research: The Complete Guide to Choosing the Right Method\"  data-wpil-monitor-id=\"10059\">techniques are only a small sample<\/a>. You can expect much more from a professional <a href=\"https:\/\/www.sisinternational.com\/it\/competenza\/curriculum-di-esperienza\/curriculum-di-esperienza-nel-settore-automobilistico\/\" title=\"Societ\u00e0 di ricerche di mercato nel settore automobilistico\"  data-wpil-monitor-id=\"10048\">market research company<\/a>.<\/p>\n\n\n\n<p>UN <a href=\"https:\/\/www.sisinternational.com\/it\/soluzioni\/negozio-controllare-ricerche-di-mercato\/\" title=\"Ricerca di mercato per il controllo del negozio\"  data-wpil-monitor-id=\"2157\">market research company will check<\/a> the efficiency of your business processes. It will also look at the products\/services you offer. It examine<span lang=\"en-US\">S<\/span> le relazioni tra le diverse componenti all\u2019interno dell\u2019azienda, facilita il processo decisionale e lo rende pi\u00f9 efficace. Analisi e report di alta qualit\u00e0 guideranno le tue decisioni.<\/p>\n\n\n\n<p><\/p>","protected":false},"excerpt":{"rendered":"<p>Dati e analisi Market Research Outsourcing fornisce strumenti, strategie e report per il processo decisionale.<\/p>","protected":false},"author":1,"featured_media":70296,"parent":14514,"menu_order":130,"comment_status":"closed","ping_status":"closed","template":"","meta":{"footnotes":""},"class_list":["post-40680","page","type-page","status-publish","has-post-thumbnail"],"_links":{"self":[{"href":"https:\/\/www.sisinternational.com\/it\/wp-json\/wp\/v2\/pages\/40680","targetHints":{"allow":["GET"]}}],"collection":[{"href":"https:\/\/www.sisinternational.com\/it\/wp-json\/wp\/v2\/pages"}],"about":[{"href":"https:\/\/www.sisinternational.com\/it\/wp-json\/wp\/v2\/types\/page"}],"author":[{"embeddable":true,"href":"https:\/\/www.sisinternational.com\/it\/wp-json\/wp\/v2\/users\/1"}],"replies":[{"embeddable":true,"href":"https:\/\/www.sisinternational.com\/it\/wp-json\/wp\/v2\/comments?post=40680"}],"version-history":[{"count":6,"href":"https:\/\/www.sisinternational.com\/it\/wp-json\/wp\/v2\/pages\/40680\/revisions"}],"predecessor-version":[{"id":81663,"href":"https:\/\/www.sisinternational.com\/it\/wp-json\/wp\/v2\/pages\/40680\/revisions\/81663"}],"up":[{"embeddable":true,"href":"https:\/\/www.sisinternational.com\/it\/wp-json\/wp\/v2\/pages\/14514"}],"wp:featuredmedia":[{"embeddable":true,"href":"https:\/\/www.sisinternational.com\/it\/wp-json\/wp\/v2\/media\/70296"}],"wp:attachment":[{"href":"https:\/\/www.sisinternational.com\/it\/wp-json\/wp\/v2\/media?parent=40680"}],"curies":[{"name":"wp","href":"https:\/\/api.w.org\/{rel}","templated":true}]}}