{"id":40678,"date":"2022-06-24T23:25:04","date_gmt":"2022-06-24T23:25:04","guid":{"rendered":"https:\/\/www.sisinternational.com\/?page_id=40678"},"modified":"2026-03-13T01:00:09","modified_gmt":"2026-03-13T05:00:09","slug":"psicologia-del-consumo-covid-19","status":"publish","type":"page","link":"https:\/\/www.sisinternational.com\/it\/consumer-market-research-page\/psicologia-del-consumo-covid-19\/","title":{"rendered":"Psicologia del consumo e COVID-19"},"content":{"rendered":"<h1 class=\"wp-block-heading\"><span lang=\"en-US\">Psicologia del consumo e COVID-19<\/span><\/h1>\n\n\n\n<figure class=\"gb-block-image gb-block-image-29eebeeb\"><img loading=\"lazy\" decoding=\"async\" width=\"1456\" height=\"816\" class=\"gb-image gb-image-29eebeeb\" src=\"https:\/\/www.sisinternational.com\/wp-content\/uploads\/2025\/08\/Consumer-electronics-1.jpg\" alt=\"Ricerca e strategia di mercato internazionale SIS\" title=\"Consumer electronics (1)\" srcset=\"https:\/\/www.sisinternational.com\/wp-content\/uploads\/2025\/08\/Consumer-electronics-1.jpg 1456w, https:\/\/www.sisinternational.com\/wp-content\/uploads\/2025\/08\/Consumer-electronics-1-300x168.jpg 300w, https:\/\/www.sisinternational.com\/wp-content\/uploads\/2025\/08\/Consumer-electronics-1-1024x574.jpg 1024w, https:\/\/www.sisinternational.com\/wp-content\/uploads\/2025\/08\/Consumer-electronics-1-768x430.jpg 768w, https:\/\/www.sisinternational.com\/wp-content\/uploads\/2025\/08\/Consumer-electronics-1-18x10.jpg 18w\" sizes=\"auto, (max-width: 1456px) 100vw, 1456px\"><\/figure>\n\n\n\n<p><\/p>\n\n\n\n<hr class=\"wp-block-separator has-alpha-channel-opacity is-style-dots\"\/>\n\n\n\n<p><span lang=\"en-US\">Educhiamo, socializziamo e facciamo esercizio in modi nuovi e diversi, grazie a COVID-19. Il nuovo coronavirus sembra aver cambiato ogni aspetto della nostra vita. Una delle interruzioni pi\u00f9 comuni \u00e8 stato l\u2019impatto sui nostri acquisti e sulle nostre abitudini di acquisto. Il distanziamento sociale, le carenze e le richieste in continua evoluzione hanno cambiato il modo in cui facciamo acquisti. Acquistiamo prodotti di uso quotidiano, cibo e tutto il resto in modi nuovi e diversi.<\/span><\/p>\n\n\n\n<h2 class=\"wp-block-heading\"><span lang=\"en-US\">Fattori psicologici<\/span><\/h2>\n\n\n\n<p><span lang=\"en-US\">Many psychological factors affect our buying decisions during the pandemic. The lockdown has forced more family interaction, but there is not much social cohesion. Communities are experiencing social disruption as cultural norms change. Loneliness may affect the decisions of those who live outside of a family unit. Some families are going through periods of bereavement as they bury members stricken by the disease. The environment is another <a href=\"https:\/\/www.sisinternational.com\/it\/soluzioni\/soluzioni-di-ricerca-quantitativa-qualitativa\/ricerche-di-mercato-sui-fattori-umani\/\" title=\"Ricerche di mercato sui fattori umani\"  data-wpil-monitor-id=\"10025\">factor that marketers<\/a> need to take into consideration. So are social status and social integration.<\/span><\/p>\n\n\n\n<h2 class=\"wp-block-heading\"><span lang=\"en-US\">Comportamenti psicologici legati al coronavirus<\/span><\/h2>\n\n\n\n<h3 class=\"wp-block-heading\"><span lang=\"en-US\" style=\"color: #0b5d95;\">Accumulo<\/span><\/h3>\n\n\n\n<p><span lang=\"en-US\">Le persone attribuiscono valore agli articoli meno disponibili, come la carta igienica. Subito dopo l\u2019annuncio della pandemia, abbiamo visto Scarsit\u00e0 vs. Abbondanza. Persone coinvolte in comportamenti di acquisto eccessivo. L\u2019accumulo \u00e8 un comportamento adattivo naturale. Si attiva ogni volta che vi \u00e8 una fornitura irregolare di risorse. \u00c8 nella programmazione del nostro cervello fare scorta quando la notizia induce il panico che i negozi stanno finendo il cibo.<\/span><\/p>\n\n\n\n<h3 class=\"wp-block-heading\"><span lang=\"en-US\" style=\"color: #0b5d95;\">Stock esauriti<\/span><\/h3>\n\n\n\n<p><span lang=\"en-US\">Nelle principali citt\u00e0, il COVID-19 sta limitando i passatempi. Le autorit\u00e0 cittadine stanno scoraggiando l\u2019uso di autobus e metropolitana. Quindi, centinaia di migliaia di americani ora acquistano biciclette. Nei primi giorni della pandemia era difficile anche trovare riso, pasta, salviette, tonno in scatola e disinfettante per le mani. Alcuni negozi hanno posto limitazioni sulla quantit\u00e0 di articoli che i consumatori potevano acquistare.<\/span><\/p>\n\n\n\n<h3 class=\"wp-block-heading\"><span lang=\"en-US\" style=\"color: #0b5d95;\">Trauma<\/span><\/h3>\n\n\n\n<p><span lang=\"en-US\">Il COVID-19 \u00e8 stato un colpo emotivo improvviso, inaspettato, travolgente e intenso. Ci\u00f2 ha provocato linee di welfare fuori dalla 5th Avenue e traumi sociali, economici e sanitari. Molte persone hanno riferito sentimenti di tradimento, impotenza e stigmatizzazione. Ha attivato la risposta di lotta o fuga nelle persone. Lo avvertono mentre le reti televisive annunciano ogni nuova minaccia. La pandemia ha dimostrato che dobbiamo creare ambienti sicuri. Questi ambienti aiutano a contrastare gli effetti a lungo termine dello stress cronico.<\/span><\/p>\n\n\n\n<h3 class=\"wp-block-heading\"><span lang=\"en-US\" style=\"color: #0b5d95;\">Stress fisiologico<\/span><\/h3>\n\n\n\n<p><span lang=\"en-US\">Il COVID-19 si manifesta anche con disturbi d\u2019ansia e di panico. Sta aumentando il cortisolo nelle persone e causando privazione del sonno. La mancanza di esercizio fisico fa crollare i livelli di endorfine. Pertanto, le persone non hanno protezione dallo stress. Consumano pi\u00f9 prodotti in scatola e meno verdure fresche. Pertanto, una diminuzione della nutrizione e delle vitamine essenziali pu\u00f2 influenzare il loro umore. Puoi riprendere il controllo prendendoti cura della tua salute emotiva. Trova il tempo per rilassarti e connetterti con gli altri.<\/span><\/p>\n\n\n\n<h3 class=\"wp-block-heading\"><span lang=\"en-US\" style=\"color: #0b5d95;\">Teoria dell&#039;impotenza appresa<\/span><\/h3>\n\n\n\n<p><span lang=\"en-US\">Quando nessuna delle tue azioni funziona, qualunque cosa tu faccia, potresti decidere di non fare nulla. L\u2019impotenza appresa \u00e8 una teoria per la depressione. Afferma che quando non funziona nulla, una persona smette di provare. Ecco perch\u00e9 vediamo la disperazione in zone calde come la Florida e la California. Alcune persone potrebbero scegliere di non lasciare gli ambienti infetti. Quindi rimangono, anche se ha senso razionale andarsene. Come si pu\u00f2 risolvere l\u2019impotenza appresa? Solo riconquistando la padronanza e potenziando se stessi.<\/span><\/p>\n\n\n\n<h3 class=\"wp-block-heading\"><span lang=\"en-US\" style=\"color: #0b5d95;\">Psicologia anormale<\/span><\/h3>\n\n\n\n<p><span lang=\"en-US\">Molte persone si sentono al sicuro a casa durante la pandemia. Eppure riferiscono di solitudine, alti livelli di paura, rabbia e noia. La mancanza di autorit\u00e0 sta causando disperazione in molti. Le persone mostrano comportamenti antisociali e l&#039;attivit\u00e0 delle bande \u00e8 in aumento a New York. Nonostante questi sviluppi preoccupanti, \u00e8 essenziale restare in prospettiva. Dobbiamo essere compassionevoli con noi stessi quando le cose non vanno come previsto.<\/span><\/p>\n\n\n\n<h2 class=\"wp-block-heading\"><span lang=\"en-US\">Niente pi\u00f9 consumi vistosi<\/span><\/h2>\n\n\n\n<p><span lang=\"en-US\">Luxury goods were the first <a href=\"https:\/\/www.sisinternational.com\/it\/competenza\/industrie\/esperienza-del-cliente-digitale-per-ricerche-di-mercato\/\" title=\"Ricerche di mercato sull\u2019esperienza del cliente digitale (CX).\"  data-wpil-monitor-id=\"10028\">customer segment to experience<\/a> cutbacks due to the pandemic. It might be the last to recover since this segment is the most discretionary of all consumer purchases. The shutdown in the lifestyles of affluent consumers has given them downtime. They can now reassess their priorities. It\u2019s because the <a href=\"https:\/\/www.sisinternational.com\/it\/competenza\/industrie\/ricerche-di-mercato-sugli-hotel-di-lusso\/\" title=\"Ricerche di mercato sugli hotel di lusso\"  data-wpil-monitor-id=\"10032\">market for luxury<\/a> items thrives on the psychology of wealthy buyers. If they feel good about themselves, they splurge. If they don\u2019t, they won\u2019t.<\/span><\/p>\n\n\n\n<p><span lang=\"en-US\">COVID-19 has breached the consumer\u2019s mind and psychology, which may upset his or her ways of buying. Brands have to use new ways of communicating. It\u2019s the best way to reduce the psychological impact on <a href=\"https:\/\/www.sisinternational.com\/it\/analisi-della-soddisfazione-del-cliente\/\" title=\"8 modi per aumentare la soddisfazione del cliente nel commercio al dettaglio\"  data-wpil-monitor-id=\"10019\">consumers<\/a>. Meanwhile, technology companies are coming up with new offerings. It may open new avenues to brands, enabling them to influence consumer behavior.<\/span><\/p>\n\n\n\n<p><span lang=\"en-US\">I rivenditori devono comprendere la psicologia degli acquirenti. Possono quindi utilizzare tali informazioni per influenzare il loro comportamento di acquisto. Ma valutare il potenziale a lungo termine del comportamento dei consumatori \u00e8 difficile. Tuttavia, i rivenditori hanno il potere di contribuire a plasmare le decisioni di acquisto dei propri consumatori. Possono anche sfruttare l&#039;opportunit\u00e0 per fornire una presenza online significativa. Possono essere presenti per i clienti che non possono entrare nei loro negozi.<\/span><\/p>\n\n\n<h2>La nostra sede a New York<\/h2>\n<p><!-- \/wp:post-content --> <!-- wp:html --> <iframe loading=\"lazy\" src=\"https:\/\/www.google.com\/maps\/embed?pb=!1m18!1m12!1m3!1d3022.976188376966!2d-73.99130312499956!3d40.740549471389315!2m3!1f0!2f0!3f0!3m2!1i1024!2i768!4f13.1!3m3!1m2!1s0x89c259a15798c731%3A0xd695d09bdd495f25!2s11%20E%2022nd%20St%20FL%202%2C%20New%20York%2C%20NY%2010010%2C%20USA!5e0!3m2!1sen!2spe!4v1726171763526!5m2!1sen!2spe\" width=\"600\" height=\"450\" allowfullscreen=\"allowfullscreen\" data-mce-fragment=\"1\"><\/iframe> <!-- \/wp:html --> <!-- wp:paragraph --><\/p>\n<h3 class=\"wp-block-heading\">11 E 22nd Street, Piano 2, New York, NY 10010 T: +1(212) 505-6805<\/h3>\n<hr \/>\n<h2><span style=\"font-weight: 400;\">A proposito di SIS Internazionale<\/span><\/h2>\n<p><a href=\"https:\/\/www.sisinternational.com\/it\/\"><span style=\"font-weight: 400;\">SIS Internazionale<\/span><\/a><span style=\"font-weight: 400;\"> offers Quantitative, Qualitative, and Strategy Research. We provide data, tools, strategies, reports, and insights for decision-making. We also conduct interviews, surveys, focus groups, and other <a href=\"https:\/\/www.sisinternational.com\/it\/quantitative-market-research-methods-and-techniques\/\" title=\"Quantitative Market Research Methods and Techniques\"  data-wpil-monitor-id=\"10022\">Market Research methods<\/a> and approaches.<\/span><a href=\"https:\/\/www.sisinternational.com\/it\/sulla-sua-ricerca-internazionale\/contact-sis-international-market-research\/\"><span style=\"font-weight: 400;\"> Contattaci<\/span><\/a><span style=\"font-weight: 400;\"> per il tuo prossimo progetto di ricerca di mercato.<\/span><\/p>\n<p><!-- wp:heading --><\/p>\n<h2 id=\"about-sis-international\" class=\"wp-block-heading\">\u00a0<\/h2>\n<p><!-- \/wp:heading --><\/p>","protected":false},"excerpt":{"rendered":"<p>Il COVID-19 ha modificato ogni aspetto della nostra vita. Ha cambiato il modo in cui educhiamo, socializziamo, facciamo esercizio e facciamo acquisti.<\/p>","protected":false},"author":1,"featured_media":64245,"parent":84529,"menu_order":12,"comment_status":"closed","ping_status":"closed","template":"","meta":{"footnotes":""},"class_list":["post-40678","page","type-page","status-publish","has-post-thumbnail"],"_links":{"self":[{"href":"https:\/\/www.sisinternational.com\/it\/wp-json\/wp\/v2\/pages\/40678","targetHints":{"allow":["GET"]}}],"collection":[{"href":"https:\/\/www.sisinternational.com\/it\/wp-json\/wp\/v2\/pages"}],"about":[{"href":"https:\/\/www.sisinternational.com\/it\/wp-json\/wp\/v2\/types\/page"}],"author":[{"embeddable":true,"href":"https:\/\/www.sisinternational.com\/it\/wp-json\/wp\/v2\/users\/1"}],"replies":[{"embeddable":true,"href":"https:\/\/www.sisinternational.com\/it\/wp-json\/wp\/v2\/comments?post=40678"}],"version-history":[{"count":6,"href":"https:\/\/www.sisinternational.com\/it\/wp-json\/wp\/v2\/pages\/40678\/revisions"}],"predecessor-version":[{"id":81658,"href":"https:\/\/www.sisinternational.com\/it\/wp-json\/wp\/v2\/pages\/40678\/revisions\/81658"}],"up":[{"embeddable":true,"href":"https:\/\/www.sisinternational.com\/it\/wp-json\/wp\/v2\/pages\/84529"}],"wp:featuredmedia":[{"embeddable":true,"href":"https:\/\/www.sisinternational.com\/it\/wp-json\/wp\/v2\/media\/64245"}],"wp:attachment":[{"href":"https:\/\/www.sisinternational.com\/it\/wp-json\/wp\/v2\/media?parent=40678"}],"curies":[{"name":"wp","href":"https:\/\/api.w.org\/{rel}","templated":true}]}}