{"id":40657,"date":"2022-06-24T20:55:03","date_gmt":"2022-06-24T20:55:03","guid":{"rendered":"https:\/\/www.sisinternational.com\/?page_id=40657"},"modified":"2026-01-26T14:24:02","modified_gmt":"2026-01-26T19:24:02","slug":"ricerche-di-mercato-nel-cloud-computing","status":"publish","type":"page","link":"https:\/\/www.sisinternational.com\/it\/competenza\/ricerche-di-mercato-nel-cloud-computing\/","title":{"rendered":"Ricerche di mercato del cloud computing"},"content":{"rendered":"<h1 class=\"wp-block-heading\">Ricerche di mercato del cloud computing<\/h1>\n\n\n\n<figure class=\"gb-block-image gb-block-image-4b310d80\"><img loading=\"lazy\" decoding=\"async\" width=\"1456\" height=\"816\" class=\"gb-image gb-image-4b310d80\" src=\"https:\/\/www.sisinternational.com\/wp-content\/uploads\/2025\/08\/Cloud-5-3.jpg\" alt=\"Ricerca e strategia di mercato internazionale SIS\" title=\"Cloud 5 (3)\" srcset=\"https:\/\/www.sisinternational.com\/wp-content\/uploads\/2025\/08\/Cloud-5-3.jpg 1456w, https:\/\/www.sisinternational.com\/wp-content\/uploads\/2025\/08\/Cloud-5-3-300x168.jpg 300w, https:\/\/www.sisinternational.com\/wp-content\/uploads\/2025\/08\/Cloud-5-3-1024x574.jpg 1024w, https:\/\/www.sisinternational.com\/wp-content\/uploads\/2025\/08\/Cloud-5-3-768x430.jpg 768w, https:\/\/www.sisinternational.com\/wp-content\/uploads\/2025\/08\/Cloud-5-3-18x10.jpg 18w\" sizes=\"auto, (max-width: 1456px) 100vw, 1456px\"><\/figure>\n\n\n\n<hr class=\"wp-block-separator has-alpha-channel-opacity is-style-dots\"\/>\n\n\n\n<h2 class=\"wp-block-heading\">Cos&#039;\u00e8 il cloud computing?<\/h2>\n\n\n\n<p>In simple words, cloud computing refers to on-demand services that provide software and storage, as well as servers. As a matter of fact, the \u201ccloud\u201d gives faster, more flexible, and state-of-the-art resources through the internet and offers economies of scale. Another feature is that companies only pay for the cloud services that they use. This structure further allows them to lower their business costs. They can also <a href=\"https:\/\/www.sisinternational.com\/it\/soluzioni\/innovazione\/come-scalare-un-business\/\" title=\"Come far crescere un&#039;azienda | Raggiungere una crescita esponenziale\"  data-wpil-monitor-id=\"10083\">scale when their business<\/a> needs to.<\/p>\n\n\n\n<p>What\u2019s another great thing about Cloud Computing? It allows efficient use of hardware. For example, companies no longer have to own a computing setup or even data centers. Instead, they rent access to a cloud. Furthermore, the cloud storage providers offer many options, from storage to applications.<\/p>\n\n\n\n<h2 class=\"wp-block-heading\">Perch\u00e9 il cloud computing \u00e8 importante?<\/h2>\n\n\n\n<p>Cloud Computing is advanced tech when compared to the usual <a href=\"https:\/\/www.sisinternational.com\/it\/pubblicazioni\/ricerche-di-mercato-per-un-business-scalabile-7-modi-per-costruire-un-business-scalabile\/\" title=\"Ricerche di mercato per aziende scalabili: 7 modi per costruire un business scalabile\"  data-wpil-monitor-id=\"10086\">way of doing business<\/a>. It is important in this era, first because of costs. Firms no longer have to bear the cost of owning hardware and software. Nor do they have to pay for setting up and running on-demand data centers.<\/p>\n\n\n\n<h3 class=\"wp-block-heading\">Velocit\u00e0<\/h3>\n\n\n\n<p>Providers offer several cloud computing services on demand. They also provide self-service. Thus, companies have access to loads of computing data within a short time \u2013 often with only a few mouse clicks.\u00a0It also opens them to a global stage, because Cloud computing has the potential for elastic scaling.<\/p>\n\n\n\n<p>Il cloud computing elimina la necessit\u00e0 di data center in loco. Un altro punto chiave \u00e8 che il team IT pu\u00f2 dedicare la maggior parte del proprio tempo al raggiungimento degli obiettivi aziendali.<\/p>\n\n\n\n<p>Il cloud rende pi\u00f9 economici il backup, il ripristino e la continuit\u00e0 aziendale dei dati. Inoltre, pu\u00f2 replicare i propri dati in vari siti.<\/p>\n\n\n\n<h3 class=\"wp-block-heading\">Sicurezza<\/h3>\n\n\n\n<p>La maggior parte dei fornitori di servizi cloud offre un set completo di tecnologie e policy. Inoltre, offrono controlli che aumentano la tua sicurezza. Pertanto, proteggono la tua infrastruttura, app e dati da potenziali minacce.<\/p>\n\n\n\n<h2 class=\"wp-block-heading\">Titoli di lavoro chiave<\/h2>\n\n\n\n<h3 class=\"wp-block-heading\">Alcuni titoli di lavoro relativi al cloud computing includono:<\/h3>\n\n\n\n<ul class=\"wp-block-list\">\n<li><a href=\"https:\/\/www.sisinternational.com\/it\/competenza\/industrie\/chief-information-officer-cio-ricerche-di-mercato\/\" title=\"Ricerca di mercato del Chief Information Officer (CIO).\"  data-wpil-monitor-id=\"10087\">Direttore del cloud<\/a><\/li>\n\n\n\n<li>Responsabile delle competenze digitali<\/li>\n\n\n\n<li>Professionista della sicurezza nel cloud<\/li>\n\n\n\n<li>Architetto delle nuvole<\/li>\n\n\n\n<li>Ingegnere del cloud<\/li>\n\n\n\n<li>Sviluppatore cloud<\/li>\n\n\n\n<li>Amministratore del cloud<\/li>\n<\/ul>\n\n\n\n<h2 class=\"wp-block-heading\">Perch\u00e9 le aziende hanno bisogno del cloud computing?<\/h2>\n\n\n\n<h3 class=\"wp-block-heading\">Le aziende devono abbracciare il cloud per questi motivi principali:<\/h3>\n\n\n\n<p><strong>It lowers cost<\/strong><\/p>\n\n\n\n<p>Il Cloud Computing non \u00e8 come impostare e gestire un data center. Le aziende, invece, devono pagare solo per i servizi che utilizzano. Pertanto, il cloud computing \u00e8 economico.<\/p>\n\n\n\n<p>Il cloud \u00e8 anche flessibile, il che rappresenta un altro motivo per cui le aziende scelgono di abbracciare il cloud computing. E almeno i tuoi dipendenti possono lavorare insieme, anche quando si trovano in luoghi diversi.<\/p>\n\n\n\n<p><strong>Una vasta gamma di opzioni<\/strong><\/p>\n\n\n\n<p>Suo <span lang=\"en-US\">su <\/span>to you to choose the best cloud services. But, it offers users a wide range of options.&nbsp;The use of cloud computing also brings teamwork to life. Staff members can share data with ease, so it\u2019s not difficult to work together.<\/p>\n\n\n\n<h2 class=\"wp-block-heading\">Fattori critici di successo del cloud computing<\/h2>\n\n\n\n<h3 class=\"wp-block-heading\">Con il cloud puoi aspettarti:<\/h3>\n\n\n\n<ul class=\"wp-block-list\">\n<li>Costi ridotti<\/li>\n\n\n\n<li>Affidabilit\u00e0<\/li>\n\n\n\n<li>Scalabilit\u00e0<\/li>\n\n\n\n<li>Efficienza<\/li>\n<\/ul>\n\n\n\n<h2 class=\"wp-block-heading\">A proposito di cloud computing<\/h2>\n\n\n\n<p>Quantitativo <a href=\"https:\/\/www.sisinternational.com\/it\/soluzioni\/ai-ricerche-di-mercato-e-consulenza-strategica\/visione-artificiale-e-ricerche-di-mercato\/\" title=\"Ricerche di mercato sull\u2019intelligenza artificiale per la visione artificiale\"  data-wpil-monitor-id=\"2764\">research has revealed interesting data on cloud<\/a> computing services. Focus groups, coupled with interviews, surveys, and strategy <a href=\"https:\/\/www.sisinternational.com\/it\/soluzioni\/soluzioni-di-branding-e-ricerca-clienti\/narrazione-di-ricerche-di-mercato\/\" title=\"Ricerche di mercato sul racconto di storie\"  data-wpil-monitor-id=\"5959\">research tell the same story<\/a>. They have shown that this service is on an upward trend. In fact, many <a href=\"https:\/\/www.sisinternational.com\/it\/soluzioni\/consulenza-strategica\/analisi-dei-dati\/\" title=\"Societ\u00e0 di analisi dei dati\"  data-wpil-monitor-id=\"10084\">companies are outsourcing their data<\/a> services. Yet, qualitative <a href=\"https:\/\/www.sisinternational.com\/it\/soluzioni\/soluzioni-di-ricerca-quantitativa-qualitativa\/ricerche-di-mercato-sui-fattori-umani\/\" title=\"Ricerche di mercato sui fattori umani\"  data-wpil-monitor-id=\"10089\">research has pointed out a high-risk factor<\/a>. Cloud computing can lead to security threats.&nbsp;Still, the benefits of the cloud outweigh the risks, and it is an excellent way for companies to save money while having access to first-class data storage services.<\/p>\n\n\n\n<p><\/p>","protected":false},"excerpt":{"rendered":"<p>Il cloud computing rappresenta un&#039;opzione conveniente rispetto ai metodi aziendali formali, eliminando la necessit\u00e0 di possedere hardware, software e data center.<\/p>","protected":false},"author":1,"featured_media":64202,"parent":14514,"menu_order":129,"comment_status":"closed","ping_status":"closed","template":"","meta":{"footnotes":""},"class_list":["post-40657","page","type-page","status-publish","has-post-thumbnail"],"_links":{"self":[{"href":"https:\/\/www.sisinternational.com\/it\/wp-json\/wp\/v2\/pages\/40657","targetHints":{"allow":["GET"]}}],"collection":[{"href":"https:\/\/www.sisinternational.com\/it\/wp-json\/wp\/v2\/pages"}],"about":[{"href":"https:\/\/www.sisinternational.com\/it\/wp-json\/wp\/v2\/types\/page"}],"author":[{"embeddable":true,"href":"https:\/\/www.sisinternational.com\/it\/wp-json\/wp\/v2\/users\/1"}],"replies":[{"embeddable":true,"href":"https:\/\/www.sisinternational.com\/it\/wp-json\/wp\/v2\/comments?post=40657"}],"version-history":[{"count":6,"href":"https:\/\/www.sisinternational.com\/it\/wp-json\/wp\/v2\/pages\/40657\/revisions"}],"predecessor-version":[{"id":81668,"href":"https:\/\/www.sisinternational.com\/it\/wp-json\/wp\/v2\/pages\/40657\/revisions\/81668"}],"up":[{"embeddable":true,"href":"https:\/\/www.sisinternational.com\/it\/wp-json\/wp\/v2\/pages\/14514"}],"wp:featuredmedia":[{"embeddable":true,"href":"https:\/\/www.sisinternational.com\/it\/wp-json\/wp\/v2\/media\/64202"}],"wp:attachment":[{"href":"https:\/\/www.sisinternational.com\/it\/wp-json\/wp\/v2\/media?parent=40657"}],"curies":[{"name":"wp","href":"https:\/\/api.w.org\/{rel}","templated":true}]}}