{"id":40636,"date":"2022-06-16T17:02:34","date_gmt":"2022-06-16T17:02:34","guid":{"rendered":"https:\/\/www.sisinternational.com\/?page_id=40636"},"modified":"2025-09-25T00:59:40","modified_gmt":"2025-09-25T04:59:40","slug":"blockchain-nella-consulenza-strategica-sanitaria","status":"publish","type":"page","link":"https:\/\/www.sisinternational.com\/it\/soluzioni\/sis-consulenza-blockchain\/blockchain-nella-consulenza-strategica-sanitaria\/","title":{"rendered":"Blockchain nella consulenza strategica sanitaria"},"content":{"rendered":"<h1 class=\"gb-headline gb-headline-0ed72a78 gb-headline-text\">Blockchain nella consulenza strategica sanitaria<\/h1>\n\n\n\n<figure class=\"gb-block-image gb-block-image-22fa9d03\"><img loading=\"lazy\" decoding=\"async\" width=\"1456\" height=\"816\" class=\"gb-image gb-image-22fa9d03\" src=\"https:\/\/www.sisinternational.com\/wp-content\/uploads\/2025\/08\/Healthcare-16.jpg\" alt=\"Ricerca e strategia di mercato internazionale SIS\" title=\"Healthcare (16)\" srcset=\"https:\/\/www.sisinternational.com\/wp-content\/uploads\/2025\/08\/Healthcare-16.jpg 1456w, https:\/\/www.sisinternational.com\/wp-content\/uploads\/2025\/08\/Healthcare-16-300x168.jpg 300w, https:\/\/www.sisinternational.com\/wp-content\/uploads\/2025\/08\/Healthcare-16-1024x574.jpg 1024w, https:\/\/www.sisinternational.com\/wp-content\/uploads\/2025\/08\/Healthcare-16-768x430.jpg 768w, https:\/\/www.sisinternational.com\/wp-content\/uploads\/2025\/08\/Healthcare-16-18x10.jpg 18w\" sizes=\"auto, (max-width: 1456px) 100vw, 1456px\"><\/figure>\n\n\n\n<p><\/p>\n\n\n\n<hr class=\"wp-block-separator has-alpha-channel-opacity is-style-dots\"\/>\n\n\n\n<blockquote class=\"wp-block-quote is-layout-flow wp-block-quote-is-layout-flow\">\n<p>The healthcare industry is undergoing a <strong>digital revolution<\/strong>, E <strong>blockchain technology<\/strong> is at the forefront of this transformation.<\/p>\n<\/blockquote>\n\n\n\n<p>Blockchain in healthcare strategy consulting is helping healthcare organizations improve data security, patient privacy, interoperability, and operational efficiency.<\/p>\n\n\n\n<p>At SIS International Research, we provide strategic insights into how healthcare providers, pharmaceutical companies, and insurers can leverage blockchain to address key industry challenges and drive innovation.<\/p>\n\n\n\n<h2 class=\"wp-block-heading\">Cos\u2019\u00e8 la Blockchain in sanit\u00e0?<\/h2>\n\n\n\n<p>Blockchain in <a href=\"https:\/\/www.sisinternational.com\/it\/industry-forecast\/healthcare-industry-forecast\/\" title=\"Healthcare Industry Forecast\"  data-wpil-monitor-id=\"10095\">healthcare<\/a> can solve many of the problems the industry faces. Such issues include medical research, medical supply chain, drug integrity, and medical data. Blockchain also addresses the obstacles of interoperability, accessibility, and security. Because of its ability to produce fantastic data efficiency, Blockchain can disrupt healthcare. It can ensure flexible data access, transparency, interconnection, and better security. It is important to note that healthcare and technology are inseparable.<\/p>\n\n\n\n<h2 class=\"wp-block-heading\"><strong>Why Blockchain in Healthcare Matters<\/strong><\/h2>\n\n\n\n<figure class=\"gb-block-image gb-block-image-8a8fe947\"><img loading=\"lazy\" decoding=\"async\" width=\"1024\" height=\"574\" class=\"gb-image gb-image-8a8fe947\" src=\"https:\/\/www.sisinternational.com\/wp-content\/uploads\/2025\/08\/Healthcare-8-1024x574.jpg\" alt=\"Ricerca e strategia di mercato internazionale SIS\" title=\"Healthcare (8)\" srcset=\"https:\/\/www.sisinternational.com\/wp-content\/uploads\/2025\/08\/Healthcare-8-1024x574.jpg 1024w, https:\/\/www.sisinternational.com\/wp-content\/uploads\/2025\/08\/Healthcare-8-300x168.jpg 300w, https:\/\/www.sisinternational.com\/wp-content\/uploads\/2025\/08\/Healthcare-8-768x430.jpg 768w, https:\/\/www.sisinternational.com\/wp-content\/uploads\/2025\/08\/Healthcare-8-18x10.jpg 18w, https:\/\/www.sisinternational.com\/wp-content\/uploads\/2025\/08\/Healthcare-8.jpg 1456w\" sizes=\"auto, (max-width: 1024px) 100vw, 1024px\"><\/figure>\n\n\n\n<p><\/p>\n\n\n\n<p>The healthcare sector faces significant challenges, including <strong>data breaches, inefficiencies, fraud, and lack of transparency<\/strong>. Blockchain offers a <strong>decentralized, secure, and tamper-proof solution<\/strong> that enhances patient care and streamlines processes.<\/p>\n\n\n\n<p>\u2705 Securing patient records and preventing data breaches&nbsp;<br>\u2705 Improving interoperability between healthcare providers&nbsp;<br>\u2705 Eliminating inefficiencies in medical billing and insurance claims&nbsp;<br>\u2705 Ensuring pharmaceutical supply chain integrity&nbsp;<br>\u2705 Enhancing clinical trial transparency and data integ<strong>rity<\/strong>&nbsp;<\/p>\n\n\n\n<h2 class=\"wp-block-heading\"><strong>Key Use Cases of Blockchain in Healthcare<\/strong><\/h2>\n\n\n\n<h3 class=\"wp-block-heading\"><strong>1. Securing Electronic Health Records (EHRs)<\/strong><\/h3>\n\n\n\n<p>UN <strong>decentralized health record system<\/strong> ensures that only authorized users can access patient data, reducing fraud and enhancing security.<\/p>\n\n\n\n<p>\ud83d\udccc <strong>Impatto:<\/strong> Patients gain control over their records while healthcare providers access real-time, verified data.<\/p>\n\n\n\n<h3 class=\"wp-block-heading\"><strong>2. Interoperability and Seamless Data Sharing<\/strong><\/h3>\n\n\n\n<p>UN <strong>secure, standardized system<\/strong> that allows hospitals, insurers, and laboratories to seamlessly share patient data.<\/p>\n\n\n\n<p>\ud83d\udccc <strong>Impatto:<\/strong> Faster diagnoses, reduced errors, and improved patient care coordination.<\/p>\n\n\n\n<h3 class=\"wp-block-heading\"><strong>3. Medical Billing and Insurance Claims Processing<\/strong><\/h3>\n\n\n\n<p><strong>Smart contracts<\/strong> can automate insurance claim verifications and payments, eliminating <strong>fraud and reducing delays<\/strong>.<\/p>\n\n\n\n<p>\ud83d\udccc <strong>Impatto:<\/strong> Faster claims processing, lower administrative costs, and improved patient trust.<\/p>\n\n\n\n<h3 class=\"wp-block-heading\"><strong>4. Pharmaceutical Supply Chain Transparency<\/strong><\/h3>\n\n\n\n<p><strong>Real-time tracking<\/strong> of drugs from manufacturer to pharmacy, ensuring authenticity and preventing fraud.<\/p>\n\n\n\n<p>\ud83d\udccc <strong>Impatto:<\/strong> Improved drug safety, regulatory compliance, and efficient recalls.<\/p>\n\n\n\n<h3 class=\"wp-block-heading\"><strong>5. Clinical Trials and Research Data Integrity<\/strong><\/h3>\n\n\n\n<p>UN <strong>tamper-proof, timestamped ledger<\/strong> ensures the integrity of trial <a href=\"https:\/\/www.sisinternational.com\/it\/copertura\/europa\/ricerche-di-mercato-liverpool-regno-unito\/\" title=\"Ricerche di mercato a Liverpool | Focus group e raccolta dati nel Regno Unito\"  data-wpil-monitor-id=\"10092\">data and research<\/a> findings.<\/p>\n\n\n\n<p>\ud83d\udccc <strong>Impatto:<\/strong> Increased credibility, regulatory compliance, and patient safety.<\/p>\n\n\n\n<h2 class=\"wp-block-heading\">Tecnologia<\/h2>\n\n\n\n<p>Blockchain \u00e8 un registro condiviso di transazioni. Con Blockchain, i fornitori non archiviano pi\u00f9 i dati sanitari su un unico computer hackerabile. Medici e assicuratori possono conservare gli stessi dati su pi\u00f9 computer. Questo metodo rende molto difficile manomettere i dati. Una compagnia di assicurazioni pu\u00f2 chiamare uno studio medico per verificare un indirizzo. La bellezza della Blockchain \u00e8 che se aggiorna il record, tutti i membri dell\u2019alleanza vedranno il cambiamento.<\/p>\n\n\n\n<h2 class=\"wp-block-heading\">Le sfide della sanit\u00e0 oggi<\/h2>\n\n\n\n<p>Molte istituzioni mediche utilizzano metodi scomodi e obsoleti per conservare i dati medici, compresi i dati sui farmaci soggetti a prescrizione e le cartelle cliniche. Include anche i dati medici del paziente e le informazioni sull&#039;assicurazione. Un trattamento improprio dei dati pu\u00f2 pregiudicare il trattamento dei pazienti. Pu\u00f2 anche rallentare il recupero del paziente. Ancora peggio, molte strutture mediche hanno sviluppato i propri sistemi di tenuta dei registri.<\/p>\n\n\n\n<p>Queste circostanze hanno portato ad una mancanza di trasparenza. Le strutture mediche e le agenzie assicurative operano nel vuoto. Il loro modo di agire va a scapito dei pazienti. Creano una strada per gravi errori medici. Tali errori sono la principale causa di morte per i pazienti affetti da cancro e malattie cardiache negli Stati Uniti.<\/p>\n\n\n\n<p>Questo sistema obsoleto diffonde i dati medici dei pazienti tra varie strutture mediche. I medici e le compagnie di assicurazione tengono registri separati. Nel mondo di oggi, la storia medica e le cartelle cliniche dei pazienti sono come enigmi. Questa giocoleria di dati tra diverse entit\u00e0 \u00e8 terribile e si traduce in una perdita di accuratezza e integrit\u00e0. \u00c8 una preoccupazione particolare quando si tratta di diagnosi e prescrizioni di farmaci. Tutto ci\u00f2 pu\u00f2 avere un impatto sull\u2019efficacia del trattamento dei pazienti.<\/p>\n\n\n\n<h2 class=\"wp-block-heading\">I vantaggi della Blockchain nel settore sanitario<\/h2>\n\n\n\n<ul class=\"wp-block-list\">\n<li>La tecnologia Blockchain nel settore sanitario pu\u00f2 fare una differenza significativa. Consente una gestione efficace dei dati. Questa tecnologia rende possibile lo scambio sicuro e trasparente di dati medici. I fornitori possono ora scambiare dati tra vari settori.<\/li>\n\n\n\n<li>Con la tecnologia blockchain, \u00e8 facile stabilire cartelle cliniche. Il sistema elimina inutili spese amministrative. Rende inoltre possibile l\u2019uso efficace dell\u2019assistenza sanitaria. Inoltre, questa tecnologia elimina la necessit\u00e0 di diversi intermediari.<\/li>\n\n\n\n<li>La blockchain nel settore sanitario pu\u00f2 fare molto per rendere pi\u00f9 semplice il lavoro dei fornitori. Hanno pi\u00f9 tempo per dedicarsi alla loro responsabilit\u00e0 principale, che \u00e8 quella di migliorare la salute dei pazienti. I fornitori possono anche avere accesso al quadro completo della cartella clinica di qualsiasi paziente. Tutti i dati sanitari precedenti sono immutabili nel sistema sanitario. Le modifiche ai dati possono essere visibili.<\/li>\n\n\n\n<li>La corretta gestione delle informazioni mediche \u00e8 uno dei vantaggi pi\u00f9 significativi della Blockchain. Elimina la maggior parte dei problemi che il settore sanitario deve affrontare. Rende le frodi e la perdita di dati durante i disastri cose del passato. Migliora inoltre il completamento e l&#039;interoperabilit\u00e0 dei dati.<\/li>\n<\/ul>\n\n\n\n<h2 class=\"wp-block-heading\"><strong>The Future of Blockchain in Healthcare<\/strong><\/h2>\n\n\n\n<figure class=\"gb-block-image gb-block-image-dbadcb41\"><img loading=\"lazy\" decoding=\"async\" width=\"1456\" height=\"816\" class=\"gb-image gb-image-dbadcb41\" src=\"https:\/\/www.sisinternational.com\/wp-content\/uploads\/2025\/09\/Medicine-1.jpg\" alt=\"Ricerca e strategia di mercato internazionale SIS\" title=\"Medicine (1)\" srcset=\"https:\/\/www.sisinternational.com\/wp-content\/uploads\/2025\/09\/Medicine-1.jpg 1456w, https:\/\/www.sisinternational.com\/wp-content\/uploads\/2025\/09\/Medicine-1-300x168.jpg 300w, https:\/\/www.sisinternational.com\/wp-content\/uploads\/2025\/09\/Medicine-1-1024x574.jpg 1024w, https:\/\/www.sisinternational.com\/wp-content\/uploads\/2025\/09\/Medicine-1-768x430.jpg 768w, https:\/\/www.sisinternational.com\/wp-content\/uploads\/2025\/09\/Medicine-1-18x10.jpg 18w\" sizes=\"auto, (max-width: 1456px) 100vw, 1456px\"><\/figure>\n\n\n\n<p><\/p>\n\n\n\n<p>The next wave of blockchain-driven healthcare innovations will include:<\/p>\n\n\n\n<p><strong>AI + Blockchain integration<\/strong> for <a href=\"https:\/\/www.sisinternational.com\/it\/predictive-analytics\/\" title=\"Predictive Analytics: Your Crystal Ball for Business Success\"  data-wpil-monitor-id=\"10091\">predictive<\/a> healthcare analytics&nbsp;<br><strong>Decentralized identity management<\/strong> for secure patient authentication&nbsp;<br><strong>Tokenized healthcare models<\/strong> for incentivized patient engagement&nbsp;<br><strong>Increased partnerships between healthcare and blockchain startups<\/strong>&nbsp;<\/p>\n\n\n\n<h2 class=\"wp-block-heading\"><strong>Final Thoughts from Ruth Stanat, CEO of SIS International Research<\/strong><\/h2>\n\n\n\n<p>A <a href=\"https:\/\/www.linkedin.com\/company\/sisinternationalresearch\/posts\/?feedView=all\" target=\"_blank\" rel=\"noopener\"><strong>Ricerca internazionale SIS<\/strong><\/a>, we provide blockchain market intelligence, regulatory insights, and strategic consulting to help healthcare organizations implement scalable blockchain solutions.<\/p>\n\n\n\n<h2 class=\"wp-block-heading\">Perch\u00e9 la consulenza strategica aiuta<\/h2>\n\n\n\n<p>Blockchain continues to evolve. Thus, providers and insurers will have to <a href=\"https:\/\/www.sisinternational.com\/it\/soluzioni\/ricerca-di-consulenza-strategica-fintech\/consulenza-strategica-per-la-ricerca-di-mercato-nella-gestione-del-cambiamento-dei-servizi-finanziari\/\" title=\"Ricerca di mercato e consulenza strategica sulla gestione del cambiamento dei servizi finanziari\" data-wpil-monitor-id=\"10093\">change their strategies<\/a> from time to time. <a href=\"https:\/\/www.sisinternational.com\/it\/contattaci\/\" title=\"Contattaci\" data-wpil-monitor-id=\"10085\">Ricerca internazionale SIS<\/a> understands the Blockchain space. We are familiar with the security frameworks for regulatory needs and legal compliance. Thus, we are best suited to help companies <a href=\"https:\/\/www.sisinternational.com\/it\/soluzioni\/consulenza-strategica\/consulenza-sullesecuzione-dello-sviluppo-della-strategia\/\" title=\"Consulenza per lo sviluppo e l&#039;esecuzione della strategia\" data-wpil-monitor-id=\"10090\">develop and maintain a Blockchain strategy<\/a>. With Blockchain, it&#8217;s easy to stand out among the competition. <a href=\"https:\/\/www.sisinternational.com\/it\/soluzioni\/prova-del-gusto\/servizi-di-analisi-alimentare-sis-a-new-york\/\" title=\"Servizi di analisi alimentare SIS a New York\" data-wpil-monitor-id=\"10094\">SIS&#8217;s consulting services<\/a> help to make that happen.<\/p>\n\n\n\n<h2 class=\"wp-block-heading\">La nostra sede a New York<\/h2>\n\n\n\n<p>\n\n\n\n<iframe loading=\"lazy\" src=\"https:\/\/www.google.com\/maps\/embed?pb=!1m18!1m12!1m3!1d3022.976188376966!2d-73.99130312499956!3d40.740549471389315!2m3!1f0!2f0!3f0!3m2!1i1024!2i768!4f13.1!3m3!1m2!1s0x89c259a15798c731%3A0xd695d09bdd495f25!2s11%20E%2022nd%20St%20FL%202%2C%20New%20York%2C%20NY%2010010%2C%20USA!5e0!3m2!1sen!2spe!4v1726171763526!5m2!1sen!2spe\" width=\"600\" height=\"450\" allowfullscreen=\"allowfullscreen\" data-mce-fragment=\"1\"><\/iframe>\n\n\n\n<\/p>\n\n\n\n<h3 class=\"wp-block-heading\">11 E 22nd Street, piano 2, New York, NY 10010 T: +1(212) 505-6805<\/h3>\n\n\n\n<hr class=\"wp-block-separator has-alpha-channel-opacity\"\/>\n\n\n\n<h2 class=\"wp-block-heading\"><span style=\"font-weight: 400;\">A proposito di SIS Internazionale<\/span><\/h2>\n\n\n\n<p><a href=\"https:\/\/www.sisinternational.com\/it\/\"><span style=\"font-weight: 400;\">SIS Internazionale<\/span><\/a><span style=\"font-weight: 400;\"> offers Quantitative, Qualitative, and Strategy Research. We provide data, tools, strategies, reports, and insights for decision-making. We also conduct interviews, surveys, focus groups, and other <a href=\"https:\/\/www.sisinternational.com\/it\/quantitative-market-research-methods-and-techniques\/\" title=\"Quantitative Market Research Methods and Techniques\" data-wpil-monitor-id=\"10088\">Market Research methods<\/a> and approaches.<\/span><a href=\"https:\/\/www.sisinternational.com\/it\/sulla-sua-ricerca-internazionale\/contact-sis-international-market-research\/\"><span style=\"font-weight: 400;\"> Contattaci<\/span><\/a><span style=\"font-weight: 400;\"> per il tuo prossimo progetto di ricerca di mercato.\u00a0<\/span><\/p>\n\n\n\n<p><\/p>","protected":false},"excerpt":{"rendered":"<p>Blockchain in Healthcare Strategy Consulting The healthcare industry is undergoing a digital revolution, and blockchain technology is at the forefront of this transformation. Blockchain in healthcare strategy consulting is helping healthcare organizations improve data security, patient privacy, interoperability, and operational efficiency. At SIS International Research, we provide strategic insights into how healthcare providers, pharmaceutical companies, &#8230; <a title=\"Blockchain nella consulenza strategica sanitaria\" class=\"read-more\" href=\"https:\/\/www.sisinternational.com\/it\/soluzioni\/sis-consulenza-blockchain\/blockchain-nella-consulenza-strategica-sanitaria\/\" aria-label=\"Per saperne di pi\u00f9 su Blockchain in Healthcare Strategy Consulting\">Leggi tutto<\/a><\/p>","protected":false},"author":1,"featured_media":62434,"parent":32590,"menu_order":1,"comment_status":"closed","ping_status":"closed","template":"","meta":{"footnotes":""},"class_list":["post-40636","page","type-page","status-publish","has-post-thumbnail"],"_links":{"self":[{"href":"https:\/\/www.sisinternational.com\/it\/wp-json\/wp\/v2\/pages\/40636","targetHints":{"allow":["GET"]}}],"collection":[{"href":"https:\/\/www.sisinternational.com\/it\/wp-json\/wp\/v2\/pages"}],"about":[{"href":"https:\/\/www.sisinternational.com\/it\/wp-json\/wp\/v2\/types\/page"}],"author":[{"embeddable":true,"href":"https:\/\/www.sisinternational.com\/it\/wp-json\/wp\/v2\/users\/1"}],"replies":[{"embeddable":true,"href":"https:\/\/www.sisinternational.com\/it\/wp-json\/wp\/v2\/comments?post=40636"}],"version-history":[{"count":7,"href":"https:\/\/www.sisinternational.com\/it\/wp-json\/wp\/v2\/pages\/40636\/revisions"}],"predecessor-version":[{"id":81670,"href":"https:\/\/www.sisinternational.com\/it\/wp-json\/wp\/v2\/pages\/40636\/revisions\/81670"}],"up":[{"embeddable":true,"href":"https:\/\/www.sisinternational.com\/it\/wp-json\/wp\/v2\/pages\/32590"}],"wp:featuredmedia":[{"embeddable":true,"href":"https:\/\/www.sisinternational.com\/it\/wp-json\/wp\/v2\/media\/62434"}],"wp:attachment":[{"href":"https:\/\/www.sisinternational.com\/it\/wp-json\/wp\/v2\/media?parent=40636"}],"curies":[{"name":"wp","href":"https:\/\/api.w.org\/{rel}","templated":true}]}}