{"id":40295,"date":"2022-05-03T06:00:42","date_gmt":"2022-05-03T06:00:42","guid":{"rendered":"https:\/\/www.sisinternational.com\/?page_id=40295"},"modified":"2025-09-24T23:54:49","modified_gmt":"2025-09-25T03:54:49","slug":"ricerche-di-mercato-sui-vaccini","status":"publish","type":"page","link":"https:\/\/www.sisinternational.com\/it\/competenza\/ricerche-di-mercato-sui-vaccini\/","title":{"rendered":"Ricerche di mercato sui vaccini"},"content":{"rendered":"<h1 class=\"wp-block-heading\">Ricerche di mercato sui vaccini<\/h1>\n\n\n\n<p><\/p>\n\n\n\n<figure class=\"gb-block-image gb-block-image-a929bfc5\"><img loading=\"lazy\" decoding=\"async\" width=\"1456\" height=\"816\" class=\"gb-image gb-image-a929bfc5\" src=\"https:\/\/www.sisinternational.com\/wp-content\/uploads\/2025\/08\/vaccination-2.jpg\" alt=\"Ricerca e strategia di mercato internazionale SIS\" title=\"vaccination (2)\" srcset=\"https:\/\/www.sisinternational.com\/wp-content\/uploads\/2025\/08\/vaccination-2.jpg 1456w, https:\/\/www.sisinternational.com\/wp-content\/uploads\/2025\/08\/vaccination-2-300x168.jpg 300w, https:\/\/www.sisinternational.com\/wp-content\/uploads\/2025\/08\/vaccination-2-1024x574.jpg 1024w, https:\/\/www.sisinternational.com\/wp-content\/uploads\/2025\/08\/vaccination-2-768x430.jpg 768w, https:\/\/www.sisinternational.com\/wp-content\/uploads\/2025\/08\/vaccination-2-18x10.jpg 18w\" sizes=\"auto, (max-width: 1456px) 100vw, 1456px\"><\/figure>\n\n\n\n<p><\/p>\n\n\n\n<hr class=\"wp-block-separator has-alpha-channel-opacity is-style-dots\"\/>\n\n\n\n<p>La vaccinazione \u00e8 il processo di rafforzamento del sistema immunitario. Permette al sistema immunitario di impedire a una malattia o a un virus di entrare nel corpo. Le iniezioni sono il metodo abituale per introdurre i vaccini nel corpo. Alcuni vaccini sono orali e altri vengono assunti attraverso il naso. Quando un operatore sanitario applica un vaccino attraverso il naso, il corpo risponde rapidamente e alcuni operatori lo considerano il metodo migliore. \u00c8 decisamente migliore della risposta ad altri metodi.<\/p>\n\n\n\n<p>I vaccini sono anche il metodo pi\u00f9 efficace per la prevenzione delle malattie infettive. Nel 20\u00b0 secolo il vaiolo ha contagiato circa 300 milioni di persone. Nessuno ha segnalato nuovi casi di vaiolo dal 1977. Cos\u00ec, nel 1980, il vaiolo \u00e8 diventato l\u2019unica malattia umana debellata nella storia della salute. Questo risultato \u00e8 dovuto al vaccino contro il vaiolo.<\/p>\n\n\n\n<h2 class=\"wp-block-heading\">Perch\u00e9 le ricerche di mercato sui vaccini sono importanti?<\/h2>\n\n\n\n<p>La vaccinazione \u00e8 essenziale poich\u00e9 \u00e8 il modo pi\u00f9 rapido per combattere le epidemie. Le ricerche di mercato sui vaccini consentono ai sistemi sanitari di adottare il giusto approccio a queste epidemie.<\/p>\n\n\n\n<p>Ad esempio, negli anni \u201970, il governo giapponese vaccini\u00f2 pi\u00f9 di tre quarti di tutti i bambini contro la pertosse. Poi ci sono state segnalazioni secondo cui il vaccino non era sicuro e non era necessario. Il numero di persone che hanno assunto il vaccino \u00e8 crollato. L\u2019epidemia \u00e8 tornata, provocando migliaia di casi e decine di morti. Non appena il tasso di vaccinazione \u00e8 migliorato, i casi sono diminuiti. Quindi, non dovremmo prendere alla leggera la vaccinazione.<\/p>\n\n\n\n<h2 class=\"wp-block-heading\">Titoli di lavoro chiave<\/h2>\n\n\n\n<h3 class=\"wp-block-heading\">Medico<\/h3>\n\n\n\n<p>I medici forniscono i dettagli dei pazienti e dicono loro quali vaccini fare e quando farli. Tengono anche traccia dei vaccini passati del paziente e di eventuali problemi di salute vitali. I medici possono anche somministrare ai pazienti vaccini per la prevenzione delle malattie.<\/p>\n\n\n\n<h3 class=\"wp-block-heading\">Farmacista<\/h3>\n\n\n\n<p>La maggior parte dei paesi ora consente ai farmacisti di somministrare i vaccini ai pazienti. Questa pratica pu\u00f2 aiutare le persone a immunizzarsi. Le persone hanno bisogno di maggiore accesso ai vaccini e questi non dovrebbero essere disponibili solo negli studi medici.<\/p>\n\n\n\n<h3 class=\"wp-block-heading\">Marketing Manager<\/h3>\n\n\n\n<p>A very well-crafted marketing campaign can teach the public how vital vaccines can be. It can also urge people to get them. Vaccine <a href=\"https:\/\/www.sisinternational.com\/it\/soluzioni\/consulenza-strategica\/ricerche-di-mercato-in-rete-di-esperti\/\" title=\"Ricerche di mercato della rete di esperti\"  data-wpil-monitor-id=\"8880\">marketing managers work with teams of experts<\/a>. Together they create programs that encourage people to get take vaccines. They also enable people to talk about issues and side effects with doctors and other providers.<\/p>\n\n\n\n<h2 class=\"wp-block-heading\">Perch\u00e9 le aziende hanno bisogno di ricerche di mercato sui vaccini?<\/h2>\n\n\n\n<p>Vaccination Market Research involves defining a specific target group. The providers then <a href=\"https:\/\/www.sisinternational.com\/it\/soluzioni\/ricerche-di-mercato-con-focus-group\/\" title=\"Focus Group Ricerche di mercato\"  data-wpil-monitor-id=\"8874\">market the vaccine only to that group<\/a>. The group can be a business worksite. Businesses need Vaccination Market Research. It gives <a href=\"https:\/\/www.sisinternational.com\/it\/competenza\/curriculum-di-esperienza\/curriculum-di-esperienza-nel-settore-farmaceutico\/\" title=\"Societ\u00e0 di ricerche di mercato nel settore farmaceutico e sanitario\"  data-wpil-monitor-id=\"8871\">pharmaceutical companies<\/a> data they can use to drive their marketing strategy.<\/p>\n\n\n\n<p>Quando si tratta di vaccini, la capacit\u00e0 delle persone di comprenderli \u00e8 talvolta limitata. Pu\u00f2 essere difficile costruire e mantenere la fiducia del pubblico nei vaccini. Richiede un elevato livello di alfabetizzazione sanitaria. Alcune grandi aziende, come Apple e Google, sostengono l\u2019uso dei vaccini. Li consigliano anche al loro staff quando necessario.<\/p>\n\n\n\n<p>Ad esempio, supponiamo che un&#039;azienda non possa fornire cliniche in loco. Dovrebbe comunque spingere il personale a prendere il vaccino e dare loro il tempo libero per farlo. L&#039;aggiunta di vaccini al programma sanitario dell&#039;azienda presenta grandi vantaggi. \u00c8 una buona idea sia per il personale che per i loro datori di lavoro. Di seguito sono riportati i vantaggi dei vaccini per un\u2019azienda.<\/p>\n\n\n\n<h3 class=\"wp-block-heading\">Benefici per i datori di lavoro<\/h3>\n\n\n\n<ul class=\"wp-block-list\">\n<li>Riduce i costi riducendo i tempi di assenza dal lavoro per malattia.<\/li>\n\n\n\n<li>I piani sanitari dei dipendenti spesso coprono i vaccini.<\/li>\n\n\n\n<li>Migliora il morale.<\/li>\n<\/ul>\n\n\n\n<h3 class=\"wp-block-heading\">Beneficio per il personale<\/h3>\n\n\n\n<ul class=\"wp-block-list\">\n<li>Riduce le assenze per malattia e le visite mediche. Tali assenze possono influenzare la crescita all&#039;interno di un&#039;azienda.<\/li>\n\n\n\n<li>Fa bene alla salute.<\/li>\n<\/ul>\n\n\n\n<h2 class=\"wp-block-heading\">Importanti fattori di successo<\/h2>\n\n\n\n<p>Sia il governo che il pubblico possono aiutare i vaccini ad avere successo. Il sostegno delle persone coinvolte nei programmi vaccinali \u00e8 vitale per l&#039;uso del vaccino e porta ad un&#039;elevata diffusione. Di conseguenza, le aziende dovrebbero prendere in considerazione un programma di alfabetizzazione sanitaria e vaccinale. Le aziende dovrebbero prendere in considerazione la possibilit\u00e0 di rendere obbligatorio tale programma.<\/p>\n\n\n\n<h2 class=\"wp-block-heading\">Informazioni sulle ricerche di mercato sui vaccini<\/h2>\n\n\n\n<p>We seek data about your consumers\u2019 opinions through live interviews and surveys. Focus groups are one of the most productive and often used <a href=\"https:\/\/www.sisinternational.com\/it\/quantitative-market-research-methods-and-techniques\/\" title=\"Quantitative Market Research Methods and Techniques\"  data-wpil-monitor-id=\"8866\">market research methods<\/a>. We use them to <a href=\"https:\/\/www.sisinternational.com\/it\/copertura\/europa\/ricerche-di-mercato-liverpool-regno-unito\/\" title=\"Ricerche di mercato a Liverpool | Focus group e raccolta dati nel Regno Unito\"  data-wpil-monitor-id=\"8876\">collect quantitative data<\/a> and in-depth details. Also, we give <a href=\"https:\/\/www.sisinternational.com\/it\/soluzioni\/opinioni-dei-clienti\/\" title=\"Opinioni dei clienti\"  data-wpil-monitor-id=\"8878\">insights into actual customer<\/a> opinions.<\/p>\n\n\n\n<p><a href=\"https:\/\/www.sisinternational.com\/it\/qualitative-research-to-enhance-customer-experience\/\" title=\"Qualitative Research to Enhance Customer Experience\"  data-wpil-monitor-id=\"8863\">Qualitative research helps firms to understand customer<\/a> behavior. Also, it helps them figure out the reason why healthcare systems continue to need vaccines. We provide the data to assist with sales tracking. We also save you money and ensure your <a href=\"https:\/\/www.sisinternational.com\/it\/soluzioni\/consulenza-per-lospitalita-turistica-turistica\/consulenza-strategica-per-ricerche-di-mercato-da-parte-di-societa-di-gestione-alberghiera\/\" title=\"Societ\u00e0 di gestione alberghiera Ricerche di mercato e consulenza strategica\"  data-wpil-monitor-id=\"8868\">company\u2019s success by doing strategy research<\/a>.<\/p>\n\n\n\n<p><\/p>","protected":false},"excerpt":{"rendered":"<p>La vaccinazione \u00e8 essenziale per combattere le epidemie. Le ricerche di mercato sui vaccini consentono ai sistemi sanitari di adottare l\u2019approccio migliore per prevenirli.<\/p>","protected":false},"author":1,"featured_media":64910,"parent":14514,"menu_order":123,"comment_status":"closed","ping_status":"closed","template":"","meta":{"footnotes":""},"class_list":["post-40295","page","type-page","status-publish","has-post-thumbnail"],"_links":{"self":[{"href":"https:\/\/www.sisinternational.com\/it\/wp-json\/wp\/v2\/pages\/40295","targetHints":{"allow":["GET"]}}],"collection":[{"href":"https:\/\/www.sisinternational.com\/it\/wp-json\/wp\/v2\/pages"}],"about":[{"href":"https:\/\/www.sisinternational.com\/it\/wp-json\/wp\/v2\/types\/page"}],"author":[{"embeddable":true,"href":"https:\/\/www.sisinternational.com\/it\/wp-json\/wp\/v2\/users\/1"}],"replies":[{"embeddable":true,"href":"https:\/\/www.sisinternational.com\/it\/wp-json\/wp\/v2\/comments?post=40295"}],"version-history":[{"count":4,"href":"https:\/\/www.sisinternational.com\/it\/wp-json\/wp\/v2\/pages\/40295\/revisions"}],"predecessor-version":[{"id":81491,"href":"https:\/\/www.sisinternational.com\/it\/wp-json\/wp\/v2\/pages\/40295\/revisions\/81491"}],"up":[{"embeddable":true,"href":"https:\/\/www.sisinternational.com\/it\/wp-json\/wp\/v2\/pages\/14514"}],"wp:featuredmedia":[{"embeddable":true,"href":"https:\/\/www.sisinternational.com\/it\/wp-json\/wp\/v2\/media\/64910"}],"wp:attachment":[{"href":"https:\/\/www.sisinternational.com\/it\/wp-json\/wp\/v2\/media?parent=40295"}],"curies":[{"name":"wp","href":"https:\/\/api.w.org\/{rel}","templated":true}]}}