{"id":40291,"date":"2022-05-03T05:39:32","date_gmt":"2022-05-03T05:39:32","guid":{"rendered":"https:\/\/www.sisinternational.com\/?page_id=40291"},"modified":"2025-09-24T23:57:41","modified_gmt":"2025-09-25T03:57:41","slug":"ricerche-di-mercato-isole-faroe","status":"publish","type":"page","link":"https:\/\/www.sisinternational.com\/it\/copertura\/europa\/ricerche-di-mercato-isole-faroe\/","title":{"rendered":"Ricerche di mercato nelle Isole Faroe"},"content":{"rendered":"<h1 class=\"gb-headline gb-headline-00645ff9 gb-headline-text\">Ricerche di mercato nelle Isole Faroe<\/h1>\n\n\n\n<p><\/p>\n\n\n\n<figure class=\"gb-block-image gb-block-image-be89ccbd\"><img loading=\"lazy\" decoding=\"async\" width=\"1456\" height=\"816\" class=\"gb-image gb-image-be89ccbd\" src=\"https:\/\/www.sisinternational.com\/wp-content\/uploads\/2025\/09\/the-Faroe-Islands-4.jpg\" alt=\"Ricerca e strategia di mercato internazionale SIS\" title=\"the Faroe Islands (4)\" srcset=\"https:\/\/www.sisinternational.com\/wp-content\/uploads\/2025\/09\/the-Faroe-Islands-4.jpg 1456w, https:\/\/www.sisinternational.com\/wp-content\/uploads\/2025\/09\/the-Faroe-Islands-4-300x168.jpg 300w, https:\/\/www.sisinternational.com\/wp-content\/uploads\/2025\/09\/the-Faroe-Islands-4-1024x574.jpg 1024w, https:\/\/www.sisinternational.com\/wp-content\/uploads\/2025\/09\/the-Faroe-Islands-4-768x430.jpg 768w, https:\/\/www.sisinternational.com\/wp-content\/uploads\/2025\/09\/the-Faroe-Islands-4-18x10.jpg 18w\" sizes=\"auto, (max-width: 1456px) 100vw, 1456px\"><\/figure>\n\n\n\n<hr class=\"wp-block-separator has-alpha-channel-opacity is-style-dots\"\/>\n\n\n\n<p>Le Isole Faroe sono un arcipelago situato nel mezzo dell&#039;Oceano Atlantico settentrionale. Come la Groenlandia, queste isole sono un paese costituente autonomo del Regno di Danimarca. Inoltre, queste isole sono un paradiso per gli escursionisti e gli amanti della natura che si crogiolano nel terreno accidentato. Troveranno flora e fauna uniche sulle isole.<\/p>\n\n\n\n<h2 class=\"wp-block-heading\">Industrie chiave<\/h2>\n\n\n\n<p>La maggior parte dei faroesi si guadagna da vivere grazie all&#039;industria della pesca. Questa situazione rende l\u2019isola soggetta a problemi. Ad esempio, gli isolani soffrono la carestia e i tassi di occupazione sono alle stelle. Hanno lavoro solo quando il pesce \u00e8 abbondante.<\/p>\n\n\n\n<p>Tuttavia, le Isole Faroe sono uno dei grandi attori nel settore dell\u2019allevamento del salmone. Anche la caccia alle balene fa parte da secoli della cultura del popolo faroese.<\/p>\n\n\n\n<p>Le Isole Faroe ricevono ogni anno aiuti finanziari dalla Danimarca. Questo aiuto contribuisce al PIL della nazione.<\/p>\n\n\n\n<h2 class=\"wp-block-heading\">Quartieri<\/h2>\n\n\n\n<p><\/p>\n\n\n\n<figure class=\"gb-block-image gb-block-image-2f8b8940\"><img loading=\"lazy\" decoding=\"async\" width=\"1456\" height=\"816\" class=\"gb-image gb-image-2f8b8940\" src=\"https:\/\/www.sisinternational.com\/wp-content\/uploads\/2025\/09\/the-Faroe-Islands-2.jpg\" alt=\"Ricerca e strategia di mercato internazionale SIS\" title=\"the Faroe Islands (2)\" srcset=\"https:\/\/www.sisinternational.com\/wp-content\/uploads\/2025\/09\/the-Faroe-Islands-2.jpg 1456w, https:\/\/www.sisinternational.com\/wp-content\/uploads\/2025\/09\/the-Faroe-Islands-2-300x168.jpg 300w, https:\/\/www.sisinternational.com\/wp-content\/uploads\/2025\/09\/the-Faroe-Islands-2-1024x574.jpg 1024w, https:\/\/www.sisinternational.com\/wp-content\/uploads\/2025\/09\/the-Faroe-Islands-2-768x430.jpg 768w, https:\/\/www.sisinternational.com\/wp-content\/uploads\/2025\/09\/the-Faroe-Islands-2-18x10.jpg 18w\" sizes=\"auto, (max-width: 1456px) 100vw, 1456px\"><\/figure>\n\n\n\n<p><\/p>\n\n\n\n<p>The Faroes consist of many different Islands. Each is home to various attributes and features of nature. For example, hikers may prefer some islands because of their rugged terrain. On other islands, or rather parts of the island, you may find more natural flora and fauna. The islands are home to many animals, such as sheep. The sheep roam free, walking the roadside as vehicles pass them. They are the base for many meals, such as the famous dish skeripikj\u00f8t. The islanders age the mutton for this chewy dish and dry it in the wind.<\/p>\n\n\n\n<p>La posizione delle isole nell&#039;Atlantico settentrionale le sottopone a un clima freddo. Le temperature delle Isole Faroe variano tra i quattro ei dieci gradi centigradi.<\/p>\n\n\n\n<p>La capitale delle Isole Faroe \u00e8 T\u00f3rshavn, che conta oltre ventunomila cittadini. I norvegesi lo fondarono nell&#039;850 d.C.<\/p>\n\n\n\n<h2 class=\"wp-block-heading\">Tendenze<\/h2>\n\n\n\n<p>Molti isolani considerano la caccia alle balene parte integrante della loro cultura. La tradizione \u00e8 stata fonte di controversia perch\u00e9 molti gruppi per i diritti degli animali ritengono che la pratica sia raccapricciante e crudele.<\/p>\n\n\n\n<p>The Faroe Islands have been subject to brain drain.&nbsp;The younger generations have been fleeing to mainland Denmark for further education.&nbsp;Moreover, many remain there, where they can get high-paying jobs.&nbsp;They leave behind the older, less tech-savvy generations on the island.&nbsp;Thus, the Faroe Islands has vacancies&nbsp;in the tech industry.<\/p>\n\n\n\n<h2 class=\"wp-block-heading\">Vantaggi e punti di forza sul mercato<\/h2>\n\n\n\n<p><\/p>\n\n\n\n<figure class=\"gb-block-image gb-block-image-cfd52fed\"><img loading=\"lazy\" decoding=\"async\" width=\"1456\" height=\"816\" class=\"gb-image gb-image-cfd52fed\" src=\"https:\/\/www.sisinternational.com\/wp-content\/uploads\/2025\/09\/the-Faroe-Islands-3.jpg\" alt=\"Ricerca e strategia di mercato internazionale SIS\" title=\"the Faroe Islands (3)\" srcset=\"https:\/\/www.sisinternational.com\/wp-content\/uploads\/2025\/09\/the-Faroe-Islands-3.jpg 1456w, https:\/\/www.sisinternational.com\/wp-content\/uploads\/2025\/09\/the-Faroe-Islands-3-300x168.jpg 300w, https:\/\/www.sisinternational.com\/wp-content\/uploads\/2025\/09\/the-Faroe-Islands-3-1024x574.jpg 1024w, https:\/\/www.sisinternational.com\/wp-content\/uploads\/2025\/09\/the-Faroe-Islands-3-768x430.jpg 768w, https:\/\/www.sisinternational.com\/wp-content\/uploads\/2025\/09\/the-Faroe-Islands-3-18x10.jpg 18w\" sizes=\"auto, (max-width: 1456px) 100vw, 1456px\"><\/figure>\n\n\n\n<p><\/p>\n\n\n\n<p>La corona faroese \u00e8 la valuta ufficiale di queste isole. La terraferma, la Danimarca, fornisce sostegno finanziario alle isole. Questo sostegno porta ad un\u2019economia stabile nel territorio. Anche le infrastrutture all\u2019interno delle Isole Faroe sono a norma. Vantano strade e ponti ben asfaltati in tutta la nazione.<\/p>\n\n\n\n<h2 class=\"wp-block-heading\">Motivi per far crescere la tua attivit\u00e0 nelle Isole Faroe<\/h2>\n\n\n\n<p>Le Isole Faroe hanno una forte industria della pesca, incentrata sull&#039;allevamento del salmone. Hanno anche un\u2019industria del turismo in forte espansione. I turisti possono saltare da un&#039;isola all&#039;altra. \u00c8 un altro ottimo modo per trovare attivit\u00e0 adatte a interessi diversi. Ogni isola pu\u00f2 offrire qualcosa di unico.<\/p>\n\n\n\n<h2 class=\"wp-block-heading\">La nostra sede a New York<\/h2>\n\n\n\n<p>\n\n\n\n<iframe loading=\"lazy\" src=\"https:\/\/www.google.com\/maps\/embed?pb=!1m18!1m12!1m3!1d3022.976188376966!2d-73.99130312499956!3d40.740549471389315!2m3!1f0!2f0!3f0!3m2!1i1024!2i768!4f13.1!3m3!1m2!1s0x89c259a15798c731%3A0xd695d09bdd495f25!2s11%20E%2022nd%20St%20FL%202%2C%20New%20York%2C%20NY%2010010%2C%20USA!5e0!3m2!1sen!2spe!4v1726171763526!5m2!1sen!2spe\" width=\"600\" height=\"450\" allowfullscreen=\"allowfullscreen\" data-mce-fragment=\"1\"><\/iframe>\n\n\n\n<\/p>\n\n\n\n<h3 class=\"wp-block-heading\">11 E 22nd Street, piano 2, New York, NY 10010 T: +1(212) 505-6805<\/h3>\n\n\n\n<hr class=\"wp-block-separator has-alpha-channel-opacity\"\/>\n\n\n\n<h2 class=\"wp-block-heading\"><span style=\"font-weight: 400;\">A proposito di SIS Internazionale<\/span><\/h2>\n\n\n\n<p><a href=\"https:\/\/www.sisinternational.com\/it\/\"><span style=\"font-weight: 400;\">SIS Internazionale<\/span><\/a><span style=\"font-weight: 400;\"> offers Quantitative, Qualitative, and Strategy Research. We provide data, tools, strategies, reports, and insights for decision-making. We also conduct interviews, surveys, focus groups, and other <a href=\"https:\/\/www.sisinternational.com\/it\/quantitative-market-research-methods-and-techniques\/\" title=\"Quantitative Market Research Methods and Techniques\"  data-wpil-monitor-id=\"10147\">Market Research methods<\/a> and approaches.<\/span><a href=\"https:\/\/www.sisinternational.com\/it\/sulla-sua-ricerca-internazionale\/contact-sis-international-market-research\/\"><span style=\"font-weight: 400;\"> Contattaci<\/span><\/a><span style=\"font-weight: 400;\"> per il tuo prossimo progetto di ricerca di mercato.<\/span><\/p>\n\n\n\n<p><\/p>","protected":false},"excerpt":{"rendered":"<p>SIS International Research fornisce ricerche di mercato qualitative, quantitative e strategiche nelle Isole Faroe.<\/p>","protected":false},"author":1,"featured_media":66082,"parent":14510,"menu_order":56,"comment_status":"closed","ping_status":"closed","template":"","meta":{"footnotes":""},"class_list":["post-40291","page","type-page","status-publish","has-post-thumbnail"],"_links":{"self":[{"href":"https:\/\/www.sisinternational.com\/it\/wp-json\/wp\/v2\/pages\/40291","targetHints":{"allow":["GET"]}}],"collection":[{"href":"https:\/\/www.sisinternational.com\/it\/wp-json\/wp\/v2\/pages"}],"about":[{"href":"https:\/\/www.sisinternational.com\/it\/wp-json\/wp\/v2\/types\/page"}],"author":[{"embeddable":true,"href":"https:\/\/www.sisinternational.com\/it\/wp-json\/wp\/v2\/users\/1"}],"replies":[{"embeddable":true,"href":"https:\/\/www.sisinternational.com\/it\/wp-json\/wp\/v2\/comments?post=40291"}],"version-history":[{"count":6,"href":"https:\/\/www.sisinternational.com\/it\/wp-json\/wp\/v2\/pages\/40291\/revisions"}],"predecessor-version":[{"id":81678,"href":"https:\/\/www.sisinternational.com\/it\/wp-json\/wp\/v2\/pages\/40291\/revisions\/81678"}],"up":[{"embeddable":true,"href":"https:\/\/www.sisinternational.com\/it\/wp-json\/wp\/v2\/pages\/14510"}],"wp:featuredmedia":[{"embeddable":true,"href":"https:\/\/www.sisinternational.com\/it\/wp-json\/wp\/v2\/media\/66082"}],"wp:attachment":[{"href":"https:\/\/www.sisinternational.com\/it\/wp-json\/wp\/v2\/media?parent=40291"}],"curies":[{"name":"wp","href":"https:\/\/api.w.org\/{rel}","templated":true}]}}