{"id":40289,"date":"2022-05-03T05:32:59","date_gmt":"2022-05-03T05:32:59","guid":{"rendered":"https:\/\/www.sisinternational.com\/?page_id=40289"},"modified":"2025-09-24T23:58:16","modified_gmt":"2025-09-25T03:58:16","slug":"ricerche-di-mercato-isole-e-isole","status":"publish","type":"page","link":"https:\/\/www.sisinternational.com\/it\/copertura\/europa\/ricerche-di-mercato-isole-e-isole\/","title":{"rendered":"Ricerche di mercato nelle Isole Aland"},"content":{"rendered":"<h1 class=\"gb-headline gb-headline-29058389 gb-headline-text\">Ricerche di mercato nelle Isole Aland<\/h1>\n\n\n\n<p><\/p>\n\n\n\n<figure class=\"gb-block-image gb-block-image-b7e95fde\"><img loading=\"lazy\" decoding=\"async\" width=\"1456\" height=\"816\" class=\"gb-image gb-image-b7e95fde\" src=\"https:\/\/www.sisinternational.com\/wp-content\/uploads\/2025\/09\/the-Aland-Islands-1.jpg\" alt=\"Ricerca e strategia di mercato internazionale SIS\" title=\"the Aland Islands (1)\" srcset=\"https:\/\/www.sisinternational.com\/wp-content\/uploads\/2025\/09\/the-Aland-Islands-1.jpg 1456w, https:\/\/www.sisinternational.com\/wp-content\/uploads\/2025\/09\/the-Aland-Islands-1-300x168.jpg 300w, https:\/\/www.sisinternational.com\/wp-content\/uploads\/2025\/09\/the-Aland-Islands-1-1024x574.jpg 1024w, https:\/\/www.sisinternational.com\/wp-content\/uploads\/2025\/09\/the-Aland-Islands-1-768x430.jpg 768w, https:\/\/www.sisinternational.com\/wp-content\/uploads\/2025\/09\/the-Aland-Islands-1-18x10.jpg 18w\" sizes=\"auto, (max-width: 1456px) 100vw, 1456px\"><\/figure>\n\n\n\n<hr class=\"wp-block-separator has-alpha-channel-opacity is-style-dots\"\/>\n\n\n\n<p>The autonomous region of the Aland Islands, or Aland, is on the southwestern tip of Finland. It\u2019s in the Baltic Sea, near the mouth of the Gulf of Bothnia. This chain consists of of around 6,700 islands. Yet, people live on only about sixty of these islands. Most of the people speak Swedish. Its beautiful main island, Fasta Aland, is the <a href=\"https:\/\/www.sisinternational.com\/it\/soluzioni\/soluzioni-di-ricerca-quantitativa-qualitativa\/test-di-posizioni-centrali-a-new-york-city\/\" title=\"Test di sedi centrali a New York City: vantaggi per i test di prodotto\"  data-wpil-monitor-id=\"10190\">location of the capital and largest city<\/a>, Mariehamn. This city has gorgeous beaches, nineteenth-century townhouses, handicraft shops, and caf\u00e9s. Most people live on the island of Fasta.<\/p>\n\n\n\n<h2 class=\"wp-block-heading\">Quartieri<\/h2>\n\n\n\n<p>The Russian Czar Alexander II founded the charming city of Mariehamn in 1861 and named it after his wife. It has 12,000 residents. Although the number may seem small, the town is a lively place. It lights up in the summer as it receives millions of visitors yearly. Mariehamn has beautiful parks and wooden houses. It gives a small-town holiday vibe with many restaurants, hotels, caf\u00e9s, and museums.<\/p>\n\n\n\n<p>Oltre alla fantastica capitale, ci sono molte altre piccole citt\u00e0 e villaggi. Ad esempio, alcuni insediamenti pi\u00f9 grandi includono Dalkarby, Mockelby, Rangsby e Morholmen.<\/p>\n\n\n\n<h2 class=\"wp-block-heading\">Industrie chiave<\/h2>\n\n\n\n<p><\/p>\n\n\n\n<figure class=\"gb-block-image gb-block-image-7590102e\"><img loading=\"lazy\" decoding=\"async\" width=\"1456\" height=\"816\" class=\"gb-image gb-image-7590102e\" src=\"https:\/\/www.sisinternational.com\/wp-content\/uploads\/2025\/09\/the-Aland-Islands-2.jpg\" alt=\"Ricerca e strategia di mercato internazionale SIS\" title=\"the Aland Islands (2)\" srcset=\"https:\/\/www.sisinternational.com\/wp-content\/uploads\/2025\/09\/the-Aland-Islands-2.jpg 1456w, https:\/\/www.sisinternational.com\/wp-content\/uploads\/2025\/09\/the-Aland-Islands-2-300x168.jpg 300w, https:\/\/www.sisinternational.com\/wp-content\/uploads\/2025\/09\/the-Aland-Islands-2-1024x574.jpg 1024w, https:\/\/www.sisinternational.com\/wp-content\/uploads\/2025\/09\/the-Aland-Islands-2-768x430.jpg 768w, https:\/\/www.sisinternational.com\/wp-content\/uploads\/2025\/09\/the-Aland-Islands-2-18x10.jpg 18w\" sizes=\"auto, (max-width: 1456px) 100vw, 1456px\"><\/figure>\n\n\n\n<p><\/p>\n\n\n\n<p>Come molti altri posti, le Isole Aland dipendono dal commercio, dalla navigazione e dal turismo. Il trasporto marittimo rappresenta quasi la met\u00e0 dell\u2019attivit\u00e0 fiscale e vi operano diversi vettori globali. Oltre alle spedizioni, ci sono altre piccole imprese con pochi dipendenti che lavorano. Altre industrie importanti includono l&#039;agricoltura e la pesca. Questi due settori sono essenziali per la sicurezza alimentare delle isole.<\/p>\n\n\n\n<p>Il settore dei servizi \u00e8 un altro pilastro delle Isole Aland. Altro punto fondamentale \u00e8 che gran parte delle entrate turistiche registrate dalla Finlandia provengono da queste isole. Inoltre, il turismo \u00e8 essenziale poich\u00e9 offre molti posti di lavoro.<\/p>\n\n\n\n<h2 class=\"wp-block-heading\">Tendenze<\/h2>\n\n\n\n<p>In the 1970s and 1980s, Mariehamn, the hub of the islands, saw significant economic expansion. The <a href=\"https:\/\/www.sisinternational.com\/it\/predictive-analytics\/\" title=\"Predictive Analytics: Your Crystal Ball for Business Success\"  data-wpil-monitor-id=\"10185\">success of the region\u2019s top businesses<\/a> has further helped the islands through hard times. Trade is one of the essential parts of the services sector and makes up more than half the revenues. Moreover, other areas like <a href=\"https:\/\/www.sisinternational.com\/it\/soluzioni\/consulenza-per-lospitalita-turistica-turistica\/consulenza-strategica-per-ricerche-di-mercato-da-parte-di-societa-di-gestione-alberghiera\/\" title=\"Societ\u00e0 di gestione alberghiera Ricerche di mercato e consulenza strategica\"  data-wpil-monitor-id=\"10194\">hotels and catering companies<\/a> add to the GDP. As a matter of fact, this region has the highest level of productivity in Finland.<\/p>\n\n\n\n<h2 class=\"wp-block-heading\">Base dei consumatori<\/h2>\n\n\n\n<p><\/p>\n\n\n\n<figure class=\"gb-block-image gb-block-image-2a5b1efb\"><img loading=\"lazy\" decoding=\"async\" width=\"1456\" height=\"816\" class=\"gb-image gb-image-2a5b1efb\" src=\"https:\/\/www.sisinternational.com\/wp-content\/uploads\/2025\/09\/the-Aland-Islands-3.jpg\" alt=\"Ricerca e strategia di mercato internazionale SIS\" title=\"the Aland Islands (3)\" srcset=\"https:\/\/www.sisinternational.com\/wp-content\/uploads\/2025\/09\/the-Aland-Islands-3.jpg 1456w, https:\/\/www.sisinternational.com\/wp-content\/uploads\/2025\/09\/the-Aland-Islands-3-300x168.jpg 300w, https:\/\/www.sisinternational.com\/wp-content\/uploads\/2025\/09\/the-Aland-Islands-3-1024x574.jpg 1024w, https:\/\/www.sisinternational.com\/wp-content\/uploads\/2025\/09\/the-Aland-Islands-3-768x430.jpg 768w, https:\/\/www.sisinternational.com\/wp-content\/uploads\/2025\/09\/the-Aland-Islands-3-18x10.jpg 18w\" sizes=\"auto, (max-width: 1456px) 100vw, 1456px\"><\/figure>\n\n\n\n<p><\/p>\n\n\n\n<p>The people in the Alands enjoy their leisure time as a respite from their everyday work. Tourists as well as citizens can indulge in many different pastimes. Some include restaurants, cycling in Aland, and spending time on the water. Other popular pursuits include golfing, visiting the ruins of Bomarsund, and more. The people spend many days working hard to earn money to enjoy their beautiful land. The islands are lively, with stunning sites within arm\u2019s reach. Thus, they see no problem spending money for pleasure and fun.<\/p>\n\n\n\n<h2 class=\"wp-block-heading\">Motivi per avviare un&#039;attivit\u00e0 nelle Isole Aland<\/h2>\n\n\n\n<p>Aland is full of business options and willing workers. Often there are demands for long-term personnel in areas like healthcare, IT, and law. <a href=\"https:\/\/www.sisinternational.com\/it\/opportunita-e-ostacoli-del-sistema-bancario-islamico-per-il-settore-finanziario-statunitense\/\" title=\"Sistema bancario islamico: opportunit\u00e0 e ostacoli per l&#039;industria finanziaria statunitense\"  data-wpil-monitor-id=\"10187\">Opportunities also exist in banking<\/a>, services, and education. Opening a business in one of these areas can bear fruit with a quick turnaround as many people are willing and ready to work in these areas.<\/p>\n\n\n\n<p><a href=\"https:\/\/www.sisinternational.com\/it\/soluzioni\/consulenza-per-lospitalita-turistica-turistica\/consulenza-marketing-ristoranti-alberghieri\/\" title=\"Consulenza marketing per ristoranti alberghieri\"  data-wpil-monitor-id=\"10184\">Restaurants and hotels<\/a> make good money during the summertime and even hire more people. Thus, the islanders have the freedom to branch out in different ways. The islands are vivacious, especially around tourist season. This season is also when businesses make the most money.<\/p>\n\n\n\n<p>Tutte le Isole Aland sono perfette per startup e altre iniziative imprenditoriali.<\/p>\n\n\n\n<h2 class=\"wp-block-heading\">La nostra sede a New York<\/h2>\n\n\n\n<p>\n\n\n\n<iframe loading=\"lazy\" src=\"https:\/\/www.google.com\/maps\/embed?pb=!1m18!1m12!1m3!1d3022.976188376966!2d-73.99130312499956!3d40.740549471389315!2m3!1f0!2f0!3f0!3m2!1i1024!2i768!4f13.1!3m3!1m2!1s0x89c259a15798c731%3A0xd695d09bdd495f25!2s11%20E%2022nd%20St%20FL%202%2C%20New%20York%2C%20NY%2010010%2C%20USA!5e0!3m2!1sen!2spe!4v1726171763526!5m2!1sen!2spe\" width=\"600\" height=\"450\" allowfullscreen=\"allowfullscreen\" data-mce-fragment=\"1\"><\/iframe>\n\n\n\n<\/p>\n\n\n\n<h3 class=\"wp-block-heading\">11 E 22nd Street, piano 2, New York, NY 10010 T: +1(212) 505-6805<\/h3>\n\n\n\n<hr class=\"wp-block-separator has-alpha-channel-opacity\"\/>\n\n\n\n<h2 class=\"wp-block-heading\"><span style=\"font-weight: 400;\">A proposito di SIS Internazionale<\/span><\/h2>\n\n\n\n<p><a href=\"https:\/\/www.sisinternational.com\/it\/\"><span style=\"font-weight: 400;\">SIS Internazionale<\/span><\/a><span style=\"font-weight: 400;\"> offers Quantitative, Qualitative, and Strategy Research. We provide data, tools, strategies, reports, and insights for decision-making. We also conduct interviews, surveys, focus groups, and other <a href=\"https:\/\/www.sisinternational.com\/it\/quantitative-market-research-methods-and-techniques\/\" title=\"Quantitative Market Research Methods and Techniques\"  data-wpil-monitor-id=\"10183\">Market Research methods<\/a> and approaches.<\/span><a href=\"https:\/\/www.sisinternational.com\/it\/sulla-sua-ricerca-internazionale\/contact-sis-international-market-research\/\"><span style=\"font-weight: 400;\"> Contattaci<\/span><\/a><span style=\"font-weight: 400;\"> per il tuo prossimo progetto di ricerca di mercato.<\/span><\/p>\n\n\n\n<p><\/p>","protected":false},"excerpt":{"rendered":"<p>SIS International Research fornisce ricerche di mercato qualitative, quantitative e strategiche nelle Isole Aland.<\/p>","protected":false},"author":1,"featured_media":66076,"parent":14510,"menu_order":55,"comment_status":"closed","ping_status":"closed","template":"","meta":{"footnotes":""},"class_list":["post-40289","page","type-page","status-publish","has-post-thumbnail"],"_links":{"self":[{"href":"https:\/\/www.sisinternational.com\/it\/wp-json\/wp\/v2\/pages\/40289","targetHints":{"allow":["GET"]}}],"collection":[{"href":"https:\/\/www.sisinternational.com\/it\/wp-json\/wp\/v2\/pages"}],"about":[{"href":"https:\/\/www.sisinternational.com\/it\/wp-json\/wp\/v2\/types\/page"}],"author":[{"embeddable":true,"href":"https:\/\/www.sisinternational.com\/it\/wp-json\/wp\/v2\/users\/1"}],"replies":[{"embeddable":true,"href":"https:\/\/www.sisinternational.com\/it\/wp-json\/wp\/v2\/comments?post=40289"}],"version-history":[{"count":5,"href":"https:\/\/www.sisinternational.com\/it\/wp-json\/wp\/v2\/pages\/40289\/revisions"}],"predecessor-version":[{"id":81684,"href":"https:\/\/www.sisinternational.com\/it\/wp-json\/wp\/v2\/pages\/40289\/revisions\/81684"}],"up":[{"embeddable":true,"href":"https:\/\/www.sisinternational.com\/it\/wp-json\/wp\/v2\/pages\/14510"}],"wp:featuredmedia":[{"embeddable":true,"href":"https:\/\/www.sisinternational.com\/it\/wp-json\/wp\/v2\/media\/66076"}],"wp:attachment":[{"href":"https:\/\/www.sisinternational.com\/it\/wp-json\/wp\/v2\/media?parent=40289"}],"curies":[{"name":"wp","href":"https:\/\/api.w.org\/{rel}","templated":true}]}}