{"id":40227,"date":"2022-04-27T05:05:23","date_gmt":"2022-04-27T05:05:23","guid":{"rendered":"https:\/\/www.sisinternational.com\/?page_id=40227"},"modified":"2025-09-25T00:07:56","modified_gmt":"2025-09-25T04:07:56","slug":"ricerche-di-mercato-nel-settore-delle-telecomunicazioni","status":"publish","type":"page","link":"https:\/\/www.sisinternational.com\/it\/competenza\/ricerche-di-mercato-nel-settore-delle-telecomunicazioni\/","title":{"rendered":"Ricerche di mercato delle telecomunicazioni (5G e 6G)"},"content":{"rendered":"<h1 class=\"wp-block-heading\">Ricerche di mercato delle telecomunicazioni (5G e 6G)<\/h1>\n\n\n\n<figure class=\"gb-block-image gb-block-image-36364485\"><img loading=\"lazy\" decoding=\"async\" width=\"1456\" height=\"816\" class=\"gb-image gb-image-36364485\" src=\"https:\/\/www.sisinternational.com\/wp-content\/uploads\/2025\/08\/Smarrtphone-5g-10.jpg\" alt=\"Ricerca e strategia di mercato internazionale SIS\" title=\"Smarrtphone 5g (10)\" srcset=\"https:\/\/www.sisinternational.com\/wp-content\/uploads\/2025\/08\/Smarrtphone-5g-10.jpg 1456w, https:\/\/www.sisinternational.com\/wp-content\/uploads\/2025\/08\/Smarrtphone-5g-10-300x168.jpg 300w, https:\/\/www.sisinternational.com\/wp-content\/uploads\/2025\/08\/Smarrtphone-5g-10-1024x574.jpg 1024w, https:\/\/www.sisinternational.com\/wp-content\/uploads\/2025\/08\/Smarrtphone-5g-10-768x430.jpg 768w, https:\/\/www.sisinternational.com\/wp-content\/uploads\/2025\/08\/Smarrtphone-5g-10-18x10.jpg 18w\" sizes=\"auto, (max-width: 1456px) 100vw, 1456px\"><\/figure>\n\n\n\n<p><\/p>\n\n\n\n<h2 class=\"wp-block-heading\">Cos&#039;\u00e8 la telecomunicazione?<\/h2>\n\n\n\n<p>Telecommunication, or telecom is the passing of information over great distances. This data passes in words, video, voice, or audio. Thus, the Telecommunication sector comprises three things. These are the companies, the devices, and the infrastructure that make information-sharing possible. Some of the devices in telecom are phones, fiberoptic cables, and satellites.<\/p>\n\n\n\n<p>Fanno parte delle telecomunicazioni anche le reti mobili, raggruppate per generazione. 5G e 6G rappresentano la quinta e la sesta generazione di queste reti. Il 5G \u00e8 100 volte pi\u00f9 veloce del 4G. Quando il 6G sar\u00e0 pronto per l\u2019uso, sar\u00e0 ancora pi\u00f9 veloce del 5G.<\/p>\n\n\n\n<h2 class=\"wp-block-heading\">Perch\u00e9 le telecomunicazioni 5G e 6G sono importanti<\/h2>\n\n\n\n<p>Nel mondo di oggi, le telecomunicazioni sono vitali. E&#039; la migliore forma di comunicazione veloce e capillare. Il mondo di oggi \u00e8 molto pi\u00f9 connesso di quanto lo fosse in passato. Ora, le cose che accadono da una parte del mondo hanno un impatto pi\u00f9 significativo su tutto il globo. Quindi \u00e8 essenziale disporre di servizi veloci e affidabili come il 5G. Con il 5G, ad esempio, gli ospedali possono effettuare diagnosi rapide da remoto. I dati 5G possono anche migliorare i modelli di traffico e rendere le strade pi\u00f9 sicure per tutti.<\/p>\n\n\n\n<p>The 6G network will improve the things that 5G networks do. It will be 100 times faster than 5G. This increase in speed means that the transfer of information will occur in real-time. Furthermore, 6G will enhance Artificial Intelligence. It will improve the quality of <a href=\"https:\/\/www.sisinternational.com\/it\/soluzioni\/ricerca-di-consulenza-strategica-fintech\/consulenza-per-lacquisizione-di-clienti-nei-servizi-finanziari\/\" title=\"Servizi finanziari Consulenza per l&#039;acquisizione di clienti\"  data-wpil-monitor-id=\"8912\">service that customers<\/a> get.<\/p>\n\n\n\n<h2 class=\"wp-block-heading\">Ecco alcuni lavori chiave nel settore delle telecomunicazioni<\/h2>\n\n\n\n<ul class=\"wp-block-list\">\n<li>Tecnico delle telecomunicazioni<\/li>\n\n\n\n<li>Analista dati<\/li>\n\n\n\n<li>Ingegnere delle telecomunicazioni<\/li>\n\n\n\n<li>Ingegnere VoIP<\/li>\n\n\n\n<li>Programmatore di computer<\/li>\n\n\n\n<li>Installatore di cavi<\/li>\n<\/ul>\n\n\n\n<h2 class=\"wp-block-heading\">Perch\u00e9 le aziende hanno bisogno delle telecomunicazioni 5G e 6G?<\/h2>\n\n\n\n<h3 class=\"wp-block-heading\">Comunicazione pi\u00f9 rapida e migliore<\/h3>\n\n\n\n<p>Some <a href=\"https:\/\/www.sisinternational.com\/it\/soluzioni\/ricerche-di-mercato-sui-consumatori\/\" title=\"Consumer Market Research Services for Smarter Business Decisions\"  data-wpil-monitor-id=\"8916\">imprese<\/a> rely on telecommunications to give their service to clients. Call centers are an example of this type of company. If they want to provide quality service, they need great telecom. With 5G, the audio for their calls will be better. The company will also have fewer dropped calls. They will meet the needs of more clients and do their jobs faster.<\/p>\n\n\n\n<h3 class=\"wp-block-heading\">Maggiore capacit\u00e0 del dispositivo<\/h3>\n\n\n\n<p>It may seem like any number of devices can connect to a network, but this is not true. Networks have a limited number of devices and data transmission they can handle at once. But offices are growing, and they have more devices and use more data. The 4G network cannot deal with this immense workload. This network only supports 2000 devices per 0.38 square miles. But the 5G network can service up to one million devices. Thus, if a company plans to grow, it should have a network that will support the growth.<\/p>\n\n\n\n<h3 class=\"wp-block-heading\">Connessione migliore<\/h3>\n\n\n\n<p>Il 6G \u00e8 ancora in lavorazione, ma le aziende possono vederne i vantaggi. In futuro, la comunicazione remota con clienti e colleghi avverr\u00e0 di pi\u00f9. Il 6G consente a questo processo di essere 100 volte pi\u00f9 veloce e migliore di oggi. Le riunioni online avranno meno interruzioni di rete. Inoltre, i clienti delle telecomunicazioni otterranno un servizio eccellente ovunque con una portata di servizio pi\u00f9 ampia.<\/p>\n\n\n\n<h2 class=\"wp-block-heading\">Informazioni sulle ricerche di mercato delle telecomunicazioni (5G e 6G)<\/h2>\n\n\n\n<p>Neither 5G nor 6G is mainstream yet. Many <a href=\"https:\/\/www.sisinternational.com\/it\/strategia-di-campagna-di-marketing-multipiattaforma-per-una-holding-e-un-conglomerato-commerciale-degli-emirati\/\" title=\"Servizi pubblicitari multiculturali per una holding e un conglomerato commerciale degli Emirati\"  data-wpil-monitor-id=\"8913\">companies still use 4G to do business<\/a>. Still, there is much research happening in this area. For example, we use <a href=\"https:\/\/www.sisinternational.com\/it\/how-to-design-effective-surveys-for-quantitative-research\/\" title=\"How to Design Effective Surveys for Quantitative Research\"  data-wpil-monitor-id=\"8910\">Quantitative and Qualitative research<\/a> to find ways to use 5G and 6G.<\/p>\n\n\n\n<p>Prima che le aziende scelgano di passare a queste reti, dovrebbero fare delle ricerche. Poich\u00e9 il settore \u00e8 ancora nuovo, anche per gli scienziati, gli imprenditori dovrebbero fare del loro meglio per tenere il passo. In questo modo, l\u2019azienda avr\u00e0 tutte le informazioni su come andr\u00e0 a beneficio loro e dei consumatori.<\/p>\n\n\n\n<p><a href=\"https:\/\/www.sisinternational.com\/it\/azienda-leader-nel-focus-group-globale\/\" title=\"La migliore azienda di focus group globale\"  data-wpil-monitor-id=\"8909\">Companies can use focus groups<\/a>, interviews, and surveys to get information. With the feedback, the company can make network improvements. It\u2019s the best <a href=\"https:\/\/www.sisinternational.com\/it\/analisi-della-soddisfazione-del-cliente\/\" title=\"8 modi per aumentare la soddisfazione del cliente nel commercio al dettaglio\"  data-wpil-monitor-id=\"8915\">way to keep the customers<\/a> satisfied.<\/p>\n\n\n\n<p><\/p>","protected":false},"excerpt":{"rendered":"<p>La telecomunicazione \u00e8 la trasmissione di informazioni su lunghe distanze in vari formati come audio, video e dati.<\/p>","protected":false},"author":1,"featured_media":63118,"parent":14514,"menu_order":121,"comment_status":"closed","ping_status":"closed","template":"","meta":{"footnotes":""},"class_list":["post-40227","page","type-page","status-publish","has-post-thumbnail"],"_links":{"self":[{"href":"https:\/\/www.sisinternational.com\/it\/wp-json\/wp\/v2\/pages\/40227","targetHints":{"allow":["GET"]}}],"collection":[{"href":"https:\/\/www.sisinternational.com\/it\/wp-json\/wp\/v2\/pages"}],"about":[{"href":"https:\/\/www.sisinternational.com\/it\/wp-json\/wp\/v2\/types\/page"}],"author":[{"embeddable":true,"href":"https:\/\/www.sisinternational.com\/it\/wp-json\/wp\/v2\/users\/1"}],"replies":[{"embeddable":true,"href":"https:\/\/www.sisinternational.com\/it\/wp-json\/wp\/v2\/comments?post=40227"}],"version-history":[{"count":3,"href":"https:\/\/www.sisinternational.com\/it\/wp-json\/wp\/v2\/pages\/40227\/revisions"}],"predecessor-version":[{"id":81495,"href":"https:\/\/www.sisinternational.com\/it\/wp-json\/wp\/v2\/pages\/40227\/revisions\/81495"}],"up":[{"embeddable":true,"href":"https:\/\/www.sisinternational.com\/it\/wp-json\/wp\/v2\/pages\/14514"}],"wp:featuredmedia":[{"embeddable":true,"href":"https:\/\/www.sisinternational.com\/it\/wp-json\/wp\/v2\/media\/63118"}],"wp:attachment":[{"href":"https:\/\/www.sisinternational.com\/it\/wp-json\/wp\/v2\/media?parent=40227"}],"curies":[{"name":"wp","href":"https:\/\/api.w.org\/{rel}","templated":true}]}}