{"id":40221,"date":"2022-04-27T04:48:15","date_gmt":"2022-04-27T04:48:15","guid":{"rendered":"https:\/\/www.sisinternational.com\/?page_id=40221"},"modified":"2026-03-12T12:45:40","modified_gmt":"2026-03-12T16:45:40","slug":"ricerche-di-mercato-sulla-tecnologia-medica","status":"publish","type":"page","link":"https:\/\/www.sisinternational.com\/it\/soluzioni\/ricerche-di-mercato-nel-settore-sanitario\/ricerche-di-mercato-sulla-tecnologia-medica\/","title":{"rendered":"Ricerche di mercato sulla tecnologia medica (Med Tech)."},"content":{"rendered":"<h1 class=\"wp-block-heading\">Ricerche di mercato sulla tecnologia medica (Med Tech).<\/h1>\n\n\n\n<figure class=\"gb-block-image gb-block-image-6a4dc351\"><img loading=\"lazy\" decoding=\"async\" width=\"1456\" height=\"816\" class=\"gb-image gb-image-6a4dc351\" src=\"https:\/\/www.sisinternational.com\/wp-content\/uploads\/2025\/09\/Medicine-2.jpg\" alt=\"Ricerca e strategia di mercato internazionale SIS\" title=\"Medicine (2)\" srcset=\"https:\/\/www.sisinternational.com\/wp-content\/uploads\/2025\/09\/Medicine-2.jpg 1456w, https:\/\/www.sisinternational.com\/wp-content\/uploads\/2025\/09\/Medicine-2-300x168.jpg 300w, https:\/\/www.sisinternational.com\/wp-content\/uploads\/2025\/09\/Medicine-2-1024x574.jpg 1024w, https:\/\/www.sisinternational.com\/wp-content\/uploads\/2025\/09\/Medicine-2-768x430.jpg 768w, https:\/\/www.sisinternational.com\/wp-content\/uploads\/2025\/09\/Medicine-2-18x10.jpg 18w\" sizes=\"auto, (max-width: 1456px) 100vw, 1456px\"><\/figure>\n\n\n\n<p><\/p>\n\n\n\n<h2 class=\"wp-block-heading\">Cos&#039;\u00e8 la tecnologia medica?<\/h2>\n\n\n\n<p>La tecnologia medica \u00e8 ovunque intorno a noi e non \u00e8 cos\u00ec complessa come sembra. I cerotti che utilizziamo ne sono un esempio. Anche gli occhiali che le persone indossano ne sono un esempio. La tecnologia medica pu\u00f2 essere cos\u00ec semplice. Ha anche usi pi\u00f9 complessi come gli strumenti utilizzati negli interventi chirurgici e nelle scansioni eseguite negli ospedali. La tecnologia medica applica la scienza per aiutare a prevenire o curare le malattie e salvare vite umane. Non \u00e8 un campo nuovo e ha visto molti cambiamenti nel corso di diversi secoli. Ora, la tecnologia medica di cui disponiamo si sta sviluppando rapidamente. Salva milioni di vite ogni anno.<\/p>\n\n\n\n<h2 class=\"wp-block-heading\">Perch\u00e9 la tecnologia medica \u00e8 importante?<\/h2>\n\n\n\n<p>La tecnologia medica \u00e8 essenziale perch\u00e9, senza di essa, molte persone ne soffrirebbero. Questi prodotti aiutano a diagnosticare e curare le malattie. Un altro uso della tecnologia medica \u00e8 che consente agli esperti sanitari di scoprire cosa c\u2019\u00e8 che non va abbastanza presto per curare la malattia. Sapere in anticipo cosa c&#039;\u00e8 che non va salva la vita di pi\u00f9 persone. La tecnologia medica consente anche trattamenti di maggior successo. Con dispositivi pi\u00f9 avanzati possiamo fare di pi\u00f9 per affrontare la malattia. Gli interventi chirurgici che una volta non erano possibili ora sono la norma. Aiutano anche nella prevenzione delle malattie. Guanti e mascherine, ad esempio, aiutano a prevenire la malattia. Questi vantaggi semplificano la vita degli operatori sanitari. Inoltre salver\u00e0 i pazienti dalla sofferenza.<\/p>\n\n\n\n<h2 class=\"wp-block-heading\">Titoli di lavoro chiave<\/h2>\n\n\n\n<p>The field of med-tech is broad. It links to many careers. People have to come up with ideas, test them, and launch them. Many jobs work together to bring a <a href=\"https:\/\/www.sisinternational.com\/it\/soluzioni\/prova-del-gusto\/servizi-di-test-di-prodotto-a-new-york\/\" title=\"Servizi di test di prodotto a New York\"  data-wpil-monitor-id=\"9569\">product or service<\/a> to life from start to finish. These careers call for a bachelor\u2019s degree in medical laboratory technology, life science, biology, or chemistry.<\/p>\n\n\n\n<p>I principali titoli professionali includono:<\/p>\n\n\n\n<ul class=\"wp-block-list\">\n<li><strong>Tecnici<\/strong>: medical records, clinical laboratory, medical appliance, and research laboratory technicians<\/li>\n\n\n\n<li><strong>Tecnologi<\/strong>: MRI, radiologi e tecnici medici<\/li>\n<\/ul>\n\n\n\n<h2 class=\"wp-block-heading\">Perch\u00e9 le aziende hanno bisogno della tecnologia medica<\/h2>\n\n\n\n<p>Businesses need medical technology for many reasons. It is a necessary and fast-growing field that can bring profits if invested well. Companies that go into the field of med-tech will have a broad <a href=\"https:\/\/www.sisinternational.com\/it\/azienda-leader-nella-strategia-di-mercato-b2b\/\" title=\"La migliore azienda di strategia di mercato B2B\"  data-wpil-monitor-id=\"9571\">market<\/a>. They will attract an extensive client base once your business makes top-quality goods that will help it succeed. Companies can make safety gear, medical tools, or offer health services. They can also produce testing kits, vaccines, and ventilators. These products and <a href=\"https:\/\/www.sisinternational.com\/it\/soluzioni\/soluzioni-di-ricerca-quantitativa-qualitativa\/ricerche-di-mercato-dei-servizi-sul-campo\/\" title=\"Ricerche di mercato sui servizi sul campo\"  data-wpil-monitor-id=\"9567\">services are lifesavers in the field<\/a> of med-tech.<\/p>\n\n\n\n<h2 class=\"wp-block-heading\">Fattori chiave del successo<\/h2>\n\n\n\n<p>In medical technology, there is a lot to think about for a business to thrive. Companies need a commitment to producing quality goods. They also have to make sure that their services are reliable and consistent. Investing in the right experts to guide your products and services goes a long way. It\u2019s a well-regulated area, so <a href=\"https:\/\/www.sisinternational.com\/it\/fattori-chiave-di-successo-nelle-ricerche-di-mercato-automobilistiche\/\" title=\"Fattori chiave di successo nelle ricerche di mercato automobilistiche\"  data-wpil-monitor-id=\"9570\">research is also critical for success<\/a>. <a href=\"https:\/\/www.sisinternational.com\/it\/competenza\/industrie\/ricerca-sul-prodotto\/\" title=\"Ricerca sul prodotto\"  data-wpil-monitor-id=\"9565\">Products need ongoing research<\/a>. A business in med-tech may be plenty of work, but it can be very successful.<\/p>\n\n\n\n<h2 class=\"wp-block-heading\">Sulla tecnologia medica<\/h2>\n\n\n\n<p><a href=\"https:\/\/www.sisinternational.com\/it\/competenza\/industrie\/ricerche-di-mercato-sui-dispositivi-medici\/\" title=\"Ricerche di mercato sui dispositivi medici\"  data-wpil-monitor-id=\"3169\">Medical Technology calls for lots of research<\/a> to stay updated with the science, which gets better each day. Then, the <a href=\"https:\/\/www.sisinternational.com\/it\/competenza\/curriculum-di-esperienza\/ricerca-sul-marchio\/\" title=\"Societ\u00e0 di ricerca sul marchio\"  data-wpil-monitor-id=\"9566\">company may have to do further research<\/a> on which products\/services are suitable investments. They also need to find out how best to produce and what is best for the health of their consumers. Being <a href=\"https:\/\/www.sisinternational.com\/it\/soluzioni\/ricerche-di-mercato-sulla-notorieta-del-marchio-b2b\/\" title=\"Ricerca di mercato sulla consapevolezza del marchio B2B\"  data-wpil-monitor-id=\"9568\">aware of the market\u2019s<\/a> needs is vital. <a href=\"https:\/\/www.sisinternational.com\/it\/sampling-techniques-in-qualitative-research-the-complete-guide-to-choosing-the-right-method\/\" title=\"Sampling Techniques in Qualitative Research: The Complete Guide to Choosing the Right Method\"  data-wpil-monitor-id=\"9564\">Research methods can be qualitative<\/a>, quantitative, or strategy. These methods can take the form of interviews, surveys, focus groups, and experiments.<\/p>\n\n\n\n<p><\/p>","protected":false},"excerpt":{"rendered":"<p>La ricerca di mercato sulla tecnologia medica \u00e8 vitale. Med Tech \u00e8 un campo ampio che richiede molte professioni per dare vita a un prodotto o servizio.<\/p>","protected":false},"author":1,"featured_media":70066,"parent":11294,"menu_order":119,"comment_status":"closed","ping_status":"closed","template":"","meta":{"footnotes":""},"class_list":["post-40221","page","type-page","status-publish","has-post-thumbnail"],"_links":{"self":[{"href":"https:\/\/www.sisinternational.com\/it\/wp-json\/wp\/v2\/pages\/40221","targetHints":{"allow":["GET"]}}],"collection":[{"href":"https:\/\/www.sisinternational.com\/it\/wp-json\/wp\/v2\/pages"}],"about":[{"href":"https:\/\/www.sisinternational.com\/it\/wp-json\/wp\/v2\/types\/page"}],"author":[{"embeddable":true,"href":"https:\/\/www.sisinternational.com\/it\/wp-json\/wp\/v2\/users\/1"}],"replies":[{"embeddable":true,"href":"https:\/\/www.sisinternational.com\/it\/wp-json\/wp\/v2\/comments?post=40221"}],"version-history":[{"count":5,"href":"https:\/\/www.sisinternational.com\/it\/wp-json\/wp\/v2\/pages\/40221\/revisions"}],"predecessor-version":[{"id":81594,"href":"https:\/\/www.sisinternational.com\/it\/wp-json\/wp\/v2\/pages\/40221\/revisions\/81594"}],"up":[{"embeddable":true,"href":"https:\/\/www.sisinternational.com\/it\/wp-json\/wp\/v2\/pages\/11294"}],"wp:featuredmedia":[{"embeddable":true,"href":"https:\/\/www.sisinternational.com\/it\/wp-json\/wp\/v2\/media\/70066"}],"wp:attachment":[{"href":"https:\/\/www.sisinternational.com\/it\/wp-json\/wp\/v2\/media?parent=40221"}],"curies":[{"name":"wp","href":"https:\/\/api.w.org\/{rel}","templated":true}]}}