{"id":40213,"date":"2022-04-27T04:12:39","date_gmt":"2022-04-27T04:12:39","guid":{"rendered":"https:\/\/www.sisinternational.com\/?page_id=40213"},"modified":"2025-09-24T23:13:35","modified_gmt":"2025-09-25T03:13:35","slug":"ricerche-di-mercato-maglia-europa","status":"publish","type":"page","link":"https:\/\/www.sisinternational.com\/it\/copertura\/europa\/ricerche-di-mercato-maglia-europa\/","title":{"rendered":"Ricerche di mercato a Jersey, Europa"},"content":{"rendered":"<h1 class=\"wp-block-heading\">Ricerche di mercato a Jersey, Europa<\/h1>\n\n\n\n<figure class=\"gb-block-image gb-block-image-4c737369\"><img loading=\"lazy\" decoding=\"async\" width=\"1456\" height=\"816\" class=\"gb-image gb-image-4c737369\" src=\"https:\/\/www.sisinternational.com\/wp-content\/uploads\/2025\/09\/Jersey-3.jpg\" alt=\"Ricerca e strategia di mercato internazionale SIS\" title=\"Jersey (3)\" srcset=\"https:\/\/www.sisinternational.com\/wp-content\/uploads\/2025\/09\/Jersey-3.jpg 1456w, https:\/\/www.sisinternational.com\/wp-content\/uploads\/2025\/09\/Jersey-3-300x168.jpg 300w, https:\/\/www.sisinternational.com\/wp-content\/uploads\/2025\/09\/Jersey-3-1024x574.jpg 1024w, https:\/\/www.sisinternational.com\/wp-content\/uploads\/2025\/09\/Jersey-3-768x430.jpg 768w, https:\/\/www.sisinternational.com\/wp-content\/uploads\/2025\/09\/Jersey-3-18x10.jpg 18w\" sizes=\"auto, (max-width: 1456px) 100vw, 1456px\"><\/figure>\n\n\n\n<p><\/p>\n\n\n\n<p>Jersey \u00e8 una delle pi\u00f9 grandi Isole del Canale, situata tra Inghilterra e Francia. Questa dipendenza britannica autonoma ha dodici parrocchie e ospita 107.000 persone.<\/p>\n\n\n\n<p>Jersey, come le altre isole del canale, \u00e8 selvaggia e aspra. Le persone mostrano una miscela di cultura britannica e francese. I quartieri pi\u00f9 belli si trovano sulla costa meridionale. Se rimani pi\u00f9 di qualche giorno, potresti vederne la maggior parte. \u00c8 possibile visitare ogni parte dell&#039;isola noleggiando un&#039;auto utilizzando il servizio autobus.<\/p>\n\n\n\n<h2 class=\"wp-block-heading\">Quartieri<\/h2>\n\n\n\n<p>I quartieri del Jersey includono:<\/p>\n\n\n\n<ul class=\"wp-block-list\">\n<li>St. Helier \u2013 la capitale del Jersey. \u00c8 sede di numerosi musei e attrazioni.<\/li>\n\n\n\n<li>St. Aubin &#8211; the <a href=\"https:\/\/www.sisinternational.com\/it\/ricerche-di-mercato-nelle-citta-cinesi-di-2-livello\/\" title=\"Ricerche di mercato nelle citt\u00e0 cinesi di secondo livello\"  data-wpil-monitor-id=\"8386\">second largest city<\/a> in Jersey.<\/li>\n\n\n\n<li>St. Brelade \u2013 questa baia protetta \u00e8 famosa per le sue spiagge esotiche con sabbia dorata. \u00c8 famoso in tutto il mondo per la sua bellezza e pulizia.<\/li>\n\n\n\n<li>Gorey: questa zona \u00e8 eccellente per visitare la citt\u00e0.<\/li>\n\n\n\n<li>Grouville- questo \u00e8 un altro villaggio con un profondo passato patriottico.<\/li>\n<\/ul>\n\n\n\n<h2 class=\"wp-block-heading\">Industrie chiave<\/h2>\n\n\n\n<p>Le industrie chiave a Jersey, in Europa sono:<\/p>\n\n\n\n<ul class=\"wp-block-list\">\n<li>Servizi finanziari. Jersey ha uno dei centri finanziari globali di maggior successo.<\/li>\n\n\n\n<li>Settore della tecnologia digitale.<\/li>\n\n\n\n<li><a href=\"https:\/\/www.sisinternational.com\/it\/soluzioni\/consulenza-per-lospitalita-turistica-turistica\/\" title=\"Consulenza per viaggi, turismo e ospitalit\u00e0\"  data-wpil-monitor-id=\"8383\">Tourism and hospitality<\/a>.<\/li>\n\n\n\n<li>Agricoltura e pesca.<\/li>\n\n\n\n<li>Costruzione.<\/li>\n<\/ul>\n\n\n\n<p>Oltre alle sue bellissime spiagge, Jersey ha anche una serie di sentieri escursionistici lungo la scogliera. Inoltre, l&#039;isola \u00e8 conosciuta per le sue valli interne e i castelli storici. Un&#039;altra cosa per cui Jersey \u00e8 famosa \u00e8 il suo affascinante passato militare.<\/p>\n\n\n\n<p>Jersey is the perfect place for history buffs. The island served as a staging post for attacks on the <a href=\"https:\/\/www.sisinternational.com\/it\/copertura\/le-americhe\/ricerche-di-mercato-nei-caraibi\/ricerche-di-mercato-isole-vergini-britanniche\/\" title=\"Ricerche di mercato nelle Isole Vergini britanniche\"  data-wpil-monitor-id=\"8388\">British<\/a> Isles throughout the Napoleonic Wars and World War II. One can feel this history all around the island.<\/p>\n\n\n\n<h2 class=\"wp-block-heading\">Benefits and Strengths of the Market in Jersey, Europe<\/h2>\n\n\n\n<p>Il clima economico di Jersey \u00e8 in forte espansione con una rete di comunicazioni ben sviluppata. Questa rete ad alta tecnologia \u00e8 un altro vantaggio per le imprese, poich\u00e9 \u00e8 affidabile ed efficiente. Conosciuta come Jersey Gigabit, \u00e8 una delle reti Wi-Fi pi\u00f9 veloci al mondo.<\/p>\n\n\n\n<p>Jersey\u2019s people are a further asset, as they tend to have a pro-business mindset. Jersey also has low income and company taxes. It is business-friendly, and some of the world\u2019s major companies like the trading environment. These companies include world-renowned banks and law firms. It also consists of a multinational <a href=\"https:\/\/www.sisinternational.com\/it\/competenza\/industrie\/ricerche-di-mercato-sullestrazione-mineraria-spaziale\/\" title=\"Ricerche di mercato sull\u2019estrazione mineraria spaziale\"  data-wpil-monitor-id=\"8380\">mining and research<\/a> company.<\/p>\n\n\n\n<p>Inoltre, Jersey ha un eccellente accesso a consulenti professionisti. Un altro aspetto positivo \u00e8 la sua tendenza progressista ad avere pi\u00f9 uffici aziendali per le multinazionali. Inoltre, avviare un&#039;attivit\u00e0 nel Jersey ti pone nel cuore di un fiorente centro commerciale.<\/p>\n\n\n\n<h2 class=\"wp-block-heading\">Base dei consumatori<\/h2>\n\n\n\n<p>Jersey has a robust manufacturing sector. Another key point is that its avenues for the distribution and <a href=\"https:\/\/www.sisinternational.com\/it\/soluzioni\/ricerca-di-consulenza-strategica-fintech\/consulenza-sui-servizi-finanziari-di-ingegneria-delle-vendite\/\" title=\"Ingegneria delle vendite Consulenza per servizi finanziari\"  data-wpil-monitor-id=\"8384\">sale of goods and services<\/a> are top-notch. It has a significant impact on the local economy as well. The following goods and services have high consumption rates in Jersey:<\/p>\n\n\n\n<ul class=\"wp-block-list\">\n<li>Ristoranti, bar e punti vendita con servizio da asporto<\/li>\n\n\n\n<li><a href=\"https:\/\/www.sisinternational.com\/it\/competenza\/curriculum-di-esperienza\/cibo-e-bevande-nellasia-pacifico\/\" title=\"Ricerche di mercato nel settore alimentare e delle bevande in Asia\"  data-wpil-monitor-id=\"8377\">Cibo e bevande<\/a><\/li>\n\n\n\n<li>Abbigliamento e gioielli<\/li>\n\n\n\n<li>Articoli medici<\/li>\n\n\n\n<li>Tabacco<\/li>\n\n\n\n<li>Formazione scolastica<\/li>\n\n\n\n<li>Trasporti<\/li>\n\n\n\n<li>Assistenza sanitaria<\/li>\n\n\n\n<li>Divertimento<\/li>\n<\/ul>\n\n\n\n<h2 class=\"wp-block-heading\">Informazioni sulle ricerche di mercato a Jersey Europe<\/h2>\n\n\n\n<p>Jersey Europe si autogoverna. Ha le proprie istituzioni finanziarie e legali e un sistema giudiziario indipendente. Nonostante ci\u00f2, la Gran Bretagna gestisce la difesa militare del Jersey.<\/p>\n\n\n\n<p>Almeno quest&#039;isola \u00e8 viva di energia. Allo stesso modo, offre di tutto, dagli sport acquatici a quelli terrestri, dalle escursioni sulle scogliere alle strade di campagna. In aggiunta a ci\u00f2, \u00e8 ricca di monumenti storici e vivaci ristoranti e pub. Altre attivit\u00e0 sono il surf, il paddleboarding, il kayak, la nautica estiva e le regate di yacht, che sono attivit\u00e0 popolari tutto l&#039;anno nelle baie che circondano l&#039;isola.<\/p>\n\n\n\n<p>In conclusion, if your company wants to invest in Jersey, Europe, you\u2019ll need Strategy Research. You\u2019ll also need to get Qualitative and Quantitative data. If you engage a <a href=\"https:\/\/www.sisinternational.com\/it\/competenza\/industrie\/soluzioni-per-ricerche-di-mercato-nel-settore-sanitario\/\" title=\"Societ\u00e0 di ricerche di mercato nel settore sanitario\"  data-wpil-monitor-id=\"8374\">market research firm<\/a>, it\u2019s easy to access this information. Look for one that specializes in providing Interviews, Surveys, and Focus Groups. Such a <a href=\"https:\/\/www.sisinternational.com\/it\/noi-veterani-delle-ricerche-di-mercato\/\" title=\"Ricerca di mercato sui veterani statunitensi\"  data-wpil-monitor-id=\"8371\">strategia<\/a> will help you gather data for successful market entry in Jersey, Europe.<\/p>\n\n\n\n<p><\/p>","protected":false},"excerpt":{"rendered":"<p>SIS fornisce ricerche di mercato qualitative e quantitative a Jersey, in Europa.<\/p>","protected":false},"author":1,"featured_media":66033,"parent":14510,"menu_order":51,"comment_status":"closed","ping_status":"closed","template":"","meta":{"footnotes":""},"class_list":["post-40213","page","type-page","status-publish","has-post-thumbnail"],"_links":{"self":[{"href":"https:\/\/www.sisinternational.com\/it\/wp-json\/wp\/v2\/pages\/40213","targetHints":{"allow":["GET"]}}],"collection":[{"href":"https:\/\/www.sisinternational.com\/it\/wp-json\/wp\/v2\/pages"}],"about":[{"href":"https:\/\/www.sisinternational.com\/it\/wp-json\/wp\/v2\/types\/page"}],"author":[{"embeddable":true,"href":"https:\/\/www.sisinternational.com\/it\/wp-json\/wp\/v2\/users\/1"}],"replies":[{"embeddable":true,"href":"https:\/\/www.sisinternational.com\/it\/wp-json\/wp\/v2\/comments?post=40213"}],"version-history":[{"count":4,"href":"https:\/\/www.sisinternational.com\/it\/wp-json\/wp\/v2\/pages\/40213\/revisions"}],"predecessor-version":[{"id":81405,"href":"https:\/\/www.sisinternational.com\/it\/wp-json\/wp\/v2\/pages\/40213\/revisions\/81405"}],"up":[{"embeddable":true,"href":"https:\/\/www.sisinternational.com\/it\/wp-json\/wp\/v2\/pages\/14510"}],"wp:featuredmedia":[{"embeddable":true,"href":"https:\/\/www.sisinternational.com\/it\/wp-json\/wp\/v2\/media\/66033"}],"wp:attachment":[{"href":"https:\/\/www.sisinternational.com\/it\/wp-json\/wp\/v2\/media?parent=40213"}],"curies":[{"name":"wp","href":"https:\/\/api.w.org\/{rel}","templated":true}]}}