{"id":40205,"date":"2022-04-27T03:44:36","date_gmt":"2022-04-27T03:44:36","guid":{"rendered":"https:\/\/www.sisinternational.com\/?page_id=40205"},"modified":"2025-09-24T23:10:03","modified_gmt":"2025-09-25T03:10:03","slug":"ricerche-di-mercato-geopolitiche","status":"publish","type":"page","link":"https:\/\/www.sisinternational.com\/it\/competenza\/ricerche-di-mercato-geopolitiche\/","title":{"rendered":"Ricerche di mercato geopolitiche"},"content":{"rendered":"<h1 class=\"wp-block-heading\">Ricerche di mercato geopolitiche<\/h1>\n\n\n\n<figure class=\"gb-block-image gb-block-image-6d749cc7\"><img loading=\"lazy\" decoding=\"async\" width=\"1456\" height=\"816\" class=\"gb-image gb-image-6d749cc7\" src=\"https:\/\/www.sisinternational.com\/wp-content\/uploads\/2025\/08\/Global-2.jpg\" alt=\"Ricerca e strategia di mercato internazionale SIS\" title=\"Global (2)\" srcset=\"https:\/\/www.sisinternational.com\/wp-content\/uploads\/2025\/08\/Global-2.jpg 1456w, https:\/\/www.sisinternational.com\/wp-content\/uploads\/2025\/08\/Global-2-300x168.jpg 300w, https:\/\/www.sisinternational.com\/wp-content\/uploads\/2025\/08\/Global-2-1024x574.jpg 1024w, https:\/\/www.sisinternational.com\/wp-content\/uploads\/2025\/08\/Global-2-768x430.jpg 768w, https:\/\/www.sisinternational.com\/wp-content\/uploads\/2025\/08\/Global-2-18x10.jpg 18w\" sizes=\"auto, (max-width: 1456px) 100vw, 1456px\"><\/figure>\n\n\n\n<p><\/p>\n\n\n\n<hr class=\"wp-block-separator has-alpha-channel-opacity is-style-dots\"\/>\n\n\n\n<h2 class=\"wp-block-heading\">Cos\u2019\u00e8 la geopolitica<\/h2>\n\n\n\n<p>La geopolitica \u00e8 lo studio dei rapporti di potere. Si interroga su come la geografia influisce su queste connessioni nelle relazioni globali. \u00c8 anche un tentativo di avere il controllo sulle entit\u00e0 geografiche. Queste entit\u00e0 sono luoghi, regioni, paesi, scale e reti in tutto il mondo. I poteri che cercano di controllare le entit\u00e0 possono essere paesi o imprese. Oppure potrebbero essere altre cose.<\/p>\n\n\n\n<h2 class=\"wp-block-heading\">Perch\u00e9 la ricerca di mercato geopolitica \u00e8 importante?<\/h2>\n\n\n\n<p>In today\u2019s global market, sometimes, businesses grow. This growth may lead to branches in other countries. Or a business owner may also want to merge with a <a href=\"https:\/\/www.sisinternational.com\/it\/strategia-di-campagna-di-marketing-multipiattaforma-per-una-holding-e-un-conglomerato-commerciale-degli-emirati\/\" title=\"Servizi pubblicitari multiculturali per una holding e un conglomerato commerciale degli Emirati\"  data-wpil-monitor-id=\"9455\">company<\/a> in another region or country. But every country has factors that affect business practices. Thus, countries need Geopolitical Market Research. It will give data on things such as foreign business practices.<\/p>\n\n\n\n<h2 class=\"wp-block-heading\">Lavori chiave nella ricerca di mercato geopolitica<\/h2>\n\n\n\n<p>Ecco alcuni dei lavori critici in questo campo:<\/p>\n\n\n\n<ul class=\"wp-block-list\">\n<li>Analisti geopolitici<\/li>\n\n\n\n<li>Strateghi<\/li>\n\n\n\n<li>Assistente ricercatore<\/li>\n\n\n\n<li>Specialista in finanza internazionale<\/li>\n<\/ul>\n\n\n\n<p>Perch\u00e9 le aziende hanno bisogno di ricerche di mercato geopolitiche<\/p>\n\n\n\n<h3 class=\"wp-block-heading\">Conoscere i rischi<\/h3>\n\n\n\n<p>Business owners have the task of making decisions for their companies. They must know the possible outcomes of these decisions. Geopolitical Market <a href=\"https:\/\/www.sisinternational.com\/it\/competenza\/industrie\/ricerche-di-mercato-sulla-perdita-delludito\/\" title=\"Ricerche di mercato sulla perdita dell\u2019udito\u00a0 \u00a0\"  data-wpil-monitor-id=\"6808\">Ricerca<\/a> can protect the company from future loss. For example, if a war happens in a country where the <a href=\"https:\/\/www.sisinternational.com\/it\/soluzioni\/prova-del-gusto\/product-testing-for-companies\/\" title=\"Product Testing for Companies\"  data-wpil-monitor-id=\"9451\">company gets products<\/a>, the items can become scarce. This scarcity can affect supplies. As a result, production costs might rise.<\/p>\n\n\n\n<p>Inoltre, i clienti potrebbero ottenere i loro beni da un fornitore pi\u00f9 economico e pi\u00f9 stabile. Ma, con la ricerca adeguata, l\u2019imprenditore pu\u00f2 prepararsi a questo problema. Sceglieranno di avere pi\u00f9 di un fornitore.<\/p>\n\n\n\n<h3 class=\"wp-block-heading\">Per fare buoni investimenti<\/h3>\n\n\n\n<p>Sometimes a business owner will want to expand their company. They may see the profit in adding a new type of <a href=\"https:\/\/www.sisinternational.com\/it\/soluzioni\/prova-del-gusto\/servizi-di-test-di-prodotto-a-new-york\/\" title=\"Servizi di test di prodotto a New York\"  data-wpil-monitor-id=\"9452\">product or service<\/a>. Yet, there might not be a <a href=\"https:\/\/www.sisinternational.com\/it\/competenza\/industrie\/ricerche-di-mercato-nei-paesi-del-mercato-di-frontiera\/\" title=\"Ricerche di mercato sui paesi del mercato di frontiera\"  data-wpil-monitor-id=\"9454\">market<\/a> for that new thing in their country. In this case, Geopolitical Market Research will help the business owner. For example, the company can try to invest in the product elsewhere. Or it can start another branch in a new country to include the item or service.<\/p>\n\n\n\n<h2 class=\"wp-block-heading\">Fattori chiave del successo<\/h2>\n\n\n\n<h3 class=\"wp-block-heading\">Assumi gli esperti giusti<\/h3>\n\n\n\n<p>Oggi viviamo in un mondo connesso. Ci\u00f2 che accade altrove ha maggiori probabilit\u00e0 di influenzare le aziende. Pertanto, le aziende dovrebbero assumere persone nel campo geopolitico. Inoltre, ogni aspetto della geopolitica non influenzer\u00e0 ogni attivit\u00e0. Quindi, si dovrebbe assumere un esperto che funzioni meglio con le esigenze dell&#039;azienda.<\/p>\n\n\n\n<h3 class=\"wp-block-heading\">Rimani aggiornato<\/h3>\n\n\n\n<p>Relations between nations can change fast. Thus, geopolitics often changes as well. The decision-makers for the company must stay updated on these topics. If an uninformed person is making the choices, they might overlook risks. Such a <a href=\"https:\/\/www.sisinternational.com\/it\/strategia-di-marketing-completa-per-una-societa-americana-di-finanza-personale-online\/\" title=\"Strategia di marketing completa per una societ\u00e0 americana di finanza personale online\"  data-wpil-monitor-id=\"9453\">person can cost the company<\/a> money. So, they may only see the dangers. And the person can miss out on a good opportunity for the company. Having all the details is the best way to know that one is making the right choices for the business.<\/p>\n\n\n\n<h2 class=\"wp-block-heading\">Informazioni sulle ricerche di mercato geopolitiche<\/h2>\n\n\n\n<p>Business owners do not work on their own. Many times, they have to answer to employees and stakeholders. Their choices affect many people. Thus, it is best to have all the information. Geopolitical Market Research is beneficial in this regard. Businesses should do strategic <a href=\"https:\/\/www.sisinternational.com\/it\/soluzioni\/soluzioni-edtech-per-la-tecnologia-dellistruzione\/sistemi-di-gestione-dellapprendimento-ricerche-di-mercato-lms\/\" title=\"Ricerche di mercato sui sistemi di gestione dell&#039;apprendimento (LMS).\"  data-wpil-monitor-id=\"9450\">research to learn<\/a> more. Companies can use Qualitative and <a href=\"https:\/\/www.sisinternational.com\/it\/quantitative-market-research-methods-and-techniques\/\" title=\"Quantitative Market Research Methods and Techniques\"  data-wpil-monitor-id=\"9448\">Metodi di ricerca quantitativa<\/a>.<\/p>\n\n\n\n<p>They can also use focus groups, surveys, and interviews to get the needed information. Talk to the experts. Doing so will help business owners choose the right person for their team. Finally, business owners can speak with their employees and other bosses. This simple <a href=\"https:\/\/www.sisinternational.com\/it\/b2b\/\" title=\"Cost-Effective and Actionable Insights to Drive Your Next Strategic Move\"  data-wpil-monitor-id=\"9449\">action can give them insight<\/a> into how to create the best structure. In that way, they will be able to make the best use of Geopolitical Market Research.<\/p>\n\n\n\n<p><\/p>","protected":false},"excerpt":{"rendered":"<p>Ogni paese ha fattori unici che influiscono sulle aziende. La ricerca di mercato geopolitica \u00e8 vitale per ottenere dati sulle pratiche commerciali estere.<\/p>","protected":false},"author":1,"featured_media":62410,"parent":14514,"menu_order":118,"comment_status":"closed","ping_status":"closed","template":"","meta":{"footnotes":""},"class_list":["post-40205","page","type-page","status-publish","has-post-thumbnail"],"_links":{"self":[{"href":"https:\/\/www.sisinternational.com\/it\/wp-json\/wp\/v2\/pages\/40205","targetHints":{"allow":["GET"]}}],"collection":[{"href":"https:\/\/www.sisinternational.com\/it\/wp-json\/wp\/v2\/pages"}],"about":[{"href":"https:\/\/www.sisinternational.com\/it\/wp-json\/wp\/v2\/types\/page"}],"author":[{"embeddable":true,"href":"https:\/\/www.sisinternational.com\/it\/wp-json\/wp\/v2\/users\/1"}],"replies":[{"embeddable":true,"href":"https:\/\/www.sisinternational.com\/it\/wp-json\/wp\/v2\/comments?post=40205"}],"version-history":[{"count":5,"href":"https:\/\/www.sisinternational.com\/it\/wp-json\/wp\/v2\/pages\/40205\/revisions"}],"predecessor-version":[{"id":81579,"href":"https:\/\/www.sisinternational.com\/it\/wp-json\/wp\/v2\/pages\/40205\/revisions\/81579"}],"up":[{"embeddable":true,"href":"https:\/\/www.sisinternational.com\/it\/wp-json\/wp\/v2\/pages\/14514"}],"wp:featuredmedia":[{"embeddable":true,"href":"https:\/\/www.sisinternational.com\/it\/wp-json\/wp\/v2\/media\/62410"}],"wp:attachment":[{"href":"https:\/\/www.sisinternational.com\/it\/wp-json\/wp\/v2\/media?parent=40205"}],"curies":[{"name":"wp","href":"https:\/\/api.w.org\/{rel}","templated":true}]}}