{"id":40203,"date":"2022-04-27T03:29:56","date_gmt":"2022-04-27T03:29:56","guid":{"rendered":"https:\/\/www.sisinternational.com\/?page_id=40203"},"modified":"2026-03-12T13:29:25","modified_gmt":"2026-03-12T17:29:25","slug":"ricerche-di-mercato-sulla-sicurezza-alimentare","status":"publish","type":"page","link":"https:\/\/www.sisinternational.com\/it\/soluzioni\/ricerche-di-mercato-nel-settore-delle-bevande-alimentari\/ricerche-di-mercato-sulla-sicurezza-alimentare\/","title":{"rendered":"Ricerche di mercato sulla sicurezza degli alimenti e delle bevande"},"content":{"rendered":"<h1 class=\"wp-block-heading\">Ricerche di mercato sulla sicurezza degli alimenti e delle bevande<\/h1>\n\n\n\n<figure class=\"gb-block-image gb-block-image-93831ed9\"><img loading=\"lazy\" decoding=\"async\" width=\"1456\" height=\"816\" class=\"gb-image gb-image-93831ed9\" src=\"https:\/\/www.sisinternational.com\/wp-content\/uploads\/2025\/09\/Food-safety-6.jpg\" alt=\"Ricerca e strategia di mercato internazionale SIS\" title=\"Food safety (6)\" srcset=\"https:\/\/www.sisinternational.com\/wp-content\/uploads\/2025\/09\/Food-safety-6.jpg 1456w, https:\/\/www.sisinternational.com\/wp-content\/uploads\/2025\/09\/Food-safety-6-300x168.jpg 300w, https:\/\/www.sisinternational.com\/wp-content\/uploads\/2025\/09\/Food-safety-6-1024x574.jpg 1024w, https:\/\/www.sisinternational.com\/wp-content\/uploads\/2025\/09\/Food-safety-6-768x430.jpg 768w, https:\/\/www.sisinternational.com\/wp-content\/uploads\/2025\/09\/Food-safety-6-18x10.jpg 18w\" sizes=\"auto, (max-width: 1456px) 100vw, 1456px\"><\/figure>\n\n\n\n<p><\/p>\n\n\n\n<h2 class=\"wp-block-heading\">Cos\u2019\u00e8 la sicurezza degli alimenti e delle bevande?<\/h2>\n\n\n\n<p>Il cibo non \u00e8 solo delizioso, ma \u00e8 anche la chiave per sostenere la vita. Il cibo pulito \u00e8 la chiave per preservare la vita. Il cibo, sebbene importante, pu\u00f2 avere effetti mortali se non \u00e8 sicuro da mangiare. La sicurezza alimentare ha a che fare con il trattamento degli alimenti in modo tale da prevenire le malattie. Ci\u00f2 implica preservare la qualit\u00e0 del cibo per un lungo periodo di tempo. Bisogna mantenere il cibo libero da germi che non dovrebbero essere presenti. La sicurezza alimentare coinvolge tutte le fasi della preparazione degli alimenti. Ad esempio, come gestisci le voci del menu, pulisci l&#039;ambiente circostante e cucini il cibo.<\/p>\n\n\n\n<h2 class=\"wp-block-heading\">Perch\u00e9 la ricerca di mercato sulla sicurezza degli alimenti e delle bevande \u00e8 importante?<\/h2>\n\n\n\n<p>Unsafe food causes sickness in millions and death in hundreds of thousands. It also strains healthcare systems dealing with a lot of preventable food illnesses. Children feel most of the impact of food-borne diseases. They are also the most vulnerable. With proper tools, systems, and practices, your business can improve its food safety practices. Such improvements reduce illnesses and deaths. It also leads to a healthier population. <a href=\"https:\/\/www.sisinternational.com\/it\/competenza\/curriculum-di-esperienza\/cibo-e-bevande-nellasia-pacifico\/\" title=\"Ricerche di mercato nel settore alimentare e delle bevande in Asia\"  data-wpil-monitor-id=\"9466\">Research is key to ensuring food<\/a> safety keeps improving.<\/p>\n\n\n\n<h2 class=\"wp-block-heading\">Titoli di lavoro chiave<\/h2>\n\n\n\n<p>Il campo della sicurezza alimentare \u00e8 piuttosto ampio. Pertanto, ci sono molte carriere disponibili. Molti richiedono una laurea in scienze alimentari, chimica o biologia, mentre altri richiedono solo esperienza sul campo. Alcuni titoli popolari includono:<\/p>\n\n\n\n<ul class=\"wp-block-list\">\n<li>Responsabile controllo qualit\u00e0<\/li>\n\n\n\n<li>Supervisore Sicurezza e Qualit\u00e0 Alimentare<\/li>\n\n\n\n<li>Tecnico Assicurazione Qualit\u00e0<\/li>\n\n\n\n<li>Specialista in sicurezza alimentare<\/li>\n\n\n\n<li>Responsabile della conformit\u00e0<\/li>\n\n\n\n<li>Scienziato dell&#039;alimentazione<\/li>\n\n\n\n<li>Tecnico del controllo qualit\u00e0 chimico<\/li>\n\n\n\n<li>Associato alla sicurezza del laboratorio<\/li>\n<\/ul>\n\n\n\n<h2 class=\"wp-block-heading\">Perch\u00e9 le aziende hanno bisogno di ricerche di mercato sulla sicurezza di alimenti e bevande<\/h2>\n\n\n\n<p>Companies that get a bad rap for food safety also risk good profits. Thus, being known for sick <a href=\"https:\/\/www.sisinternational.com\/it\/competenza\/industrie\/voce-delle-bevande-alimentari-della-ricerca-di-mercato-dei-clienti\/\" title=\"La voce del cliente nel settore alimentare e delle bevande. Ricerche di mercato\"  data-wpil-monitor-id=\"9470\">customers will cause a failing food<\/a> business. One cannot have a quality business in the food <a href=\"https:\/\/www.sisinternational.com\/it\/industry-forecast\/personal-care-industry-forecast\/\" title=\"Personal Care Industry Forecast\"  data-wpil-monitor-id=\"9464\">industry and not care<\/a> about food safety. Thus, food safety is essential to companies. There are many <a href=\"https:\/\/www.sisinternational.com\/it\/pubblicazioni\/ricerche-di-mercato-per-un-business-scalabile-7-modi-per-costruire-un-business-scalabile\/\" title=\"Ricerche di mercato per aziende scalabili: 7 modi per costruire un business scalabile\"  data-wpil-monitor-id=\"9469\">ways to consider food safety in business<\/a>. One critical one is ensuring that the area is clean. Soaps, bleach, and sanitizers are all essential items. Storage for food also affects the quality. So, fridges, containers, sterilized gear, and heating tools play a huge role. Protective gear like gloves, wipes, towels, aprons and hairnets have a small but crucial impact. Many things go into food safety that businesses use. So research continues to find new and better ways to solve problems with food safety.<\/p>\n\n\n\n<h2 class=\"wp-block-heading\">Fattori chiave del successo<\/h2>\n\n\n\n<p>If your <a href=\"https:\/\/www.sisinternational.com\/it\/predictive-analytics\/\" title=\"Predictive Analytics: Your Crystal Ball for Business Success\"  data-wpil-monitor-id=\"9465\">business is to be successful<\/a> in the food safety field, you have to be aware of its standards. This area is well monitored, and so many guidelines exist. Sticking to these guidelines is essential. Besides government rules, your brand needs to do what it has to do well. Once you deliver quality and <a href=\"https:\/\/www.sisinternational.com\/it\/soluzioni\/soluzioni-di-branding-e-ricerca-clienti\/ricerca-sui-clienti-del-marchio\/\" title=\"Marchio e ricerca sui clienti\"  data-wpil-monitor-id=\"9467\">customers can pay for your brand<\/a>, they will rely on you. Some companies will even order in bulk depending on the product. Companies have to sustain quality to survive in the food industry. Having reliable <a href=\"https:\/\/www.sisinternational.com\/it\/settore-dei-servizi-alimentari\/\" title=\"Riflettori sul settore dei servizi di ristorazione 2011\"  data-wpil-monitor-id=\"9463\">food safety goods and services<\/a> is much needed and profitable. It is also good to know what new problems need solving so that you can tackle them first in the industry.<\/p>\n\n\n\n<h2 class=\"wp-block-heading\">Informazioni sulle ricerche di mercato sulla sicurezza di alimenti e bevande<\/h2>\n\n\n\n<p><a href=\"https:\/\/www.sisinternational.com\/it\/competenza\/industrie\/ricerche-di-mercato-sulla-sicurezza-stradale\/\" title=\"Ricerche di mercato sulla sicurezza stradale\"  data-wpil-monitor-id=\"4731\">Market research is vital in the food<\/a> safety field. Your company can use a wide range of research types, including quantitative, qualitative, and strategy research methods. The tools used to carry out such <a href=\"https:\/\/www.sisinternational.com\/it\/soluzioni\/soluzioni-di-ricerca-quantitativa-qualitativa\/interviste-telefoniche-ricerche-di-mercato\/\" title=\"Interviste telefoniche approfondite Ricerche di mercato\"  data-wpil-monitor-id=\"9468\">research are interviews<\/a>, surveys, and focus groups. Some companies also do experiments.<\/p>\n\n\n\n<p>La sicurezza alimentare \u00e8 essenziale per la vita umana. Tutti noi amiamo il cibo pulito, sicuro e gustoso. Quindi essere in grado di fornire beni e servizi che garantiscono questo non ha prezzo. \u00c8 sempre bene conoscere le esigenze di questo settore e quali nuovi problemi le aziende devono risolvere.<\/p>\n\n\n\n<p><\/p>","protected":false},"excerpt":{"rendered":"<p>La sicurezza alimentare previene le malattie. Mantiene il cibo libero da germi nocivi durante tutte le fasi, dalla manipolazione delle voci del menu alla pulizia e alla cottura.<\/p>","protected":false},"author":1,"featured_media":70076,"parent":22018,"menu_order":117,"comment_status":"closed","ping_status":"closed","template":"","meta":{"footnotes":""},"class_list":["post-40203","page","type-page","status-publish","has-post-thumbnail"],"_links":{"self":[{"href":"https:\/\/www.sisinternational.com\/it\/wp-json\/wp\/v2\/pages\/40203","targetHints":{"allow":["GET"]}}],"collection":[{"href":"https:\/\/www.sisinternational.com\/it\/wp-json\/wp\/v2\/pages"}],"about":[{"href":"https:\/\/www.sisinternational.com\/it\/wp-json\/wp\/v2\/types\/page"}],"author":[{"embeddable":true,"href":"https:\/\/www.sisinternational.com\/it\/wp-json\/wp\/v2\/users\/1"}],"replies":[{"embeddable":true,"href":"https:\/\/www.sisinternational.com\/it\/wp-json\/wp\/v2\/comments?post=40203"}],"version-history":[{"count":6,"href":"https:\/\/www.sisinternational.com\/it\/wp-json\/wp\/v2\/pages\/40203\/revisions"}],"predecessor-version":[{"id":81581,"href":"https:\/\/www.sisinternational.com\/it\/wp-json\/wp\/v2\/pages\/40203\/revisions\/81581"}],"up":[{"embeddable":true,"href":"https:\/\/www.sisinternational.com\/it\/wp-json\/wp\/v2\/pages\/22018"}],"wp:featuredmedia":[{"embeddable":true,"href":"https:\/\/www.sisinternational.com\/it\/wp-json\/wp\/v2\/media\/70076"}],"wp:attachment":[{"href":"https:\/\/www.sisinternational.com\/it\/wp-json\/wp\/v2\/media?parent=40203"}],"curies":[{"name":"wp","href":"https:\/\/api.w.org\/{rel}","templated":true}]}}