{"id":40196,"date":"2022-04-27T03:07:27","date_gmt":"2022-04-27T03:07:27","guid":{"rendered":"https:\/\/www.sisinternational.com\/?page_id=40196"},"modified":"2025-09-24T22:50:01","modified_gmt":"2025-09-25T02:50:01","slug":"ricerche-di-mercato-ecologiche","status":"publish","type":"page","link":"https:\/\/www.sisinternational.com\/it\/competenza\/ricerche-di-mercato-ecologiche\/","title":{"rendered":"Ricerche di mercato sull&#039;ecologia"},"content":{"rendered":"<h1 class=\"wp-block-heading\">Ricerche di mercato sull&#039;ecologia<\/h1>\n\n\n\n<figure class=\"gb-block-image gb-block-image-2daf90af\"><img loading=\"lazy\" decoding=\"async\" width=\"1456\" height=\"816\" class=\"gb-image gb-image-2daf90af\" src=\"https:\/\/www.sisinternational.com\/wp-content\/uploads\/2025\/08\/Circular-economy-2.jpg\" alt=\"Ricerca e strategia di mercato internazionale SIS\" title=\"Circular economy (2)\" srcset=\"https:\/\/www.sisinternational.com\/wp-content\/uploads\/2025\/08\/Circular-economy-2.jpg 1456w, https:\/\/www.sisinternational.com\/wp-content\/uploads\/2025\/08\/Circular-economy-2-300x168.jpg 300w, https:\/\/www.sisinternational.com\/wp-content\/uploads\/2025\/08\/Circular-economy-2-1024x574.jpg 1024w, https:\/\/www.sisinternational.com\/wp-content\/uploads\/2025\/08\/Circular-economy-2-768x430.jpg 768w, https:\/\/www.sisinternational.com\/wp-content\/uploads\/2025\/08\/Circular-economy-2-18x10.jpg 18w\" sizes=\"auto, (max-width: 1456px) 100vw, 1456px\"><\/figure>\n\n\n\n<p><\/p>\n\n\n\n<hr class=\"wp-block-separator has-alpha-channel-opacity is-style-dots\"\/>\n\n\n\n<h2 class=\"wp-block-heading\">Cos&#039;\u00e8 l&#039;ecologia?<\/h2>\n\n\n\n<p>Ecology studies the relationship between life forms, such as humans, and their environment. It aims to reveal the vital links between plants, animals, and the environment. Ecology also tells us about biome values and how humans might use the Earth&#8217;s assets. It shows us <a href=\"https:\/\/www.sisinternational.com\/it\/pubblicazioni\/ricerche-di-mercato-per-un-business-scalabile-7-modi-per-costruire-un-business-scalabile\/\" title=\"Ricerche di mercato per aziende scalabili: 7 modi per costruire un business scalabile\"  data-wpil-monitor-id=\"8373\">ways to build businesses<\/a> that sustain the planet for the future. Ecology studies the chain and the links between different life forms and microbes. It also explores the connection between these organisms and their biotic homes.<\/p>\n\n\n\n<h2 class=\"wp-block-heading\">Perch\u00e9 l\u2019ecologia \u00e8 importante?<\/h2>\n\n\n\n<p>Ecology fills the earth and is vital for human health and growth. It adds to our knowledge of people and <a href=\"https:\/\/www.sisinternational.com\/it\/competenza\/industrie\/ricerche-di-mercato-sulle-bevande-alimentari-naturali-e-biologiche\/\" title=\"Ricerche di mercato su alimenti e bevande naturali e biologici\"  data-wpil-monitor-id=\"8376\">nature and is critical for food<\/a> production, clean air, and water. It&#8217;s also vital to know about soil conservation in a changing climate. Ecology is essential because it ensures that people see the effect of their actions. We affect the planet&#8217;s life as well as one another. We have learnt to value eco-friendliness due to all the data and studies gained from ecology, which help to raise people&#8217;s knowledge. It also urges them to choose a lifestyle that protects the ecology. Thus, people are more likely to live less selfish lives in the long run. The aim is to work to safeguard the well-being of all life forms. As a result, it promotes a balanced lifestyle and ensures the survival of all life forms.<\/p>\n\n\n\n<h2 class=\"wp-block-heading\">Titoli di lavoro chiave<\/h2>\n\n\n\n<p>Lavorare in questo campo permette di conoscere meglio gli esseri viventi e le loro relazioni. Ti consente anche di applicare ci\u00f2 che hai imparato per aiutare il mondo nel suo insieme. Di seguito abbiamo elencato alcuni dei migliori lavori nel campo dell&#039;ecologia.<\/p>\n\n\n\n<h3 class=\"wp-block-heading\">Naturalista del Parco<\/h3>\n\n\n\n<p>Creano un collegamento tra i parchi e il pubblico. Insegnano ai turisti, ai gruppi scolastici e ad altri i parchi locali, statali e nazionali. I naturalisti del parco sono anche esperti di storia.<\/p>\n\n\n\n<h3 class=\"wp-block-heading\">Biologo marino<\/h3>\n\n\n\n<p>I biologi marini studiano gli animali marini, le loro abitudini e i legami con l&#039;ambiente. L&#039;acqua copre oltre il 70% della terra. Di conseguenza, come biologo marino, puoi lavorare quasi ovunque sul pianeta.<\/p>\n\n\n\n<h3 class=\"wp-block-heading\">Responsabile delle risorse naturali (NRM)<\/h3>\n\n\n\n<p>I gestori delle risorse naturali sono responsabili dell\u2019uso del territorio. Garantiscono che tutte le azioni intraprese sulla terra rispettino le regole e cercano anche di bilanciare le esigenze degli utenti, come agricoltori e proprietari terrieri. I NMR si prendono cura della salute dell\u2019ecosistema e dell\u2019ambiente.<\/p>\n\n\n\n<h2 class=\"wp-block-heading\">Perch\u00e9 le aziende hanno bisogno di ricerche di mercato sull\u2019ecologia?<\/h2>\n\n\n\n<p>There is close and constant contact between a firm and its ecosystem, regardless of its type or size. This connection also aids the firm&#8217;s strength and the use of its resources. As a result, <a href=\"https:\/\/www.sisinternational.com\/it\/analysis-b2b\/\" title=\"What Business Leaders Need to Know Right Now\"  data-wpil-monitor-id=\"8382\">knowing the role of the business<\/a> environment is crucial. It will help in the pursuit of further business plans. It&#8217;s also vital for a business to interact with its environment. It becomes easier to identify the areas for growth and expansion of its activities.<\/p>\n\n\n\n<h2 class=\"wp-block-heading\">Importanti fattori di successo<\/h2>\n\n\n\n<p>Molte cose possono rovinare l\u2019ecosistema, compreso l\u2019inquinamento e la temperatura dell\u2019acqua. Questi fattori sembrano peggiorare nel tempo, avvicinandoci a una vera e propria crisi ambientale. Il risultato \u00e8 che le persone stanno diventando pi\u00f9 consapevoli di queste preoccupazioni. Stanno anche facendo di pi\u00f9 per risolvere i loro impatti dannosi. Di seguito sono riportati alcuni degli aspetti pi\u00f9 importanti da prendere in considerazione:<\/p>\n\n\n\n<ul class=\"wp-block-list\">\n<li>Inquinamento<\/li>\n\n\n\n<li>Il riscaldamento globale<\/li>\n\n\n\n<li>Sovrappopolazione<\/li>\n\n\n\n<li>Smaltimento dei rifiuti<\/li>\n\n\n\n<li>L&#039;acidit\u00e0 dell&#039;oceano<\/li>\n\n\n\n<li>Perdita di biodiversit\u00e0<\/li>\n\n\n\n<li>Deforestazione<\/li>\n\n\n\n<li>Distruzione dello strato di ozono<\/li>\n\n\n\n<li>Pioggia acida<\/li>\n\n\n\n<li>Problemi di sanit\u00e0 pubblica<\/li>\n<\/ul>\n\n\n\n<h2 class=\"wp-block-heading\">Ricerche di mercato sull&#039;ecologia<\/h2>\n\n\n\n<p><a href=\"https:\/\/www.sisinternational.com\/it\/competenza\/industrie\/ricerche-di-mercato-automobilistiche\/ricerca-sui-consumatori-di-veicoli-elettrici\/\" title=\"Perch\u00e9 la ricerca sui consumatori nel settore automobilistico \u00e8 cos\u00ec importante oggi, con il futuro dei veicoli elettrici\"  data-wpil-monitor-id=\"8379\">Researching an area is vital<\/a> before starting a business there. It shows what the people in that area want and what they don\u2019t like. So, it is vital to conduct quantitative, qualitative, and strategic research. Focus groups and surveys can reveal the genuine opinions and ideas of customers. We can apply all these techniques to Ecology Market Research and many other areas.<\/p>\n\n\n\n<p><\/p>","protected":false},"excerpt":{"rendered":"<p>Le aziende che conoscono l\u2019ecosistema e utilizzano in modo responsabile le risorse possono identificare opportunit\u00e0 di crescita con la ricerca di mercato sull\u2019ecologia.<\/p>","protected":false},"author":1,"featured_media":64755,"parent":14514,"menu_order":116,"comment_status":"closed","ping_status":"closed","template":"","meta":{"footnotes":""},"class_list":["post-40196","page","type-page","status-publish","has-post-thumbnail"],"_links":{"self":[{"href":"https:\/\/www.sisinternational.com\/it\/wp-json\/wp\/v2\/pages\/40196","targetHints":{"allow":["GET"]}}],"collection":[{"href":"https:\/\/www.sisinternational.com\/it\/wp-json\/wp\/v2\/pages"}],"about":[{"href":"https:\/\/www.sisinternational.com\/it\/wp-json\/wp\/v2\/types\/page"}],"author":[{"embeddable":true,"href":"https:\/\/www.sisinternational.com\/it\/wp-json\/wp\/v2\/users\/1"}],"replies":[{"embeddable":true,"href":"https:\/\/www.sisinternational.com\/it\/wp-json\/wp\/v2\/comments?post=40196"}],"version-history":[{"count":4,"href":"https:\/\/www.sisinternational.com\/it\/wp-json\/wp\/v2\/pages\/40196\/revisions"}],"predecessor-version":[{"id":81406,"href":"https:\/\/www.sisinternational.com\/it\/wp-json\/wp\/v2\/pages\/40196\/revisions\/81406"}],"up":[{"embeddable":true,"href":"https:\/\/www.sisinternational.com\/it\/wp-json\/wp\/v2\/pages\/14514"}],"wp:featuredmedia":[{"embeddable":true,"href":"https:\/\/www.sisinternational.com\/it\/wp-json\/wp\/v2\/media\/64755"}],"wp:attachment":[{"href":"https:\/\/www.sisinternational.com\/it\/wp-json\/wp\/v2\/media?parent=40196"}],"curies":[{"name":"wp","href":"https:\/\/api.w.org\/{rel}","templated":true}]}}