{"id":40194,"date":"2022-04-27T02:42:26","date_gmt":"2022-04-27T02:42:26","guid":{"rendered":"https:\/\/www.sisinternational.com\/?page_id=40194"},"modified":"2025-09-24T23:03:00","modified_gmt":"2025-09-25T03:03:00","slug":"ricerche-di-mercato-di-analisi-cognitiva","status":"publish","type":"page","link":"https:\/\/www.sisinternational.com\/it\/soluzioni\/soluzioni-di-ricerca-quantitativa-qualitativa\/ricerche-di-mercato-di-analisi-cognitiva\/","title":{"rendered":"Ricerche di mercato sull&#039;analisi cognitiva"},"content":{"rendered":"<h1 class=\"gb-headline gb-headline-bce0584c gb-headline-text\">Ricerche di mercato sull&#039;analisi cognitiva<\/h1>\n\n\n\n<figure class=\"gb-block-image gb-block-image-96623f38\"><img loading=\"lazy\" decoding=\"async\" width=\"1456\" height=\"816\" class=\"gb-image gb-image-96623f38\" src=\"https:\/\/www.sisinternational.com\/wp-content\/uploads\/2025\/08\/Deep-learning-machine-learning-36.jpg\" alt=\"Ricerca e strategia di mercato internazionale SIS\" title=\"Deep learning machine learning (36)\" srcset=\"https:\/\/www.sisinternational.com\/wp-content\/uploads\/2025\/08\/Deep-learning-machine-learning-36.jpg 1456w, https:\/\/www.sisinternational.com\/wp-content\/uploads\/2025\/08\/Deep-learning-machine-learning-36-300x168.jpg 300w, https:\/\/www.sisinternational.com\/wp-content\/uploads\/2025\/08\/Deep-learning-machine-learning-36-1024x574.jpg 1024w, https:\/\/www.sisinternational.com\/wp-content\/uploads\/2025\/08\/Deep-learning-machine-learning-36-768x430.jpg 768w, https:\/\/www.sisinternational.com\/wp-content\/uploads\/2025\/08\/Deep-learning-machine-learning-36-18x10.jpg 18w\" sizes=\"auto, (max-width: 1456px) 100vw, 1456px\"><\/figure>\n\n\n\n<h2 class=\"wp-block-heading\"><\/h2>\n\n\n\n<hr class=\"wp-block-separator has-alpha-channel-opacity is-style-dots\"\/>\n\n\n\n<h2 class=\"wp-block-heading\">Cos&#039;\u00e8 l&#039;analisi cognitiva?<\/h2>\n\n\n\n<p>Cognitive analysis is one of the smart systems humans now have at their disposal. It combines with other processes to examine huge data sets. Then, it gives structure to the unstructured data. The system can also scan its database for answers to inquiries. Because of its human-like insight, we call it cognitive analysis.<\/p>\n\n\n\n<p>This type of analysis can involve many things. For example, it can involve someone trying to decipher the context or meaning of a phrase. It can also involve finding unique objects in an image despite having lots of data. It very often uses AI tools and machine learning, which allows the software to grow over time. Simple analytics cannot always uncover patterns and links, but cognitive analysis can.<\/p>\n\n\n\n<h2 class=\"wp-block-heading\">Perch\u00e9 l\u2019analisi cognitiva \u00e8 importante?<\/h2>\n\n\n\n<p>Abbiamo bisogno della tecnologia affinch\u00e9 la societ\u00e0 possa progredire. Abbiamo bisogno del miglior mix di conoscenze umane e meccaniche per risolvere le crisi della societ\u00e0. Di conseguenza, utilizziamo l\u2019analisi cognitiva. Possiamo usarlo in molte aree, ad esempio-<\/p>\n\n\n\n<h3 class=\"wp-block-heading\">Sicurezza pubblica:<\/h3>\n\n\n\n<p>When we use tech to raise awareness, we gain more and better insights. As a result, new fields of study emerge, such as fighting outbreaks, handling crises, and battling crime.<\/p>\n\n\n\n<h3 class=\"wp-block-heading\">Servizi sociali:<\/h3>\n\n\n\n<p>When we use tech, we can gain insights from the datasets. This aids in making care plans, and cognitive analysis enables social workers to protect at-risk groups.<\/p>\n\n\n\n<h3 class=\"wp-block-heading\">Ambiente:<\/h3>\n\n\n\n<p>We need to protect the world from further human damage. Cognitive analysis can help with climate change, food shortages, and <a href=\"https:\/\/www.sisinternational.com\/it\/competenza\/industrie\/ricerche-di-mercato-sulla-scarsita-idrica\/\" title=\"Ricerca di mercato sulla scarsit\u00e0 d\u2019acqua\"  data-wpil-monitor-id=\"10229\">water and energy scarcity<\/a>. As a result, the government can better detect pollution sources.<\/p>\n\n\n\n<h2 class=\"wp-block-heading\">Titoli di lavoro chiave<\/h2>\n\n\n\n<h3 class=\"wp-block-heading\">Analista dati<\/h3>\n\n\n\n<p>A data analyst can process large amounts of data, most of which relates to sales and client relations. This job requires strong logical thinking skills and a laser-like <a href=\"https:\/\/www.sisinternational.com\/it\/copertura\/europa\/ricerche-di-mercato-liverpool-regno-unito\/\" title=\"Ricerche di mercato a Liverpool | Focus group e raccolta dati nel Regno Unito\"  data-wpil-monitor-id=\"10231\">focus to process data<\/a> properly for review.<\/p>\n\n\n\n<h3 class=\"wp-block-heading\">Progettista di prodotti<\/h3>\n\n\n\n<p>A product designer works for a firm to create, build, and <a href=\"https:\/\/www.sisinternational.com\/it\/soluzioni\/soluzioni-di-branding-e-ricerca-clienti\/ricerche-di-mercato-per-test-di-prodotto\/\" title=\"Ricerche di mercato sui test dei prodotti\"  data-wpil-monitor-id=\"10224\">test new products<\/a>. Studying cognitive science can assist a product designer. It helps them to understand how people engage with their products. It also allows firms to create more eye-catching goods.<\/p>\n\n\n\n<h2 class=\"wp-block-heading\">Perch\u00e9 le aziende hanno bisogno dell\u2019analisi cognitiva?<\/h2>\n\n\n\n<figure class=\"gb-block-image gb-block-image-d5ad1c9b\"><img loading=\"lazy\" decoding=\"async\" width=\"1456\" height=\"816\" class=\"gb-image gb-image-d5ad1c9b\" src=\"https:\/\/www.sisinternational.com\/wp-content\/uploads\/2025\/08\/Deep-learning-machine-learning-20.jpg\" alt=\"Ricerca e strategia di mercato internazionale SIS\" title=\"Deep learning machine learning (20)\" srcset=\"https:\/\/www.sisinternational.com\/wp-content\/uploads\/2025\/08\/Deep-learning-machine-learning-20.jpg 1456w, https:\/\/www.sisinternational.com\/wp-content\/uploads\/2025\/08\/Deep-learning-machine-learning-20-300x168.jpg 300w, https:\/\/www.sisinternational.com\/wp-content\/uploads\/2025\/08\/Deep-learning-machine-learning-20-1024x574.jpg 1024w, https:\/\/www.sisinternational.com\/wp-content\/uploads\/2025\/08\/Deep-learning-machine-learning-20-768x430.jpg 768w, https:\/\/www.sisinternational.com\/wp-content\/uploads\/2025\/08\/Deep-learning-machine-learning-20-18x10.jpg 18w\" sizes=\"auto, (max-width: 1456px) 100vw, 1456px\"><\/figure>\n\n\n\n<p><\/p>\n\n\n\n<p>Gli utenti possono ottenere informazioni dettagliate sulla crescita dell&#039;azienda attraverso sforzi cognitivi. A causa della crescita del business, questo aiuta con l&#039;interazione con il cliente. L\u2019analisi cognitiva aumenta ulteriormente l\u2019efficienza, e molto rapidamente. I meriti sono i seguenti:<\/p>\n\n\n\n<ul class=\"wp-block-list\">\n<li>Produttivit\u00e0 ed efficienza migliorate.<\/li>\n\n\n\n<li>Scelte e pianificazione migliori.<\/li>\n\n\n\n<li>La sicurezza e la conformit\u00e0 miglioreranno.<\/li>\n\n\n\n<li>Risparmi.<\/li>\n\n\n\n<li>Migliorare l&#039;ambiente di apprendimento.<\/li>\n\n\n\n<li>Crescita aziendale.<\/li>\n\n\n\n<li>Crescita nell&#039;ecosistema.<\/li>\n\n\n\n<li><a href=\"https:\/\/www.sisinternational.com\/it\/pubblicazioni\/ricerche-di-mercato-per-un-business-scalabile-7-modi-per-costruire-un-business-scalabile\/\" title=\"Ricerche di mercato per aziende scalabili: 7 modi per costruire un business scalabile\"  data-wpil-monitor-id=\"10225\">Business growth into new markets<\/a>.<\/li>\n\n\n\n<li>La velocit\u00e0 con cui l\u2019azienda sviluppa nuovi prodotti e servizi.<\/li>\n<\/ul>\n\n\n\n<h2 class=\"wp-block-heading\">Fattori chiave del successo<\/h2>\n\n\n\n<p>Businesses are now trying to go to the next level by focusing on cognitive analysis. They seek to seize chances by tracing new systems. They meet customer wants by studying complex data for valuable insights. Some of the <a href=\"https:\/\/www.sisinternational.com\/it\/fattori-chiave-di-successo-nelle-ricerche-di-mercato-automobilistiche\/\" title=\"Fattori chiave di successo nelle ricerche di mercato automobilistiche\"  data-wpil-monitor-id=\"10223\">key success factors<\/a> are as follows:<\/p>\n\n\n\n<ul class=\"wp-block-list\">\n<li>Detecting and <a href=\"https:\/\/www.sisinternational.com\/it\/soluzioni\/innovazione\/come-scalare-un-business\/\" title=\"Come far crescere un&#039;azienda | Raggiungere una crescita esponenziale\"  data-wpil-monitor-id=\"10233\">scaling core business<\/a> systems.<\/li>\n\n\n\n<li>Sfruttare al meglio l&#039;analisi dei dati.<\/li>\n\n\n\n<li>Assicurarti che la tua azienda sia in grado di affrontare il cambiamento.<\/li>\n\n\n\n<li>Garantire che i flussi di lavoro incentrati sull\u2019intelligenza artificiale contengano un elemento umano.<\/li>\n\n\n\n<li>Essere agili e avere i mezzi per adattarsi.<\/li>\n\n\n\n<li>Tirare fuori il meglio dalle persone.<\/li>\n\n\n\n<li>Fiducia e sicurezza.<\/li>\n<\/ul>\n\n\n\n<h2 class=\"wp-block-heading\">Ricerche di mercato sull&#039;analisi cognitiva<\/h2>\n\n\n\n<p>Le aziende utilizzano questo tipo di analisi per ottenere l\u2019accesso a fonti di dati nascoste. Lo usano gi\u00e0 per foto, e-mail, file di testo e post sui social. Gli operatori sanitari lo utilizzano per abbinare i pazienti alle migliori cure o trattamenti precoci. Sebbene sia ancora in fase iniziale, ha il potere di fornire risposte in tempo reale a grandi quantit\u00e0 di dati. \u00c8 anche un cambiamento di mentalit\u00e0 rispetto all&#039;analisi locale.<\/p>\n\n\n\n<p>Qualitativo <a href=\"https:\/\/www.sisinternational.com\/it\/giornata-mondiale-sullautismo\/\" title=\"Studi di ricerche di mercato sull\u2019autismo\"  data-wpil-monitor-id=\"10227\">research aids in studying<\/a> buyer habits. It also shows the reasons for product buybacks. Quantitative research gives us facts and figures on your clients\u2019 buying patterns. We also do live interviews and surveys. <a href=\"https:\/\/www.linkedin.com\/company\/sisinternationalresearch\" target=\"_blank\" rel=\"noopener\">We host focus groups<\/a>, a market research tool that works very well. This method is perfect for gathering data in depth. Focus groups make clear the customers\u2019 actual points of view and ideas. Also, we do strategy research, which helps you save money and ensures your firm\u2019s growth.<\/p>\n\n\n\n<h2 class=\"wp-block-heading\">La nostra sede a New York<\/h2>\n\n\n\n<p>  <iframe loading=\"lazy\" src=\"https:\/\/www.google.com\/maps\/embed?pb=!1m18!1m12!1m3!1d3022.976188376966!2d-73.99130312499956!3d40.740549471389315!2m3!1f0!2f0!3f0!3m2!1i1024!2i768!4f13.1!3m3!1m2!1s0x89c259a15798c731%3A0xd695d09bdd495f25!2s11%20E%2022nd%20St%20FL%202%2C%20New%20York%2C%20NY%2010010%2C%20USA!5e0!3m2!1sen!2spe!4v1726171763526!5m2!1sen!2spe\" width=\"600\" height=\"450\" allowfullscreen=\"allowfullscreen\" data-mce-fragment=\"1\"><\/iframe>  <\/p>\n\n\n\n<h3 class=\"wp-block-heading\">11 E 22nd Street, piano 2, New York, NY 10010 T: +1(212) 505-6805<\/h3>\n\n\n\n<hr class=\"wp-block-separator has-alpha-channel-opacity\"\/>\n\n\n\n<h2 class=\"wp-block-heading\"><strong>A proposito di SIS Internazionale<\/strong><\/h2>\n\n\n\n<p><a href=\"https:\/\/www.sisinternational.com\/it\/\"><span style=\"font-weight: 400;\">SIS Internazionale<\/span><\/a><span style=\"font-weight: 400;\"> offers Quantitative, Qualitative, and Strategy Research. We provide data, tools, strategies, reports, and insights for decision-making. We also conduct interviews, surveys, focus groups, and other <a href=\"https:\/\/www.sisinternational.com\/it\/quantitative-market-research-methods-and-techniques\/\" title=\"Quantitative Market Research Methods and Techniques\" data-wpil-monitor-id=\"10221\">Market Research methods<\/a> and approaches.<\/span><a href=\"https:\/\/www.sisinternational.com\/it\/sulla-sua-ricerca-internazionale\/contact-sis-international-market-research\/\"><span style=\"font-weight: 400;\"> Contattaci<\/span><\/a><span style=\"font-weight: 400;\"> per il tuo prossimo progetto di ricerca di mercato.<\/span><\/p>\n\n\n\n<p><\/p>","protected":false},"excerpt":{"rendered":"<p>La ricerca di mercato dell&#039;analisi cognitiva esamina i set di dati e le strutture dei dati non strutturati. Esegue la scansione del database utilizzando l&#039;analisi cognitiva.<\/p>","protected":false},"author":1,"featured_media":64414,"parent":14660,"menu_order":27,"comment_status":"closed","ping_status":"closed","template":"","meta":{"footnotes":""},"class_list":["post-40194","page","type-page","status-publish","has-post-thumbnail"],"_links":{"self":[{"href":"https:\/\/www.sisinternational.com\/it\/wp-json\/wp\/v2\/pages\/40194","targetHints":{"allow":["GET"]}}],"collection":[{"href":"https:\/\/www.sisinternational.com\/it\/wp-json\/wp\/v2\/pages"}],"about":[{"href":"https:\/\/www.sisinternational.com\/it\/wp-json\/wp\/v2\/types\/page"}],"author":[{"embeddable":true,"href":"https:\/\/www.sisinternational.com\/it\/wp-json\/wp\/v2\/users\/1"}],"replies":[{"embeddable":true,"href":"https:\/\/www.sisinternational.com\/it\/wp-json\/wp\/v2\/comments?post=40194"}],"version-history":[{"count":7,"href":"https:\/\/www.sisinternational.com\/it\/wp-json\/wp\/v2\/pages\/40194\/revisions"}],"predecessor-version":[{"id":81689,"href":"https:\/\/www.sisinternational.com\/it\/wp-json\/wp\/v2\/pages\/40194\/revisions\/81689"}],"up":[{"embeddable":true,"href":"https:\/\/www.sisinternational.com\/it\/wp-json\/wp\/v2\/pages\/14660"}],"wp:featuredmedia":[{"embeddable":true,"href":"https:\/\/www.sisinternational.com\/it\/wp-json\/wp\/v2\/media\/64414"}],"wp:attachment":[{"href":"https:\/\/www.sisinternational.com\/it\/wp-json\/wp\/v2\/media?parent=40194"}],"curies":[{"name":"wp","href":"https:\/\/api.w.org\/{rel}","templated":true}]}}