{"id":40139,"date":"2022-04-16T18:02:42","date_gmt":"2022-04-16T18:02:42","guid":{"rendered":"https:\/\/www.sisinternational.com\/?page_id=40139"},"modified":"2026-03-12T12:48:41","modified_gmt":"2026-03-12T16:48:41","slug":"ricerche-di-mercato-sulla-cura-delle-ferite","status":"publish","type":"page","link":"https:\/\/www.sisinternational.com\/it\/soluzioni\/ricerche-di-mercato-nel-settore-sanitario\/ricerche-di-mercato-sulla-cura-delle-ferite\/","title":{"rendered":"Ricerche di mercato per la cura delle ferite"},"content":{"rendered":"<h1 class=\"wp-block-heading\">Ricerche di mercato per la cura delle ferite<\/h1>\n\n\n\n<p><\/p>\n\n\n\n<figure class=\"gb-block-image gb-block-image-9636c71f\"><img loading=\"lazy\" decoding=\"async\" width=\"1456\" height=\"816\" class=\"gb-image gb-image-9636c71f\" src=\"https:\/\/www.sisinternational.com\/wp-content\/uploads\/2025\/08\/Healthcare-14.jpg\" alt=\"Ricerca e strategia di mercato internazionale SIS\" title=\"Healthcare (14)\" srcset=\"https:\/\/www.sisinternational.com\/wp-content\/uploads\/2025\/08\/Healthcare-14.jpg 1456w, https:\/\/www.sisinternational.com\/wp-content\/uploads\/2025\/08\/Healthcare-14-300x168.jpg 300w, https:\/\/www.sisinternational.com\/wp-content\/uploads\/2025\/08\/Healthcare-14-1024x574.jpg 1024w, https:\/\/www.sisinternational.com\/wp-content\/uploads\/2025\/08\/Healthcare-14-768x430.jpg 768w, https:\/\/www.sisinternational.com\/wp-content\/uploads\/2025\/08\/Healthcare-14-18x10.jpg 18w\" sizes=\"auto, (max-width: 1456px) 100vw, 1456px\"><\/figure>\n\n\n\n<p><\/p>\n\n\n\n<hr class=\"wp-block-separator has-alpha-channel-opacity is-style-dots\"\/>\n\n\n\n<p>Possiamo curare ferite e ferite minori con cure di primo soccorso a casa. Alcuni sono pi\u00f9 grandi o pi\u00f9 profondi di altri. Inoltre, tali tagli necessitano di un medico che li aiuti a guarire e prevenire le infezioni. Il centro per la cura delle ferite \u00e8 un&#039;altra struttura medica per il trattamento delle ferite che non guariscono. Hai un infortunio che risale a due settimane fa e non mostra segni di guarigione? Allora sarebbe d&#039;aiuto se andassi al centro per la cura delle ferite. Una ferita di sei settimane che non \u00e8 guarita completamente \u00e8 cronica. Una ferita di questo tipo necessita di ulteriori cure da parte della struttura per la cura delle ferite.<\/p>\n\n\n\n<h2 class=\"wp-block-heading\">Perch\u00e9 \u00e8 importante la cura delle ferite?<\/h2>\n\n\n\n<p>Quando le persone non si prendono cura delle proprie ferite o piaghe, questo pu\u00f2 diventare un problema di salute critico. Le ferite possono essere acute o croniche. Una ferita cronica non mostra segni di guarigione dopo 4-6 settimane. Quando le ferite non guariscono, possono causare infezioni, dolore, disabilit\u00e0 e persino amputazione. Non possiamo sottovalutare l\u2019importanza della cura delle ferite. Finch\u00e9 una ferita cronica non viene trattata, \u00e8 probabile che si infetti.<\/p>\n\n\n\n<h2 class=\"wp-block-heading\">Titoli di lavoro chiave<\/h2>\n\n\n\n<p>Esistono vari tipi di lavori nella linea di cura delle ferite. Alcune delle numerose posizioni nella cura delle ferite sono nell&#039;elenco seguente.<\/p>\n\n\n\n<h2 class=\"wp-block-heading\">Specialista nella cura delle ferite<\/h2>\n\n\n\n<p>Uno specialista delle ferite \u00e8 un professionista addestrato a curare diversi tipi di piaghe e ferite. Trattano e si prendono cura di pazienti con ferite acute, croniche e non cicatrizzanti.<\/p>\n\n\n\n<h2 class=\"wp-block-heading\">Chirurgo specializzato in ferite<\/h2>\n\n\n\n<p>Il WCS, chiamato anche Wound Care Surgeon, aiuta nella consulenza avanzata sulle ferite. Aiutano anche a sostituire il tubo G (tubo per gastronomia o \u201calimentazione\u201d). Inseriscono questo tubo nella parete dello stomaco. Questa operazione crea una ferita che necessita di cure speciali.<\/p>\n\n\n\n<h2 class=\"wp-block-heading\">Infermieri per la cura delle ferite<\/h2>\n\n\n\n<p>L&#039;infermiera specializzata in ferite aiuta nella valutazione di ferite e piaghe complesse. Questi infermieri aiutano anche nel trattamento dei pazienti. Lavorano fianco a fianco con gli esperti dei team di assistenza ai pazienti. Inoltre, garantiscono l\u2019uso dei piani di trattamento prescritti per evitare ulteriori infezioni o danni.<\/p>\n\n\n\n<h2 class=\"wp-block-heading\">Perch\u00e9 le aziende hanno bisogno della cura delle ferite?<\/h2>\n\n\n\n<p>Una persona con una ferita cronica vedrebbe le sue capacit\u00e0 ridotte al lavoro, a casa o ovunque. Molte persone nel mondo convivono con ferite croniche e i numeri sono in crescita. Inoltre, queste lesioni croniche sono comuni tra le persone con diabete. I diabetici possono sviluppare un\u2019ulcera al piede. Anche l\u2019aumento dell\u2019et\u00e0, l\u2019obesit\u00e0, le malattie cardiache e il cancro possono contribuire alle ferite croniche. Avere un centro per la cura delle ferite dietro l\u2019angolo \u00e8 un vantaggio per tutti. Aiuter\u00e0 gli imprenditori a trovare assistenza per i dipendenti con lesioni croniche o piaghe. Aiuter\u00e0 anche i dipendenti a lavorare meglio.<\/p>\n\n\n\n<h2 class=\"wp-block-heading\">Importante fattore di successo<\/h2>\n\n\n\n<p>Tutti gli studi sulla guarigione delle ferite hanno una cosa in comune. Tentano di convertire le ferite croniche in acute. Poi trattano quelli acuti in modo che guariscano. Vari fattori locali influenzano il decorso della guarigione delle ferite. Questi fattori includono infiammazione e neuropatia. Tuttavia, il flusso sanguigno \u00e8 il fattore pi\u00f9 critico nella regolazione del decorso temporale del recupero. Ossigeno, calore e blocco sono altri fattori. Possono migliorare il trasporto di ossigeno al tessuto dell&#039;area e aiutare la guarigione.<\/p>\n\n\n\n<h2 class=\"wp-block-heading\">Informazioni sulle ricerche di mercato sulla cura delle ferite<\/h2>\n\n\n\n<p>Our organization performs live interviews and surveys. We collect data about your customers\u2019 opinions. We also hold focus groups, a well-known <a href=\"https:\/\/www.sisinternational.com\/it\/quantitative-market-research-methods-and-techniques\/\" title=\"Quantitative Market Research Methods and Techniques\"  data-wpil-monitor-id=\"8411\">market research method<\/a> that gathers detailed information. Through focus groups, we also uncover customers\u2019 actual points of view. Moreover, <a href=\"https:\/\/www.sisinternational.com\/it\/qualitative-research-to-enhance-customer-experience\/\" title=\"Qualitative Research to Enhance Customer Experience\"  data-wpil-monitor-id=\"8410\">Qualitative Research assists us in comprehending customer<\/a> behavior. It also identifies the factors that influence product repurchase. Quantitative analysis provides us with objective information on your customers\u2019 purchasing behavior. By doing strategy research, we help you save money and secure your firm\u2019s success.<\/p>\n\n\n\n<p><\/p>","protected":false},"excerpt":{"rendered":"<p>Quelli con ferite croniche hanno capacit\u00e0 ridotte al lavoro, a casa o ovunque. Un numero crescente di persone convive con ferite croniche.<\/p>","protected":false},"author":1,"featured_media":62432,"parent":11294,"menu_order":114,"comment_status":"closed","ping_status":"closed","template":"","meta":{"footnotes":""},"class_list":["post-40139","page","type-page","status-publish","has-post-thumbnail"],"_links":{"self":[{"href":"https:\/\/www.sisinternational.com\/it\/wp-json\/wp\/v2\/pages\/40139","targetHints":{"allow":["GET"]}}],"collection":[{"href":"https:\/\/www.sisinternational.com\/it\/wp-json\/wp\/v2\/pages"}],"about":[{"href":"https:\/\/www.sisinternational.com\/it\/wp-json\/wp\/v2\/types\/page"}],"author":[{"embeddable":true,"href":"https:\/\/www.sisinternational.com\/it\/wp-json\/wp\/v2\/users\/1"}],"replies":[{"embeddable":true,"href":"https:\/\/www.sisinternational.com\/it\/wp-json\/wp\/v2\/comments?post=40139"}],"version-history":[{"count":4,"href":"https:\/\/www.sisinternational.com\/it\/wp-json\/wp\/v2\/pages\/40139\/revisions"}],"predecessor-version":[{"id":81410,"href":"https:\/\/www.sisinternational.com\/it\/wp-json\/wp\/v2\/pages\/40139\/revisions\/81410"}],"up":[{"embeddable":true,"href":"https:\/\/www.sisinternational.com\/it\/wp-json\/wp\/v2\/pages\/11294"}],"wp:featuredmedia":[{"embeddable":true,"href":"https:\/\/www.sisinternational.com\/it\/wp-json\/wp\/v2\/media\/62432"}],"wp:attachment":[{"href":"https:\/\/www.sisinternational.com\/it\/wp-json\/wp\/v2\/media?parent=40139"}],"curies":[{"name":"wp","href":"https:\/\/api.w.org\/{rel}","templated":true}]}}