{"id":40137,"date":"2022-04-16T17:59:13","date_gmt":"2022-04-16T17:59:13","guid":{"rendered":"https:\/\/www.sisinternational.com\/?page_id=40137"},"modified":"2026-01-26T17:22:32","modified_gmt":"2026-01-26T22:22:32","slug":"ricerche-di-mercato-sul-web-scraping","status":"publish","type":"page","link":"https:\/\/www.sisinternational.com\/it\/competenza\/ricerche-di-mercato-sul-web-scraping\/","title":{"rendered":"Ricerche di mercato sul web scraping"},"content":{"rendered":"<h1 class=\"wp-block-heading\">Ricerche di mercato sul web scraping<\/h1>\n\n\n\n<figure class=\"gb-block-image gb-block-image-6b1dca50\"><img loading=\"lazy\" decoding=\"async\" width=\"1456\" height=\"816\" class=\"gb-image gb-image-6b1dca50\" src=\"https:\/\/www.sisinternational.com\/wp-content\/uploads\/2025\/09\/Fintech-18.jpg\" alt=\"Ricerca e strategia di mercato internazionale SIS\" title=\"Fintech (18)\" srcset=\"https:\/\/www.sisinternational.com\/wp-content\/uploads\/2025\/09\/Fintech-18.jpg 1456w, https:\/\/www.sisinternational.com\/wp-content\/uploads\/2025\/09\/Fintech-18-300x168.jpg 300w, https:\/\/www.sisinternational.com\/wp-content\/uploads\/2025\/09\/Fintech-18-1024x574.jpg 1024w, https:\/\/www.sisinternational.com\/wp-content\/uploads\/2025\/09\/Fintech-18-768x430.jpg 768w, https:\/\/www.sisinternational.com\/wp-content\/uploads\/2025\/09\/Fintech-18-18x10.jpg 18w\" sizes=\"auto, (max-width: 1456px) 100vw, 1456px\"><\/figure>\n\n\n\n<p><\/p>\n\n\n\n<h2 class=\"wp-block-heading\">Cos\u2019\u00e8 la ricerca di mercato del web scraping?<\/h2>\n\n\n\n<p>In the modern-day, most human knowledge is on the internet for free. So, it makes sense for firms to try and get as much info as they can. They must know the nature of the market to profit from it. Web Scraping is how firms use data harvesting to extract data from websites. It\u2019s in many fields, from <a href=\"https:\/\/www.sisinternational.com\/it\/competenza\/industrie\/ricerche-di-mercato-nel-settore-delle-scienze-della-vita\/\" title=\"Ricerche di mercato nel settore delle scienze della vita\"  data-wpil-monitor-id=\"9197\">science and research<\/a> to business and finance. Being able to save time and effort by scouring sites is a massive boon for a company seeking to advance itself. Web scraping should be an integral part of any business market research.<\/p>\n\n\n\n<h2 class=\"wp-block-heading\">Perch\u00e9 le ricerche di mercato sul web scraping sono importanti?<\/h2>\n\n\n\n<p>Market research itself is at its best when it can draw upon good. So, web scraping can get the best out of it with its ability to access vast amounts of that data in a short time frame. It\u2019s that efficiency that allows it to be more informed and <a href=\"https:\/\/www.sisinternational.com\/it\/soluzioni\/ricerche-di-mercato-sulla-notorieta-del-marchio-b2b\/\" title=\"Ricerca di mercato sulla consapevolezza del marchio B2B\"  data-wpil-monitor-id=\"9196\">aware of the market<\/a> and make better predictions. To add, web scraping monitors <a href=\"https:\/\/www.sisinternational.com\/it\/competenza\/industrie\/ricerche-di-mercato-sui-cambiamenti-climatici\/\" title=\"Ricerche di mercato sui cambiamenti climatici\"  data-wpil-monitor-id=\"9195\">change in market<\/a> forces in real-time. This kind of real-time monitoring allows firms to make the most relevant decisions. And being able to work fast can be the difference between success and failure. The market waits on no one, and any business that wants to profit can\u2019t be idle. It needs to understand the situation and act fast.<\/p>\n\n\n\n<h2 class=\"wp-block-heading\">Titoli di lavoro chiave<\/h2>\n\n\n\n<p>I lavori degni di nota includono:<\/p>\n\n\n\n<ul class=\"wp-block-list\">\n<li>Analisti di ricerche di mercato<\/li>\n\n\n\n<li>Analisti di dati<\/li>\n\n\n\n<li>Analisti Web<\/li>\n\n\n\n<li>Tecnico delle banche dati<\/li>\n\n\n\n<li>Supervisore informatico<\/li>\n<\/ul>\n\n\n\n<h2 class=\"wp-block-heading\">Why Businesses Need Web Scraping Market Research<\/h2>\n\n\n\n<p><a href=\"https:\/\/www.sisinternational.com\/it\/soluzioni\/consulenza-strategica\/analisi-dei-dati\/\" title=\"Societ\u00e0 di analisi dei dati\"  data-wpil-monitor-id=\"9198\">Companies need data<\/a>. They <a href=\"https:\/\/www.sisinternational.com\/it\/analysis-b2b\/\" title=\"What Business Leaders Need to Know Right Now\"  data-wpil-monitor-id=\"9199\">need to know<\/a> the next move when planning out their next quarter. That\u2019s why they need market research to give them the required foresight. It can help them <a href=\"https:\/\/www.sisinternational.com\/it\/soluzioni\/ricerca-di-consulenza-strategica-fintech\/ricerche-di-mercato-sui-mercati-dei-capitali\/\" title=\"Ricerche di mercato sui mercati dei capitali\"  data-wpil-monitor-id=\"9193\">capitalize on market<\/a> changes: as said before, much helpful information is available for free. Yet, we must remember that it\u2019s a daunting task to record all that data. Often, pages are chock full of information and will take forever to go through. That\u2019s why web scraping is so important. Businesses do all the information gathering by using an automated system. And from there, data analysts can organize that data in a way that\u2019s easy to understand.<\/p>\n\n\n\n<h2 class=\"wp-block-heading\">Fattori chiave del successo<\/h2>\n\n\n\n<p>I buoni tecnici sono la spina dorsale di ricerche come questa. Per prima cosa, si assicurano che tutto funzioni come dovrebbe. Anche se viviamo nell\u2019era digitale ormai da un paio di decenni, ci sono ancora cose che non possiamo dare per scontate. Con questo in mente, c\u2019\u00e8 bisogno che persone esperte di tecnologia aiutino a mettere in atto tali tecnologie e sistemi. Una cosa \u00e8 avere accesso ai progressi moderni. Un&#039;altra cosa \u00e8 poterli utilizzare in modo efficace.<\/p>\n\n\n\n<p>When doing <a href=\"https:\/\/www.sisinternational.com\/it\/soluzioni\/soluzioni-di-branding-e-ricerca-clienti\/ricerca-del-layout-del-negozio\/\" title=\"Ricerca sul layout del negozio\"  data-wpil-monitor-id=\"6503\">research that requires storing<\/a> lots of data, it\u2019s essential to have a secure database. One that can hold a great deal and allows you to retrieve that data. But you can\u2019t understate the importance of keeping that database safe. The infrastructure that runs the operation must be safe and protected. Invest in safety mechanisms as well as cloud storage backups. Do it in case anything terrible does happen.<\/p>\n\n\n\n<h2 class=\"wp-block-heading\">Informazioni sulle ricerche di mercato del web scraping<\/h2>\n\n\n\n<p>Web scaping lets you get a comprehensive look at elements of the market. It also improves your market research. Whether you want to do <a href=\"https:\/\/www.sisinternational.com\/it\/soluzioni\/soluzioni-di-ricerca-quantitativa-qualitativa\/reclutamento-per-la-ricerca-qualitativa\/\" title=\"Reclutamento per la ricerca qualitativa\"  data-wpil-monitor-id=\"9194\">qualitative or quantitative research<\/a>, it\u2019s a boon to that effort. But as you use Web scraping to get the information, it\u2019s important to use already proven methods. Focus groups, surveys, and Interviews are still helpful. They will help you form a more in-depth view of things on a small and large scale.<\/p>\n\n\n\n<p><\/p>","protected":false},"excerpt":{"rendered":"<p>Il web scraping viene utilizzato per estrarre dati dai siti Web. \u00c8 ampiamente utilizzato in vari settori, come la ricerca, la finanza e gli affari.<\/p>","protected":false},"author":1,"featured_media":69517,"parent":14514,"menu_order":113,"comment_status":"closed","ping_status":"closed","template":"","meta":{"footnotes":""},"class_list":["post-40137","page","type-page","status-publish","has-post-thumbnail"],"_links":{"self":[{"href":"https:\/\/www.sisinternational.com\/it\/wp-json\/wp\/v2\/pages\/40137","targetHints":{"allow":["GET"]}}],"collection":[{"href":"https:\/\/www.sisinternational.com\/it\/wp-json\/wp\/v2\/pages"}],"about":[{"href":"https:\/\/www.sisinternational.com\/it\/wp-json\/wp\/v2\/types\/page"}],"author":[{"embeddable":true,"href":"https:\/\/www.sisinternational.com\/it\/wp-json\/wp\/v2\/users\/1"}],"replies":[{"embeddable":true,"href":"https:\/\/www.sisinternational.com\/it\/wp-json\/wp\/v2\/comments?post=40137"}],"version-history":[{"count":5,"href":"https:\/\/www.sisinternational.com\/it\/wp-json\/wp\/v2\/pages\/40137\/revisions"}],"predecessor-version":[{"id":81537,"href":"https:\/\/www.sisinternational.com\/it\/wp-json\/wp\/v2\/pages\/40137\/revisions\/81537"}],"up":[{"embeddable":true,"href":"https:\/\/www.sisinternational.com\/it\/wp-json\/wp\/v2\/pages\/14514"}],"wp:featuredmedia":[{"embeddable":true,"href":"https:\/\/www.sisinternational.com\/it\/wp-json\/wp\/v2\/media\/69517"}],"wp:attachment":[{"href":"https:\/\/www.sisinternational.com\/it\/wp-json\/wp\/v2\/media?parent=40137"}],"curies":[{"name":"wp","href":"https:\/\/api.w.org\/{rel}","templated":true}]}}