{"id":40129,"date":"2022-04-16T17:41:18","date_gmt":"2022-04-16T17:41:18","guid":{"rendered":"https:\/\/www.sisinternational.com\/?page_id=40129"},"modified":"2025-09-25T00:21:58","modified_gmt":"2025-09-25T04:21:58","slug":"ricerche-di-mercato-sui-cambiamenti-climatici","status":"publish","type":"page","link":"https:\/\/www.sisinternational.com\/it\/competenza\/ricerche-di-mercato-sui-cambiamenti-climatici\/","title":{"rendered":"Ricerche di mercato sui cambiamenti climatici"},"content":{"rendered":"<h1 class=\"wp-block-heading\">Ricerche di mercato sui cambiamenti climatici<\/h1>\n\n\n\n<figure class=\"gb-block-image gb-block-image-a6ac0bb1\"><img loading=\"lazy\" decoding=\"async\" width=\"1456\" height=\"816\" class=\"gb-image gb-image-a6ac0bb1\" src=\"https:\/\/www.sisinternational.com\/wp-content\/uploads\/2025\/08\/Climate-change-2.jpg\" alt=\"Ricerca e strategia di mercato internazionale SIS\" title=\"Climate change (2)\" srcset=\"https:\/\/www.sisinternational.com\/wp-content\/uploads\/2025\/08\/Climate-change-2.jpg 1456w, https:\/\/www.sisinternational.com\/wp-content\/uploads\/2025\/08\/Climate-change-2-300x168.jpg 300w, https:\/\/www.sisinternational.com\/wp-content\/uploads\/2025\/08\/Climate-change-2-1024x574.jpg 1024w, https:\/\/www.sisinternational.com\/wp-content\/uploads\/2025\/08\/Climate-change-2-768x430.jpg 768w, https:\/\/www.sisinternational.com\/wp-content\/uploads\/2025\/08\/Climate-change-2-18x10.jpg 18w\" sizes=\"auto, (max-width: 1456px) 100vw, 1456px\"><\/figure>\n\n\n\n<p><\/p>\n\n\n\n<p>Climate change is the long-term change in temperatures and weather patterns. Another definition is that it denotes a change in global or regional climate patterns. These changes can be natural, but human activities have been the leading cause of climate change. Most of the Climate Change we experience today is due to burning fossil fuels, which produce heat-trapping gases.<\/p>\n\n\n\n<p>Questa definizione dimostra che dal 1800 ad oggi il clima \u00e8 cambiato e siamo sicuri di averlo causato noi. Inoltre, la nostra vita quotidiana coinvolge molte cose che causano il cambiamento climatico. Abbattiamo le foreste e bruciamo combustibili fossili. Queste attivit\u00e0 stanno influenzando ulteriormente la temperatura della Terra. Poi aggiungono grandi quantit\u00e0 di gas serra a quelli gi\u00e0 presenti nell\u2019atmosfera. I risultati sono l\u2019effetto serra e il riscaldamento globale.<\/p>\n\n\n\n<h2 class=\"wp-block-heading\">Perch\u00e9 il cambiamento climatico \u00e8 importante?<\/h2>\n\n\n\n<p>Capire come sta cambiando il clima \u00e8 molto importante. Tale comprensione ci offre un modo per prepararci per il futuro. La conoscenza dei cambiamenti ci consente di prevedere cose come la quantit\u00e0 di pioggia che potrebbe portare il prossimo inverno. Anche quanto aumenter\u00e0 il livello del mare a causa dell\u2019aumento delle temperature del mare.<\/p>\n\n\n\n<p>For people everywhere, knowing about the climate is essential. It affects farmers\u2019 crop cycles, which in turn impact food supply. Hence knowing the upcoming weather will help with better planning of events.<\/p>\n\n\n\n<h2 class=\"wp-block-heading\">Titoli di lavoro chiave<\/h2>\n\n\n\n<p>Il cambiamento climatico ha molti posti di lavoro che lo circondano. Pi\u00f9 l\u2019atmosfera cambia, pi\u00f9 posti di lavoro nascono. Alcune posizioni gi\u00e0 in atto sono:<\/p>\n\n\n\n<ul class=\"wp-block-list\">\n<li>Avvocato ambientale<\/li>\n\n\n\n<li>Scienziati del clima<\/li>\n\n\n\n<li>Geoscienziati<\/li>\n\n\n\n<li>Scienziato delle energie rinnovabili<\/li>\n\n\n\n<li>Ingegnere automobilistico pulito<\/li>\n\n\n\n<li>Consulente per la sostenibilit\u00e0<\/li>\n\n\n\n<li>Idrologo<\/li>\n<\/ul>\n\n\n\n<p>Le alte temperature possono influire sulla capacit\u00e0 dei lavoratori di svolgere il proprio lavoro. Lo stesso vale per l\u2019inquinamento atmosferico, che a sua volta pu\u00f2 limitare l\u2019orario di lavoro.<\/p>\n\n\n\n<h2 class=\"wp-block-heading\">Why Businesses Need Climate Change<\/h2>\n\n\n\n<p>Companies have found many benefits and use them to their advantage. Moreover, they find addressing matters that affect the climate and working around these problems. For example, greenhouse gas targets have helped save money. They improve energy and work efficiency. They also reduce production costs, and product sales have gotten better.<\/p>\n\n\n\n<p>Agendo ora, le aziende possono ridurre i numerosi rischi del cambiamento climatico. Agire ora rappresenta un percorso migliore per sopravvivere e prosperare. Le nuove opportunit\u00e0 porteranno un futuro pi\u00f9 fantastico e pi\u00f9 verde.<\/p>\n\n\n\n<h2 class=\"wp-block-heading\">Fattori chiave del successo<\/h2>\n\n\n\n<p>Uno dei fattori critici di successo per il cambiamento climatico \u00e8 l\u2019adattamento immediato. Ad esempio, gli agricoltori di alcune regioni possono godere di rese pi\u00f9 elevate grazie al caldo dell\u2019inizio della primavera. Le stagioni calde pi\u00f9 lunghe sono eccellenti per la coltivazione dei raccolti. Gli studi hanno anche dimostrato che alcune piante crescono meglio in presenza di pi\u00f9 anidride carbonica. Sembrano anche essere pi\u00f9 tolleranti alla siccit\u00e0.<\/p>\n\n\n\n<p>Un altro vantaggio sarebbe la spedizione. Il passaggio a Nord-Ovest rimane aperto per un periodo pi\u00f9 lungo. Pertanto, nel breve termine, il cambiamento climatico ha un impatto positivo sul commercio.<\/p>\n\n\n\n<p>Le persone hanno anche cambiato alcune cose nella loro vita quotidiana per prevenire il cambiamento climatico. Ad esempio, hanno migliorato l\u2019efficienza energetica e di viaggio. Hanno anche aumentato l\u2019energia eolica e solare e utilizzano pi\u00f9 biocarburanti ricavati dai rifiuti organici. Un&#039;altra misura di prevenzione \u00e8 la protezione delle foreste. Il cambiamento climatico ha reso tutti pi\u00f9 consapevoli di quanto sia importante rallentare il riscaldamento della Terra. Quindi le persone stanno implementando queste misure il pi\u00f9 possibile. L\u2019efficienza e il risparmio energetico sono diventati una pratica quotidiana.<\/p>\n\n\n\n<h2 class=\"wp-block-heading\">Informazioni sulle ricerche di mercato sui cambiamenti climatici<\/h2>\n\n\n\n<p>La maggior parte delle persone vede il cambiamento climatico come una cosa negativa, ma va in entrambe le direzioni. Anche se il riscaldamento della Terra \u00e8 una cosa negativa, ci sono cose che le aziende possono fare. Insieme possiamo prevenire e persino migliorare le situazioni di vita. Possiamo sviluppare modi pi\u00f9 efficienti per affrontare la vita di tutti i giorni che non aumentino la quantit\u00e0 di gas nell\u2019aria. In questo modo le imprese hanno maggiori possibilit\u00e0 di durare.<\/p>\n\n\n\n<p>Do you need help finding how your company will thrive under these conditions? Our company is here. We form focus groups that do strategic, qualitative, and quantitative research. We always aim for complete <a href=\"https:\/\/www.sisinternational.com\/it\/financial-services-consulting\/financial-services-customer-satisfaction\/\" title=\"Financial Services Customer Satisfaction\"  data-wpil-monitor-id=\"8086\">satisfaction for our customers<\/a>. Contact us today; you\u2019ll be happy you did!<\/p>\n\n\n\n<p><\/p>","protected":false},"excerpt":{"rendered":"<p>Le ricerche di mercato sui cambiamenti climatici aiutano le aziende a risparmiare denaro, migliorare l&#039;efficienza e aumentare le vendite riducendo al contempo l&#039;impronta di carbonio.<\/p>","protected":false},"author":1,"featured_media":64050,"parent":14514,"menu_order":109,"comment_status":"closed","ping_status":"closed","template":"","meta":{"footnotes":""},"class_list":["post-40129","page","type-page","status-publish","has-post-thumbnail"],"_links":{"self":[{"href":"https:\/\/www.sisinternational.com\/it\/wp-json\/wp\/v2\/pages\/40129","targetHints":{"allow":["GET"]}}],"collection":[{"href":"https:\/\/www.sisinternational.com\/it\/wp-json\/wp\/v2\/pages"}],"about":[{"href":"https:\/\/www.sisinternational.com\/it\/wp-json\/wp\/v2\/types\/page"}],"author":[{"embeddable":true,"href":"https:\/\/www.sisinternational.com\/it\/wp-json\/wp\/v2\/users\/1"}],"replies":[{"embeddable":true,"href":"https:\/\/www.sisinternational.com\/it\/wp-json\/wp\/v2\/comments?post=40129"}],"version-history":[{"count":4,"href":"https:\/\/www.sisinternational.com\/it\/wp-json\/wp\/v2\/pages\/40129\/revisions"}],"predecessor-version":[{"id":81361,"href":"https:\/\/www.sisinternational.com\/it\/wp-json\/wp\/v2\/pages\/40129\/revisions\/81361"}],"up":[{"embeddable":true,"href":"https:\/\/www.sisinternational.com\/it\/wp-json\/wp\/v2\/pages\/14514"}],"wp:featuredmedia":[{"embeddable":true,"href":"https:\/\/www.sisinternational.com\/it\/wp-json\/wp\/v2\/media\/64050"}],"wp:attachment":[{"href":"https:\/\/www.sisinternational.com\/it\/wp-json\/wp\/v2\/media?parent=40129"}],"curies":[{"name":"wp","href":"https:\/\/api.w.org\/{rel}","templated":true}]}}