{"id":40004,"date":"2022-03-24T17:47:17","date_gmt":"2022-03-24T17:47:17","guid":{"rendered":"https:\/\/www.sisinternational.com\/?page_id=40004"},"modified":"2026-01-26T16:52:46","modified_gmt":"2026-01-26T21:52:46","slug":"ricerche-di-mercato-sulle-scommesse-sportive","status":"publish","type":"page","link":"https:\/\/www.sisinternational.com\/it\/competenza\/ricerche-di-mercato-sulle-scommesse-sportive\/","title":{"rendered":"Ricerche di mercato sulle scommesse sportive"},"content":{"rendered":"<h1 class=\"wp-block-heading\">Ricerche di mercato sulle scommesse sportive<\/h1>\n\n\n\n<p><\/p>\n\n\n\n<figure class=\"gb-block-image gb-block-image-b11a84dd\"><img loading=\"lazy\" decoding=\"async\" width=\"1456\" height=\"816\" class=\"gb-image gb-image-b11a84dd\" src=\"https:\/\/www.sisinternational.com\/wp-content\/uploads\/2025\/08\/Golf-sport-2.jpg\" alt=\"Ricerca e strategia di mercato internazionale SIS\" title=\"Golf sport (2)\" srcset=\"https:\/\/www.sisinternational.com\/wp-content\/uploads\/2025\/08\/Golf-sport-2.jpg 1456w, https:\/\/www.sisinternational.com\/wp-content\/uploads\/2025\/08\/Golf-sport-2-300x168.jpg 300w, https:\/\/www.sisinternational.com\/wp-content\/uploads\/2025\/08\/Golf-sport-2-1024x574.jpg 1024w, https:\/\/www.sisinternational.com\/wp-content\/uploads\/2025\/08\/Golf-sport-2-768x430.jpg 768w, https:\/\/www.sisinternational.com\/wp-content\/uploads\/2025\/08\/Golf-sport-2-18x10.jpg 18w\" sizes=\"auto, (max-width: 1456px) 100vw, 1456px\"><\/figure>\n\n\n\n<p><\/p>\n\n\n\n<hr class=\"wp-block-separator has-alpha-channel-opacity is-style-dots\"\/>\n\n\n\n<p>Pronosticare e piazzare una scommessa su un evento sportivo \u00e8 una \u201cscommessa sportiva\u201d. Vincere pi\u00f9 soldi \u00e8 lo scopo principale delle scommesse sportive. Le scommesse sportive non riguardano sempre chi vince e chi perde tra i giocatori. Si pu\u00f2 anche pronosticare il numero di goal, i giocatori che segneranno, il tempo in cui segneranno e molto altro ancora. Le scommesse sportive sono scommesse su sport come il calcio, il basket o la boxe. Le persone scommettono anche sul rugby, sulla pallamano e sulle corse automobilistiche. Le scommesse sulle corse dei cani, sui combattimenti dei galli e sulle corse dei cavalli sono estensioni non umane. Fanno anche parte dell&#039;arena delle scommesse sportive. Uno dei rischi legati alle scommesse sportive \u00e8 la dipendenza da esse. Le scommesse sportive possono anche portare ad abitudini di spesa incontrollabili.<\/p>\n\n\n\n<h2 class=\"wp-block-heading\">Perch\u00e9 le scommesse sportive sono importanti?<\/h2>\n\n\n\n<p>Le scommesse sportive sono cresciute nel corso degli anni. Ora \u00e8 una delle industrie in pi\u00f9 rapida crescita al mondo. Con i suoi numerosi vantaggi, ha anche guadagnato popolarit\u00e0 in tutto il mondo. Internet rende pi\u00f9 semplice per gli scommettitori prenotare le proprie scommesse comodamente da casa. Indipendentemente dal divertimento delle scommesse sportive, si ha anche la possibilit\u00e0 di guadagnare denaro extra o anche di pi\u00f9. Le scommesse sportive offrono anche un piacere particolare che spinge i fan a tornare per saperne di pi\u00f9. Ai tifosi piace guardare il calcio, ma avere una partecipazione nel gioco aggiunge una sensazione unica.<\/p>\n\n\n\n<h2 class=\"wp-block-heading\">Titolo di lavoro chiave<\/h2>\n\n\n\n<h3 class=\"wp-block-heading\">Cassiere di scommesse sportive<\/h3>\n\n\n\n<p>Un cassiere di scommesse sportive prepara un biglietto di scommessa per gli scommettitori. Inoltre incassano i biglietti vincenti per i vincitori.<\/p>\n\n\n\n<h3 class=\"wp-block-heading\">Cassieri di scommesse<\/h3>\n\n\n\n<p>I cassieri delle scommesse lavorano nei moderni negozi di scommesse. Raccolgono i codici di prenotazione o gli ID di prenotazione dei clienti e stampano i biglietti delle scommesse. Pagano anche ai clienti le loro vincite.<\/p>\n\n\n\n<h3 class=\"wp-block-heading\">Analista di scommesse sportive<\/h3>\n\n\n\n<p><a href=\"https:\/\/www.sisinternational.com\/it\/competenza\/industrie\/ricerche-di-mercato-sugli-articoli-sportivi\/\" title=\"Ricerche di marketing sugli articoli sportivi\"  data-wpil-monitor-id=\"6241\">Sports betting<\/a> analysts select the best value bets on the market. They are also in charge of overseeing <a href=\"https:\/\/www.sisinternational.com\/it\/soluzioni\/ai-ricerche-di-mercato-e-consulenza-strategica\/consulenza-sullintelligenza-artificiale-per-lautomazione-del-gioco-online\/\" title=\"Consulenza sull&#039;automazione del gioco online e sull&#039;intelligenza artificiale\"  data-wpil-monitor-id=\"9182\">automated systems and data for live games<\/a> in various sports.<\/p>\n\n\n\n<h2 class=\"wp-block-heading\">Fattori chiave del successo<\/h2>\n\n\n\n<p>Non troverai una previsione accurata al 100% nelle scommesse sportive. Ma non si pu\u00f2 nemmeno contare solo sulla fortuna. Bisogna saper fare una buona previsione. Puoi utilizzare statistiche, cifre e algoritmi di eventi sportivi precedenti. Ad esempio, gli scommettitori sportivi utilizzano questi parametri per la previsione dei risultati delle partite di calcio.<\/p>\n\n\n\n<p>Ecco alcuni suggerimenti per aiutare a prevedere una scommessa sportiva vincente.<\/p>\n\n\n\n<ul class=\"wp-block-list\">\n<li>Google aiuta fornendo statistiche sulle squadre. La ricerca aiuterebbe a ottenere una grande vittoria.<\/li>\n\n\n\n<li>Cerca di non creare un ticket di scommessa lungo. Un bookmaker che prenota da 20 a 30 scommesse su un singolo biglietto perder\u00e0. Scommetti su giochi di qualit\u00e0, non sulla quantit\u00e0.<\/li>\n\n\n\n<li>Mantieni la calma mentre prenoti le scommesse; non avere fretta. Prenditi il tuo tempo per accedere alle statistiche.<\/li>\n\n\n\n<li>Bisogna avere anche una buona conoscenza dei giochi. Prendi nota delle squadre di casa e di quelle in trasferta. Anche controllare le formazioni e i giocatori aiuta.<\/li>\n<\/ul>\n\n\n\n<h2 class=\"wp-block-heading\">Perch\u00e9 condurre ricerche di mercato sulle scommesse sportive?<\/h2>\n\n\n\n<p>It\u2019s vital to conduct <a href=\"https:\/\/www.sisinternational.com\/it\/competenza\/industrie\/ricerche-di-mercato-sui-casino-di-scommesse-sportive-sui-giochi-online\/\" title=\"Giochi online, scommesse sportive e ricerche di mercato sui casin\u00f2\"  data-wpil-monitor-id=\"9180\">research when launching sports betting<\/a> business. Sports betting is illegal in some countries. As sports betting is strictly 18+, one strategy would be to find a location without underage kids. Also, it should be in a place not close to where kids are usually seen, like schools. Working with a <a href=\"https:\/\/www.sisinternational.com\/it\/competenza\/curriculum-di-esperienza\/curriculum-di-esperienza-nel-settore-automobilistico\/\" title=\"Societ\u00e0 di ricerche di mercato nel settore automobilistico\"  data-wpil-monitor-id=\"9178\">market research company<\/a> will be an excellent first step. They can help get a better location for your business and make you understand the dos and don\u2019ts of the area.<\/p>\n\n\n\n<p>Nostro <a href=\"https:\/\/www.sisinternational.com\/it\/soluzioni\/societa-di-ricerche-di-mercato-per-il-campionamento-di-sondaggi-online\/\" title=\"Societ\u00e0 di ricerche di mercato per il campionamento di sondaggi online\"  data-wpil-monitor-id=\"9184\">company conducts live interviews and surveys<\/a> to gather information about your consumers\u2019 opinions. We also run focus groups. This tool is well-known in <a href=\"https:\/\/www.sisinternational.com\/it\/competenza\/industrie\/ricerche-di-mercato-sui-dati-di-formazione\/\" title=\"Ricerche di mercato sui dati di formazione\"  data-wpil-monitor-id=\"9179\">market research for getting in-depth data<\/a>. Businesses can also discover customers\u2019 genuine points of view and opinions through focus groups.<\/p>\n\n\n\n<p><a href=\"https:\/\/www.sisinternational.com\/it\/qualitative-research-to-enhance-customer-experience\/\" title=\"Qualitative Research to Enhance Customer Experience\"  data-wpil-monitor-id=\"9177\">Qualitative research helps us understand customer<\/a> behavior. It also identifies reasons for product repurchase. <a href=\"https:\/\/www.sisinternational.com\/it\/sis-application-of-quantitative-data-analytics-to-sensory-testing\/\" title=\"SIS Application of Quantitative Data Analytics to Sensory Testing\"  data-wpil-monitor-id=\"9181\">Quantitative research gives us unbiased data<\/a> about your customers\u2019 buying habits. With our strategy research, we help you save money and ensure the <a href=\"https:\/\/www.sisinternational.com\/it\/predictive-analytics\/\" title=\"Predictive Analytics: Your Crystal Ball for Business Success\"  data-wpil-monitor-id=\"9183\">success of your business<\/a>.<\/p>\n\n\n\n<p><\/p>","protected":false},"excerpt":{"rendered":"<p>Le scommesse sportive sono un settore in rapida crescita che sta guadagnando popolarit\u00e0 in tutto il mondo con molti vantaggi. Scopri di pi\u00f9 con le ricerche di mercato sulle scommesse sportive.<\/p>","protected":false},"author":1,"featured_media":63664,"parent":14514,"menu_order":107,"comment_status":"closed","ping_status":"closed","template":"","meta":{"footnotes":""},"class_list":["post-40004","page","type-page","status-publish","has-post-thumbnail"],"_links":{"self":[{"href":"https:\/\/www.sisinternational.com\/it\/wp-json\/wp\/v2\/pages\/40004","targetHints":{"allow":["GET"]}}],"collection":[{"href":"https:\/\/www.sisinternational.com\/it\/wp-json\/wp\/v2\/pages"}],"about":[{"href":"https:\/\/www.sisinternational.com\/it\/wp-json\/wp\/v2\/types\/page"}],"author":[{"embeddable":true,"href":"https:\/\/www.sisinternational.com\/it\/wp-json\/wp\/v2\/users\/1"}],"replies":[{"embeddable":true,"href":"https:\/\/www.sisinternational.com\/it\/wp-json\/wp\/v2\/comments?post=40004"}],"version-history":[{"count":6,"href":"https:\/\/www.sisinternational.com\/it\/wp-json\/wp\/v2\/pages\/40004\/revisions"}],"predecessor-version":[{"id":81535,"href":"https:\/\/www.sisinternational.com\/it\/wp-json\/wp\/v2\/pages\/40004\/revisions\/81535"}],"up":[{"embeddable":true,"href":"https:\/\/www.sisinternational.com\/it\/wp-json\/wp\/v2\/pages\/14514"}],"wp:featuredmedia":[{"embeddable":true,"href":"https:\/\/www.sisinternational.com\/it\/wp-json\/wp\/v2\/media\/63664"}],"wp:attachment":[{"href":"https:\/\/www.sisinternational.com\/it\/wp-json\/wp\/v2\/media?parent=40004"}],"curies":[{"name":"wp","href":"https:\/\/api.w.org\/{rel}","templated":true}]}}