{"id":39988,"date":"2022-03-24T16:40:15","date_gmt":"2022-03-24T16:40:15","guid":{"rendered":"https:\/\/www.sisinternational.com\/?page_id=39988"},"modified":"2026-01-25T16:43:11","modified_gmt":"2026-01-25T21:43:11","slug":"ricerche-di-mercato-guam","status":"publish","type":"page","link":"https:\/\/www.sisinternational.com\/it\/copertura\/north-america\/copertura-degli-stati-uniti\/ricerche-di-mercato-guam\/","title":{"rendered":"Ricerche di mercato a Guam"},"content":{"rendered":"<h1 class=\"wp-block-heading\">Ricerche di mercato a Guam<\/h1>\n\n\n\n<figure class=\"gb-block-image gb-block-image-5fa47201\"><img loading=\"lazy\" decoding=\"async\" width=\"1456\" height=\"816\" class=\"gb-image gb-image-5fa47201\" src=\"https:\/\/www.sisinternational.com\/wp-content\/uploads\/2025\/09\/Guam-4.jpg\" alt=\"Ricerca e strategia di mercato internazionale SIS\" title=\"Guam (4)\" srcset=\"https:\/\/www.sisinternational.com\/wp-content\/uploads\/2025\/09\/Guam-4.jpg 1456w, https:\/\/www.sisinternational.com\/wp-content\/uploads\/2025\/09\/Guam-4-300x168.jpg 300w, https:\/\/www.sisinternational.com\/wp-content\/uploads\/2025\/09\/Guam-4-1024x574.jpg 1024w, https:\/\/www.sisinternational.com\/wp-content\/uploads\/2025\/09\/Guam-4-768x430.jpg 768w, https:\/\/www.sisinternational.com\/wp-content\/uploads\/2025\/09\/Guam-4-18x10.jpg 18w\" sizes=\"auto, (max-width: 1456px) 100vw, 1456px\"><\/figure>\n\n\n\n<p><\/p>\n\n\n\n<hr class=\"wp-block-separator has-alpha-channel-opacity is-style-dots\"\/>\n\n\n\n<p>Sebbene abbia un governo autonomo, Guam \u00e8 un territorio degli Stati Uniti. La sua posizione \u00e8 nell&#039;Oceano Pacifico settentrionale.<\/p>\n\n\n\n<h2 class=\"wp-block-heading\">Industrie chiave<\/h2>\n\n\n\n<p>Le forze armate statunitensi sono presenti sull\u2019isola e la spesa di questo settore sostiene in parte l\u2019economia di Guam.<\/p>\n\n\n\n<p>Il turismo \u00e8 il settore pi\u00f9 robusto del paese. \u00c8 anche quello in pi\u00f9 rapida crescita; il turismo offre migliaia di posti di lavoro sull&#039;isola. Ogni anno oltre un milione di turisti visitano il paese.<\/p>\n\n\n\n<p>These two <a href=\"https:\/\/www.sisinternational.com\/it\/industry-forecast\/industrial-sector-forecast\/\" title=\"Industrial Sector Forecast\"  data-wpil-monitor-id=\"10145\">sectors also help the construction industry<\/a>. The construction sector benefits from the upkeep of the US military bases. It is also needed to build and maintain the hotels and resorts in Guam.<\/p>\n\n\n\n<p>Alcune altre industrie chiave a Guam sono l&#039;allevamento di pollame e la finitura degli indumenti.<\/p>\n\n\n\n<p>Le principali esportazioni da Guam sono rottami di ferro, batterie elettriche e prodotti di bellezza. I loro principali partner di esportazione sono la Corea del Sud, Hong Kong e l\u2019Australia.<\/p>\n\n\n\n<p>Some of the country\u2019s <a href=\"https:\/\/www.sisinternational.com\/it\/competenza\/industrie\/ricerche-di-mercato-sullilluminazione-automobilistica\/quanto-e-importante-ladas-per-gli-automobilisti\/\" title=\"Quanto \u00e8 importante l&#039;ADAS per gli automobilisti?\"  data-wpil-monitor-id=\"1889\">imports are cars<\/a>, food, and oil. Some import partners are Japan, Malaysia, and Singapore.<\/p>\n\n\n\n<h2 class=\"wp-block-heading\">Quartieri<\/h2>\n\n\n\n<p>La capitale di Guam \u00e8 Hagatna ed \u00e8 il fulcro centrale dell&#039;isola. L\u00ec hanno sede i tre rami del governo. Hagatna \u00e8 anche la sede della Chiesa cattolica, che \u00e8 la principale fede religiosa dell&#039;isola.<\/p>\n\n\n\n<p>Dededo \u00e8 il secondo villaggio pi\u00f9 grande di Guam. Sia i visitatori che la gente del posto adorano visitare il parco divertimenti al coperto e il centro commerciale.<\/p>\n\n\n\n<h2 class=\"wp-block-heading\">Tendenze<\/h2>\n\n\n\n<p>La crescita di Guam \u00e8 stata costante negli ultimi dieci anni. Le basi statunitensi sull\u2019isola avvantaggiano sia il settore pubblico che quello privato. Ad esempio, la Marina americana concede appalti al settore edile. Forniscono anche diversi posti di lavoro ai cittadini.<\/p>\n\n\n\n<p>Al giorno d&#039;oggi, c&#039;\u00e8 maggiore attenzione alle arti popolari e all&#039;artigianato. I gruppi pubblici e privati stanno facendo di pi\u00f9 per rilanciare questo settore. Pertanto, sia la gente del posto che i turisti partecipano agli eventi e spendono in artigianato.<\/p>\n\n\n\n<p>Infine, il livello di sviluppo dell&#039;isola attira molti turisti dalla regione.<\/p>\n\n\n\n<h2 class=\"wp-block-heading\">Vantaggi e punti di forza nel mercato<\/h2>\n\n\n\n<p>Guam ha un&#039;economia stabile. La valuta dell&#039;isola \u00e8 il dollaro americano.<\/p>\n\n\n\n<p>Il governo di Guam vuole rendere il proprio settore turistico a prova di futuro. Ci sono piani per far crescere questo settore, per rendere Guam una principale attrazione turistica. Il governo sta lavorando per trasformare Hagatna nel Villaggio Culturale. Una volta terminato, sar\u00e0 pieno di attivit\u00e0 per il divertimento dei turisti. Pertanto, gli investitori con nuove idee sono i benvenuti.<\/p>\n\n\n\n<p>Anche il mercato \u00e8 diversificato. Ci sono molti settori da cui gli investitori possono trarre profitto. Inoltre, il governo ha un programma di incentivi per gli investitori. Alcuni degli incentivi riguardano tasse, commercio e turismo.<\/p>\n\n\n\n<h2 class=\"wp-block-heading\">Base dei consumatori<\/h2>\n\n\n\n<p>Circa un quarto della popolazione vive al di sotto della soglia di povert\u00e0.<\/p>\n\n\n\n<p>Nonostante ci\u00f2, la popolazione di Guam ha molti servizi sanitari tra cui scegliere. L&#039;isola dispone di ospedali e cliniche pubbliche, private e militari.<\/p>\n\n\n\n<p>Il paese \u00e8 sicuro anche per la gente del posto e i visitatori.<\/p>\n\n\n\n<h2 class=\"wp-block-heading\">Reasons to Grow Your Business in Guam<\/h2>\n\n\n\n<p>Gli edifici e i servizi presenti a Guam sono conformi agli standard statunitensi. Gli investitori hanno accesso a buoni servizi di telecomunicazioni, finanziari e di trasporto.<\/p>\n\n\n\n<p>L\u2019istruzione \u00e8 gratuita dai 6 ai 16 anni. C&#039;\u00e8 anche un&#039;universit\u00e0 che offre programmi quadriennali e master. Pertanto, Guam ha una classe operaia qualificata e istruita.<\/p>\n\n\n\n<p>Infine, il loro mercato commerciale \u00e8 ampio e stabile. Il governo \u00e8 aperto anche agli investimenti poich\u00e9 rafforza i settori e crea posti di lavoro per le persone.<\/p>\n\n\n\n<h2 class=\"wp-block-heading\">Informazioni sulle ricerche di mercato a Guam<\/h2>\n\n\n\n<p>Business owners and investors must do Strategic <a href=\"https:\/\/www.sisinternational.com\/it\/competenza\/industrie\/ricerche-di-mercato-sullabbigliamento-maschile\/\" title=\"Ricerche di mercato sull&#039;abbigliamento maschile\"  data-wpil-monitor-id=\"3722\">Research before they enter the market<\/a>. Doing <a href=\"https:\/\/www.sisinternational.com\/it\/soluzioni\/soluzioni-di-ricerca-quantitativa-qualitativa\/reclutamento-per-la-ricerca-qualitativa\/\" title=\"Reclutamento per la ricerca qualitativa\"  data-wpil-monitor-id=\"10143\">Ricerca qualitativa e quantitativa<\/a> allows one to make the best business choices.<\/p>\n\n\n\n<p>Guam is a very diverse island. Thus, a <a href=\"https:\/\/www.sisinternational.com\/it\/top-5-benefits-of-qualitative-market-research-for-businesses\/\" title=\"Top 5 Benefits of Qualitative Market Research for Businesses\"  data-wpil-monitor-id=\"10146\">business owner will benefit<\/a> from Surveys, Focus Groups, and Interviews. These tools will give insight into the <a href=\"https:\/\/www.sisinternational.com\/it\/competenza\/industrie\/ricerche-di-mercato-sulle-popolazioni-indigene\/\" title=\"Ricerche di mercato sulle popolazioni indigene\"  data-wpil-monitor-id=\"10144\">market and the people<\/a>.<\/p>\n\n\n\n<p><\/p>","protected":false},"excerpt":{"rendered":"<p>Ricerche di mercato a Guam Sebbene sia autonomo, Guam \u00e8 un territorio degli Stati Uniti. La sua posizione \u00e8 nell&#039;Oceano Pacifico settentrionale. Industrie chiave Le forze armate statunitensi sono presenti sull&#039;isola e la spesa proveniente da questo settore sostiene in parte l&#039;economia di Guam. Il turismo \u00e8 il settore pi\u00f9 robusto del paese. Esso \u2026 <a title=\"Ricerche di mercato a Guam\" class=\"read-more\" href=\"https:\/\/www.sisinternational.com\/it\/copertura\/north-america\/copertura-degli-stati-uniti\/ricerche-di-mercato-guam\/\" aria-label=\"Per saperne di pi\u00f9 su Ricerche di mercato a Guam\">Leggi tutto<\/a><\/p>","protected":false},"author":1,"featured_media":66541,"parent":19303,"menu_order":58,"comment_status":"closed","ping_status":"closed","template":"","meta":{"footnotes":""},"class_list":["post-39988","page","type-page","status-publish","has-post-thumbnail"],"_links":{"self":[{"href":"https:\/\/www.sisinternational.com\/it\/wp-json\/wp\/v2\/pages\/39988","targetHints":{"allow":["GET"]}}],"collection":[{"href":"https:\/\/www.sisinternational.com\/it\/wp-json\/wp\/v2\/pages"}],"about":[{"href":"https:\/\/www.sisinternational.com\/it\/wp-json\/wp\/v2\/types\/page"}],"author":[{"embeddable":true,"href":"https:\/\/www.sisinternational.com\/it\/wp-json\/wp\/v2\/users\/1"}],"replies":[{"embeddable":true,"href":"https:\/\/www.sisinternational.com\/it\/wp-json\/wp\/v2\/comments?post=39988"}],"version-history":[{"count":5,"href":"https:\/\/www.sisinternational.com\/it\/wp-json\/wp\/v2\/pages\/39988\/revisions"}],"predecessor-version":[{"id":81677,"href":"https:\/\/www.sisinternational.com\/it\/wp-json\/wp\/v2\/pages\/39988\/revisions\/81677"}],"up":[{"embeddable":true,"href":"https:\/\/www.sisinternational.com\/it\/wp-json\/wp\/v2\/pages\/19303"}],"wp:featuredmedia":[{"embeddable":true,"href":"https:\/\/www.sisinternational.com\/it\/wp-json\/wp\/v2\/media\/66541"}],"wp:attachment":[{"href":"https:\/\/www.sisinternational.com\/it\/wp-json\/wp\/v2\/media?parent=39988"}],"curies":[{"name":"wp","href":"https:\/\/api.w.org\/{rel}","templated":true}]}}