{"id":39951,"date":"2022-03-12T01:05:15","date_gmt":"2022-03-12T01:05:15","guid":{"rendered":"https:\/\/www.sisinternational.com\/?page_id=39951"},"modified":"2026-01-25T16:48:56","modified_gmt":"2026-01-25T21:48:56","slug":"le-isole-marshall","status":"publish","type":"page","link":"https:\/\/www.sisinternational.com\/it\/copertura\/ricerche-di-mercato-asiatiche\/le-isole-marshall\/","title":{"rendered":"Ricerche di mercato nelle Isole Marshall"},"content":{"rendered":"<h1 class=\"wp-block-heading\">Ricerche di mercato nelle Isole Marshall<\/h1>\n\n\n\n<p><\/p>\n\n\n\n<figure class=\"gb-block-image gb-block-image-55c86367\"><img loading=\"lazy\" decoding=\"async\" width=\"1456\" height=\"816\" class=\"gb-image gb-image-55c86367\" src=\"https:\/\/www.sisinternational.com\/wp-content\/uploads\/2025\/09\/Marshall-Islands-1.jpg\" alt=\"Ricerca e strategia di mercato internazionale SIS\" title=\"Marshall Islands (1)\" srcset=\"https:\/\/www.sisinternational.com\/wp-content\/uploads\/2025\/09\/Marshall-Islands-1.jpg 1456w, https:\/\/www.sisinternational.com\/wp-content\/uploads\/2025\/09\/Marshall-Islands-1-300x168.jpg 300w, https:\/\/www.sisinternational.com\/wp-content\/uploads\/2025\/09\/Marshall-Islands-1-1024x574.jpg 1024w, https:\/\/www.sisinternational.com\/wp-content\/uploads\/2025\/09\/Marshall-Islands-1-768x430.jpg 768w, https:\/\/www.sisinternational.com\/wp-content\/uploads\/2025\/09\/Marshall-Islands-1-18x10.jpg 18w\" sizes=\"auto, (max-width: 1456px) 100vw, 1456px\"><\/figure>\n\n\n\n<p><\/p>\n\n\n\n<hr class=\"wp-block-separator has-alpha-channel-opacity is-style-dots\"\/>\n\n\n\n<p>The Marshall Islands in Oceania are a country of scattered atolls and remote islands. This country comprises more than 1,200 islands and islets. Almost everyone speaks English, but the primary language is Marshallese. The islands are tropical, and the temperatures never exceed 100 degrees.<\/p>\n\n\n\n<p><\/p>\n\n\n\n<div class=\"wp-block-columns has-global-color-9-color has-text-color has-background has-link-color wp-elements-44d3607034bf8845b0a2b3878191c102 is-layout-flex wp-container-core-columns-is-layout-9d6595d7 wp-block-columns-is-layout-flex\" style=\"background-color:#f7f9fa6e\">\n<div class=\"wp-block-column is-layout-flow wp-block-column-is-layout-flow\" style=\"flex-basis:18%\"><\/div>\n\n\n\n<div class=\"wp-block-column is-vertically-aligned-center is-layout-flow wp-block-column-is-layout-flow\" style=\"flex-basis:71.28%\">\n<div class=\"wp-block-rank-math-toc-block aligncenter has-global-color-9-color has-text-color has-link-color wp-elements-45fe82da9dd14dd821162937aa22c133\" style=\"font-size:16px\" id=\"rank-math-toc\"><h2><br><strong>T<\/strong>able of Contents<\/h2><nav><ul><li class=\"\"><a href=\"#what-is-market-research-in-the-marshall-islands\">What Is Market Research in the Marshall Islands?<\/a><\/li><li class=\"\"><a href=\"#key-industries\">Industrie chiave<\/a><\/li><li class=\"\"><a href=\"#neighborhoods\">Quartieri<\/a><\/li><li class=\"\"><a href=\"#trends\">Tendenze<\/a><\/li><li class=\"\"><a href=\"#benefits-and-strengths-of-the-marshall-islands\">Vantaggi e punti di forza delle Isole Marshall<\/a><\/li><li class=\"\"><a href=\"#consumer-base\">Base dei consumatori<\/a><\/li><li class=\"\"><a href=\"#reasons-to-grow-your-business-in-the-marshall-islands\">Motivi per far crescere la tua attivit\u00e0 nelle Isole Marshall.<\/a><\/li><li class=\"\"><a href=\"#about-sis-international\">A proposito di SIS Internazionale<\/a><\/li><\/ul><\/nav><\/div>\n<\/div>\n<\/div>\n\n\n\n<p><\/p>\n\n\n\n<h2 class=\"wp-block-heading\" id=\"what-is-market-research-in-the-marshall-islands\">What Is Market Research in the Marshall Islands?<\/h2>\n\n\n\n<p><a href=\"https:\/\/www.sisinternational.com\/it\/copertura\/le-americhe\/ricerche-di-mercato-nei-caraibi\/ricerche-di-mercato-nelle-isole-turks-e-caicos\/\" title=\"Ricerche di mercato nelle Isole Turks e Caicos\"  data-wpil-monitor-id=\"3547\">Market research in the Marshall Islands<\/a> aims to understand the economic and cultural characteristics of this Pacific island nation. The economy is heavily reliant on imports and external aid, which influences market dynamics.<\/p>\n\n\n\n<p><strong>Key Aspects:<\/strong><\/p>\n\n\n\n<ul class=\"wp-block-list\">\n<li><strong>Economic Context:<\/strong> The Marshall Islands&#8217; small economy is based primarily on subsistence farming, fishing, and tourism, and it is significantly reliant on foreign aid and remittances.<\/li>\n\n\n\n<li><strong>Metodologie:<\/strong> Qualitative research methods such as interviews and community engagement are often used to gather insights into consumer needs and preferences.<\/li>\n\n\n\n<li><strong>Sfide:<\/strong> The islands&#8217; isolation and limited resources can hinder <a href=\"https:\/\/www.sisinternational.com\/it\/copertura\/europa\/ricerche-di-mercato-isole-faroe\/\" title=\"Ricerche di mercato nelle Isole Faroe\"  data-wpil-monitor-id=\"3754\">market<\/a> research, requiring innovative approaches to data collection.<\/li>\n\n\n\n<li><strong>Benefici:<\/strong> Market research helps businesses identify opportunities in local markets and understand consumer behavior, facilitating informed decision-making and targeted marketing strategies.<\/li>\n<\/ul>\n\n\n\n<h2 class=\"wp-block-heading\" id=\"key-industries\">Industrie chiave<\/h2>\n\n\n\n<h3 class=\"wp-block-heading\">Lavorazione del tonno<\/h3>\n\n\n\n<p>La pesca \u00e8 diventata uno dei migliori fattori trainanti della RMI. Le compagnie di pesca straniere dominano il mercato. Pertanto, il paese riceve solo una frazione del valore del pesce catturato sulle sue coste. Tuttavia, le isole hanno ricavato un reddito dall\u2019industria della pesca. La citt\u00e0 di Majuro \u00e8 tra i pi\u00f9 grandi porti di spedizione di tonno al mondo.<\/p>\n\n\n\n<h3 class=\"wp-block-heading\">agricoltura<\/h3>\n\n\n\n<p>Sebbene non sia grande quanto il settore della pesca, anche l\u2019agricoltura ha sostenuto il paese. Il suo prodotto in contanti \u00e8 la copra (cocco essiccato).<\/p>\n\n\n\n<h3 class=\"wp-block-heading\">Artigianato<\/h3>\n\n\n\n<p>Le Isole Marshall hanno una storia di produzione di intricati oggetti intrecciati realizzati con materiali naturali locali. I turisti affollano i negozi di artigianato per questi souvenir unici.<\/p>\n\n\n\n<h2 class=\"wp-block-heading\" id=\"neighborhoods\">Quartieri<\/h2>\n\n\n\n<p><\/p>\n\n\n\n<figure class=\"gb-block-image gb-block-image-c0a91c7a\"><img loading=\"lazy\" decoding=\"async\" width=\"1456\" height=\"816\" class=\"gb-image gb-image-c0a91c7a\" src=\"https:\/\/www.sisinternational.com\/wp-content\/uploads\/2025\/09\/Marshall-Islands-3.jpg\" alt=\"Ricerca e strategia di mercato internazionale SIS\" title=\"Marshall Islands (3)\" srcset=\"https:\/\/www.sisinternational.com\/wp-content\/uploads\/2025\/09\/Marshall-Islands-3.jpg 1456w, https:\/\/www.sisinternational.com\/wp-content\/uploads\/2025\/09\/Marshall-Islands-3-300x168.jpg 300w, https:\/\/www.sisinternational.com\/wp-content\/uploads\/2025\/09\/Marshall-Islands-3-1024x574.jpg 1024w, https:\/\/www.sisinternational.com\/wp-content\/uploads\/2025\/09\/Marshall-Islands-3-768x430.jpg 768w, https:\/\/www.sisinternational.com\/wp-content\/uploads\/2025\/09\/Marshall-Islands-3-18x10.jpg 18w\" sizes=\"auto, (max-width: 1456px) 100vw, 1456px\"><\/figure>\n\n\n\n<p><\/p>\n\n\n\n<h3 class=\"wp-block-heading\">Majuro<\/h3>\n\n\n\n<p>La capitale e la citt\u00e0 pi\u00f9 grande delle Isole Marshall \u00e8 Majuro. \u00c8 anche il pi\u00f9 grande atollo corallino. La citt\u00e0, distribuita su 64 isolotti, vanta splendidi coralli, specie di pesci esotici e relitti della Seconda Guerra Mondiale. Questo paradiso dei sub, fondato nel 1884, dispone anche di un importante porto e di un aeroporto internazionale. Inoltre, ha bellissimi coralli, specie di pesci esotici e relitti della Prima Guerra Mondiale.<\/p>\n\n\n\n<h3 class=\"wp-block-heading\">Ebeye<\/h3>\n\n\n\n<p>Ebeye, con una superficie di circa 80 acri, \u00e8 una delle 97 isole che compongono l&#039;atollo di Kwajalein. Kwajalein \u00e8 uno degli atolli corallini pi\u00f9 grandi del mondo. Ebeye ha poco pi\u00f9 di 1500 residenti. Pi\u00f9 della met\u00e0 delle persone ha meno di 18 anni.<\/p>\n\n\n\n<h3 class=\"wp-block-heading\">Arno<\/h3>\n\n\n\n<p>Arno, a 45-minute boat ride from Majuro, is one of the most populous atolls in the Marshall Islands. Its sites include sandy beaches and marine life. The island has three lagoons, which the Marshallese use for scuba diving, deep-sea fishing, and swimming. The lagoon is not a tourist attraction, but it offers much to see.<\/p>\n\n\n\n<h2 class=\"wp-block-heading\" id=\"trends\">Tendenze<\/h2>\n\n\n\n<p>A more severe trend has been the rising sea levels in this atoll nation. This looming crisis threatens more than half of the structures in the capital, Majuro. A World Bank study also projects that most of Majuro will be subject to flooding due to climate change. This study provides alarming visual forecasts and gives adaptation options to assist the islands in tackling this problem.<\/p>\n\n\n\n<h2 class=\"wp-block-heading\" id=\"benefits-and-strengths-of-the-marshall-islands\">Vantaggi e punti di forza delle Isole Marshall<\/h2>\n\n\n\n<p>Uno dei principali punti di forza del mercato delle Isole Marshall sono i suoi esportatori. Gli Stati Uniti e le Isole Marshall hanno una libera associazione (il Compact), che fornisce alla nazione insulare difese e aiuti finanziari da parte degli Stati Uniti. Questi aiuti rappresentano anche i due terzi del bilancio totale delle Isole Marshall. Gli Stati Uniti offrono questo per avere diritti esclusivi per gestire basi militari nelle Isole Marshall.<\/p>\n\n\n\n<p>Both the US and Australia are trade partners of the Marshall Islands. An Australian bilateral aid program has given water and sanitation to Ebeye. Openings for women and girls in the job market also increased. Another benefit is the Australian awards. These awards provide scholarships for selected colleges in the Pacific region.<\/p>\n\n\n\n<h2 class=\"wp-block-heading\" id=\"consumer-base\">Base dei consumatori<\/h2>\n\n\n\n<p>The Marshall Islands have a seemingly neutral consumer base. The country\u2019s population is no more than 60,000. Thus, the citizens tend to interact with the same businesses often. Some don\u2019t do business with any, and they live rural lives. Poverty is also a massive concern in the islands. With rising sea levels and low quality of life, many migrate to the US for the best future.<\/p>\n\n\n\n<h2 class=\"wp-block-heading\" id=\"reasons-to-grow-your-business-in-the-marshall-islands\">Motivi per far crescere la tua attivit\u00e0 nelle Isole Marshall.<\/h2>\n\n\n\n<p>The Marshall Islands government is interested in increasing foreign investment. Still, it has not taken the necessary steps to implement such a plan. The country&#8217;s lack of land rights is holding back its economic progress. Non-natives can\u2019t buy land, only lease it through traditional practices. Land ownership depends on family lineage and social class.<\/p>\n\n\n\n<p>The Foreign Investment Business License (Amendment) Act also restricts foreign investments. It is not easy to invest in retail and service businesses. Luckily, this law is not consistent. It allows some foreign investors to form partnerships with local Marshallese companies.<\/p>\n\n\n\n<p>There is also no online website for registering a new business in the Marshall Islands. The investor must do this all in person, and there is no guarantee that the proposal will be accepted.<\/p>\n\n\n\n<p>Tuttavia, ci sono molte ragioni per aprire un&#039;attivit\u00e0 nelle Isole Marshall. \u00c8 uno stato liberamente associato degli Stati Uniti. Pertanto, le imprese possono operare in un paese sovrano mantenendo alcuni vantaggi come una valuta basata sugli Stati Uniti e accordi commerciali favorevoli. Le Isole Marshall offrono altri vantaggi, come stabilit\u00e0 politica, incentivi fiscali e un ampio bacino di lavoratori.<\/p>\n\n\n\n<h2 class=\"wp-block-heading\" id=\"about-sis-international\"><strong>A proposito di SIS Internazionale<\/strong><\/h2>\n\n\n\n<p><a href=\"https:\/\/www.sisinternational.com\/it\/\"><span style=\"font-weight: 400;\">SIS Internazionale<\/span><\/a><span style=\"font-weight: 400;\"> offre ricerca quantitativa, qualitativa e strategica. Forniamo dati, strumenti, strategie, report e approfondimenti per il processo decisionale. Conduciamo anche interviste, sondaggi, focus group e altri metodi e approcci di ricerca di mercato.<\/span><a href=\"https:\/\/www.sisinternational.com\/it\/sulla-sua-ricerca-internazionale\/contact-sis-international-market-research\/\"><span style=\"font-weight: 400;\"> Contattaci<\/span><\/a><span style=\"font-weight: 400;\"> per il tuo prossimo progetto di ricerca di mercato.<\/span><\/p>\n\n\n\n<p><\/p>","protected":false},"excerpt":{"rendered":"<p>Market Research in the Marshall Islands The Marshall Islands in Oceania are a country of scattered atolls and remote islands. This country comprises more than 1,200 islands and islets. Almost everyone speaks English, but the primary language is Marshallese. The islands are tropical, and the temperatures never exceed 100 degrees. What Is Market Research in &#8230; <a title=\"Ricerche di mercato nelle Isole Marshall\" class=\"read-more\" href=\"https:\/\/www.sisinternational.com\/it\/copertura\/ricerche-di-mercato-asiatiche\/le-isole-marshall\/\" aria-label=\"Per saperne di pi\u00f9 su Market Research in the Marshall Islands\">Leggi tutto<\/a><\/p>","protected":false},"author":1,"featured_media":65712,"parent":14508,"menu_order":45,"comment_status":"closed","ping_status":"closed","template":"","meta":{"footnotes":""},"class_list":["post-39951","page","type-page","status-publish","has-post-thumbnail"],"_links":{"self":[{"href":"https:\/\/www.sisinternational.com\/it\/wp-json\/wp\/v2\/pages\/39951","targetHints":{"allow":["GET"]}}],"collection":[{"href":"https:\/\/www.sisinternational.com\/it\/wp-json\/wp\/v2\/pages"}],"about":[{"href":"https:\/\/www.sisinternational.com\/it\/wp-json\/wp\/v2\/types\/page"}],"author":[{"embeddable":true,"href":"https:\/\/www.sisinternational.com\/it\/wp-json\/wp\/v2\/users\/1"}],"replies":[{"embeddable":true,"href":"https:\/\/www.sisinternational.com\/it\/wp-json\/wp\/v2\/comments?post=39951"}],"version-history":[{"count":7,"href":"https:\/\/www.sisinternational.com\/it\/wp-json\/wp\/v2\/pages\/39951\/revisions"}],"predecessor-version":[{"id":77947,"href":"https:\/\/www.sisinternational.com\/it\/wp-json\/wp\/v2\/pages\/39951\/revisions\/77947"}],"up":[{"embeddable":true,"href":"https:\/\/www.sisinternational.com\/it\/wp-json\/wp\/v2\/pages\/14508"}],"wp:featuredmedia":[{"embeddable":true,"href":"https:\/\/www.sisinternational.com\/it\/wp-json\/wp\/v2\/media\/65712"}],"wp:attachment":[{"href":"https:\/\/www.sisinternational.com\/it\/wp-json\/wp\/v2\/media?parent=39951"}],"curies":[{"name":"wp","href":"https:\/\/api.w.org\/{rel}","templated":true}]}}